{"id":430680,"date":"2026-01-05T19:58:20","date_gmt":"2026-01-05T18:58:20","guid":{"rendered":"https:\/\/www.moskito.cz\/?post_type=product&#038;p=430680"},"modified":"2026-01-10T10:05:25","modified_gmt":"2026-01-10T09:05:25","slug":"zaviraci-nuz-spyderco-bodacious-c263gpcbl","status":"publish","type":"product","link":"https:\/\/www.moskito.cz\/de\/produkt\/zaviraci-nuz-spyderco-bodacious-c263gpcbl\/","title":{"rendered":"Zav\u00edrac\u00ed N\u016f\u017e Spyderco Bodacious C263GPCBL"},"content":{"rendered":"<h2 data-start=\"239\" data-end=\"301\">\ud83d\udde1\ufe0f Zav\u00edrac\u00ed n\u016f\u017e <strong data-start=\"259\" data-end=\"301\">Spyderco Bodacious CPM SPY27 C263GPCBL<\/strong><\/h2>\n<h3 data-start=\"303\" data-end=\"342\">S\u00edla, styl a v\u00fdkon v ka\u017ed\u00e9 situaci.<\/h3>\n<p data-start=\"344\" data-end=\"733\">Spyderco <em data-start=\"353\" data-end=\"364\">Bodacious<\/em> je v\u00fdjime\u010dn\u00fd zav\u00edrac\u00ed n\u016f\u017e, kter\u00fd spojuje <strong data-start=\"406\" data-end=\"461\">robustn\u00ed v\u00fdkon, modern\u00ed design a pr\u00e9miov\u00e9 materi\u00e1ly<\/strong>. D\u00edky \u010depeli z mimo\u0159\u00e1dn\u011b kvalitn\u00ed oceli <strong data-start=\"502\" data-end=\"515\">CPM SPY27<\/strong> a ergonomick\u00e9 rukojeti z <strong data-start=\"541\" data-end=\"564\">kobaltov\u011b modr\u00e9 G10<\/strong> t\u011b Bodacious zaujme jak vizu\u00e1ln\u011b, tak funk\u010dn\u011b.<br data-start=\"611\" data-end=\"614\" \/>Design od <strong data-start=\"624\" data-end=\"640\">Sal Glessera<\/strong> p\u0159in\u00e1\u0161\u00ed vyv\u00e1\u017een\u00fd profil, kter\u00fd se pohodln\u011b dr\u017e\u00ed a z\u00e1rove\u0148 poskytuje jistotu p\u0159i ka\u017ed\u00e9m \u0159ezu.<\/p>\n<p data-start=\"735\" data-end=\"991\">Kdy\u017e otev\u0159e\u0161 \u010depel pomoc\u00ed charakteristick\u00e9ho <strong data-start=\"780\" data-end=\"809\">kruhov\u00e9ho otvoru Spyderco<\/strong> a zajist\u00ed\u0161 ji bezpe\u010dn\u00fdm <strong data-start=\"834\" data-end=\"857\">Compression Lockem\u00ae<\/strong>, poc\u00edt\u00ed\u0161 <strong data-start=\"867\" data-end=\"894\">plynul\u00fd chod a kontrolu<\/strong>, kter\u00e9 d\u011blaj\u00ed z Bodacious n\u00e1stroj p\u0159ipraven\u00fd zvl\u00e1dnout v\u0161e od b\u011b\u017en\u00fdch \u00fakon\u016f po n\u00e1ro\u010dn\u011bj\u0161\u00ed \u00fakoly.<\/p>\n<hr data-start=\"993\" data-end=\"996\" \/>\n<h3 data-start=\"998\" data-end=\"1023\">Charakter a filozofie<\/h3>\n<p data-start=\"1025\" data-end=\"1419\">Bodacious byl navr\u017een jako <strong data-start=\"1052\" data-end=\"1093\">n\u016f\u017e pro ty, kte\u0159\u00ed necht\u011bj\u00ed kompromisy<\/strong>.<br data-start=\"1094\" data-end=\"1097\" \/>Kombinace odoln\u00e9 oceli <strong data-start=\"1120\" data-end=\"1133\">CPM SPY27<\/strong>, inovativn\u00edho designu a barevn\u00e9ho proveden\u00ed rukojeti vytv\u00e1\u0159\u00ed n\u00e1stroj, kter\u00fd je stejn\u011b siln\u00fd, jako je elegantn\u00ed.<br data-start=\"1245\" data-end=\"1248\" \/>Tento model je ur\u010den pro u\u017eivatele, kte\u0159\u00ed cht\u011bj\u00ed <strong data-start=\"1297\" data-end=\"1331\">v\u00fdkon, styl a jistotu v jednom<\/strong> \u2014 a\u0165 u\u017e p\u0159i ka\u017edodenn\u00edm no\u0161en\u00ed, outdoorov\u00fdch aktivit\u00e1ch, nebo v profesion\u00e1ln\u00edm pou\u017eit\u00ed.<\/p>\n<hr data-start=\"1421\" data-end=\"1424\" \/>\n<h2 data-start=\"1426\" data-end=\"1441\">\ud83c\udfed O v\u00fdrobci<\/h2>\n<p data-start=\"1443\" data-end=\"1746\">Spyderco je zna\u010dka s dlouhou tradic\u00ed v modern\u00edm no\u017e\u00ed\u0159stv\u00ed.<br data-start=\"1501\" data-end=\"1504\" \/>V ka\u017ed\u00e9m modelu kombinuje <strong data-start=\"1530\" data-end=\"1570\">ergonomii, inovace a vysokou kvalitu<\/strong>, kter\u00e9 jsou oce\u0148ov\u00e1ny profesion\u00e1ly i nad\u0161enci po cel\u00e9m sv\u011bt\u011b.<br data-start=\"1632\" data-end=\"1635\" \/>Bodacious je dal\u0161\u00edm p\u0159\u00edkladem toho, jak Spyderco um\u00ed spojit <strong data-start=\"1695\" data-end=\"1745\">technickou \u0161pi\u010dkovost s estetickou vyv\u00e1\u017eenost\u00ed<\/strong>.<\/p>\n<hr data-start=\"1748\" data-end=\"1751\" \/>\n<h2 data-start=\"1753\" data-end=\"1780\">\u2699\ufe0f Technick\u00e9 specifikace<\/h2>\n<div class=\"TyagGW_tableContainer\">\n<div class=\"group TyagGW_tableWrapper flex w-fit flex-col-reverse\" tabindex=\"-1\">\n<table class=\"w-fit min-w-(--thread-content-width)\" data-start=\"1782\" data-end=\"2387\">\n<thead data-start=\"1782\" data-end=\"1804\">\n<tr data-start=\"1782\" data-end=\"1804\">\n<th data-start=\"1782\" data-end=\"1793\" data-col-size=\"sm\">Parametr<\/th>\n<th data-start=\"1793\" data-end=\"1804\" data-col-size=\"md\">Hodnota<\/th>\n<\/tr>\n<\/thead>\n<tbody data-start=\"1828\" data-end=\"2387\">\n<tr data-start=\"1828\" data-end=\"1863\">\n<td data-start=\"1828\" data-end=\"1844\" data-col-size=\"sm\">Celkov\u00e1 d\u00e9lka<\/td>\n<td data-start=\"1844\" data-end=\"1863\" data-col-size=\"md\">cca <strong data-start=\"1850\" data-end=\"1861\">21,8 cm<\/strong><\/td>\n<\/tr>\n<tr data-start=\"1864\" data-end=\"1897\">\n<td data-start=\"1864\" data-end=\"1879\" data-col-size=\"sm\">D\u00e9lka \u010depele<\/td>\n<td data-start=\"1879\" data-end=\"1897\" data-col-size=\"md\">cca <strong data-start=\"1885\" data-end=\"1895\">9,1 cm<\/strong><\/td>\n<\/tr>\n<tr data-start=\"1898\" data-end=\"1934\">\n<td data-start=\"1898\" data-end=\"1916\" data-col-size=\"sm\">Tlou\u0161\u0165ka \u010depele<\/td>\n<td data-start=\"1916\" data-end=\"1934\" data-col-size=\"md\">cca <strong data-start=\"1922\" data-end=\"1932\">4,0 mm<\/strong><\/td>\n<\/tr>\n<tr data-start=\"1935\" data-end=\"1995\">\n<td data-start=\"1935\" data-end=\"1953\" data-col-size=\"sm\">Materi\u00e1l \u010depele<\/td>\n<td data-start=\"1953\" data-end=\"1995\" data-col-size=\"md\"><strong data-start=\"1955\" data-end=\"1968\">CPM SPY27<\/strong> \u2013 \u0161pi\u010dkov\u00e1 nerezov\u00e1 ocel<\/td>\n<\/tr>\n<tr data-start=\"1996\" data-end=\"2033\">\n<td data-start=\"1996\" data-end=\"2012\" data-col-size=\"sm\">Tvrdost oceli<\/td>\n<td data-start=\"2012\" data-end=\"2033\" data-col-size=\"md\">cca <strong data-start=\"2018\" data-end=\"2031\">59\u201361 HRC<\/strong><\/td>\n<\/tr>\n<tr data-start=\"2034\" data-end=\"2086\">\n<td data-start=\"2034\" data-end=\"2048\" data-col-size=\"sm\">Tvar \u010depele<\/td>\n<td data-col-size=\"md\" data-start=\"2048\" data-end=\"2086\"><strong data-start=\"2050\" data-end=\"2084\">Drop-point \/ utilit\u00e1rn\u00ed profil<\/strong><\/td>\n<\/tr>\n<tr data-start=\"2087\" data-end=\"2122\">\n<td data-start=\"2087\" data-end=\"2103\" data-col-size=\"sm\">Povrch \u010depele<\/td>\n<td data-start=\"2103\" data-end=\"2122\" data-col-size=\"md\"><strong data-start=\"2105\" data-end=\"2120\">Black Blade<\/strong><\/td>\n<\/tr>\n<tr data-start=\"2123\" data-end=\"2174\">\n<td data-start=\"2123\" data-end=\"2133\" data-col-size=\"sm\">Rukoje\u0165<\/td>\n<td data-start=\"2133\" data-end=\"2174\" data-col-size=\"md\"><strong data-start=\"2135\" data-end=\"2158\">Kobaltov\u011b modr\u00e1 G10<\/strong> \u2013 texturovan\u00e1<\/td>\n<\/tr>\n<tr data-start=\"2175\" data-end=\"2241\">\n<td data-start=\"2175\" data-end=\"2183\" data-col-size=\"sm\">Z\u00e1mek<\/td>\n<td data-start=\"2183\" data-end=\"2241\" data-col-size=\"md\"><strong data-start=\"2185\" data-end=\"2206\">Compression Lock\u00ae<\/strong> \u2013 bezpe\u010dn\u00e9 a intuitivn\u00ed uzam\u010den\u00ed<\/td>\n<\/tr>\n<tr data-start=\"2242\" data-end=\"2280\">\n<td data-start=\"2242\" data-end=\"2254\" data-col-size=\"sm\">Otev\u00edr\u00e1n\u00ed<\/td>\n<td data-start=\"2254\" data-end=\"2280\" data-col-size=\"md\">Kruhov\u00fd otvor Spyderco<\/td>\n<\/tr>\n<tr data-start=\"2281\" data-end=\"2333\">\n<td data-start=\"2281\" data-end=\"2288\" data-col-size=\"sm\">Klip<\/td>\n<td data-start=\"2288\" data-end=\"2333\" data-col-size=\"md\">\u010cty\u0159polohov\u00fd \u2013 variabiln\u00ed mo\u017enosti no\u0161en\u00ed<\/td>\n<\/tr>\n<tr data-start=\"2334\" data-end=\"2366\">\n<td data-start=\"2334\" data-end=\"2345\" data-col-size=\"sm\">Hmotnost<\/td>\n<td data-start=\"2345\" data-end=\"2366\" data-col-size=\"md\">cca <strong data-start=\"2351\" data-end=\"2364\">120\u2013130 g<\/strong><\/td>\n<\/tr>\n<tr data-start=\"2367\" data-end=\"2387\">\n<td data-start=\"2367\" data-end=\"2376\" data-col-size=\"sm\">V\u00fdroba<\/td>\n<td data-start=\"2376\" data-end=\"2387\" data-col-size=\"md\"><strong data-start=\"2378\" data-end=\"2385\">USA<\/strong><\/td>\n<\/tr>\n<\/tbody>\n<\/table>\n<\/div>\n<\/div>\n<hr data-start=\"2389\" data-end=\"2392\" \/>\n<h2 data-start=\"2394\" data-end=\"2412\">\u2705 Hlavn\u00ed v\u00fdhody<\/h2>\n<ul data-start=\"2414\" data-end=\"2857\">\n<li data-start=\"2414\" data-end=\"2496\">\n<p data-start=\"2416\" data-end=\"2496\"><strong data-start=\"2416\" data-end=\"2443\">Pr\u00e9miov\u00e1 ocel CPM SPY27<\/strong> \u2013 v\u00fdjime\u010dn\u00e1 odolnost, retence ost\u0159\u00ed a hou\u017eevnatost<\/p>\n<\/li>\n<li data-start=\"2497\" data-end=\"2552\">\n<p data-start=\"2499\" data-end=\"2552\"><strong data-start=\"2499\" data-end=\"2521\">Black Blade povrch<\/strong> \u2013 modern\u00ed a nen\u00e1padn\u00fd vzhled<\/p>\n<\/li>\n<li data-start=\"2553\" data-end=\"2616\">\n<p data-start=\"2555\" data-end=\"2616\"><strong data-start=\"2555\" data-end=\"2586\">Kobaltov\u011b modr\u00e1 G10 rukoje\u0165<\/strong> \u2013 ergonomie a styl v jednom<\/p>\n<\/li>\n<li data-start=\"2617\" data-end=\"2674\">\n<p data-start=\"2619\" data-end=\"2674\"><strong data-start=\"2619\" data-end=\"2640\">Compression Lock\u00ae<\/strong> \u2013 bezpe\u010dn\u00fd a hladk\u00fd mechanismus<\/p>\n<\/li>\n<li data-start=\"2675\" data-end=\"2735\">\n<p data-start=\"2677\" data-end=\"2735\"><strong data-start=\"2677\" data-end=\"2698\">\u010cty\u0159polohov\u00fd klip<\/strong> \u2013 flexibiln\u00ed no\u0161en\u00ed dle preference<\/p>\n<\/li>\n<li data-start=\"2736\" data-end=\"2793\">\n<p data-start=\"2738\" data-end=\"2793\">Kruhov\u00fd otvor Spyderco \u2013 rychl\u00e9 a intuitivn\u00ed otev\u0159en\u00ed<\/p>\n<\/li>\n<li data-start=\"2794\" data-end=\"2857\">\n<p data-start=\"2796\" data-end=\"2857\">Design od Sal Glessera \u2013 ov\u011b\u0159en\u00e1 ergonomie a vysok\u00e1 funk\u010dnost<\/p>\n<\/li>\n<\/ul>\n<hr data-start=\"2859\" data-end=\"2862\" \/>\n<h2 data-start=\"2864\" data-end=\"2883\">\u26a0\ufe0f Mo\u017en\u00e1 omezen\u00ed<\/h2>\n<ul data-start=\"2885\" data-end=\"3083\">\n<li data-start=\"2885\" data-end=\"2947\">\n<p data-start=\"2887\" data-end=\"2947\">V\u011bt\u0161\u00ed velikost m\u016f\u017ee b\u00fdt m\u00e9n\u011b vhodn\u00e1 pro minimalistick\u00e9 EDC<\/p>\n<\/li>\n<li data-start=\"2948\" data-end=\"3018\">\n<p data-start=\"2950\" data-end=\"3018\">Black Blade povrch vy\u017eaduje pe\u010dliv\u011bj\u0161\u00ed \u00fadr\u017ebu p\u0159i \u010dast\u00e9m pou\u017e\u00edv\u00e1n\u00ed<\/p>\n<\/li>\n<li data-start=\"3019\" data-end=\"3083\">\n<p data-start=\"3021\" data-end=\"3083\">Cena odr\u00e1\u017e\u00ed pou\u017eit\u00ed pr\u00e9miov\u00fdch materi\u00e1l\u016f a konstruk\u010dn\u00ed kvalitu<\/p>\n<\/li>\n<\/ul>\n<hr data-start=\"3085\" data-end=\"3088\" \/>\n<h2 data-start=\"3090\" data-end=\"3110\">\ud83d\udee0\ufe0f \u00dadr\u017eba a p\u00e9\u010de<\/h2>\n<ul data-start=\"3112\" data-end=\"3362\">\n<li data-start=\"3112\" data-end=\"3156\">\n<p data-start=\"3114\" data-end=\"3156\">Po pou\u017eit\u00ed \u010depel d\u016fkladn\u011b o\u010disti a osu\u0161\u00ed<\/p>\n<\/li>\n<li data-start=\"3157\" data-end=\"3216\">\n<p data-start=\"3159\" data-end=\"3216\">Vyh\u00fdbej se abrazivn\u00edm a agresivn\u00edm \u010distic\u00edm prost\u0159edk\u016fm<\/p>\n<\/li>\n<li data-start=\"3217\" data-end=\"3256\">\n<p data-start=\"3219\" data-end=\"3256\">Rukoje\u0165 z G10 \u010dist\u011b jemn\u00fdm had\u0159\u00edkem<\/p>\n<\/li>\n<li data-start=\"3257\" data-end=\"3320\">\n<p data-start=\"3259\" data-end=\"3320\">Compression Lock\u00ae a pivot pravideln\u011b proma\u017e vhodn\u00fdm mazivem<\/p>\n<\/li>\n<li data-start=\"3321\" data-end=\"3362\">\n<p data-start=\"3323\" data-end=\"3362\">Skladuj v such\u00e9m prost\u0159ed\u00ed mimo vlhkost<\/p>\n<\/li>\n<\/ul>\n<hr data-start=\"3364\" data-end=\"3367\" \/>\n<h2 data-start=\"3369\" data-end=\"3405\">\ud83d\udd2a Pro udr\u017een\u00ed ost\u0159\u00ed doporu\u010dujeme<\/h2>\n<p data-start=\"3407\" data-end=\"3530\">Pro zachov\u00e1n\u00ed maxim\u00e1ln\u00ed ostrosti \u010depele z <strong data-start=\"3449\" data-end=\"3468\">oceli CPM SPY27<\/strong> doporu\u010dujeme kvalitn\u00ed syst\u00e9m brou\u0161en\u00ed ur\u010den\u00fd pro tvrd\u00e1 ost\u0159\u00ed.<\/p>\n<p data-start=\"3532\" data-end=\"3635\">Ide\u00e1ln\u00ed volbou je <strong data-start=\"3550\" data-end=\"3616\">Spyderco Tri-Angle Sharpmaker Complete Sharpening System 204MF<\/strong>, kter\u00fd umo\u017e\u0148uje:<\/p>\n<ul data-start=\"3636\" data-end=\"3785\">\n<li data-start=\"3636\" data-end=\"3679\">\n<p data-start=\"3638\" data-end=\"3679\"><strong data-start=\"3638\" data-end=\"3677\">p\u0159esn\u00e9 a konzistentn\u00ed \u00fahly brou\u0161en\u00ed<\/strong><\/p>\n<\/li>\n<li data-start=\"3680\" data-end=\"3733\">\n<p data-start=\"3682\" data-end=\"3733\"><strong data-start=\"3682\" data-end=\"3731\">\u0161etrnou \u00fadr\u017ebu bez zbyte\u010dn\u00e9ho \u00fab\u011bru materi\u00e1lu<\/strong><\/p>\n<\/li>\n<li data-start=\"3734\" data-end=\"3785\">\n<p data-start=\"3736\" data-end=\"3785\"><strong data-start=\"3736\" data-end=\"3785\">bezpe\u010dn\u00e9 pou\u017eit\u00ed i bez p\u0159edchoz\u00edch zku\u0161enost\u00ed<\/strong><\/p>\n<\/li>\n<\/ul>\n<p data-start=\"3787\" data-end=\"3832\">\ud83d\uded2 <strong data-start=\"3790\" data-end=\"3832\">Zakoup\u00edte na na\u0161ich str\u00e1nk\u00e1ch Moskito.<\/strong><\/p>\n<hr data-start=\"3834\" data-end=\"3837\" \/>\n<h2 data-start=\"3839\" data-end=\"3859\">\ud83c\udfaf Doporu\u010deno pro<\/h2>\n<ul data-start=\"3861\" data-end=\"4067\">\n<li data-start=\"3861\" data-end=\"3926\">\n<p data-start=\"3863\" data-end=\"3926\">U\u017eivatel\u00e9 hledaj\u00edc\u00ed <strong data-start=\"3883\" data-end=\"3924\">v\u00fdkonn\u00fd, stylov\u00fd a spolehliv\u00fd EDC n\u016f\u017e<\/strong><\/p>\n<\/li>\n<li data-start=\"3927\" data-end=\"3965\">\n<p data-start=\"3929\" data-end=\"3965\">Outdoorov\u00e9 nad\u0161ence a profesion\u00e1ly<\/p>\n<\/li>\n<li data-start=\"3966\" data-end=\"4017\">\n<p data-start=\"3968\" data-end=\"4017\">Ty, kte\u0159\u00ed cht\u011bj\u00ed <strong data-start=\"3985\" data-end=\"4015\">kombinaci designu a v\u00fdkonu<\/strong><\/p>\n<\/li>\n<li data-start=\"4018\" data-end=\"4067\">\n<p data-start=\"4020\" data-end=\"4067\">Fanou\u0161ci pr\u00e9miov\u00fdch no\u017e\u016f s v\u00fdrazn\u00fdm charakterem<\/p>\n<\/li>\n<\/ul>\n<hr data-start=\"4069\" data-end=\"4072\" \/>\n<h2 data-start=\"4074\" data-end=\"4098\">\u2b50 Z\u00e1v\u011bre\u010dn\u00e9 hodnocen\u00ed<\/h2>\n<p data-start=\"4100\" data-end=\"4375\">Spyderco <strong data-start=\"4109\" data-end=\"4142\">Bodacious CPM SPY27 C263GPCBL<\/strong> je <strong data-start=\"4146\" data-end=\"4203\">v\u00fdkonn\u00fd, elegantn\u00ed a precizn\u011b zpracovan\u00fd zav\u00edrac\u00ed n\u016f\u017e<\/strong>, kter\u00fd se neztrat\u00ed ani mezi n\u00e1ro\u010dn\u011bj\u0161\u00edmi kategoriemi.<br data-start=\"4257\" data-end=\"4260\" \/>Je to n\u00e1stroj, kter\u00fd <strong data-start=\"4281\" data-end=\"4375\">funguje hladce, spolehliv\u011b a s osobit\u00fdm stylem \u2013 p\u0159ipraven\u00fd na ka\u017edodenn\u00ed i n\u00e1ro\u010dn\u00e9 \u00fakoly.<\/strong><\/p>\n<p data-start=\"4377\" data-end=\"4428\"><strong data-start=\"4377\" data-end=\"4428\">Bodacious \u2013 s\u00edla, styl a jistota v ka\u017ed\u00e9m tahu.<\/strong><\/p>\n","protected":false},"excerpt":{"rendered":"<p data-start=\"4100\" data-end=\"4375\"><strong>Spyderco Bodacious CPM SPY27 C263GPCBL je v\u00fdkonn\u00fd, elegantn\u00ed a precizn\u011b zpracovan\u00fd zav\u00edrac\u00ed n\u016f\u017e, kter\u00fd se neztrat\u00ed ani mezi n\u00e1ro\u010dn\u011bj\u0161\u00edmi kategoriemi.<\/strong><br data-start=\"4257\" data-end=\"4260\" \/><strong>Je to n\u00e1stroj, kter\u00fd funguje hladce, spolehliv\u011b a s osobit\u00fdm stylem \u2013 p\u0159ipraven\u00fd na ka\u017edodenn\u00ed i n\u00e1ro\u010dn\u00e9 \u00fakoly.<\/strong><\/p>\n<p data-start=\"4377\" data-end=\"4428\"><strong data-start=\"4377\" data-end=\"4428\">Bodacious \u2013 s\u00edla, styl a jistota v ka\u017ed\u00e9m tahu.<\/strong><\/p>\n<p data-start=\"4377\" data-end=\"4428\"><strong>Doprava zdarma.<\/strong><\/p>\n","protected":false},"featured_media":430681,"comment_status":"open","ping_status":"closed","template":"","meta":[],"pwb-brand":[567],"product_brand":[],"product_cat":[22,17],"product_tag":[],"class_list":{"0":"post-430680","1":"product","2":"type-product","3":"status-publish","4":"has-post-thumbnail","6":"pwb-brand-spyderco","7":"product_cat-zaviraci-noze","8":"product_cat-noze","10":"first","11":"instock","12":"taxable","13":"shipping-taxable","14":"purchasable","15":"product-type-simple"},"brands":[{"id":567,"name":"Spyderco","slug":"spyderco"}],"_links":{"self":[{"href":"https:\/\/www.moskito.cz\/de\/wp-json\/wp\/v2\/product\/430680","targetHints":{"allow":["GET"]}}],"collection":[{"href":"https:\/\/www.moskito.cz\/de\/wp-json\/wp\/v2\/product"}],"about":[{"href":"https:\/\/www.moskito.cz\/de\/wp-json\/wp\/v2\/types\/product"}],"replies":[{"embeddable":true,"href":"https:\/\/www.moskito.cz\/de\/wp-json\/wp\/v2\/comments?post=430680"}],"wp:featuredmedia":[{"embeddable":true,"href":"https:\/\/www.moskito.cz\/de\/wp-json\/wp\/v2\/media\/430681"}],"wp:attachment":[{"href":"https:\/\/www.moskito.cz\/de\/wp-json\/wp\/v2\/media?parent=430680"}],"wp:term":[{"taxonomy":"pwb-brand","embeddable":true,"href":"https:\/\/www.moskito.cz\/de\/wp-json\/wp\/v2\/pwb-brand?post=430680"},{"taxonomy":"product_brand","embeddable":true,"href":"https:\/\/www.moskito.cz\/de\/wp-json\/wp\/v2\/product_brand?post=430680"},{"taxonomy":"product_cat","embeddable":true,"href":"https:\/\/www.moskito.cz\/de\/wp-json\/wp\/v2\/product_cat?post=430680"},{"taxonomy":"product_tag","embeddable":true,"href":"https:\/\/www.moskito.cz\/de\/wp-json\/wp\/v2\/product_tag?post=430680"}],"curies":[{"name":"wp","href":"https:\/\/api.w.org\/{rel}","templated":true}]}}