{"id":433645,"date":"2026-01-23T20:15:38","date_gmt":"2026-01-23T19:15:38","guid":{"rendered":"https:\/\/www.moskito.cz\/?post_type=product&#038;p=433645"},"modified":"2026-02-23T00:03:54","modified_gmt":"2026-02-22T23:03:54","slug":"zaviraci-nuz-spyderco-para-3-c223syl","status":"publish","type":"product","link":"https:\/\/www.moskito.cz\/de\/produkt\/zaviraci-nuz-spyderco-para-3-c223syl\/","title":{"rendered":"Zav\u00edrac\u00ed N\u016f\u017e Spyderco PARA 3 C223SYL"},"content":{"rendered":"<p data-start=\"209\" data-end=\"656\">Jakmile \u010depel otev\u0159e\u0161 typick\u00fdm <strong data-start=\"240\" data-end=\"268\">kulat\u00fdm otvorem Spyderco<\/strong> a zajist\u00ed\u0161 ji modern\u00edm <strong data-start=\"292\" data-end=\"314\">Compression Lockem<\/strong>, okam\u017eit\u011b poc\u00edt\u00ed\u0161 <strong data-start=\"333\" data-end=\"371\">pevnost, jistotu a hladk\u00fd tah \u0159ezu<\/strong>, kter\u00fd nab\u00edz\u00ed <strong data-start=\"386\" data-end=\"453\">Spyderco Para 3 Salt Yellow Lightweight CPM MagnaCut SpyderEdge<\/strong>. Tento zav\u00edrac\u00ed n\u016f\u017e kombinuje <strong data-start=\"484\" data-end=\"512\">legend\u00e1rn\u00ed design Para 3<\/strong> s pr\u00e9miov\u00fdmi materi\u00e1ly a lehkou konstrukc\u00ed, tak\u017ee je p\u0159ipraven na n\u00e1ro\u010dn\u00e9 ka\u017edodenn\u00ed pou\u017eit\u00ed i t\u011b\u017e\u0161\u00ed \u00fakoly tam, kde chce\u0161 v\u00fdkon bez kompromis\u016f.<\/p>\n<p data-start=\"658\" data-end=\"846\">Tento model je ur\u010den pro u\u017eivatele, kte\u0159\u00ed cht\u011bj\u00ed <strong data-start=\"707\" data-end=\"742\">v\u00fdkonn\u00fd, odoln\u00fd a lehk\u00fd EDC n\u016f\u017e<\/strong>, kter\u00fd nezklame v n\u00e1ro\u010dn\u00fdch podm\u00ednk\u00e1ch \u2014 zejm\u00e9na tam, kde je kontakt s vodou, vlhkost\u00ed nebo sol\u00ed b\u011b\u017en\u00fd.<\/p>\n<hr data-start=\"848\" data-end=\"851\" \/>\n<h2 data-start=\"853\" data-end=\"879\">Charakter a filozofie<\/h2>\n<p data-start=\"880\" data-end=\"1208\"><strong data-start=\"880\" data-end=\"923\">Spyderco Para 3 Salt Yellow Lightweight<\/strong> zt\u011bles\u0148uje filozofii no\u017ee, kter\u00fd je <strong data-start=\"960\" data-end=\"1012\">optimalizov\u00e1n pro v\u00fdkon i v n\u00e1ro\u010dn\u00fdch podm\u00ednk\u00e1ch<\/strong>, p\u0159i\u010dem\u017e si zachov\u00e1v\u00e1 v\u00fdbornou ovladatelnost a ergonomii. Compactn\u00ed profil Para 3 umo\u017e\u0148uje pohodlnou manipulaci i p\u0159i pr\u00e1ci s v\u011bt\u0161\u00ed \u010depel\u00ed, zat\u00edmco lehk\u00e1 konstrukce minimalizuje \u00fanavu p\u0159i no\u0161en\u00ed.<\/p>\n<p data-start=\"1210\" data-end=\"1611\">\u010cepel z oceli <strong data-start=\"1224\" data-end=\"1240\">CPM MagnaCut<\/strong> pat\u0159\u00ed mezi modern\u00ed high\u2011end materi\u00e1ly \u2014 nab\u00edz\u00ed <strong data-start=\"1288\" data-end=\"1363\">vynikaj\u00edc\u00ed retenci ost\u0159\u00ed, hou\u017eevnatost a extr\u00e9mn\u00ed odolnost proti korozi<\/strong>, d\u00edky \u010demu\u017e je ide\u00e1ln\u00ed pro Salt edici a pou\u017eit\u00ed v n\u00e1ro\u010dn\u00e9m prost\u0159ed\u00ed. SpyderEdge variantou je vybavena \u010depel s jemn\u011b vroubkovanou hranou, kter\u00e1 poskytuje <strong data-start=\"1518\" data-end=\"1546\">v\u00fdrazn\u011b lep\u0161\u00ed tahov\u00fd \u0159ez<\/strong> p\u0159i pr\u00e1ci s provazy, tkaninami nebo jin\u00fdmi vl\u00e1knit\u00fdmi materi\u00e1ly.<\/p>\n<p data-start=\"1613\" data-end=\"1772\">\u017dlut\u00e1 rukoje\u0165 z lehk\u00e9ho materi\u00e1lu zvy\u0161uje viditelnost no\u017ee v ter\u00e9nu i ve vlhk\u00e9m prost\u0159ed\u00ed, a z\u00e1rove\u0148 poskytuje <strong data-start=\"1724\" data-end=\"1753\">ergonomick\u00fd a jist\u00fd \u00fachop<\/strong> i p\u0159i del\u0161\u00ed pr\u00e1ci.<\/p>\n<p data-start=\"1774\" data-end=\"1930\">Compression Lock zaji\u0161\u0165uje <strong data-start=\"1801\" data-end=\"1852\">rychl\u00e9, bezpe\u010dn\u00e9 a hladk\u00e9 ovl\u00e1d\u00e1n\u00ed jednou rukou<\/strong>, zat\u00edmco reverzibiln\u00ed klip umo\u017e\u0148uje flexibiln\u00ed no\u0161en\u00ed podle tv\u00fdch preferenc\u00ed.<\/p>\n<hr data-start=\"1932\" data-end=\"1935\" \/>\n<h2 data-start=\"1937\" data-end=\"1954\">\ud83c\udfed O v\u00fdrobci<\/h2>\n<p data-start=\"1955\" data-end=\"2218\"><strong data-start=\"1955\" data-end=\"1967\">Spyderco<\/strong> je zna\u010dka pat\u0159\u00edc\u00ed mezi sv\u011btovou \u0161pi\u010dku v no\u017e\u00ed\u0159sk\u00e9m pr\u016fmyslu. Je zn\u00e1m\u00e1 sv\u00fdm d\u016frazem na <strong data-start=\"2054\" data-end=\"2093\">ergonomii, inovace a re\u00e1ln\u00e9 pou\u017eit\u00ed<\/strong> v praxi. \u0158ada Salt je speci\u00e1ln\u011b navr\u017eena pro prost\u0159ed\u00ed s vysokou vlhkost\u00ed a agresivn\u00edmi vlivy, kde jin\u00e9 materi\u00e1ly selh\u00e1vaj\u00ed.<\/p>\n<hr data-start=\"2220\" data-end=\"2223\" \/>\n<h2 data-start=\"2225\" data-end=\"2252\">\u2699\ufe0f Technick\u00e9 specifikace<\/h2>\n<div class=\"TyagGW_tableContainer\">\n<div class=\"group TyagGW_tableWrapper flex flex-col-reverse w-fit\" tabindex=\"-1\">\n<table class=\"w-fit min-w-(--thread-content-width)\" data-start=\"2254\" data-end=\"2955\">\n<thead data-start=\"2254\" data-end=\"2276\">\n<tr data-start=\"2254\" data-end=\"2276\">\n<th data-start=\"2254\" data-end=\"2265\" data-col-size=\"sm\">Parametr<\/th>\n<th data-start=\"2265\" data-end=\"2276\" data-col-size=\"md\">Hodnota<\/th>\n<\/tr>\n<\/thead>\n<tbody data-start=\"2297\" data-end=\"2955\">\n<tr data-start=\"2297\" data-end=\"2380\">\n<td data-start=\"2297\" data-end=\"2305\" data-col-size=\"sm\">Model<\/td>\n<td data-start=\"2305\" data-end=\"2380\" data-col-size=\"md\">Spyderco Para 3 Salt Yellow Lightweight CPM MagnaCut SpyderEdge C223SYL<\/td>\n<\/tr>\n<tr data-start=\"2381\" data-end=\"2403\">\n<td data-start=\"2381\" data-end=\"2387\" data-col-size=\"sm\">Typ<\/td>\n<td data-start=\"2387\" data-end=\"2403\" data-col-size=\"md\">Zav\u00edrac\u00ed n\u016f\u017e<\/td>\n<\/tr>\n<tr data-start=\"2404\" data-end=\"2440\">\n<td data-start=\"2404\" data-end=\"2420\" data-col-size=\"sm\">Celkov\u00e1 d\u00e9lka<\/td>\n<td data-start=\"2420\" data-end=\"2440\" data-col-size=\"md\">cca 20,8\u201321,0 cm<\/td>\n<\/tr>\n<tr data-start=\"2441\" data-end=\"2474\">\n<td data-start=\"2441\" data-end=\"2456\" data-col-size=\"sm\">D\u00e9lka \u010depele<\/td>\n<td data-start=\"2456\" data-end=\"2474\" data-col-size=\"md\">cca 8,6\u20139,0 cm<\/td>\n<\/tr>\n<tr data-start=\"2475\" data-end=\"2511\">\n<td data-start=\"2475\" data-end=\"2493\" data-col-size=\"sm\">Tlou\u0161\u0165ka \u010depele<\/td>\n<td data-start=\"2493\" data-end=\"2511\" data-col-size=\"md\">cca 3,4\u20133,7 mm<\/td>\n<\/tr>\n<tr data-start=\"2512\" data-end=\"2546\">\n<td data-start=\"2512\" data-end=\"2530\" data-col-size=\"sm\">Materi\u00e1l \u010depele<\/td>\n<td data-start=\"2530\" data-end=\"2546\" data-col-size=\"md\">CPM MagnaCut<\/td>\n<\/tr>\n<tr data-start=\"2547\" data-end=\"2602\">\n<td data-start=\"2547\" data-end=\"2563\" data-col-size=\"sm\">Tvrdost oceli<\/td>\n<td data-start=\"2563\" data-end=\"2602\" data-col-size=\"md\">vysok\u00e1 \u2013 v\u00fddr\u017e ost\u0159\u00ed i hou\u017eevnatost<\/td>\n<\/tr>\n<tr data-start=\"2603\" data-end=\"2631\">\n<td data-start=\"2603\" data-end=\"2617\" data-col-size=\"sm\">Tvar \u010depele<\/td>\n<td data-start=\"2617\" data-end=\"2631\" data-col-size=\"md\">Drop Point<\/td>\n<\/tr>\n<tr data-start=\"2632\" data-end=\"2660\">\n<td data-start=\"2632\" data-end=\"2641\" data-col-size=\"sm\">V\u00fdbrus<\/td>\n<td data-start=\"2641\" data-end=\"2660\" data-col-size=\"md\">Full Flat Grind<\/td>\n<\/tr>\n<tr data-start=\"2661\" data-end=\"2697\">\n<td data-start=\"2661\" data-end=\"2677\" data-col-size=\"sm\">Povrch \u010depele<\/td>\n<td data-col-size=\"md\" data-start=\"2677\" data-end=\"2697\">matn\u00e1\/soft satin<\/td>\n<\/tr>\n<tr data-start=\"2698\" data-end=\"2755\">\n<td data-start=\"2698\" data-end=\"2706\" data-col-size=\"sm\">Hrana<\/td>\n<td data-start=\"2706\" data-end=\"2755\" data-col-size=\"md\">SpyderEdge (kombinovan\u00fd hladk\u00fd + vroubkovan\u00fd)<\/td>\n<\/tr>\n<tr data-start=\"2756\" data-end=\"2795\">\n<td data-start=\"2756\" data-end=\"2766\" data-col-size=\"sm\">Rukoje\u0165<\/td>\n<td data-start=\"2766\" data-end=\"2795\" data-col-size=\"md\">lehk\u00e1 ergonomick\u00e1 \u2013 \u017elut\u00e1<\/td>\n<\/tr>\n<tr data-start=\"2796\" data-end=\"2824\">\n<td data-start=\"2796\" data-end=\"2804\" data-col-size=\"sm\">Z\u00e1mek<\/td>\n<td data-start=\"2804\" data-end=\"2824\" data-col-size=\"md\">Compression Lock<\/td>\n<\/tr>\n<tr data-start=\"2825\" data-end=\"2862\">\n<td data-start=\"2825\" data-end=\"2837\" data-col-size=\"sm\">Otev\u00edr\u00e1n\u00ed<\/td>\n<td data-start=\"2837\" data-end=\"2862\" data-col-size=\"md\">kulat\u00fd otvor Spyderco<\/td>\n<\/tr>\n<tr data-start=\"2863\" data-end=\"2895\">\n<td data-start=\"2863\" data-end=\"2870\" data-col-size=\"sm\">Klip<\/td>\n<td data-start=\"2870\" data-end=\"2895\" data-col-size=\"md\">reverzibiln\u00ed \u2013 tip\u2011up<\/td>\n<\/tr>\n<tr data-start=\"2896\" data-end=\"2922\">\n<td data-start=\"2896\" data-end=\"2907\" data-col-size=\"sm\">Hmotnost<\/td>\n<td data-start=\"2907\" data-end=\"2922\" data-col-size=\"md\">velmi n\u00edzk\u00e1<\/td>\n<\/tr>\n<tr data-start=\"2923\" data-end=\"2955\">\n<td data-start=\"2923\" data-end=\"2932\" data-col-size=\"sm\">V\u00fdroba<\/td>\n<td data-start=\"2932\" data-end=\"2955\" data-col-size=\"md\">precizn\u00ed zpracov\u00e1n\u00ed<\/td>\n<\/tr>\n<\/tbody>\n<\/table>\n<\/div>\n<\/div>\n<hr data-start=\"2957\" data-end=\"2960\" \/>\n<h2 data-start=\"2962\" data-end=\"2980\">\u2705 Hlavn\u00ed v\u00fdhody<\/h2>\n<ul data-start=\"2981\" data-end=\"3281\">\n<li data-start=\"2981\" data-end=\"3048\">\n<p data-start=\"2983\" data-end=\"3048\"><strong data-start=\"2983\" data-end=\"2999\">CPM MagnaCut<\/strong> \u2013 \u0161pi\u010dkov\u00e1 odolnost proti korozi a v\u00fddr\u017e ost\u0159\u00ed<\/p>\n<\/li>\n<li data-start=\"3049\" data-end=\"3120\">\n<p data-start=\"3051\" data-end=\"3120\"><strong data-start=\"3051\" data-end=\"3071\">SpyderEdge \u010depel<\/strong> \u2013 v\u00fdborn\u00fd tahov\u00fd \u0159ez ve vl\u00e1knit\u00fdch materi\u00e1lech<\/p>\n<\/li>\n<li data-start=\"3121\" data-end=\"3168\">\n<p data-start=\"3123\" data-end=\"3168\"><strong data-start=\"3123\" data-end=\"3143\">Lehk\u00e1 konstrukce<\/strong> \u2013 komfortn\u00ed EDC no\u0161en\u00ed<\/p>\n<\/li>\n<li data-start=\"3169\" data-end=\"3223\">\n<p data-start=\"3171\" data-end=\"3223\"><strong data-start=\"3171\" data-end=\"3188\">\u017dlut\u00e1 rukoje\u0165<\/strong> \u2013 vysok\u00e1 viditelnost a ergonomie<\/p>\n<\/li>\n<li data-start=\"3224\" data-end=\"3281\">\n<p data-start=\"3226\" data-end=\"3281\"><strong data-start=\"3226\" data-end=\"3246\">Compression Lock<\/strong> \u2013 siln\u00fd, bezpe\u010dn\u00fd a hladk\u00fd z\u00e1mek<\/p>\n<\/li>\n<\/ul>\n<hr data-start=\"3283\" data-end=\"3286\" \/>\n<h2 data-start=\"3288\" data-end=\"3307\">\u26a0\ufe0f Mo\u017en\u00e1 omezen\u00ed<\/h2>\n<ul data-start=\"3308\" data-end=\"3480\">\n<li data-start=\"3308\" data-end=\"3366\">\n<p data-start=\"3310\" data-end=\"3366\">SpyderEdge nen\u00ed ide\u00e1ln\u00ed pro velmi jemn\u00e9 detailn\u00ed \u00falohy<\/p>\n<\/li>\n<li data-start=\"3367\" data-end=\"3430\">\n<p data-start=\"3369\" data-end=\"3430\">Kompaktn\u00ed velikost nemus\u00ed vyhovovat pro velk\u00e9 pracovn\u00ed \u0159ezy<\/p>\n<\/li>\n<li data-start=\"3431\" data-end=\"3480\">\n<p data-start=\"3433\" data-end=\"3480\">\u017dlut\u00e1 barva je sp\u00ed\u0161e praktick\u00e1 ne\u017e \u201etaktick\u00e1\u201c<\/p>\n<\/li>\n<\/ul>\n<hr data-start=\"3482\" data-end=\"3485\" \/>\n<h2 data-start=\"3487\" data-end=\"3507\">\ud83d\udee0\ufe0f \u00dadr\u017eba a p\u00e9\u010de<\/h2>\n<p data-start=\"3508\" data-end=\"3717\">Po pou\u017eit\u00ed \u010depel osu\u0161\u00ed a o\u010disti, zejm\u00e9na pokud p\u0159i\u0161la do kontaktu s vlhkost\u00ed nebo sol\u00ed.<br data-start=\"3595\" data-end=\"3598\" \/>Pravideln\u011b kontroluj chod z\u00e1mku a mechaniku otev\u00edr\u00e1n\u00ed.<br data-start=\"3652\" data-end=\"3655\" \/>Ost\u0159\u00ed udr\u017euj jemn\u00fdm brou\u0161en\u00edm, aby bylo st\u00e1le ostr\u00e9 a funk\u010dn\u00ed.<\/p>\n<hr data-start=\"3719\" data-end=\"3722\" \/>\n<h2 data-start=\"3724\" data-end=\"3762\">\ud83d\udd2a Pro udr\u017een\u00ed ost\u0159\u00ed doporu\u010dujeme<\/h2>\n<p data-start=\"3763\" data-end=\"4163\">Pou\u017e\u00edvat kvalitn\u00ed brusn\u00e9 syst\u00e9my s p\u0159esn\u00fdm veden\u00edm \u00fahlu, <strong data-start=\"3820\" data-end=\"3917\">kter\u00e9 zajist\u00ed spr\u00e1vnou geometrii ost\u0159\u00ed a dlouhodobou ostrost bez zbyte\u010dn\u00e9ho ub\u00edr\u00e1n\u00ed materi\u00e1lu<\/strong>. Pro tento \u00fa\u010del <strong data-start=\"3934\" data-end=\"4021\">doporu\u010dujeme brousek Spyderco Tri\u2011Angle Sharpmaker Complete Sharpening System 204MF<\/strong>, kter\u00fd umo\u017e\u0148uje bezpe\u010dn\u00e9 a velmi p\u0159esn\u00e9 brou\u0161en\u00ed i modern\u00edch pr\u00e9miov\u00fdch ocel\u00ed, jako je <strong data-start=\"4109\" data-end=\"4125\">CPM MagnaCut<\/strong>.<br data-start=\"4126\" data-end=\"4129\" \/><strong data-start=\"4129\" data-end=\"4163\">Zakoup\u00edte na na\u0161ich str\u00e1nk\u00e1ch.<\/strong><\/p>\n<hr data-start=\"4165\" data-end=\"4168\" \/>\n<h2 data-start=\"4170\" data-end=\"4190\">\ud83c\udfaf Doporu\u010deno pro<\/h2>\n<ul data-start=\"4191\" data-end=\"4408\">\n<li data-start=\"4191\" data-end=\"4216\">\n<p data-start=\"4193\" data-end=\"4216\">ka\u017edodenn\u00ed EDC no\u0161en\u00ed<\/p>\n<\/li>\n<li data-start=\"4217\" data-end=\"4245\">\n<p data-start=\"4219\" data-end=\"4245\">outdoor a taktick\u00e9 \u00fakoly<\/p>\n<\/li>\n<li data-start=\"4246\" data-end=\"4278\">\n<p data-start=\"4248\" data-end=\"4278\">pobyt u vody, mo\u0159e, ryba\u0159en\u00ed<\/p>\n<\/li>\n<li data-start=\"4279\" data-end=\"4354\">\n<p data-start=\"4281\" data-end=\"4354\">u\u017eivatele hledaj\u00edc\u00ed <strong data-start=\"4301\" data-end=\"4332\">spolehliv\u00fd a odoln\u00fd EDC n\u016f\u017e<\/strong> s v\u00fdrazn\u00fdm profilem<\/p>\n<\/li>\n<li data-start=\"4355\" data-end=\"4408\">\n<p data-start=\"4357\" data-end=\"4408\">milovn\u00edky kombinovan\u00fdch \u010depel\u00ed a lehk\u00e9 konstrukce<\/p>\n<\/li>\n<\/ul>\n<hr data-start=\"4410\" data-end=\"4413\" \/>\n<h2 data-start=\"4415\" data-end=\"4441\">\u2b50 Z\u00e1v\u011bre\u010dn\u00e9 hodnocen\u00ed<\/h2>\n<p data-start=\"4442\" data-end=\"4781\"><strong data-start=\"4442\" data-end=\"4509\">Spyderco Para 3 Salt Yellow Lightweight CPM MagnaCut SpyderEdge<\/strong> je <strong data-start=\"4513\" data-end=\"4557\">v\u00fdkonn\u00fd, lehk\u00fd a v\u0161estrann\u00fd zav\u00edrac\u00ed n\u016f\u017e<\/strong>, kter\u00fd exceluje tam, kde je pot\u0159eba <strong data-start=\"4594\" data-end=\"4632\">odolnost, kontrola a rychl\u00e1 reakce<\/strong>. D\u00edky pr\u00e9miov\u00e9 oceli, ergonomii a inteligentn\u00edmu designu je ide\u00e1ln\u00ed volbou jak pro ka\u017edodenn\u00ed pou\u017eit\u00ed, tak pro n\u00e1ro\u010dn\u00e9 \u00fakoly v n\u00e1ro\u010dn\u00fdch podm\u00ednk\u00e1ch.<\/p>\n<p data-start=\"4783\" data-end=\"4851\"><strong data-start=\"4783\" data-end=\"4851\">Para 3 Salt Yellow \u2013 v\u00fdkon, viditelnost a jistota v ka\u017ed\u00e9m \u0159ezu.<\/strong><\/p>\n","protected":false},"excerpt":{"rendered":"<p data-start=\"4442\" data-end=\"4781\"><strong>Spyderco Para 3 Salt Yellow Lightweight CPM MagnaCut SpyderEdge je v\u00fdkonn\u00fd, lehk\u00fd a v\u0161estrann\u00fd zav\u00edrac\u00ed n\u016f\u017e, kter\u00fd exceluje tam, kde je pot\u0159eba odolnost, kontrola a rychl\u00e1 reakce. D\u00edky pr\u00e9miov\u00e9 oceli, ergonomii a inteligentn\u00edmu designu je ide\u00e1ln\u00ed volbou jak pro ka\u017edodenn\u00ed pou\u017eit\u00ed, tak pro n\u00e1ro\u010dn\u00e9 \u00fakoly v n\u00e1ro\u010dn\u00fdch podm\u00ednk\u00e1ch.<\/strong><\/p>\n<p data-start=\"4783\" data-end=\"4851\"><strong>Para 3 Salt Yellow \u2013 v\u00fdkon, viditelnost a jistota v ka\u017ed\u00e9m \u0159ezu.<\/strong><\/p>\n<p data-start=\"4783\" data-end=\"4851\"><strong>Doprava zdarma.<\/strong><\/p>\n","protected":false},"featured_media":433646,"comment_status":"open","ping_status":"closed","template":"","meta":[],"pwb-brand":[567],"product_brand":[],"product_cat":[22,17],"product_tag":[],"class_list":{"0":"post-433645","1":"product","2":"type-product","3":"status-publish","4":"has-post-thumbnail","6":"pwb-brand-spyderco","7":"product_cat-zaviraci-noze","8":"product_cat-noze","10":"first","11":"instock","12":"taxable","13":"shipping-taxable","14":"purchasable","15":"product-type-simple"},"brands":[{"id":567,"name":"Spyderco","slug":"spyderco"}],"_links":{"self":[{"href":"https:\/\/www.moskito.cz\/de\/wp-json\/wp\/v2\/product\/433645","targetHints":{"allow":["GET"]}}],"collection":[{"href":"https:\/\/www.moskito.cz\/de\/wp-json\/wp\/v2\/product"}],"about":[{"href":"https:\/\/www.moskito.cz\/de\/wp-json\/wp\/v2\/types\/product"}],"replies":[{"embeddable":true,"href":"https:\/\/www.moskito.cz\/de\/wp-json\/wp\/v2\/comments?post=433645"}],"wp:featuredmedia":[{"embeddable":true,"href":"https:\/\/www.moskito.cz\/de\/wp-json\/wp\/v2\/media\/433646"}],"wp:attachment":[{"href":"https:\/\/www.moskito.cz\/de\/wp-json\/wp\/v2\/media?parent=433645"}],"wp:term":[{"taxonomy":"pwb-brand","embeddable":true,"href":"https:\/\/www.moskito.cz\/de\/wp-json\/wp\/v2\/pwb-brand?post=433645"},{"taxonomy":"product_brand","embeddable":true,"href":"https:\/\/www.moskito.cz\/de\/wp-json\/wp\/v2\/product_brand?post=433645"},{"taxonomy":"product_cat","embeddable":true,"href":"https:\/\/www.moskito.cz\/de\/wp-json\/wp\/v2\/product_cat?post=433645"},{"taxonomy":"product_tag","embeddable":true,"href":"https:\/\/www.moskito.cz\/de\/wp-json\/wp\/v2\/product_tag?post=433645"}],"curies":[{"name":"wp","href":"https:\/\/api.w.org\/{rel}","templated":true}]}}