{"id":435982,"date":"2026-02-05T13:42:41","date_gmt":"2026-02-05T12:42:41","guid":{"rendered":"https:\/\/www.moskito.cz\/?post_type=product&#038;p=435982"},"modified":"2026-02-05T13:43:54","modified_gmt":"2026-02-05T12:43:54","slug":"zaviraci-nuz-sog-aegis-flk-2-0-sog-14-41-05-43","status":"publish","type":"product","link":"https:\/\/www.moskito.cz\/de\/produkt\/zaviraci-nuz-sog-aegis-flk-2-0-sog-14-41-05-43\/","title":{"rendered":"Zav\u00edrac\u00ed N\u016f\u017e SOG AEGIS FLK 2.0 SOG-14-41-05-43"},"content":{"rendered":"<h2 data-start=\"190\" data-end=\"267\">Zav\u00edrac\u00ed N\u016f\u017e SOG AEGIS FLK 2.0 Drop Point, 440C, Framelock SOG\u201114\u201141\u201105\u201143<\/h2>\n<p data-start=\"269\" data-end=\"647\">Jakmile vezme\u0161 do ruky zav\u00edrac\u00ed n\u016f\u017e <strong data-start=\"305\" data-end=\"370\">SOG AEGIS FLK 2.0 Drop Point, 440C, Framelock SOG\u201114\u201141\u201105\u201143<\/strong>, okam\u017eit\u011b poc\u00edt\u00ed\u0161, \u017ee dr\u017e\u00ed\u0161 <strong data-start=\"399\" data-end=\"447\">precizn\u011b zpracovan\u00fd a spolehliv\u00fd EDC n\u00e1stroj<\/strong>, navr\u017een\u00fd pro ka\u017edodenn\u00ed pou\u017eit\u00ed i v\u0161estrann\u00e9 \u00fakoly. Tento model nen\u00ed jen dal\u0161\u00edm kapesn\u00edm no\u017eem \u2014 je to <strong data-start=\"552\" data-end=\"582\">praktick\u00fd a odoln\u00fd dopln\u011bk<\/strong>, kter\u00fd ti poskytne jistotu p\u0159i b\u011b\u017en\u00fdch i n\u00e1ro\u010dn\u011bj\u0161\u00edch situac\u00edch.<\/p>\n<p data-start=\"649\" data-end=\"876\">Model <strong data-start=\"655\" data-end=\"683\">AEGIS FLK 2.0 Drop Point<\/strong> je ur\u010den pro u\u017eivatele, kte\u0159\u00ed hledaj\u00ed <strong data-start=\"722\" data-end=\"802\">odoln\u00fd zav\u00edrac\u00ed n\u016f\u017e s pevn\u00fdm z\u00e1mkem, kvalitn\u00ed ocel\u00ed a ergonomick\u00fdm ovl\u00e1d\u00e1n\u00edm<\/strong>, ide\u00e1ln\u00ed pro EDC, outdoor, cestov\u00e1n\u00ed nebo praktick\u00e9 \u00fakony doma i v pr\u00e1ci.<\/p>\n<hr data-start=\"878\" data-end=\"881\" \/>\n<p data-start=\"883\" data-end=\"911\">\ud83d\udd25 <strong data-start=\"886\" data-end=\"911\">Charakter a filozofie<\/strong><\/p>\n<p data-start=\"913\" data-end=\"1258\">SOG AEGIS FLK 2.0 Drop Point kombinuje klasick\u00fd, ale promy\u0161len\u00fd design s praktickou funk\u010dnost\u00ed. \u010cepel typu <strong data-start=\"1020\" data-end=\"1034\">Drop Point<\/strong> z <strong data-start=\"1037\" data-end=\"1051\">440C oceli<\/strong> poskytuje univerz\u00e1ln\u00ed v\u00fdkon \u2014 v\u00fdborn\u00e9 \u0159ezn\u00e9 vlastnosti, kontrolu i odolnost p\u0159i ka\u017edodenn\u00edm pou\u017e\u00edv\u00e1n\u00ed. Povrchov\u00e1 \u00faprava \u010depele zvy\u0161uje jej\u00ed odolnost proti opot\u0159eben\u00ed a z\u00e1rove\u0148 dod\u00e1v\u00e1 no\u017ei decentn\u00ed estetiku.<\/p>\n<p data-start=\"1260\" data-end=\"1466\">Mechanismus <strong data-start=\"1272\" data-end=\"1285\">Framelock<\/strong> pevn\u011b dr\u017e\u00ed \u010depel v otev\u0159en\u00e9 poloze a zaji\u0161\u0165uje maxim\u00e1ln\u00ed bezpe\u010dnost p\u0159i pou\u017eit\u00ed. Otev\u00edr\u00e1n\u00ed jednou rukou je plynul\u00e9 a intuitivn\u00ed d\u00edky ergonomick\u00e9mu tvaru \u010depele a r\u00e1mov\u00e9 konstrukci.<\/p>\n<p data-start=\"1468\" data-end=\"1764\">Ergonomick\u00e1 rukoje\u0165 je navr\u017eena pro <strong data-start=\"1504\" data-end=\"1527\">pevn\u00fd a jist\u00fd \u00fachop<\/strong>, kter\u00fd podr\u017e\u00ed p\u0159i r\u016fzn\u00fdch \u0159ezn\u00fdch \u00fakonech. <strong data-start=\"1571\" data-end=\"1600\">Reverzibiln\u00ed kapesn\u00ed klip<\/strong> umo\u017e\u0148uje p\u0159izp\u016fsobit zp\u016fsob no\u0161en\u00ed podle osobn\u00edch preferenc\u00ed \u2014 a\u0165 u\u017e jsi prav\u00e1k nebo lev\u00e1k. Celkov\u011b n\u016f\u017e p\u016fsob\u00ed robustn\u011b, ale st\u00e1le komfortn\u011b pro ka\u017edodenn\u00ed no\u0161en\u00ed.<\/p>\n<hr data-start=\"1766\" data-end=\"1769\" \/>\n<p data-start=\"1771\" data-end=\"1787\">\ud83c\udfed <strong data-start=\"1774\" data-end=\"1787\">O v\u00fdrobci<\/strong><\/p>\n<p data-start=\"1789\" data-end=\"2100\"><strong data-start=\"1789\" data-end=\"1823\">SOG (Specialty Knives &amp; Tools)<\/strong> pat\u0159\u00ed mezi zaveden\u00e9 zna\u010dky s dlouholetou tradic\u00ed ve v\u00fdrob\u011b kapesn\u00edch, outdoorov\u00fdch a taktick\u00fdch no\u017e\u016f. Jejich v\u00fdrobky jsou zn\u00e1m\u00e9 <strong data-start=\"1952\" data-end=\"2018\">spolehliv\u00fdm v\u00fdkonem, kvalitn\u00edm zpracov\u00e1n\u00edm a funk\u010dn\u00edm designem<\/strong>, co\u017e je \u010din\u00ed obl\u00edben\u00fdmi mezi EDC nad\u0161enci, outdoorov\u00fdmi u\u017eivateli i profesion\u00e1ly.<\/p>\n<hr data-start=\"2102\" data-end=\"2105\" \/>\n<p data-start=\"2107\" data-end=\"2135\">\u2699\ufe0f <strong data-start=\"2110\" data-end=\"2135\">Technick\u00e9 specifikace<\/strong><\/p>\n<div class=\"TyagGW_tableContainer\">\n<div class=\"group TyagGW_tableWrapper flex flex-col-reverse w-fit\" tabindex=\"-1\">\n<table class=\"w-fit min-w-(--thread-content-width)\" data-start=\"2137\" data-end=\"2692\">\n<thead data-start=\"2137\" data-end=\"2159\">\n<tr data-start=\"2137\" data-end=\"2159\">\n<th class=\"\" data-start=\"2137\" data-end=\"2148\" data-col-size=\"sm\">Parametr<\/th>\n<th class=\"\" data-start=\"2148\" data-end=\"2159\" data-col-size=\"md\">Hodnota<\/th>\n<\/tr>\n<\/thead>\n<tbody data-start=\"2183\" data-end=\"2692\">\n<tr data-start=\"2183\" data-end=\"2239\">\n<td data-start=\"2183\" data-end=\"2191\" data-col-size=\"sm\">Model<\/td>\n<td data-start=\"2191\" data-end=\"2239\" data-col-size=\"md\">SOG AEGIS FLK 2.0 Drop Point SOG\u201114\u201141\u201105\u201143<\/td>\n<\/tr>\n<tr data-start=\"2240\" data-end=\"2268\">\n<td data-start=\"2240\" data-end=\"2246\" data-col-size=\"sm\">Typ<\/td>\n<td data-start=\"2246\" data-end=\"2268\" data-col-size=\"md\">Zav\u00edrac\u00ed n\u016f\u017e \/ EDC<\/td>\n<\/tr>\n<tr data-start=\"2269\" data-end=\"2299\">\n<td data-start=\"2269\" data-end=\"2285\" data-col-size=\"sm\">Celkov\u00e1 d\u00e9lka<\/td>\n<td data-start=\"2285\" data-end=\"2299\" data-col-size=\"md\">cca 195\u202fmm<\/td>\n<\/tr>\n<tr data-start=\"2300\" data-end=\"2328\">\n<td data-start=\"2300\" data-end=\"2315\" data-col-size=\"sm\">D\u00e9lka \u010depele<\/td>\n<td data-start=\"2315\" data-end=\"2328\" data-col-size=\"md\">cca 88\u202fmm<\/td>\n<\/tr>\n<tr data-start=\"2329\" data-end=\"2360\">\n<td data-start=\"2329\" data-end=\"2347\" data-col-size=\"sm\">Materi\u00e1l \u010depele<\/td>\n<td data-start=\"2347\" data-end=\"2360\" data-col-size=\"md\">440C ocel<\/td>\n<\/tr>\n<tr data-start=\"2361\" data-end=\"2389\">\n<td data-start=\"2361\" data-end=\"2375\" data-col-size=\"sm\">Tvar \u010depele<\/td>\n<td data-start=\"2375\" data-end=\"2389\" data-col-size=\"md\">Drop Point<\/td>\n<\/tr>\n<tr data-start=\"2390\" data-end=\"2433\">\n<td data-start=\"2390\" data-end=\"2406\" data-col-size=\"sm\">Povrch \u010depele<\/td>\n<td data-start=\"2406\" data-end=\"2433\" data-col-size=\"md\">Sat\u00e9n \/ jemn\u00e9 proveden\u00ed<\/td>\n<\/tr>\n<tr data-start=\"2434\" data-end=\"2452\">\n<td data-start=\"2434\" data-end=\"2442\" data-col-size=\"sm\">Hrana<\/td>\n<td data-col-size=\"md\" data-start=\"2442\" data-end=\"2452\">Hladk\u00e1<\/td>\n<\/tr>\n<tr data-start=\"2453\" data-end=\"2501\">\n<td data-start=\"2453\" data-end=\"2477\" data-col-size=\"sm\">Mechanismus otev\u00edr\u00e1n\u00ed<\/td>\n<td data-start=\"2477\" data-end=\"2501\" data-col-size=\"md\">Jednoru\u010dn\u00ed otev\u00edr\u00e1n\u00ed<\/td>\n<\/tr>\n<tr data-start=\"2502\" data-end=\"2526\">\n<td data-start=\"2502\" data-end=\"2513\" data-col-size=\"sm\">Pojistka<\/td>\n<td data-start=\"2513\" data-end=\"2526\" data-col-size=\"md\">Framelock<\/td>\n<\/tr>\n<tr data-start=\"2527\" data-end=\"2579\">\n<td data-start=\"2527\" data-end=\"2537\" data-col-size=\"sm\">Rukoje\u0165<\/td>\n<td data-start=\"2537\" data-end=\"2579\" data-col-size=\"md\">Ergonomick\u00e1 konstrukce pro pevn\u00fd \u00fachop<\/td>\n<\/tr>\n<tr data-start=\"2580\" data-end=\"2611\">\n<td data-start=\"2580\" data-end=\"2595\" data-col-size=\"sm\">Kapesn\u00ed klip<\/td>\n<td data-start=\"2595\" data-end=\"2611\" data-col-size=\"md\">Reverzibiln\u00ed<\/td>\n<\/tr>\n<tr data-start=\"2612\" data-end=\"2649\">\n<td data-start=\"2612\" data-end=\"2623\" data-col-size=\"sm\">Hmotnost<\/td>\n<td data-start=\"2623\" data-end=\"2649\" data-col-size=\"md\">St\u0159edn\u00ed \u2013 vyv\u00e1\u017een\u00e9 EDC<\/td>\n<\/tr>\n<tr data-start=\"2650\" data-end=\"2692\">\n<td data-start=\"2650\" data-end=\"2662\" data-col-size=\"sm\">Kategorie<\/td>\n<td data-start=\"2662\" data-end=\"2692\" data-col-size=\"md\">EDC \/ kapesn\u00ed zav\u00edrac\u00ed n\u016f\u017e<\/td>\n<\/tr>\n<\/tbody>\n<\/table>\n<\/div>\n<\/div>\n<hr data-start=\"2694\" data-end=\"2697\" \/>\n<p data-start=\"2699\" data-end=\"2718\">\u2705 <strong data-start=\"2701\" data-end=\"2718\">Hlavn\u00ed v\u00fdhody<\/strong><\/p>\n<ul data-start=\"2720\" data-end=\"3148\">\n<li data-start=\"2720\" data-end=\"2805\">\n<p data-start=\"2722\" data-end=\"2805\"><strong data-start=\"2722\" data-end=\"2735\">440C ocel<\/strong> \u2013 dobr\u00fd kompromis mezi tvrdost\u00ed, odolnost\u00ed a schopnost\u00ed dr\u017eet ost\u0159\u00ed<\/p>\n<\/li>\n<li data-start=\"2806\" data-end=\"2872\">\n<p data-start=\"2808\" data-end=\"2872\"><strong data-start=\"2808\" data-end=\"2836\">Drop Point profil \u010depele<\/strong> \u2013 univerz\u00e1ln\u00ed a dob\u0159e ovladateln\u00fd<\/p>\n<\/li>\n<li data-start=\"2873\" data-end=\"2927\">\n<p data-start=\"2875\" data-end=\"2927\"><strong data-start=\"2875\" data-end=\"2888\">Framelock<\/strong> \u2013 pevn\u00e9 a spolehliv\u00e9 uzam\u010den\u00ed \u010depele<\/p>\n<\/li>\n<li data-start=\"2928\" data-end=\"2965\">\n<p data-start=\"2930\" data-end=\"2965\">Pohodln\u00e9 <strong data-start=\"2939\" data-end=\"2963\">jednoru\u010dn\u00ed otev\u00edr\u00e1n\u00ed<\/strong><\/p>\n<\/li>\n<li data-start=\"2966\" data-end=\"3030\">\n<p data-start=\"2968\" data-end=\"3030\"><strong data-start=\"2968\" data-end=\"2991\">Ergonomick\u00e1 rukoje\u0165<\/strong> \u2013 jist\u00fd \u00fachop i p\u0159i \u010dast\u00e9m pou\u017e\u00edv\u00e1n\u00ed<\/p>\n<\/li>\n<li data-start=\"3031\" data-end=\"3090\">\n<p data-start=\"3033\" data-end=\"3090\"><strong data-start=\"3033\" data-end=\"3054\">Reverzibiln\u00ed klip<\/strong> \u2013 mo\u017enost no\u0161en\u00ed podle preferenc\u00ed<\/p>\n<\/li>\n<li data-start=\"3091\" data-end=\"3148\">\n<p data-start=\"3093\" data-end=\"3148\"><strong data-start=\"3093\" data-end=\"3115\">V\u0161estrann\u00e9 pou\u017eit\u00ed<\/strong> \u2013 vhodn\u00e9 pro r\u016fzn\u00e9 b\u011b\u017en\u00e9 \u00fakony<\/p>\n<\/li>\n<\/ul>\n<hr data-start=\"3150\" data-end=\"3153\" \/>\n<p data-start=\"3155\" data-end=\"3175\">\u26a0\ufe0f <strong data-start=\"3158\" data-end=\"3175\">Mo\u017en\u00e1 omezen\u00ed<\/strong><\/p>\n<ul data-start=\"3177\" data-end=\"3358\">\n<li data-start=\"3177\" data-end=\"3244\">\n<p data-start=\"3179\" data-end=\"3244\">440C ocel m\u016f\u017ee vy\u017eadovat \u010dast\u011bj\u0161\u00ed \u00fadr\u017ebu po kontaktu s vlhkost\u00ed<\/p>\n<\/li>\n<li data-start=\"3245\" data-end=\"3305\">\n<p data-start=\"3247\" data-end=\"3305\">St\u0159edn\u00ed hmotnost nen\u00ed ide\u00e1ln\u00ed pro ultra\u2011lehk\u00e1 EDC \u0159e\u0161en\u00ed<\/p>\n<\/li>\n<li data-start=\"3306\" data-end=\"3358\">\n<p data-start=\"3308\" data-end=\"3358\">Robustn\u011bj\u0161\u00ed design nemus\u00ed vyhovovat minimalist\u016fm<\/p>\n<\/li>\n<\/ul>\n<hr data-start=\"3360\" data-end=\"3363\" \/>\n<p data-start=\"3365\" data-end=\"3386\">\ud83d\udee0\ufe0f <strong data-start=\"3369\" data-end=\"3386\">\u00dadr\u017eba a p\u00e9\u010de<\/strong><\/p>\n<ul data-start=\"3388\" data-end=\"3757\">\n<li data-start=\"3388\" data-end=\"3458\">\n<p data-start=\"3390\" data-end=\"3458\">Po pou\u017eit\u00ed \u010depel o\u010disti a osu\u0161i, aby se zachovala dlouh\u00e1 \u017eivotnost<\/p>\n<\/li>\n<li data-start=\"3459\" data-end=\"3525\">\n<p data-start=\"3461\" data-end=\"3525\">Rukoje\u0165 udr\u017euj suchou a \u010distou, zejm\u00e9na po kontaktu s vlhkost\u00ed<\/p>\n<\/li>\n<li data-start=\"3526\" data-end=\"3586\">\n<p data-start=\"3528\" data-end=\"3586\">P\u0159i del\u0161\u00edm skladov\u00e1n\u00ed lehce nama\u017e \u010depel ochrann\u00fdm olejem<\/p>\n<\/li>\n<li data-start=\"3587\" data-end=\"3757\">\n<p data-start=\"3589\" data-end=\"3757\"><strong data-start=\"3589\" data-end=\"3757\">Na brou\u0161en\u00ed ost\u0159\u00ed doporu\u010dujeme Spyderco Tri\u2011Angle Sharpmaker Complete Sharpening System 204MF \u2013 ide\u00e1ln\u00ed i pro hladk\u00e1 ost\u0159\u00ed. \ud83d\uded2 Koup\u00ed\u0161 na na\u0161ich str\u00e1nk\u00e1ch Moskito.cz<\/strong><\/p>\n<\/li>\n<\/ul>\n<hr data-start=\"3759\" data-end=\"3762\" \/>\n<p data-start=\"3764\" data-end=\"3785\">\ud83c\udfaf <strong data-start=\"3767\" data-end=\"3785\">Doporu\u010deno pro<\/strong><\/p>\n<ul data-start=\"3787\" data-end=\"3930\">\n<li data-start=\"3787\" data-end=\"3814\">\n<p data-start=\"3789\" data-end=\"3814\">Ka\u017edodenn\u00ed no\u0161en\u00ed (EDC)<\/p>\n<\/li>\n<li data-start=\"3815\" data-end=\"3847\">\n<p data-start=\"3817\" data-end=\"3847\">B\u011b\u017en\u00e9 i precizn\u00ed \u0159ezn\u00e9 \u00fakony<\/p>\n<\/li>\n<li data-start=\"3848\" data-end=\"3871\">\n<p data-start=\"3850\" data-end=\"3871\">Outdoor a cestov\u00e1n\u00ed<\/p>\n<\/li>\n<li data-start=\"3872\" data-end=\"3930\">\n<p data-start=\"3874\" data-end=\"3930\">U\u017eivatel\u00e9 hledaj\u00edc\u00ed <strong data-start=\"3894\" data-end=\"3930\">pevn\u00e9 uzam\u010den\u00ed a univerz\u00e1ln\u00ed n\u016f\u017e<\/strong><\/p>\n<\/li>\n<\/ul>\n<hr data-start=\"3932\" data-end=\"3935\" \/>\n<p data-start=\"3937\" data-end=\"3962\">\u2b50 <strong data-start=\"3939\" data-end=\"3962\">Z\u00e1v\u011bre\u010dn\u00e9 hodnocen\u00ed<\/strong><\/p>\n<p data-start=\"3964\" data-end=\"4289\"><strong data-start=\"3964\" data-end=\"4012\">SOG AEGIS FLK 2.0 Drop Point SOG\u201114\u201141\u201105\u201143<\/strong> je v\u0161estrann\u00fd a spolehliv\u00fd zav\u00edrac\u00ed n\u016f\u017e s <strong data-start=\"4055\" data-end=\"4093\">pevnou konstrukc\u00ed a kvalitn\u00ed ocel\u00ed<\/strong>, kter\u00fd spojuje prakti\u010dnost, komfort a design. D\u00edky ergonomick\u00e9mu zpracov\u00e1n\u00ed a spolehliv\u00e9mu mechanismu je ide\u00e1ln\u00ed pro ka\u017edodenn\u00ed pou\u017eit\u00ed \u2013 v\u017edy p\u0159ipraven\u00fd st\u00e1t se tv\u00fdm ka\u017edodenn\u00edm pomocn\u00edkem. \ud83d\udd2a\ud83d\udd25<\/p>\n<p><iframe title=\"Aegis FLK 2.0\" width=\"800\" height=\"450\" src=\"https:\/\/www.youtube.com\/embed\/sGcKarPqjXo?feature=oembed\" frameborder=\"0\" allow=\"accelerometer; autoplay; clipboard-write; encrypted-media; gyroscope; picture-in-picture; web-share\" referrerpolicy=\"strict-origin-when-cross-origin\" allowfullscreen><\/iframe><\/p>\n<p data-start=\"3964\" data-end=\"4289\">\n","protected":false},"excerpt":{"rendered":"<p><strong>SOG AEGIS FLK 2.0 Drop Point SOG\u201114\u201141\u201105\u201143 je v\u0161estrann\u00fd a spolehliv\u00fd zav\u00edrac\u00ed n\u016f\u017e s pevnou konstrukc\u00ed a kvalitn\u00ed ocel\u00ed, kter\u00fd spojuje prakti\u010dnost, komfort a design. D\u00edky ergonomick\u00e9mu zpracov\u00e1n\u00ed a spolehliv\u00e9mu mechanismu je ide\u00e1ln\u00ed pro ka\u017edodenn\u00ed pou\u017eit\u00ed \u2013 v\u017edy p\u0159ipraven\u00fd st\u00e1t se tv\u00fdm ka\u017edodenn\u00edm pomocn\u00edkem. \ud83d\udd2a\ud83d\udd25<\/strong><\/p>\n","protected":false},"featured_media":435983,"comment_status":"open","ping_status":"closed","template":"","meta":[],"pwb-brand":[591],"product_brand":[],"product_cat":[22,17],"product_tag":[],"class_list":{"0":"post-435982","1":"product","2":"type-product","3":"status-publish","4":"has-post-thumbnail","6":"pwb-brand-sog","7":"product_cat-zaviraci-noze","8":"product_cat-noze","10":"first","11":"instock","12":"taxable","13":"shipping-taxable","14":"purchasable","15":"product-type-simple"},"brands":[{"id":591,"name":"SOG","slug":"sog"}],"_links":{"self":[{"href":"https:\/\/www.moskito.cz\/de\/wp-json\/wp\/v2\/product\/435982","targetHints":{"allow":["GET"]}}],"collection":[{"href":"https:\/\/www.moskito.cz\/de\/wp-json\/wp\/v2\/product"}],"about":[{"href":"https:\/\/www.moskito.cz\/de\/wp-json\/wp\/v2\/types\/product"}],"replies":[{"embeddable":true,"href":"https:\/\/www.moskito.cz\/de\/wp-json\/wp\/v2\/comments?post=435982"}],"wp:featuredmedia":[{"embeddable":true,"href":"https:\/\/www.moskito.cz\/de\/wp-json\/wp\/v2\/media\/435983"}],"wp:attachment":[{"href":"https:\/\/www.moskito.cz\/de\/wp-json\/wp\/v2\/media?parent=435982"}],"wp:term":[{"taxonomy":"pwb-brand","embeddable":true,"href":"https:\/\/www.moskito.cz\/de\/wp-json\/wp\/v2\/pwb-brand?post=435982"},{"taxonomy":"product_brand","embeddable":true,"href":"https:\/\/www.moskito.cz\/de\/wp-json\/wp\/v2\/product_brand?post=435982"},{"taxonomy":"product_cat","embeddable":true,"href":"https:\/\/www.moskito.cz\/de\/wp-json\/wp\/v2\/product_cat?post=435982"},{"taxonomy":"product_tag","embeddable":true,"href":"https:\/\/www.moskito.cz\/de\/wp-json\/wp\/v2\/product_tag?post=435982"}],"curies":[{"name":"wp","href":"https:\/\/api.w.org\/{rel}","templated":true}]}}