{"id":436914,"date":"2020-07-28T15:26:33","date_gmt":"2020-07-28T14:26:33","guid":{"rendered":"https:\/\/www.moskito.cz\/produkt\/auswurfmesser-microtech-dirac-delta-227-1-ta\/"},"modified":"2026-02-12T14:22:54","modified_gmt":"2026-02-12T13:22:54","slug":"auswurfmesser-microtech-dirac-delta-227-1-ta","status":"publish","type":"product","link":"https:\/\/www.moskito.cz\/de\/produkt\/auswurfmesser-microtech-dirac-delta-227-1-ta\/","title":{"rendered":"Auswurfmesser Microtech Dirac Delta 227-1 TA"},"content":{"rendered":"<p data-start=\"0\" data-end=\"371\">Sobald Sie das <strong data-start=\"23\" data-end=\"84\">Microtech Dirac Delta\u00ae D\/E 227-1 TA (Tan Aluminium, Schwarz)<\/strong> in die Hand nehmen, werden Sie sofort wissen, dass Sie eine gr\u00f6\u00dfere, leistungsst\u00e4rkere Version der kultigen Dirac-Serie in den H\u00e4nden halten. Dieses OTF-Automatikmesser arbeitet im D\/A-Modus (Double Action) und verf\u00fcgt \u00fcber einen extrem schnellen Klingenauszugsmechanismus. Der Schieberegler befindet sich an der Seite des Griffs, was eine nat\u00fcrlichere und ergonomischere Steuerung erm\u00f6glicht.  <\/p>\n<p data-start=\"373\" data-end=\"487\">Das Modell wird zu 100% in den USA hergestellt und zusammengebaut und von Anthony Marfion &#8211; Messermacher und Inhaber von Microtech Knives &#8211; entworfen.<\/p>\n<hr data-start=\"489\" data-end=\"492\">\n<p data-start=\"494\" data-end=\"522\">\ud83d\udd25 <strong data-start=\"497\" data-end=\"522\">Charakter und Philosophie<\/strong><\/p>\n<p data-start=\"524\" data-end=\"736\">Der Dirac Delta\u00ae ist eine vergr\u00f6\u00dferte Version des ersten D\/A OTF-Modells von Microtech mit einem seitlich angebrachten, versenkten Schieber. Er verf\u00fcgt \u00fcber einen modernen ergonomischen Griff mit sanft geschwungenen Linien, der von der legend\u00e4ren HALO\u00ae-Serie inspiriert ist. <\/p>\n<p data-start=\"738\" data-end=\"978\">Die Gesamtl\u00e4nge von 9,25&#8243; (235 mm) macht es zu einem idealen Kompromiss zwischen einem taktischen Werkzeug in voller Gr\u00f6\u00dfe und einem komfortablen EDC-Messer. Die robuste Konstruktion, die leichtg\u00e4ngige Mechanik und die unverwechselbare symmetrische D\/E-Klinge verleihen dem Dirac Delta einen starken und selbstbewussten Charakter. <\/p>\n<hr data-start=\"980\" data-end=\"983\">\n<p data-start=\"985\" data-end=\"1001\"><strong data-start=\"988\" data-end=\"1001\">\ud83c\udfed \u00dcber den Produzenten<\/strong><\/p>\n<p data-start=\"1003\" data-end=\"1124\">Microtech ist eine amerikanische Marke mit \u00fcber 30 Jahren Innovation auf dem Gebiet der automatischen Messer. Typische Merkmale sind: <\/p>\n<ul data-start=\"1126\" data-end=\"1268\">\n<li data-start=\"1126\" data-end=\"1179\">\n<p data-start=\"1128\" data-end=\"1179\">eigene patentierte Schrauben (propriet\u00e4re Hardware)<\/p>\n<\/li>\n<li data-start=\"1180\" data-end=\"1214\">\n<p data-start=\"1182\" data-end=\"1214\">innovativer interner Mechanismus<\/p>\n<\/li>\n<li data-start=\"1215\" data-end=\"1244\">\n<p data-start=\"1217\" data-end=\"1244\">integrierter Glasbrecher<\/p>\n<\/li>\n<li data-start=\"1245\" data-end=\"1268\">\n<p data-start=\"1247\" data-end=\"1268\">Pr\u00e4zisions-CNC-Fertigung<\/p>\n<\/li>\n<\/ul>\n<p data-start=\"1270\" data-end=\"1363\">Jedes Messer wird vollst\u00e4ndig in den USA hergestellt, wobei auf Qualit\u00e4t, Details und langfristige Zuverl\u00e4ssigkeit geachtet wird.<\/p>\n<hr data-start=\"1365\" data-end=\"1368\">\n<p data-start=\"1370\" data-end=\"1396\">\ud83d\udde1\ufe0f <strong data-start=\"1374\" data-end=\"1396\">Klinge &#8211; D\/E Dolch<\/strong><\/p>\n<p data-start=\"1398\" data-end=\"1647\">Die <strong data-start=\"1409\" data-end=\"1437\">D\/E (Double Edge) Dolchklinge<\/strong> ist auf beiden Seiten geschliffen und hat eine ausgepr\u00e4gte Mittelrippe f\u00fcr zus\u00e4tzliche St\u00e4rke. Auf beiden Seiten befinden sich lange Relief-\/Drainage-Rillen, die zur St\u00e4rke des Designs und zum unverwechselbaren Aussehen beitragen. <\/p>\n<p data-start=\"1649\" data-end=\"1725\"><strong data-start=\"1666\" data-end=\"1714\">Black Finished (matte Nanokomposit-Schicht)<\/strong> gew\u00e4hrleistet:<\/p>\n<ul data-start=\"1727\" data-end=\"1837\">\n<li data-start=\"1727\" data-end=\"1754\">\n<p data-start=\"1729\" data-end=\"1754\">hohe Oberfl\u00e4chenh\u00e4rte<\/p>\n<\/li>\n<li data-start=\"1755\" data-end=\"1770\">\n<p data-start=\"1757\" data-end=\"1770\">geringe Reibung<\/p>\n<\/li>\n<li data-start=\"1771\" data-end=\"1805\">\n<p data-start=\"1773\" data-end=\"1805\">ausgezeichnete Korrosionsbest\u00e4ndigkeit<\/p>\n<\/li>\n<li data-start=\"1806\" data-end=\"1837\">\n<p data-start=\"1808\" data-end=\"1837\">nicht reflektierendes, taktisches Aussehen<\/p>\n<\/li>\n<\/ul>\n<p data-start=\"1839\" data-end=\"1945\">Der hohe Flachschnitt bietet hervorragende Schneideigenschaften bei gleichzeitig hoher Durchschlagskraft und Festigkeit.<\/p>\n<p data-start=\"1947\" data-end=\"2124\">Der leistungsstarke Mechanismus zum Ausfahren und Einfahren der Klinge erfordert eine gewisse Kraft, um den Widerstand der Feder zu \u00fcberwinden &#8211; aus Sicherheitsgr\u00fcnden. Das Design erm\u00f6glicht sowohl Rechts- als auch Linksh\u00e4ndern eine komfortable Benutzung. <\/p>\n<hr data-start=\"2126\" data-end=\"2129\">\n<p data-start=\"2131\" data-end=\"2168\">\ud83d\udd2c <strong data-start=\"2134\" data-end=\"2168\">Stahl &#8211; B\u00f6hler M390 Microclean\u00ae<\/strong><\/p>\n<p data-start=\"2170\" data-end=\"2262\">Der verwendete <strong data-start=\"2183\" data-end=\"2203\">M390 Microclean\u00ae<\/strong> Stahl ist ein hochleistungsf\u00e4higer martensitischer Pulverchromstahl:<\/p>\n<ul data-start=\"2264\" data-end=\"2354\">\n<li data-start=\"2264\" data-end=\"2286\">\n<p data-start=\"2266\" data-end=\"2286\">20,0 % Chrom (Cr)<\/p>\n<\/li>\n<li data-start=\"2287\" data-end=\"2307\">\n<p data-start=\"2289\" data-end=\"2307\">1,9 % Kohlenstoff (C)<\/p>\n<\/li>\n<li data-start=\"2308\" data-end=\"2328\">\n<p data-start=\"2310\" data-end=\"2328\">4,0 % Vanadium (V)<\/p>\n<\/li>\n<li data-start=\"2329\" data-end=\"2354\">\n<p data-start=\"2331\" data-end=\"2354\">H\u00e4rte ca. 59-61 HRC<\/p>\n<\/li>\n<\/ul>\n<p data-start=\"2356\" data-end=\"2369\">Sie ist gekennzeichnet durch:<\/p>\n<ul data-start=\"2371\" data-end=\"2553\">\n<li data-start=\"2371\" data-end=\"2418\">\n<p data-start=\"2373\" data-end=\"2418\">extrem hohe Verschlei\u00dffestigkeit<\/p>\n<\/li>\n<li data-start=\"2419\" data-end=\"2448\">\n<p data-start=\"2421\" data-end=\"2448\">hohe Korrosionsbest\u00e4ndigkeit<\/p>\n<\/li>\n<li data-start=\"2449\" data-end=\"2474\">\n<p data-start=\"2451\" data-end=\"2474\">lange Klingenhaltung<\/p>\n<\/li>\n<li data-start=\"2475\" data-end=\"2504\">\n<p data-start=\"2477\" data-end=\"2504\">minimale Wartung<\/p>\n<\/li>\n<li data-start=\"2505\" data-end=\"2553\">\n<p data-start=\"2507\" data-end=\"2553\">Widerstand gegen Gratbildung beim Schleifen<\/p>\n<\/li>\n<\/ul>\n<p data-start=\"2555\" data-end=\"2641\">Es ist vergleichbar mit CPM 20CV oder CTS-204P und wird von B\u00f6hler Edelstahl in \u00d6sterreich hergestellt.<\/p>\n<hr data-start=\"2643\" data-end=\"2646\">\n<p data-start=\"2648\" data-end=\"2675\">\ud83e\udde9 <strong data-start=\"2651\" data-end=\"2675\">Griff und Konstruktion<\/strong><\/p>\n<p data-start=\"2677\" data-end=\"2772\">Der Griff ist pr\u00e4zise CNC-gefr\u00e4st aus eloxiertem <strong data-start=\"2746\" data-end=\"2757\">6061-T6<\/strong> Aluminium in Tan.<\/p>\n<ul data-start=\"2774\" data-end=\"3120\">\n<li data-start=\"2774\" data-end=\"2811\">\n<p data-start=\"2776\" data-end=\"2811\">3D gefr\u00e4ste Anti-Rutsch-Textur<\/p>\n<\/li>\n<li data-start=\"2812\" data-end=\"2856\">\n<p data-start=\"2814\" data-end=\"2856\">Jimping an der Ober- und Unterseite des Griffs<\/p>\n<\/li>\n<li data-start=\"2857\" data-end=\"2908\">\n<p data-start=\"2859\" data-end=\"2908\">Vertiefter Seitenschieber f\u00fcr einen nat\u00fcrlicheren Griff<\/p>\n<\/li>\n<li data-start=\"2909\" data-end=\"2948\">\n<p data-start=\"2911\" data-end=\"2948\">Schlankes Profil f\u00fcr komfortables EDC-Tragen<\/p>\n<\/li>\n<li data-start=\"2949\" data-end=\"2998\">\n<p data-start=\"2951\" data-end=\"2998\">Tiefer Trageclip (rechte\/linke Seite, mit der Spitze nach unten)<\/p>\n<\/li>\n<li data-start=\"2999\" data-end=\"3057\">\n<p data-start=\"3001\" data-end=\"3057\">Clip mit Microtech-Logo, Seriennummer und Herstellungsdatum<\/p>\n<\/li>\n<li data-start=\"3058\" data-end=\"3120\">\n<p data-start=\"3060\" data-end=\"3120\">Glasbrecher &#8211; Stahlspitze mit Wolframkarbidkugel<\/p>\n<\/li>\n<\/ul>\n<hr data-start=\"3122\" data-end=\"3125\">\n<p data-start=\"3127\" data-end=\"3155\">\u2699\ufe0f <strong data-start=\"3130\" data-end=\"3155\">Technische Daten<\/strong><\/p>\n<div class=\"TyagGW_tableContainer\">\n<div class=\"group TyagGW_tableWrapper flex flex-col-reverse w-fit\" tabindex=\"-1\">\n<table class=\"w-fit min-w-(--thread-content-width)\" data-start=\"3157\" data-end=\"3784\">\n<thead data-start=\"3157\" data-end=\"3179\">\n<tr data-start=\"3157\" data-end=\"3179\">\n<th class=\"\" data-start=\"3157\" data-end=\"3168\" data-col-size=\"sm\">Parameter<\/th>\n<th class=\"\" data-start=\"3168\" data-end=\"3179\" data-col-size=\"sm\">Wert<\/th>\n<\/tr>\n<\/thead>\n<tbody data-start=\"3204\" data-end=\"3784\">\n<tr data-start=\"3204\" data-end=\"3232\">\n<td data-start=\"3204\" data-end=\"3212\" data-col-size=\"sm\">Modell<\/td>\n<td data-start=\"3212\" data-end=\"3232\" data-col-size=\"sm\">Dirac Delta\u00ae D\/E<\/td>\n<\/tr>\n<tr data-start=\"3233\" data-end=\"3264\">\n<td data-start=\"3233\" data-end=\"3252\" data-col-size=\"sm\">Produktnummer<\/td>\n<td data-start=\"3252\" data-end=\"3264\" data-col-size=\"sm\">227-1 TA<\/td>\n<\/tr>\n<tr data-start=\"3265\" data-end=\"3291\">\n<td data-start=\"3265\" data-end=\"3281\" data-col-size=\"sm\">Gesamtl\u00e4nge<\/td>\n<td data-start=\"3281\" data-end=\"3291\" data-col-size=\"sm\">235 mm<\/td>\n<\/tr>\n<tr data-start=\"3292\" data-end=\"3318\">\n<td data-start=\"3292\" data-end=\"3307\" data-col-size=\"sm\">L\u00e4nge der Klinge<\/td>\n<td data-start=\"3307\" data-end=\"3318\" data-col-size=\"sm\">95,2 mm<\/td>\n<\/tr>\n<tr data-start=\"3319\" data-end=\"3347\">\n<td data-start=\"3319\" data-end=\"3337\" data-col-size=\"sm\">Dicke der Klinge<\/td>\n<td data-start=\"3337\" data-end=\"3347\" data-col-size=\"sm\">3,0 mm<\/td>\n<\/tr>\n<tr data-start=\"3348\" data-end=\"3375\">\n<td data-start=\"3348\" data-end=\"3365\" data-col-size=\"sm\">L\u00e4nge des Griffs<\/td>\n<td data-start=\"3365\" data-end=\"3375\" data-col-size=\"sm\">140 mm<\/td>\n<\/tr>\n<tr data-start=\"3376\" data-end=\"3407\">\n<td data-start=\"3376\" data-end=\"3396\" data-col-size=\"sm\">Dicke des Griffs<\/td>\n<td data-start=\"3396\" data-end=\"3407\" data-col-size=\"sm\">12,7 mm<\/td>\n<\/tr>\n<tr data-start=\"3408\" data-end=\"3428\">\n<td data-start=\"3408\" data-end=\"3419\" data-col-size=\"sm\">Gewicht<\/td>\n<td data-start=\"3419\" data-end=\"3428\" data-col-size=\"sm\">129 g<\/td>\n<\/tr>\n<tr data-start=\"3429\" data-end=\"3474\">\n<td data-start=\"3429\" data-end=\"3447\" data-col-size=\"sm\">Material der Klinge<\/td>\n<td data-start=\"3447\" data-end=\"3474\" data-col-size=\"sm\">B\u00f6hler M390 Microclean\u00ae<\/td>\n<\/tr>\n<tr data-start=\"3475\" data-end=\"3502\">\n<td data-start=\"3475\" data-end=\"3485\" data-col-size=\"sm\">H\u00e4rte<\/td>\n<td data-start=\"3485\" data-end=\"3502\" data-col-size=\"sm\">ca. 59-61 HRC<\/td>\n<\/tr>\n<tr data-start=\"3503\" data-end=\"3520\">\n<td data-start=\"3503\" data-end=\"3512\" data-col-size=\"sm\">Clipping<\/td>\n<td data-start=\"3512\" data-end=\"3520\" data-col-size=\"sm\">Flach<\/td>\n<\/tr>\n<tr data-start=\"3521\" data-end=\"3546\">\n<td data-start=\"3521\" data-end=\"3537\" data-col-size=\"sm\">Oberfl\u00e4che der Klinge<\/td>\n<td data-start=\"3537\" data-end=\"3546\" data-col-size=\"sm\">Schwarz<\/td>\n<\/tr>\n<tr data-start=\"3547\" data-end=\"3585\">\n<td data-start=\"3547\" data-end=\"3567\" data-col-size=\"sm\">Material des Griffs<\/td>\n<td data-start=\"3567\" data-end=\"3585\" data-col-size=\"sm\">6061-T6 Aluminium<\/td>\n<\/tr>\n<tr data-start=\"3586\" data-end=\"3610\">\n<td data-start=\"3586\" data-end=\"3603\" data-col-size=\"sm\">Farbe des Griffs<\/td>\n<td data-start=\"3603\" data-end=\"3610\" data-col-size=\"sm\">Tan<\/td>\n<\/tr>\n<tr data-start=\"3611\" data-end=\"3649\">\n<td data-start=\"3611\" data-end=\"3625\" data-col-size=\"sm\">Mechanismus<\/td>\n<td data-start=\"3625\" data-end=\"3649\" data-col-size=\"sm\">D\/A OTF &#8211; Schiebeverriegelung<\/td>\n<\/tr>\n<tr data-start=\"3650\" data-end=\"3698\">\n<td data-start=\"3650\" data-end=\"3662\" data-col-size=\"sm\">\u00d6ffnen<\/td>\n<td data-start=\"3662\" data-end=\"3698\" data-col-size=\"sm\">Automatisch &#8211; Schieberegler dr\u00fccken\/ziehen<\/td>\n<\/tr>\n<tr data-start=\"3699\" data-end=\"3730\">\n<td data-start=\"3699\" data-end=\"3706\" data-col-size=\"sm\">Clip<\/td>\n<td data-start=\"3706\" data-end=\"3730\" data-col-size=\"sm\">Rechts\/links, mit der Spitze nach unten<\/td>\n<\/tr>\n<tr data-start=\"3731\" data-end=\"3762\">\n<td data-start=\"3731\" data-end=\"3742\" data-col-size=\"sm\">Designer<\/td>\n<td data-start=\"3742\" data-end=\"3762\" data-col-size=\"sm\">Anthony Marfione<\/td>\n<\/tr>\n<tr data-start=\"3763\" data-end=\"3784\">\n<td data-start=\"3763\" data-end=\"3777\" data-col-size=\"sm\">Herkunftsland<\/td>\n<td data-start=\"3777\" data-end=\"3784\" data-col-size=\"sm\">USA<\/td>\n<\/tr>\n<\/tbody>\n<\/table>\n<\/div>\n<\/div>\n<hr data-start=\"3786\" data-end=\"3789\">\n<p data-start=\"3791\" data-end=\"3810\">\u2705 <strong data-start=\"3793\" data-end=\"3810\">Hauptvorteile<\/strong><\/p>\n<ul data-start=\"3812\" data-end=\"4035\">\n<li data-start=\"3812\" data-end=\"3851\">\n<p data-start=\"3814\" data-end=\"3851\">\u00c4u\u00dferst schneller D\/A OTF-Mechanismus<\/p>\n<\/li>\n<li data-start=\"3852\" data-end=\"3898\">\n<p data-start=\"3854\" data-end=\"3898\">Symmetrische D\/E-Klinge mit hoher Durchschlagskraft<\/p>\n<\/li>\n<li data-start=\"3899\" data-end=\"3933\">\n<p data-start=\"3901\" data-end=\"3933\">Hochwertiger M390 Microclean\u00ae-Stahl<\/p>\n<\/li>\n<li data-start=\"3934\" data-end=\"3982\">\n<p data-start=\"3936\" data-end=\"3982\">Ergonomischer Griff mit versenktem Schieber<\/p>\n<\/li>\n<li data-start=\"3983\" data-end=\"4010\">\n<p data-start=\"3985\" data-end=\"4010\">Vollst\u00e4ndig reversibel tragbar<\/p>\n<\/li>\n<li data-start=\"4011\" data-end=\"4035\">\n<p data-start=\"4013\" data-end=\"4035\">100% amerikanisch hergestellt<\/p>\n<\/li>\n<\/ul>\n<hr data-start=\"4037\" data-end=\"4040\">\n<p data-start=\"4042\" data-end=\"4062\">\u26a0\ufe0f <strong data-start=\"4045\" data-end=\"4062\">M\u00f6gliche Einschr\u00e4nkungen<\/strong><\/p>\n<ul data-start=\"4064\" data-end=\"4236\">\n<li data-start=\"4064\" data-end=\"4125\">\n<p data-start=\"4066\" data-end=\"4125\">Die Doppelklinge ist nicht ideal f\u00fcr alle Arten von Arbeiten<\/p>\n<\/li>\n<li data-start=\"4126\" data-end=\"4181\">\n<p data-start=\"4128\" data-end=\"4181\">Der automatische Mechanismus erfordert regelm\u00e4\u00dfige Wartung<\/p>\n<\/li>\n<li data-start=\"4182\" data-end=\"4236\">\n<p data-start=\"4184\" data-end=\"4236\">H\u00f6here Preiskategorie, die der Premiumklasse entspricht<\/p>\n<\/li>\n<\/ul>\n<hr data-start=\"4238\" data-end=\"4241\">\n<p data-start=\"4243\" data-end=\"4264\">\ud83d\udee0\ufe0f <strong data-start=\"4247\" data-end=\"4264\">Wartung und Pflege<\/strong><\/p>\n<ul data-start=\"4266\" data-end=\"4637\">\n<li data-start=\"4266\" data-end=\"4336\">\n<p data-start=\"4268\" data-end=\"4336\">Reinigen und trocknen Sie die Klinge nach dem Gebrauch, um ihre Langlebigkeit zu erhalten.<\/p>\n<\/li>\n<li data-start=\"4337\" data-end=\"4403\">\n<p data-start=\"4339\" data-end=\"4403\">Halten Sie den Griff trocken und sauber, insbesondere nach Kontakt mit Feuchtigkeit<\/p>\n<\/li>\n<li data-start=\"4404\" data-end=\"4464\">\n<p data-start=\"4406\" data-end=\"4464\">Schmieren Sie die Klinge f\u00fcr eine l\u00e4ngere Lagerung leicht mit Schutz\u00f6l ein<\/p>\n<\/li>\n<li data-start=\"4465\" data-end=\"4637\">\n<p data-start=\"4467\" data-end=\"4637\">Zum Sch\u00e4rfen von Klingen empfehlen wir das <strong data-start=\"4498\" data-end=\"4564\">Spyderco Tri-Angle Sharpmaker Complete Sharpening System 204MF<\/strong> &#8211; auch ideal f\u00fcr glatte Klingen. \ud83d\uded2 Kaufen Sie auf unserer Website Moskito.cz <\/p>\n<\/li>\n<\/ul>\n<p data-start=\"4639\" data-end=\"4717\">Regelm\u00e4\u00dfige Wartung gew\u00e4hrleistet einen zuverl\u00e4ssigen Betrieb des Mechanismus und eine lang anhaltende Sch\u00e4rfe.<\/p>\n<hr data-start=\"4719\" data-end=\"4722\">\n<p data-start=\"4724\" data-end=\"4745\">\ud83c\udfaf <strong data-start=\"4727\" data-end=\"4745\">Empfohlen f\u00fcr<\/strong><\/p>\n<ul data-start=\"4747\" data-end=\"4891\">\n<li data-start=\"4747\" data-end=\"4772\">\n<p data-start=\"4749\" data-end=\"4772\">Anspruchsvolle EDC-Benutzer<\/p>\n<\/li>\n<li data-start=\"4773\" data-end=\"4807\">\n<p data-start=\"4775\" data-end=\"4807\">Professioneller taktischer Einsatz<\/p>\n<\/li>\n<li data-start=\"4808\" data-end=\"4843\">\n<p data-start=\"4810\" data-end=\"4843\">Sammler von hochwertigen OTF-Modellen<\/p>\n<\/li>\n<li data-start=\"4844\" data-end=\"4891\">\n<p data-start=\"4846\" data-end=\"4891\">Benutzer, die eine symmetrische D\/E-Klinge bevorzugen<\/p>\n<\/li>\n<\/ul>\n<hr data-start=\"4893\" data-end=\"4896\">\n<p data-start=\"4898\" data-end=\"4923\">\u2b50 <strong data-start=\"4900\" data-end=\"4923\">Endg\u00fcltige Bewertung<\/strong><\/p>\n<p data-start=\"4925\" data-end=\"5216\" data-is-last-node=\"\" data-is-only-node=\"\">Das Microtech Dirac Delta\u00ae 227-1 TA kombiniert eine aggressive symmetrische Klinge, moderne Ergonomie und einen extrem schnellen OTF-Mechanismus. Mit hochwertigem M390-Stahl, amerikanischer Fertigung und Pr\u00e4zisionshandwerk ist dies ein leistungsstarkes und prestigetr\u00e4chtiges Modell f\u00fcr Benutzer, die Qualit\u00e4t ohne Kompromisse suchen \ud83d\udd2a\ud83d\udd25. <\/p>\n","protected":false},"excerpt":{"rendered":"<p><strong>Das Microtech Dirac Delta\u00ae 227-1 TA kombiniert eine aggressive symmetrische Klinge, moderne Ergonomie und einen extrem schnellen OTF-Mechanismus. Mit hochwertigem M390-Stahl, amerikanischer Fertigung und Pr\u00e4zisionshandwerk ist dies ein leistungsstarkes und prestigetr\u00e4chtiges Modell f\u00fcr Benutzer, die Qualit\u00e4t ohne Kompromisse suchen \ud83d\udd2a\ud83d\udd25. <\/strong><\/p>\n<p><strong>Kostenloser Versand.<\/strong><\/p>\n","protected":false},"featured_media":436839,"comment_status":"open","ping_status":"closed","template":"","meta":[],"pwb-brand":[3278],"product_brand":[],"product_cat":[3343,3285],"product_tag":[],"class_list":{"0":"post-436914","1":"product","2":"type-product","3":"status-publish","4":"has-post-thumbnail","6":"pwb-brand-microtech-de","7":"product_cat-schiesmesser","8":"product_cat-messer","10":"first","11":"instock","12":"taxable","13":"shipping-taxable","14":"purchasable","15":"product-type-simple"},"brands":[{"id":3278,"name":"Microtech","slug":"microtech-de"}],"_links":{"self":[{"href":"https:\/\/www.moskito.cz\/de\/wp-json\/wp\/v2\/product\/436914","targetHints":{"allow":["GET"]}}],"collection":[{"href":"https:\/\/www.moskito.cz\/de\/wp-json\/wp\/v2\/product"}],"about":[{"href":"https:\/\/www.moskito.cz\/de\/wp-json\/wp\/v2\/types\/product"}],"replies":[{"embeddable":true,"href":"https:\/\/www.moskito.cz\/de\/wp-json\/wp\/v2\/comments?post=436914"}],"wp:featuredmedia":[{"embeddable":true,"href":"https:\/\/www.moskito.cz\/de\/wp-json\/wp\/v2\/media\/436839"}],"wp:attachment":[{"href":"https:\/\/www.moskito.cz\/de\/wp-json\/wp\/v2\/media?parent=436914"}],"wp:term":[{"taxonomy":"pwb-brand","embeddable":true,"href":"https:\/\/www.moskito.cz\/de\/wp-json\/wp\/v2\/pwb-brand?post=436914"},{"taxonomy":"product_brand","embeddable":true,"href":"https:\/\/www.moskito.cz\/de\/wp-json\/wp\/v2\/product_brand?post=436914"},{"taxonomy":"product_cat","embeddable":true,"href":"https:\/\/www.moskito.cz\/de\/wp-json\/wp\/v2\/product_cat?post=436914"},{"taxonomy":"product_tag","embeddable":true,"href":"https:\/\/www.moskito.cz\/de\/wp-json\/wp\/v2\/product_tag?post=436914"}],"curies":[{"name":"wp","href":"https:\/\/api.w.org\/{rel}","templated":true}]}}