{"id":437163,"date":"2023-11-15T16:12:09","date_gmt":"2023-11-15T15:12:09","guid":{"rendered":"https:\/\/www.moskito.cz\/produkt\/auswurfmesser-microtech-borka-stitch-apocalyptic-169-10apnc\/"},"modified":"2026-02-17T13:55:27","modified_gmt":"2026-02-17T12:55:27","slug":"auswurfmesser-microtech-borka-stitch-apocalyptic-169-10apnc","status":"publish","type":"product","link":"https:\/\/www.moskito.cz\/de\/produkt\/auswurfmesser-microtech-borka-stitch-apocalyptic-169-10apnc\/","title":{"rendered":"Auswurfmesser Microtech\/Borka Stitch Apocalyptic 169-10APNC"},"content":{"rendered":"<h1 data-start=\"0\" data-end=\"91\"><strong data-start=\"2\" data-end=\"91\">Microtech\/Borka STITCH\u00ae Apokalyptisch OTF 169-10APNC &#8211; Naturklar \/ Apokalyptisch M390<\/strong><\/h1>\n<p data-start=\"93\" data-end=\"491\">Sobald Sie das <strong data-start=\"116\" data-end=\"205\">Microtech\/Borka STITCH\u00ae Apocalyptic OTF 169-10APNC &#8211; Natural Clear \/ Apocalyptic M390<\/strong> in die Hand nehmen, werden Sie sofort die Kombination aus technischer Pr\u00e4zision, rauer \u00c4sthetik und knallhartem taktischem Charakter sp\u00fcren. Dieses Modell ist eine Zusammenarbeit zwischen <strong data-start=\"343\" data-end=\"356\">Microtech<\/strong> und <strong data-start=\"381\" data-end=\"397\">Borka Blades<\/strong> und bietet robuste Leistung, unverwechselbares Design und ultimative Vielseitigkeit f\u00fcr EDC und taktische Eins\u00e4tze. <\/p>\n<p data-start=\"493\" data-end=\"591\">Entworfen von Anthony (Tony) Marfion in Zusammenarbeit mit Borka Blades und 100% hergestellt und montiert in den USA.<\/p>\n<hr data-start=\"593\" data-end=\"596\">\n<h2 data-start=\"598\" data-end=\"625\">\ud83d\udd25 Charakter und Philosophie<\/h2>\n<p data-start=\"627\" data-end=\"935\">Das STITCH\u00ae Apocalyptic ist eine Interpretation des klassischen OTF-Messers mit Schwerpunkt auf Kraft, schneller Aktivierung und aggressivem optischen Stil. Der seitlich angebrachte, versenkte Schlitten bietet dem Daumen nat\u00fcrlichen Halt und komfortable Kontrolle ohne l\u00e4stiges &#8222;Abrutschen&#8220;. Dieses Modell kombiniert die Praktikabilit\u00e4t eines taktischen Messers mit einem k\u00fcnstlerischen und rohen Look.  <\/p>\n<p data-start=\"937\" data-end=\"1170\">Das Modell arbeitet im D\/A-Modus (Double Action) &#8211; die Klinge wird mit einer Bewegung des Daumens aus- und eingefahren. Der Mechanismus ist extrem schnell, erfordert aber gleichzeitig einen kontrollierten Druck, um den Federwiderstand zu \u00fcberwinden, was die Sicherheit bei der Handhabung erh\u00f6ht. <\/p>\n<p data-start=\"1172\" data-end=\"1283\">Die Gesamtl\u00e4nge von etwa 226 mm macht es zu einem taktischen Werkzeug in voller Gr\u00f6\u00dfe, das auch als EDC gut zu tragen ist.<\/p>\n<hr data-start=\"1285\" data-end=\"1288\">\n<h2 data-start=\"1290\" data-end=\"1305\">\ud83c\udfed \u00dcber den Hersteller<\/h2>\n<p data-start=\"1307\" data-end=\"1425\"><strong data-start=\"1307\" data-end=\"1348\"><span class=\"hover:entity-accent entity-underline inline cursor-pointer align-baseline\"><span class=\"whitespace-normal\">Microtech-Messer<\/span><\/span><\/strong> und <strong data-start=\"1351\" data-end=\"1367\">Borka Blades<\/strong> sind Legenden auf dem Gebiet der Messerkunst und des Designs.<\/p>\n<p data-start=\"1427\" data-end=\"1523\">Microtech Knives ist eine Marke mit mehr als 30 Jahren Tradition in der Herstellung von automatischen Messern, bekannt f\u00fcr:<\/p>\n<ul data-start=\"1525\" data-end=\"1677\">\n<li data-start=\"1525\" data-end=\"1550\">\n<p data-start=\"1527\" data-end=\"1550\">CNC-Pr\u00e4zisionsbearbeitung<\/p>\n<\/li>\n<li data-start=\"1551\" data-end=\"1582\">\n<p data-start=\"1553\" data-end=\"1582\">Patentierte Verschl\u00fcsse<\/p>\n<\/li>\n<li data-start=\"1583\" data-end=\"1616\">\n<p data-start=\"1585\" data-end=\"1616\">Innovative interne Mechanismen<\/p>\n<\/li>\n<li data-start=\"1617\" data-end=\"1646\">\n<p data-start=\"1619\" data-end=\"1646\">Integrierter Glasbrecher<\/p>\n<\/li>\n<li data-start=\"1647\" data-end=\"1677\">\n<p data-start=\"1649\" data-end=\"1677\">Konsistente Qualit\u00e4tskontrolle<\/p>\n<\/li>\n<\/ul>\n<p data-start=\"1679\" data-end=\"1761\">Borka Blades verleiht dem Projekt eine ausgepr\u00e4gte \u00e4sthetische Authentizit\u00e4t und ein einzigartiges Styling.<\/p>\n<p data-start=\"1763\" data-end=\"1837\">Jedes St\u00fcck wird in den USA unter der Leitung von Anthony Marfione hergestellt und montiert.<\/p>\n<hr data-start=\"1839\" data-end=\"1842\">\n<h2 data-start=\"1844\" data-end=\"1890\">\ud83d\udde1\ufe0f Blade &#8211; D\/E Speer mit apokalyptischem Finish<\/h2>\n<p data-start=\"1892\" data-end=\"2125\">Die D\/E (Double Edge) Speer-Klinge ist auf beiden Seiten symmetrisch geschliffen und hat eine ausgepr\u00e4gte Mittelrippe f\u00fcr mehr St\u00e4rke. Das Design ist von klassischen taktischen Dolchen inspiriert und kombiniert eine aggressive Geometrie mit praktischer Vielseitigkeit. <\/p>\n<p data-start=\"2127\" data-end=\"2248\">Das Apocalyptic-Finish verleiht der Klinge einen robusten, &#8222;kampferprobten&#8220; Look und hilft dabei, kleinere Gebrauchsspuren zu verbergen.<\/p>\n<p data-start=\"2250\" data-end=\"2281\">Der hohe flache Schnitt garantiert:<\/p>\n<ul data-start=\"2283\" data-end=\"2352\">\n<li data-start=\"2283\" data-end=\"2311\">\n<p data-start=\"2285\" data-end=\"2311\">hervorragende Schneideigenschaften<\/p>\n<\/li>\n<li data-start=\"2312\" data-end=\"2334\">\n<p data-start=\"2314\" data-end=\"2334\">hohe Durchdringung<\/p>\n<\/li>\n<li data-start=\"2335\" data-end=\"2352\">\n<p data-start=\"2337\" data-end=\"2352\">Spitzenst\u00e4rke<\/p>\n<\/li>\n<\/ul>\n<hr data-start=\"2354\" data-end=\"2357\">\n<h2 data-start=\"2359\" data-end=\"2383\">\ud83d\udd2c Stahl &#8211; B\u00f6hler M390<\/h2>\n<p data-start=\"2385\" data-end=\"2495\">Verwendeter Stahl <strong data-start=\"2398\" data-end=\"2439\"><span class=\"hover:entity-accent entity-underline inline cursor-pointer align-baseline\"><span class=\"whitespace-normal\">B\u00f6hler M390<\/span><\/span><\/strong> ist ein erstklassiger pulverisierter martensitischer Edelstahl:<\/p>\n<ul data-start=\"2497\" data-end=\"2588\">\n<li data-start=\"2497\" data-end=\"2516\">\n<p data-start=\"2499\" data-end=\"2516\">ca. 20 % Chrom<\/p>\n<\/li>\n<li data-start=\"2517\" data-end=\"2537\">\n<p data-start=\"2519\" data-end=\"2537\">ca. 1,9 % Kohlenstoff<\/p>\n<\/li>\n<li data-start=\"2538\" data-end=\"2556\">\n<p data-start=\"2540\" data-end=\"2556\">ca. 4 % Vanadium<\/p>\n<\/li>\n<li data-start=\"2557\" data-end=\"2588\">\n<p data-start=\"2559\" data-end=\"2588\">H\u00e4rte etwa 59-61 HRC<\/p>\n<\/li>\n<\/ul>\n<p data-start=\"2590\" data-end=\"2603\">Sie ist gekennzeichnet durch:<\/p>\n<ul data-start=\"2605\" data-end=\"2730\">\n<li data-start=\"2605\" data-end=\"2644\">\n<p data-start=\"2607\" data-end=\"2644\">extreme Verschlei\u00dffestigkeit<\/p>\n<\/li>\n<li data-start=\"2645\" data-end=\"2674\">\n<p data-start=\"2647\" data-end=\"2674\">hohe Korrosionsbest\u00e4ndigkeit<\/p>\n<\/li>\n<li data-start=\"2675\" data-end=\"2700\">\n<p data-start=\"2677\" data-end=\"2700\">lange Klingenhaltung<\/p>\n<\/li>\n<li data-start=\"2701\" data-end=\"2730\">\n<p data-start=\"2703\" data-end=\"2730\">minimale Wartung<\/p>\n<\/li>\n<\/ul>\n<p data-start=\"2732\" data-end=\"2790\">Er ist einer der angesehensten St\u00e4hle in der modernen Besteckproduktion.<\/p>\n<hr data-start=\"2792\" data-end=\"2795\">\n<h2 data-start=\"2797\" data-end=\"2835\">\ud83e\udde9 Griff &#8211; Nat\u00fcrliches klares Aluminium<\/h2>\n<p data-start=\"2837\" data-end=\"2967\">Der Griff besteht aus eloxiertem 6061-T6 Aluminium in Natural Clear Aluminum f\u00fcr einen sauberen, technischen und eleganten Look.<\/p>\n<ul data-start=\"2969\" data-end=\"3278\">\n<li data-start=\"2969\" data-end=\"3010\">\n<p data-start=\"2971\" data-end=\"3010\">3D CNC-gefr\u00e4ste Anti-Rutsch-Textur<\/p>\n<\/li>\n<li data-start=\"3011\" data-end=\"3055\">\n<p data-start=\"3013\" data-end=\"3055\">Jimping an der Ober- und Unterseite des Griffs<\/p>\n<\/li>\n<li data-start=\"3056\" data-end=\"3107\">\n<p data-start=\"3058\" data-end=\"3107\">Versenkter Seitenschieber f\u00fcr nat\u00fcrliche Kontrolle<\/p>\n<\/li>\n<li data-start=\"3108\" data-end=\"3138\">\n<p data-start=\"3110\" data-end=\"3138\">Schlankes Profil, geeignet f\u00fcr EDC<\/p>\n<\/li>\n<li data-start=\"3139\" data-end=\"3181\">\n<p data-start=\"3141\" data-end=\"3181\">Tiefer Trageclip (rechts\/links, mit der Spitze nach unten)<\/p>\n<\/li>\n<li data-start=\"3182\" data-end=\"3230\">\n<p data-start=\"3184\" data-end=\"3230\">Clip mit Logo, Seriennummer und Herstellungsdatum<\/p>\n<\/li>\n<li data-start=\"3231\" data-end=\"3278\">\n<p data-start=\"3233\" data-end=\"3278\">Glasbrecher mit Wolframkarbidkugel<\/p>\n<\/li>\n<\/ul>\n<hr data-start=\"3280\" data-end=\"3283\">\n<h2 data-start=\"3285\" data-end=\"3312\">\u2699\ufe0f Technische Spezifikationen<\/h2>\n<div class=\"TyagGW_tableContainer\">\n<div class=\"group TyagGW_tableWrapper flex flex-col-reverse w-fit\" tabindex=\"-1\">\n<table class=\"w-fit min-w-(--thread-content-width)\" data-start=\"3314\" data-end=\"3964\">\n<thead data-start=\"3314\" data-end=\"3344\">\n<tr data-start=\"3314\" data-end=\"3344\">\n<th class=\"\" data-start=\"3314\" data-end=\"3329\" data-col-size=\"sm\"><strong data-start=\"3316\" data-end=\"3328\">Parameter<\/strong><\/th>\n<th class=\"\" data-start=\"3329\" data-end=\"3344\" data-col-size=\"sm\"><strong data-start=\"3331\" data-end=\"3342\">Wert<\/strong><\/th>\n<\/tr>\n<\/thead>\n<tbody data-start=\"3376\" data-end=\"3964\">\n<tr data-start=\"3376\" data-end=\"3411\">\n<td data-start=\"3376\" data-end=\"3384\" data-col-size=\"sm\">Modell<\/td>\n<td data-start=\"3384\" data-end=\"3411\" data-col-size=\"sm\">STITCH\u00ae Apokalyptisch OTF<\/td>\n<\/tr>\n<tr data-start=\"3412\" data-end=\"3445\">\n<td data-start=\"3412\" data-end=\"3431\" data-col-size=\"sm\">Produktnummer<\/td>\n<td data-start=\"3431\" data-end=\"3445\" data-col-size=\"sm\">169-10APNC<\/td>\n<\/tr>\n<tr data-start=\"3446\" data-end=\"3476\">\n<td data-start=\"3446\" data-end=\"3462\" data-col-size=\"sm\">Gesamtl\u00e4nge<\/td>\n<td data-start=\"3462\" data-end=\"3476\" data-col-size=\"sm\">ca. 226 mm<\/td>\n<\/tr>\n<tr data-start=\"3477\" data-end=\"3505\">\n<td data-start=\"3477\" data-end=\"3492\" data-col-size=\"sm\">L\u00e4nge der Klinge<\/td>\n<td data-start=\"3492\" data-end=\"3505\" data-col-size=\"sm\">ca. 95 mm<\/td>\n<\/tr>\n<tr data-start=\"3506\" data-end=\"3538\">\n<td data-start=\"3506\" data-end=\"3524\" data-col-size=\"sm\">Dicke der Klinge<\/td>\n<td data-start=\"3524\" data-end=\"3538\" data-col-size=\"sm\">ca. 3,0 mm<\/td>\n<\/tr>\n<tr data-start=\"3539\" data-end=\"3570\">\n<td data-start=\"3539\" data-end=\"3556\" data-col-size=\"sm\">L\u00e4nge des Griffs<\/td>\n<td data-start=\"3556\" data-end=\"3570\" data-col-size=\"sm\">ca. 131 mm<\/td>\n<\/tr>\n<tr data-start=\"3571\" data-end=\"3595\">\n<td data-start=\"3571\" data-end=\"3582\" data-col-size=\"sm\">Gewicht<\/td>\n<td data-start=\"3582\" data-end=\"3595\" data-col-size=\"sm\">ca. 135 g<\/td>\n<\/tr>\n<tr data-start=\"3596\" data-end=\"3629\">\n<td data-start=\"3596\" data-end=\"3614\" data-col-size=\"sm\">Material der Klinge<\/td>\n<td data-start=\"3614\" data-end=\"3629\" data-col-size=\"sm\">B\u00f6hler M390<\/td>\n<\/tr>\n<tr data-start=\"3630\" data-end=\"3657\">\n<td data-start=\"3630\" data-end=\"3640\" data-col-size=\"sm\">H\u00e4rte<\/td>\n<td data-start=\"3640\" data-end=\"3657\" data-col-size=\"sm\">ca. 59-61 HRC<\/td>\n<\/tr>\n<tr data-start=\"3658\" data-end=\"3675\">\n<td data-start=\"3658\" data-end=\"3667\" data-col-size=\"sm\">Clipping<\/td>\n<td data-start=\"3667\" data-end=\"3675\" data-col-size=\"sm\">Flach<\/td>\n<\/tr>\n<tr data-start=\"3676\" data-end=\"3707\">\n<td data-start=\"3676\" data-end=\"3692\" data-col-size=\"sm\">Oberfl\u00e4che der Klinge<\/td>\n<td data-start=\"3692\" data-end=\"3707\" data-col-size=\"sm\">Apokalyptisch<\/td>\n<\/tr>\n<tr data-start=\"3708\" data-end=\"3746\">\n<td data-start=\"3708\" data-end=\"3728\" data-col-size=\"sm\">Material des Griffs<\/td>\n<td data-start=\"3728\" data-end=\"3746\" data-col-size=\"sm\">6061-T6 Aluminium<\/td>\n<\/tr>\n<tr data-start=\"3747\" data-end=\"3781\">\n<td data-start=\"3747\" data-end=\"3764\" data-col-size=\"sm\">Farbe des Griffs<\/td>\n<td data-start=\"3764\" data-end=\"3781\" data-col-size=\"sm\">Nat\u00fcrlich Klar<\/td>\n<\/tr>\n<tr data-start=\"3782\" data-end=\"3820\">\n<td data-start=\"3782\" data-end=\"3796\" data-col-size=\"sm\">Mechanismus<\/td>\n<td data-start=\"3796\" data-end=\"3820\" data-col-size=\"sm\">D\/A OTF &#8211; Schiebeverriegelung<\/td>\n<\/tr>\n<tr data-start=\"3821\" data-end=\"3865\">\n<td data-start=\"3821\" data-end=\"3833\" data-col-size=\"sm\">\u00d6ffnen<\/td>\n<td data-start=\"3833\" data-end=\"3865\" data-col-size=\"sm\">Automatisch &#8211; Seitenschieber<\/td>\n<\/tr>\n<tr data-start=\"3866\" data-end=\"3897\">\n<td data-start=\"3866\" data-end=\"3873\" data-col-size=\"sm\">Clip<\/td>\n<td data-start=\"3873\" data-end=\"3897\" data-col-size=\"sm\">Rechts\/links, mit der Spitze nach unten<\/td>\n<\/tr>\n<tr data-start=\"3898\" data-end=\"3942\">\n<td data-start=\"3898\" data-end=\"3907\" data-col-size=\"sm\">Entwurf<\/td>\n<td data-start=\"3907\" data-end=\"3942\" data-col-size=\"sm\">Anthony Marfione &amp; Borka Blades<\/td>\n<\/tr>\n<tr data-start=\"3943\" data-end=\"3964\">\n<td data-start=\"3943\" data-end=\"3957\" data-col-size=\"sm\">Herkunftsland<\/td>\n<td data-start=\"3957\" data-end=\"3964\" data-col-size=\"sm\">USA<\/td>\n<\/tr>\n<\/tbody>\n<\/table>\n<\/div>\n<\/div>\n<hr data-start=\"3966\" data-end=\"3969\">\n<h2 data-start=\"3971\" data-end=\"3989\">\u2705 Hauptvorteile<\/h2>\n<ul data-start=\"3991\" data-end=\"4263\">\n<li data-start=\"3991\" data-end=\"4030\">\n<p data-start=\"3993\" data-end=\"4030\">\u00c4u\u00dferst schneller D\/A OTF-Mechanismus<\/p>\n<\/li>\n<li data-start=\"4031\" data-end=\"4077\">\n<p data-start=\"4033\" data-end=\"4077\">Symmetrische D\/E-Klinge mit hoher Durchschlagskraft<\/p>\n<\/li>\n<li data-start=\"4078\" data-end=\"4100\">\n<p data-start=\"4080\" data-end=\"4100\">Premium-Stahl M390<\/p>\n<\/li>\n<li data-start=\"4101\" data-end=\"4150\">\n<p data-start=\"4103\" data-end=\"4150\">Apokalyptische Oberfl\u00e4che, die Gebrauchsspuren verdeckt<\/p>\n<\/li>\n<li data-start=\"4151\" data-end=\"4181\">\n<p data-start=\"4153\" data-end=\"4181\">Ergonomischer Seitenschieber<\/p>\n<\/li>\n<li data-start=\"4182\" data-end=\"4223\">\n<p data-start=\"4184\" data-end=\"4223\">Leichte, aber stabile Aluminiumkonstruktion<\/p>\n<\/li>\n<li data-start=\"4224\" data-end=\"4263\">\n<p data-start=\"4226\" data-end=\"4263\">Design-Zusammenarbeit mit Borka Blades<\/p>\n<\/li>\n<\/ul>\n<hr data-start=\"4265\" data-end=\"4268\">\n<h2 data-start=\"4270\" data-end=\"4289\">\u26a0\ufe0f M\u00f6gliche Einschr\u00e4nkungen<\/h2>\n<ul data-start=\"4291\" data-end=\"4469\">\n<li data-start=\"4291\" data-end=\"4351\">\n<p data-start=\"4293\" data-end=\"4351\">Doppelklingen sind m\u00f6glicherweise nicht f\u00fcr alle g\u00e4ngigen Aufgaben ideal<\/p>\n<\/li>\n<li data-start=\"4352\" data-end=\"4407\">\n<p data-start=\"4354\" data-end=\"4407\">Der automatische Mechanismus erfordert regelm\u00e4\u00dfige Wartung<\/p>\n<\/li>\n<li data-start=\"4408\" data-end=\"4469\">\n<p data-start=\"4410\" data-end=\"4469\">H\u00f6here Preiskategorie, die einer hochwertigen Verarbeitung entspricht<\/p>\n<\/li>\n<\/ul>\n<hr data-start=\"4471\" data-end=\"4474\">\n<h2 data-start=\"4476\" data-end=\"4496\">\ud83d\udee0\ufe0f Wartung und Pflege<\/h2>\n<ul data-start=\"4498\" data-end=\"4865\">\n<li data-start=\"4498\" data-end=\"4568\">\n<p data-start=\"4500\" data-end=\"4568\">Reinigen und trocknen Sie die Klinge nach dem Gebrauch, um ihre Langlebigkeit zu erhalten.<\/p>\n<\/li>\n<li data-start=\"4569\" data-end=\"4635\">\n<p data-start=\"4571\" data-end=\"4635\">Halten Sie den Griff trocken und sauber, insbesondere nach Kontakt mit Feuchtigkeit<\/p>\n<\/li>\n<li data-start=\"4636\" data-end=\"4696\">\n<p data-start=\"4638\" data-end=\"4696\">Schmieren Sie die Klinge f\u00fcr eine l\u00e4ngere Lagerung leicht mit Schutz\u00f6l ein<\/p>\n<\/li>\n<li data-start=\"4697\" data-end=\"4865\">\n<p data-start=\"4699\" data-end=\"4865\">Zum Sch\u00e4rfen von Klingen empfehlen wir das Spyderco Tri-Angle Sharpmaker Complete Sharpening System 204MF &#8211; auch ideal f\u00fcr glatte Klingen. \ud83d\uded2 Kaufen Sie auf unserer Website Moskito.cz <\/p>\n<\/li>\n<\/ul>\n<p data-start=\"4867\" data-end=\"4934\">Regelm\u00e4\u00dfige Pflege sorgt f\u00fcr langfristige Zuverl\u00e4ssigkeit und maximale Leistung.<\/p>\n<hr data-start=\"4936\" data-end=\"4939\">\n<h2 data-start=\"4941\" data-end=\"4961\">\ud83c\udfaf Empfohlen f\u00fcr<\/h2>\n<ul data-start=\"4963\" data-end=\"5114\">\n<li data-start=\"4963\" data-end=\"4988\">\n<p data-start=\"4965\" data-end=\"4988\">Anspruchsvolle EDC-Benutzer<\/p>\n<\/li>\n<li data-start=\"4989\" data-end=\"5023\">\n<p data-start=\"4991\" data-end=\"5023\">Professioneller taktischer Einsatz<\/p>\n<\/li>\n<li data-start=\"5024\" data-end=\"5065\">\n<p data-start=\"5026\" data-end=\"5065\">Sammler von hochwertigen Microtech-Modellen<\/p>\n<\/li>\n<li data-start=\"5066\" data-end=\"5114\">\n<p data-start=\"5068\" data-end=\"5114\">Fans von limitierten Design-Kollaborationen<\/p>\n<\/li>\n<\/ul>\n<hr data-start=\"5116\" data-end=\"5119\">\n<h2 data-start=\"5121\" data-end=\"5145\">\u2b50 Endg\u00fcltige Bewertung<\/h2>\n<p data-start=\"5147\" data-end=\"5455\" data-is-last-node=\"\" data-is-only-node=\"\"><strong data-start=\"5147\" data-end=\"5201\">Das Microtech\/Borka STITCH\u00ae Apocalyptic OTF 169-10APNC<\/strong> kombiniert moderne Ergonomie, eine aggressive symmetrische Klinge und hochwertigen M390 Stahl mit dem optisch auff\u00e4lligen Apocalyptic Look und Design von Borka Blades. Das Ergebnis ist ein technisch fortschrittliches, schnelles und unverwechselbares OTF-Messer f\u00fcr alle, die Leistung und Stil ohne Kompromisse wollen \ud83d\udd2a\ud83d\udd25. <\/p>\n","protected":false},"excerpt":{"rendered":"<p><strong>Das Microtech\/Borka STITCH\u00ae Apocalyptic OTF 169-10APNC kombiniert moderne Ergonomie, eine aggressive symmetrische Klinge und hochwertigen M390 Stahl mit dem optisch auff\u00e4lligen Apocalyptic Look und Design von Borka Blades. Das Ergebnis ist ein technisch fortschrittliches, schnelles und unverwechselbares OTF-Messer f\u00fcr alle, die Leistung und Stil ohne Kompromisse wollen \ud83d\udd2a\ud83d\udd25. <\/strong><\/p>\n<p><strong>Kostenloser Versand.<\/strong><\/p>\n","protected":false},"featured_media":437164,"comment_status":"open","ping_status":"closed","template":"","meta":[],"pwb-brand":[3278],"product_brand":[],"product_cat":[3343,3285],"product_tag":[3669],"class_list":{"0":"post-437163","1":"product","2":"type-product","3":"status-publish","4":"has-post-thumbnail","6":"pwb-brand-microtech-de","7":"product_cat-schiesmesser","8":"product_cat-messer","9":"product_tag-b2b-de","11":"first","12":"outofstock","13":"taxable","14":"shipping-taxable","15":"purchasable","16":"product-type-simple"},"brands":[{"id":3278,"name":"Microtech","slug":"microtech-de"}],"_links":{"self":[{"href":"https:\/\/www.moskito.cz\/de\/wp-json\/wp\/v2\/product\/437163","targetHints":{"allow":["GET"]}}],"collection":[{"href":"https:\/\/www.moskito.cz\/de\/wp-json\/wp\/v2\/product"}],"about":[{"href":"https:\/\/www.moskito.cz\/de\/wp-json\/wp\/v2\/types\/product"}],"replies":[{"embeddable":true,"href":"https:\/\/www.moskito.cz\/de\/wp-json\/wp\/v2\/comments?post=437163"}],"wp:featuredmedia":[{"embeddable":true,"href":"https:\/\/www.moskito.cz\/de\/wp-json\/wp\/v2\/media\/437164"}],"wp:attachment":[{"href":"https:\/\/www.moskito.cz\/de\/wp-json\/wp\/v2\/media?parent=437163"}],"wp:term":[{"taxonomy":"pwb-brand","embeddable":true,"href":"https:\/\/www.moskito.cz\/de\/wp-json\/wp\/v2\/pwb-brand?post=437163"},{"taxonomy":"product_brand","embeddable":true,"href":"https:\/\/www.moskito.cz\/de\/wp-json\/wp\/v2\/product_brand?post=437163"},{"taxonomy":"product_cat","embeddable":true,"href":"https:\/\/www.moskito.cz\/de\/wp-json\/wp\/v2\/product_cat?post=437163"},{"taxonomy":"product_tag","embeddable":true,"href":"https:\/\/www.moskito.cz\/de\/wp-json\/wp\/v2\/product_tag?post=437163"}],"curies":[{"name":"wp","href":"https:\/\/api.w.org\/{rel}","templated":true}]}}