{"id":437176,"date":"2026-02-13T15:41:15","date_gmt":"2026-02-13T14:41:15","guid":{"rendered":"https:\/\/www.moskito.cz\/produkt\/microtech-stichmesser-169rl-1flgtta\/"},"modified":"2026-02-13T16:18:31","modified_gmt":"2026-02-13T15:18:31","slug":"microtech-stichmesser-169rl-1flgtta","status":"publish","type":"product","link":"https:\/\/www.moskito.cz\/de\/produkt\/microtech-stichmesser-169rl-1flgtta\/","title":{"rendered":"Microtech Stichmesser 169RL-1FLGTTA"},"content":{"rendered":"<h1 data-start=\"0\" data-end=\"85\"><strong data-start=\"2\" data-end=\"85\">Microtech STITCH\u00ae 169RL-1FLGTTA &#8211; Zweifarbig Schwarz \/ M390MK (Borka Klingen Design)<\/strong><\/h1>\n<p data-start=\"87\" data-end=\"427\">Sobald Sie das <strong data-start=\"110\" data-end=\"177\"><span class=\"hover:entity-accent entity-underline inline cursor-pointer align-baseline\"><span class=\"whitespace-normal\">Microtech STITCH 169RL-1FLGTTA<\/span><\/span> &#8211; Two Tone Black \/ M390MK<\/strong> in die Hand nehmen, werden Sie sofort die Kombination aus Pr\u00e4zisionsmechanik und unverwechselbarem Styling sp\u00fcren, die in Zusammenarbeit mit der renommierten Messerschmiede <strong data-start=\"310\" data-end=\"326\">Borka Blades<\/strong> entstanden ist. Das Stitch in der Verschlussversion bringt die Kraft des legend\u00e4ren Modells in ein kompaktes und zuverl\u00e4ssiges EDC-Format. <\/p>\n<p data-start=\"429\" data-end=\"527\">Entworfen von Anthony (Tony) Marfion in Zusammenarbeit mit Borka Blades und 100% hergestellt und montiert in den USA.<\/p>\n<hr data-start=\"529\" data-end=\"532\">\n<h2 data-start=\"534\" data-end=\"561\">\ud83d\udd25 Charakter und Philosophie<\/h2>\n<p data-start=\"563\" data-end=\"831\">Das Microtech Stitch\u00ae in der geschlossenen Version ist f\u00fcr den t\u00e4glichen Gebrauch konzipiert, wobei der Schwerpunkt auf Robustheit, Griffsicherheit und schneller Handhabung liegt. Das Design des zweifarbigen Geh\u00e4uses sieht technisch und modern aus, w\u00e4hrend die Ergonomie und die Balance des Messers f\u00fcr einen bequemen und sicheren Griff in der Hand sorgen. <\/p>\n<p data-start=\"833\" data-end=\"1074\">Das Modell arbeitet mit einem zuverl\u00e4ssigen <strong data-start=\"862\" data-end=\"876\">Liner-Lock-Verschluss<\/strong> mit einer sanften <strong data-start=\"911\" data-end=\"923\">Flipper-\u00d6ffnung<\/strong>, die eine blitzschnelle Entfaltung der Klinge in einer einzigen sanften Bewegung erm\u00f6glicht. Das \u00d6ffnen erfolgt schnell und sicher, w\u00e4hrend der Verschluss die Klinge sorgf\u00e4ltig in der Arbeitsposition sichert. <\/p>\n<p data-start=\"1076\" data-end=\"1195\">Die Gesamtl\u00e4nge in ausgeschaltetem Zustand macht es zu einem bequemen und praktischen EDC-Tool, das Sie leicht in Ihrer Tasche und am G\u00fcrtel tragen k\u00f6nnen.<\/p>\n<hr data-start=\"1197\" data-end=\"1200\">\n<h2 data-start=\"1202\" data-end=\"1217\">\ud83c\udfed \u00dcber den Hersteller<\/h2>\n<p data-start=\"1219\" data-end=\"1399\"><strong data-start=\"1219\" data-end=\"1260\"><span class=\"hover:entity-accent entity-underline inline cursor-pointer align-baseline\"><span class=\"whitespace-normal\">Microtech Knives<\/span><\/span><\/strong> ist eine amerikanische Marke mit einer mehr als 30-j\u00e4hrigen Geschichte in der Herstellung von High-End-Messern, die f\u00fcr Innovation, Qualit\u00e4t und Pr\u00e4zisionsarbeit steht.<\/p>\n<p data-start=\"1401\" data-end=\"1441\">Typische Merkmale der Microtech-Produkte sind:<\/p>\n<ul data-start=\"1443\" data-end=\"1606\">\n<li data-start=\"1443\" data-end=\"1468\">\n<p data-start=\"1445\" data-end=\"1468\">CNC-Pr\u00e4zisionsbearbeitung<\/p>\n<\/li>\n<li data-start=\"1469\" data-end=\"1502\">\n<p data-start=\"1471\" data-end=\"1502\">Patentierte Designelemente<\/p>\n<\/li>\n<li data-start=\"1503\" data-end=\"1536\">\n<p data-start=\"1505\" data-end=\"1536\">Innovative interne Mechanismen<\/p>\n<\/li>\n<li data-start=\"1537\" data-end=\"1566\">\n<p data-start=\"1539\" data-end=\"1566\">Konsistente Qualit\u00e4tskontrolle<\/p>\n<\/li>\n<li data-start=\"1567\" data-end=\"1606\">\n<p data-start=\"1569\" data-end=\"1606\">Komplette Produktion und Montage in den USA<\/p>\n<\/li>\n<\/ul>\n<p data-start=\"1608\" data-end=\"1673\">Jedes St\u00fcck wird unter der Leitung von Anthony Marfione hergestellt und getestet.<\/p>\n<hr data-start=\"1675\" data-end=\"1678\">\n<h2 data-start=\"1680\" data-end=\"1718\">\ud83d\udde1\ufe0f Klinge &#8211; Zweifarbig Schwarz mit M390MK<\/h2>\n<p data-start=\"1720\" data-end=\"2001\">Messerklinge aus hochwertigem, rostfreiem Stahl <strong data-start=\"1769\" data-end=\"1810\"><span class=\"hover:entity-accent entity-underline inline cursor-pointer align-baseline\"><span class=\"whitespace-normal\">B\u00f6hler M390MK<\/span><\/span><\/strong>gefertigt, der zu den Spitzenreitern der modernen Schneidwarenproduktion geh\u00f6rt. Das Two Tone Finish verleiht der Klinge einen eleganten und zugleich taktischen Look &#8211; die Kombination aus matten und gl\u00e4nzenden Oberfl\u00e4chen hebt die Geometrie und die Details des Schnitts hervor. <\/p>\n<p data-start=\"2003\" data-end=\"2017\">Vorteile der Klinge:<\/p>\n<ul data-start=\"2019\" data-end=\"2135\">\n<li data-start=\"2019\" data-end=\"2043\">\n<p data-start=\"2021\" data-end=\"2043\">hohe Klingenfestigkeit<\/p>\n<\/li>\n<li data-start=\"2044\" data-end=\"2081\">\n<p data-start=\"2046\" data-end=\"2081\">hervorragende Verschlei\u00dffestigkeit<\/p>\n<\/li>\n<li data-start=\"2082\" data-end=\"2113\">\n<p data-start=\"2084\" data-end=\"2113\">ausgezeichnete Korrosionsbest\u00e4ndigkeit<\/p>\n<\/li>\n<li data-start=\"2114\" data-end=\"2135\">\n<p data-start=\"2116\" data-end=\"2135\">einfache Wartung<\/p>\n<\/li>\n<\/ul>\n<p data-start=\"2137\" data-end=\"2168\">Der hohe flache Schnitt garantiert:<\/p>\n<ul data-start=\"2170\" data-end=\"2238\">\n<li data-start=\"2170\" data-end=\"2198\">\n<p data-start=\"2172\" data-end=\"2198\">hervorragende Schneideigenschaften<\/p>\n<\/li>\n<li data-start=\"2199\" data-end=\"2220\">\n<p data-start=\"2201\" data-end=\"2220\">gute Durchsto\u00dffestigkeit<\/p>\n<\/li>\n<li data-start=\"2221\" data-end=\"2238\">\n<p data-start=\"2223\" data-end=\"2238\">Spitzenst\u00e4rke<\/p>\n<\/li>\n<\/ul>\n<hr data-start=\"2240\" data-end=\"2243\">\n<h2 data-start=\"2245\" data-end=\"2271\">\ud83d\udd2c Stahl &#8211; B\u00f6hler M390MK<\/h2>\n<p data-start=\"2273\" data-end=\"2352\">M390MK Stahl ist eine Weiterentwicklung des legend\u00e4ren M390 Pulverstahls mit einer modifizierten Zusammensetzung f\u00fcr:<\/p>\n<ul data-start=\"2354\" data-end=\"2498\">\n<li data-start=\"2354\" data-end=\"2397\">\n<p data-start=\"2356\" data-end=\"2397\">h\u00f6here Stabilit\u00e4t bei der W\u00e4rmebehandlung<\/p>\n<\/li>\n<li data-start=\"2398\" data-end=\"2430\">\n<p data-start=\"2400\" data-end=\"2430\">feinere Materialstruktur<\/p>\n<\/li>\n<li data-start=\"2431\" data-end=\"2498\">\n<p data-start=\"2433\" data-end=\"2498\">etwas bessere Klingenhaltung bei gleichbleibender Korrosionsbest\u00e4ndigkeit<\/p>\n<\/li>\n<\/ul>\n<p data-start=\"2500\" data-end=\"2611\">Dieser Stahl ist bei Messermachern und anspruchsvollen Anwendern wegen seiner Kombination aus H\u00e4rte, Haltbarkeit und Pflegeleichtigkeit beliebt.<\/p>\n<hr data-start=\"2613\" data-end=\"2616\">\n<h2 data-start=\"2618\" data-end=\"2678\">\ud83e\udde9 Griff &#8211; Zweifarbiges schwarzes Aluminium mit Borka Design Elementen<\/h2>\n<p data-start=\"2680\" data-end=\"2823\">Der Griff ist pr\u00e4zise CNC-gefr\u00e4st aus eloxiertem Aluminium mit einem Two Tone Black Finish, das technisch und \u00e4sthetisch ausgewogen ist.<\/p>\n<p data-start=\"2825\" data-end=\"2852\">Hauptmerkmale des Griffs:<\/p>\n<ul data-start=\"2854\" data-end=\"3097\">\n<li data-start=\"2854\" data-end=\"2891\">\n<p data-start=\"2856\" data-end=\"2891\">3D gefr\u00e4ste Anti-Rutsch-Textur<\/p>\n<\/li>\n<li data-start=\"2892\" data-end=\"2936\">\n<p data-start=\"2894\" data-end=\"2936\">Ergonomische Form f\u00fcr einen sicheren Griff<\/p>\n<\/li>\n<li data-start=\"2937\" data-end=\"2975\">\n<p data-start=\"2939\" data-end=\"2975\">Flipper f\u00fcr schnelles \u00d6ffnen der Klinge<\/p>\n<\/li>\n<li data-start=\"2976\" data-end=\"3021\">\n<p data-start=\"2978\" data-end=\"3021\">Stilvolle Designelemente von <strong data-start=\"3005\" data-end=\"3021\">Borka Blades<\/strong><\/p>\n<\/li>\n<li data-start=\"3022\" data-end=\"3064\">\n<p data-start=\"3024\" data-end=\"3064\">Tiefer Trageclip (rechts\/links, mit der Spitze nach unten)<\/p>\n<\/li>\n<li data-start=\"3065\" data-end=\"3097\">\n<p data-start=\"3067\" data-end=\"3097\">Seriennummer und Marke des Herstellers<\/p>\n<\/li>\n<\/ul>\n<p data-start=\"3099\" data-end=\"3219\">Das Ergebnis ist ein stabiler und dennoch eleganter Griff, der sich der Hand anpasst und auch bei anspruchsvollem Gebrauch Sicherheit bietet.<\/p>\n<hr data-start=\"3221\" data-end=\"3224\">\n<h2 data-start=\"3226\" data-end=\"3253\">\u2699\ufe0f Technische Spezifikationen<\/h2>\n<div class=\"TyagGW_tableContainer\">\n<div class=\"group TyagGW_tableWrapper flex flex-col-reverse w-fit\" tabindex=\"-1\">\n<table class=\"w-fit min-w-(--thread-content-width)\" data-start=\"3255\" data-end=\"3871\">\n<thead data-start=\"3255\" data-end=\"3285\">\n<tr data-start=\"3255\" data-end=\"3285\">\n<th class=\"\" data-start=\"3255\" data-end=\"3270\" data-col-size=\"sm\"><strong data-start=\"3257\" data-end=\"3269\">Parameter<\/strong><\/th>\n<th class=\"\" data-start=\"3270\" data-end=\"3285\" data-col-size=\"sm\"><strong data-start=\"3272\" data-end=\"3283\">Wert<\/strong><\/th>\n<\/tr>\n<\/thead>\n<tbody data-start=\"3317\" data-end=\"3871\">\n<tr data-start=\"3317\" data-end=\"3336\">\n<td data-start=\"3317\" data-end=\"3325\" data-col-size=\"sm\">Modell<\/td>\n<td data-start=\"3325\" data-end=\"3336\" data-col-size=\"sm\">STITCH\u00ae<\/td>\n<\/tr>\n<tr data-start=\"3337\" data-end=\"3373\">\n<td data-start=\"3337\" data-end=\"3356\" data-col-size=\"sm\">Produktnummer<\/td>\n<td data-start=\"3356\" data-end=\"3373\" data-col-size=\"sm\">169RL-1FLGTTA<\/td>\n<\/tr>\n<tr data-start=\"3374\" data-end=\"3415\">\n<td data-start=\"3374\" data-end=\"3401\" data-col-size=\"sm\">Gesamtl\u00e4nge (offen)<\/td>\n<td data-start=\"3401\" data-end=\"3415\" data-col-size=\"sm\">ca. 217mm<\/td>\n<\/tr>\n<tr data-start=\"3416\" data-end=\"3444\">\n<td data-start=\"3416\" data-end=\"3431\" data-col-size=\"sm\">L\u00e4nge der Klinge<\/td>\n<td data-start=\"3431\" data-end=\"3444\" data-col-size=\"sm\">ca. 93 mm<\/td>\n<\/tr>\n<tr data-start=\"3445\" data-end=\"3477\">\n<td data-start=\"3445\" data-end=\"3463\" data-col-size=\"sm\">Dicke der Klinge<\/td>\n<td data-start=\"3463\" data-end=\"3477\" data-col-size=\"sm\">ca. 3,0 mm<\/td>\n<\/tr>\n<tr data-start=\"3478\" data-end=\"3509\">\n<td data-start=\"3478\" data-end=\"3495\" data-col-size=\"sm\">L\u00e4nge des Griffs<\/td>\n<td data-start=\"3495\" data-end=\"3509\" data-col-size=\"sm\">ca. 117 mm<\/td>\n<\/tr>\n<tr data-start=\"3510\" data-end=\"3534\">\n<td data-start=\"3510\" data-end=\"3521\" data-col-size=\"sm\">Gewicht<\/td>\n<td data-start=\"3521\" data-end=\"3534\" data-col-size=\"sm\">ca. 120 g<\/td>\n<\/tr>\n<tr data-start=\"3535\" data-end=\"3570\">\n<td data-start=\"3535\" data-end=\"3553\" data-col-size=\"sm\">Material der Klinge<\/td>\n<td data-start=\"3553\" data-end=\"3570\" data-col-size=\"sm\">B\u00f6hler M390MK<\/td>\n<\/tr>\n<tr data-start=\"3571\" data-end=\"3588\">\n<td data-start=\"3571\" data-end=\"3580\" data-col-size=\"sm\">Clipping<\/td>\n<td data-start=\"3580\" data-end=\"3588\" data-col-size=\"sm\">Flach<\/td>\n<\/tr>\n<tr data-start=\"3589\" data-end=\"3623\">\n<td data-start=\"3589\" data-end=\"3605\" data-col-size=\"sm\">Oberfl\u00e4che der Klinge<\/td>\n<td data-start=\"3605\" data-end=\"3623\" data-col-size=\"sm\">Zweifarbig Schwarz<\/td>\n<\/tr>\n<tr data-start=\"3624\" data-end=\"3662\">\n<td data-start=\"3624\" data-end=\"3644\" data-col-size=\"sm\">Material des Griffs<\/td>\n<td data-start=\"3644\" data-end=\"3662\" data-col-size=\"sm\">6061-T6 Aluminium<\/td>\n<\/tr>\n<tr data-start=\"3663\" data-end=\"3698\">\n<td data-start=\"3663\" data-end=\"3680\" data-col-size=\"sm\">Farbe des Griffs<\/td>\n<td data-start=\"3680\" data-end=\"3698\" data-col-size=\"sm\">Zweifarbig Schwarz<\/td>\n<\/tr>\n<tr data-start=\"3699\" data-end=\"3737\">\n<td data-start=\"3699\" data-end=\"3713\" data-col-size=\"sm\">Mechanismus<\/td>\n<td data-start=\"3713\" data-end=\"3737\" data-col-size=\"sm\">Flipper \/ Liner Lock<\/td>\n<\/tr>\n<tr data-start=\"3738\" data-end=\"3772\">\n<td data-start=\"3738\" data-end=\"3750\" data-col-size=\"sm\">\u00d6ffnen<\/td>\n<td data-start=\"3750\" data-end=\"3772\" data-col-size=\"sm\">Manuell &#8211; Flipper<\/td>\n<\/tr>\n<tr data-start=\"3773\" data-end=\"3804\">\n<td data-start=\"3773\" data-end=\"3780\" data-col-size=\"sm\">Clip<\/td>\n<td data-start=\"3780\" data-end=\"3804\" data-col-size=\"sm\">Rechts\/links, mit der Spitze nach unten<\/td>\n<\/tr>\n<tr data-start=\"3805\" data-end=\"3849\">\n<td data-start=\"3805\" data-end=\"3814\" data-col-size=\"sm\">Entwurf<\/td>\n<td data-start=\"3814\" data-end=\"3849\" data-col-size=\"sm\">Anthony Marfione &amp; Borka Blades<\/td>\n<\/tr>\n<tr data-start=\"3850\" data-end=\"3871\">\n<td data-start=\"3850\" data-end=\"3864\" data-col-size=\"sm\">Herkunftsland<\/td>\n<td data-start=\"3864\" data-end=\"3871\" data-col-size=\"sm\">USA<\/td>\n<\/tr>\n<\/tbody>\n<\/table>\n<\/div>\n<\/div>\n<hr data-start=\"3873\" data-end=\"3876\">\n<h2 data-start=\"3878\" data-end=\"3896\">\u2705 Hauptvorteile<\/h2>\n<ul data-start=\"3898\" data-end=\"4141\">\n<li data-start=\"3898\" data-end=\"3949\">\n<p data-start=\"3900\" data-end=\"3949\">Hochwertiger M390MK Stahl mit hervorragender Klingenhaltung<\/p>\n<\/li>\n<li data-start=\"3950\" data-end=\"3985\">\n<p data-start=\"3952\" data-end=\"3985\">Elegantes zweifarbiges Schwarzes Design<\/p>\n<\/li>\n<li data-start=\"3986\" data-end=\"4029\">\n<p data-start=\"3988\" data-end=\"4029\">Schnelles und zuverl\u00e4ssiges \u00d6ffnen des Flippers<\/p>\n<\/li>\n<li data-start=\"4030\" data-end=\"4061\">\n<p data-start=\"4032\" data-end=\"4061\">Ergonomischer und stabiler Griff<\/p>\n<\/li>\n<li data-start=\"4062\" data-end=\"4101\">\n<p data-start=\"4064\" data-end=\"4101\">Tiefer Trageclip f\u00fcr einen bequemen Sitz<\/p>\n<\/li>\n<li data-start=\"4102\" data-end=\"4141\">\n<p data-start=\"4104\" data-end=\"4141\">Design-Zusammenarbeit mit Borka Blades<\/p>\n<\/li>\n<\/ul>\n<hr data-start=\"4143\" data-end=\"4146\">\n<h2 data-start=\"4148\" data-end=\"4167\">\u26a0\ufe0f M\u00f6gliche Einschr\u00e4nkungen<\/h2>\n<ul data-start=\"4169\" data-end=\"4380\">\n<li data-start=\"4169\" data-end=\"4257\">\n<p data-start=\"4171\" data-end=\"4257\">Manuelles \u00d6ffnen ist m\u00f6glicherweise nicht f\u00fcr alle Benutzer geeignet, die eine automatische Bereitstellung ben\u00f6tigen<\/p>\n<\/li>\n<li data-start=\"4258\" data-end=\"4328\">\n<p data-start=\"4260\" data-end=\"4328\">H\u00f6here Preiskategorie entsprechend hochwertigem Material und Design<\/p>\n<\/li>\n<li data-start=\"4329\" data-end=\"4380\">\n<p data-start=\"4331\" data-end=\"4380\">Robustes Design kann in der Tasche besser zur Geltung kommen<\/p>\n<\/li>\n<\/ul>\n<hr data-start=\"4382\" data-end=\"4385\">\n<h2 data-start=\"4387\" data-end=\"4407\">\ud83d\udee0\ufe0f Wartung und Pflege<\/h2>\n<ul data-start=\"4409\" data-end=\"4840\">\n<li data-start=\"4409\" data-end=\"4479\">\n<p data-start=\"4411\" data-end=\"4479\">Reinigen und trocknen Sie die Klinge nach dem Gebrauch, um ihre Langlebigkeit zu erhalten.<\/p>\n<\/li>\n<li data-start=\"4480\" data-end=\"4546\">\n<p data-start=\"4482\" data-end=\"4546\">Halten Sie den Griff trocken und sauber, insbesondere nach Kontakt mit Feuchtigkeit<\/p>\n<\/li>\n<li data-start=\"4547\" data-end=\"4607\">\n<p data-start=\"4549\" data-end=\"4607\">Schmieren Sie die Klinge f\u00fcr eine l\u00e4ngere Lagerung leicht mit Schutz\u00f6l ein<\/p>\n<\/li>\n<li data-start=\"4608\" data-end=\"4669\">\n<p data-start=\"4610\" data-end=\"4669\">\u00dcberpr\u00fcfen Sie das Schloss regelm\u00e4\u00dfig und reinigen Sie es bei Bedarf von Schmutz<\/p>\n<\/li>\n<li data-start=\"4670\" data-end=\"4840\">\n<p data-start=\"4672\" data-end=\"4840\">Zum Sch\u00e4rfen der Klinge empfehlen wir das <strong data-start=\"4703\" data-end=\"4769\">Spyderco Tri-Angle Sharpmaker Complete Sharpening System 204MF<\/strong> &#8211; ideal f\u00fcr glatte Klingen. \ud83d\uded2 Kaufen Sie auf unserer Website Moskito.cz <\/p>\n<\/li>\n<\/ul>\n<p data-start=\"4842\" data-end=\"4909\">Regelm\u00e4\u00dfige Pflege sorgt f\u00fcr langfristige Zuverl\u00e4ssigkeit und maximale Leistung.<\/p>\n<hr data-start=\"4911\" data-end=\"4914\">\n<h2 data-start=\"4916\" data-end=\"4936\">\ud83c\udfaf Empfohlen f\u00fcr<\/h2>\n<ul data-start=\"4938\" data-end=\"5082\">\n<li data-start=\"4938\" data-end=\"4963\">\n<p data-start=\"4940\" data-end=\"4963\">Anspruchsvolle EDC-Benutzer<\/p>\n<\/li>\n<li data-start=\"4964\" data-end=\"4993\">\n<p data-start=\"4966\" data-end=\"4993\">Premium Messersammler<\/p>\n<\/li>\n<li data-start=\"4994\" data-end=\"5029\">\n<p data-start=\"4996\" data-end=\"5029\">Fans von Design-Kollaborationen<\/p>\n<\/li>\n<li data-start=\"5030\" data-end=\"5082\">\n<p data-start=\"5032\" data-end=\"5082\">Benutzer, die hochwertigen Stahl und eine hochwertige Konstruktion w\u00fcnschen<\/p>\n<\/li>\n<\/ul>\n<hr data-start=\"5084\" data-end=\"5087\">\n<h2 data-start=\"5089\" data-end=\"5113\">\u2b50 Endg\u00fcltige Bewertung<\/h2>\n<p data-start=\"5115\" data-end=\"5415\" data-is-last-node=\"\" data-is-only-node=\"\">Das <strong data-start=\"5115\" data-end=\"5150\">Microtech STITCH\u00ae 169RL-1FLGTTA<\/strong> stellt eine au\u00dfergew\u00f6hnliche Kombination aus Design, Material und technischer Pr\u00e4zision dar. Mit dem hochwertigen M390MK Stahl, der Zusammenarbeit mit Borka Blades und der robusten Ergonomie ist dies ein stilvolles und hochfunktionales Schlie\u00dfmesser f\u00fcr alle, die Leistung, \u00c4sthetik und Qualit\u00e4t ohne Kompromisse w\u00fcnschen \ud83d\udd2a\ud83d\udd25. <\/p>\n","protected":false},"excerpt":{"rendered":"<p><strong>Das Microtech STITCH\u00ae 169RL-1FLGTTA stellt eine au\u00dfergew\u00f6hnliche Kombination aus Design, Material und technischer Pr\u00e4zision dar. Mit dem hochwertigen M390MK Stahl, der Zusammenarbeit mit Borka Blades und der robusten Ergonomie ist dies ein stilvolles und hochfunktionales Schlie\u00dfmesser f\u00fcr alle, die Leistung, \u00c4sthetik und Qualit\u00e4t ohne Kompromisse w\u00fcnschen \ud83d\udd2a\ud83d\udd25. <\/strong><\/p>\n<p><strong>Kostenloser Versand.<\/strong><\/p>\n","protected":false},"featured_media":437042,"comment_status":"open","ping_status":"closed","template":"","meta":[],"pwb-brand":[3278],"product_brand":[],"product_cat":[3303,3285],"product_tag":[],"class_list":{"0":"post-437176","1":"product","2":"type-product","3":"status-publish","4":"has-post-thumbnail","6":"pwb-brand-microtech-de","7":"product_cat-schliesmesser","8":"product_cat-messer","10":"first","11":"instock","12":"taxable","13":"shipping-taxable","14":"purchasable","15":"product-type-simple"},"brands":[{"id":3278,"name":"Microtech","slug":"microtech-de"}],"_links":{"self":[{"href":"https:\/\/www.moskito.cz\/de\/wp-json\/wp\/v2\/product\/437176","targetHints":{"allow":["GET"]}}],"collection":[{"href":"https:\/\/www.moskito.cz\/de\/wp-json\/wp\/v2\/product"}],"about":[{"href":"https:\/\/www.moskito.cz\/de\/wp-json\/wp\/v2\/types\/product"}],"replies":[{"embeddable":true,"href":"https:\/\/www.moskito.cz\/de\/wp-json\/wp\/v2\/comments?post=437176"}],"wp:featuredmedia":[{"embeddable":true,"href":"https:\/\/www.moskito.cz\/de\/wp-json\/wp\/v2\/media\/437042"}],"wp:attachment":[{"href":"https:\/\/www.moskito.cz\/de\/wp-json\/wp\/v2\/media?parent=437176"}],"wp:term":[{"taxonomy":"pwb-brand","embeddable":true,"href":"https:\/\/www.moskito.cz\/de\/wp-json\/wp\/v2\/pwb-brand?post=437176"},{"taxonomy":"product_brand","embeddable":true,"href":"https:\/\/www.moskito.cz\/de\/wp-json\/wp\/v2\/product_brand?post=437176"},{"taxonomy":"product_cat","embeddable":true,"href":"https:\/\/www.moskito.cz\/de\/wp-json\/wp\/v2\/product_cat?post=437176"},{"taxonomy":"product_tag","embeddable":true,"href":"https:\/\/www.moskito.cz\/de\/wp-json\/wp\/v2\/product_tag?post=437176"}],"curies":[{"name":"wp","href":"https:\/\/api.w.org\/{rel}","templated":true}]}}