{"id":437193,"date":"2026-02-13T16:19:09","date_gmt":"2026-02-13T15:19:09","guid":{"rendered":"https:\/\/www.moskito.cz\/produkt\/auswurfmesser-microtech-glykon-185-1nc\/"},"modified":"2026-02-14T09:55:22","modified_gmt":"2026-02-14T08:55:22","slug":"auswurfmesser-microtech-glykon-185-1nc","status":"publish","type":"product","link":"https:\/\/www.moskito.cz\/de\/produkt\/auswurfmesser-microtech-glykon-185-1nc\/","title":{"rendered":"Auswurfmesser Microtech Glykon 185-1NC"},"content":{"rendered":"<h1 data-start=\"263\" data-end=\"331\"><strong data-start=\"265\" data-end=\"331\">Microtech Glykon T\/E OTF 185-1NC &#8211; Nat\u00fcrlich klar \/ Schwarze Klinge<\/strong><\/h1>\n<p data-start=\"333\" data-end=\"685\">Sobald Sie das <strong data-start=\"356\" data-end=\"422\">Microtech Glykon T\/E OTF 185-1NC &#8211; Natural Clear \/ Black Blade<\/strong> in die Hand nehmen, sp\u00fcren Sie sofort die Kombination aus pr\u00e4ziser Mechanik und robuster \u00c4sthetik. Bei diesem Modell handelt es sich um eine einzigartige Version des legend\u00e4ren Glykon OTF-Messers, die sich durch ein technisches Design und attraktive Kontraste zwischen der schwarzen Klinge und dem naturfarbenen eloxierten Griff auszeichnet. <\/p>\n<p data-start=\"687\" data-end=\"762\">Entworfen von Anthony (Tony) Marfion und 100% hergestellt und montiert in den USA \ud83c\uddfa\ud83c\uddf8.<\/p>\n<hr data-start=\"764\" data-end=\"767\">\n<h2 data-start=\"769\" data-end=\"796\">\ud83d\udd25 Charakter und Philosophie<\/h2>\n<p data-start=\"798\" data-end=\"1059\">Das Glykon ist eine Interpretation des taktischen OTF-Messers, das sich auf vielseitige Funktionalit\u00e4t, aggressives Design und intuitive Bedienung konzentriert. Der seitlich angebrachte, versenkte Schlitten bietet eine nat\u00fcrliche Daumenauflage und eine komfortable Handhabung &#8211; ob Sie nun ein schnelles \u00d6ffnen oder ein kontrolliertes Zur\u00fcckziehen durchf\u00fchren. <\/p>\n<p data-start=\"1061\" data-end=\"1275\">Das Modell arbeitet im <strong data-start=\"1084\" data-end=\"1107\">D\/A-Modus (Double Action)<\/strong> &#8211; die Klinge wird mit einer Daumenbewegung aus- und eingefahren. Der Mechanismus ist dynamisch und schnell, bietet aber dennoch Sicherheit durch einen Federwiderstand, der kontrollierten Druck erfordert. <\/p>\n<p data-start=\"1277\" data-end=\"1382\">Die Gesamtl\u00e4nge macht es zu einem Werkzeug voller taktischem Potenzial, das dennoch als EDC gut tragbar bleibt.<\/p>\n<hr data-start=\"1384\" data-end=\"1387\">\n<h2 data-start=\"1389\" data-end=\"1404\">\ud83c\udfed \u00dcber den Hersteller<\/h2>\n<p data-start=\"1406\" data-end=\"1564\"><strong data-start=\"1406\" data-end=\"1447\"><span class=\"hover:entity-accent entity-underline inline cursor-pointer align-baseline\"><span class=\"whitespace-normal\">Microtech Knives<\/span><\/span><\/strong> ist eine amerikanische Marke mit mehr als 30 Jahren Tradition in der Herstellung von hochwertigen Automatik- und OTF-Messern. Typische Merkmale sind: <\/p>\n<ul data-start=\"1566\" data-end=\"1717\">\n<li data-start=\"1566\" data-end=\"1591\">\n<p data-start=\"1568\" data-end=\"1591\">CNC-Pr\u00e4zisionsbearbeitung<\/p>\n<\/li>\n<li data-start=\"1592\" data-end=\"1623\">\n<p data-start=\"1594\" data-end=\"1623\">Patentierte Verschl\u00fcsse<\/p>\n<\/li>\n<li data-start=\"1624\" data-end=\"1657\">\n<p data-start=\"1626\" data-end=\"1657\">Innovative interne Mechanismen<\/p>\n<\/li>\n<li data-start=\"1658\" data-end=\"1687\">\n<p data-start=\"1660\" data-end=\"1687\">Integrierter Glasbrecher<\/p>\n<\/li>\n<li data-start=\"1688\" data-end=\"1717\">\n<p data-start=\"1690\" data-end=\"1717\">Konsistente Qualit\u00e4tskontrolle<\/p>\n<\/li>\n<\/ul>\n<p data-start=\"1719\" data-end=\"1793\">Jedes St\u00fcck wird in den USA unter der Leitung von Anthony Marfione hergestellt und montiert.<\/p>\n<hr data-start=\"1795\" data-end=\"1798\">\n<h2 data-start=\"1800\" data-end=\"1843\">\ud83d\udde1\ufe0f Klinge &#8211; T\/E (Tanto\/Edge) Schwarze Klinge<\/h2>\n<p data-start=\"1845\" data-end=\"2003\">Die <strong data-start=\"1856\" data-end=\"1876\">T\/E (Tanto Edge)<\/strong> Klinge kombiniert eine scharfe Spitze und einen geraden Schnitt f\u00fcr maximale Durchschlagskraft und Schnitthaltigkeit, die f\u00fcr diese Art von Messer charakteristisch sind.<\/p>\n<p data-start=\"2005\" data-end=\"2174\">Das <strong data-start=\"2022\" data-end=\"2037\">Black Blade<\/strong> Finish reduziert die Blendung und verleiht dem Messer einen taktischen Charakter. Diese Art von Klinge eignet sich hervorragend f\u00fcr Aufgaben, bei denen St\u00e4rke, Durchschlagskraft und ein gerader Schnitt erforderlich sind. <\/p>\n<p data-start=\"2176\" data-end=\"2207\">Der hohe flache Schnitt garantiert:<\/p>\n<ul data-start=\"2209\" data-end=\"2276\">\n<li data-start=\"2209\" data-end=\"2237\">\n<p data-start=\"2211\" data-end=\"2237\">hervorragende Schneideigenschaften<\/p>\n<\/li>\n<li data-start=\"2238\" data-end=\"2260\">\n<p data-start=\"2240\" data-end=\"2260\">hohe Durchdringung<\/p>\n<\/li>\n<li data-start=\"2261\" data-end=\"2276\">\n<p data-start=\"2263\" data-end=\"2276\">Spitzenst\u00e4rke<\/p>\n<\/li>\n<\/ul>\n<hr data-start=\"2278\" data-end=\"2281\">\n<h2 data-start=\"2283\" data-end=\"2318\">\ud83d\udd2c Stahl &#8211; Premium-Edelstahl<\/h2>\n<p data-start=\"2320\" data-end=\"2619\">Der im Glykon verwendete Stahl geh\u00f6rt zum Premium-Segment der Messerst\u00e4hle &#8211; er zeichnet sich durch hohe Verschlei\u00df- und Korrosionsbest\u00e4ndigkeit, lange Klingenhaltbarkeit und geringen Wartungsaufwand aus. Diese Eigenschaften sind typisch f\u00fcr moderne pulvermetallurgische St\u00e4hle, die in hochwertigen Microtechs verwendet werden. <\/p>\n<hr data-start=\"2621\" data-end=\"2624\">\n<h2 data-start=\"2626\" data-end=\"2664\">\ud83e\udde9 Griff &#8211; Nat\u00fcrliches klares Aluminium<\/h2>\n<p data-start=\"2666\" data-end=\"2796\">Der Griff besteht aus eloxiertem 6061-T6 Aluminium in Natural Clear Aluminum f\u00fcr einen sauberen, technischen und eleganten Look.<\/p>\n<ul data-start=\"2798\" data-end=\"3105\">\n<li data-start=\"2798\" data-end=\"2839\">\n<p data-start=\"2800\" data-end=\"2839\">3D CNC-gefr\u00e4ste Anti-Rutsch-Textur<\/p>\n<\/li>\n<li data-start=\"2840\" data-end=\"2884\">\n<p data-start=\"2842\" data-end=\"2884\">Jimping an der Ober- und Unterseite des Griffs<\/p>\n<\/li>\n<li data-start=\"2885\" data-end=\"2936\">\n<p data-start=\"2887\" data-end=\"2936\">Versenkter Seitenschieber f\u00fcr nat\u00fcrliche Kontrolle<\/p>\n<\/li>\n<li data-start=\"2937\" data-end=\"2967\">\n<p data-start=\"2939\" data-end=\"2967\">Schlankes Profil, geeignet f\u00fcr EDC<\/p>\n<\/li>\n<li data-start=\"2968\" data-end=\"3010\">\n<p data-start=\"2970\" data-end=\"3010\">Tiefer Trageclip (rechts\/links, mit der Spitze nach unten)<\/p>\n<\/li>\n<li data-start=\"3011\" data-end=\"3059\">\n<p data-start=\"3013\" data-end=\"3059\">Clip mit Logo, Seriennummer und Herstellungsdatum<\/p>\n<\/li>\n<li data-start=\"3060\" data-end=\"3105\">\n<p data-start=\"3062\" data-end=\"3105\">Glasbrecher mit Wolframkarbidkugel<\/p>\n<\/li>\n<\/ul>\n<p data-start=\"3107\" data-end=\"3230\">Die Natural Clear-Oberfl\u00e4che deckt auch kleinere Absch\u00fcrfungen beim t\u00e4glichen Tragen besser ab.<\/p>\n<hr data-start=\"3232\" data-end=\"3235\">\n<h2 data-start=\"3237\" data-end=\"3264\">\u2699\ufe0f Technische Spezifikationen<\/h2>\n<blockquote data-start=\"3266\" data-end=\"3340\">\n<p data-start=\"3268\" data-end=\"3340\"><em data-start=\"3268\" data-end=\"3340\">Hinweis: Die Werte sind ungef\u00e4hre Angaben und k\u00f6nnen je nach Serie variieren.<\/em><\/p>\n<\/blockquote>\n<div class=\"TyagGW_tableContainer\">\n<div class=\"group TyagGW_tableWrapper flex flex-col-reverse w-fit\" tabindex=\"-1\">\n<table class=\"w-fit min-w-(--thread-content-width)\" data-start=\"3342\" data-end=\"3933\">\n<thead data-start=\"3342\" data-end=\"3372\">\n<tr data-start=\"3342\" data-end=\"3372\">\n<th class=\"\" data-start=\"3342\" data-end=\"3357\" data-col-size=\"sm\"><strong data-start=\"3344\" data-end=\"3356\">Parameter<\/strong><\/th>\n<th class=\"\" data-start=\"3357\" data-end=\"3372\" data-col-size=\"sm\"><strong data-start=\"3359\" data-end=\"3370\">Wert<\/strong><\/th>\n<\/tr>\n<\/thead>\n<tbody data-start=\"3404\" data-end=\"3933\">\n<tr data-start=\"3404\" data-end=\"3430\">\n<td data-start=\"3404\" data-end=\"3412\" data-col-size=\"sm\">Modell<\/td>\n<td data-start=\"3412\" data-end=\"3430\" data-col-size=\"sm\">Glykon T\/E OTF<\/td>\n<\/tr>\n<tr data-start=\"3431\" data-end=\"3461\">\n<td data-start=\"3431\" data-end=\"3450\" data-col-size=\"sm\">Produktnummer<\/td>\n<td data-start=\"3450\" data-end=\"3461\" data-col-size=\"sm\">185-1NC<\/td>\n<\/tr>\n<tr data-start=\"3462\" data-end=\"3496\">\n<td data-start=\"3462\" data-end=\"3478\" data-col-size=\"sm\">Gesamtl\u00e4nge<\/td>\n<td data-start=\"3478\" data-end=\"3496\" data-col-size=\"sm\">ca. 220-230 mm<\/td>\n<\/tr>\n<tr data-start=\"3497\" data-end=\"3528\">\n<td data-start=\"3497\" data-end=\"3512\" data-col-size=\"sm\">L\u00e4nge der Klinge<\/td>\n<td data-start=\"3512\" data-end=\"3528\" data-col-size=\"sm\">ca. 90-95 mm<\/td>\n<\/tr>\n<tr data-start=\"3529\" data-end=\"3565\">\n<td data-start=\"3529\" data-end=\"3547\" data-col-size=\"sm\">Dicke der Klinge<\/td>\n<td data-start=\"3547\" data-end=\"3565\" data-col-size=\"sm\">ca. 3,0-3,5 mm<\/td>\n<\/tr>\n<tr data-start=\"3566\" data-end=\"3601\">\n<td data-start=\"3566\" data-end=\"3583\" data-col-size=\"sm\">L\u00e4nge des Griffs<\/td>\n<td data-start=\"3583\" data-end=\"3601\" data-col-size=\"sm\">ca. 130-135 mm<\/td>\n<\/tr>\n<tr data-start=\"3602\" data-end=\"3630\">\n<td data-start=\"3602\" data-end=\"3613\" data-col-size=\"sm\">Gewicht<\/td>\n<td data-start=\"3613\" data-end=\"3630\" data-col-size=\"sm\">ca. 130-140 g<\/td>\n<\/tr>\n<tr data-start=\"3631\" data-end=\"3663\">\n<td data-start=\"3631\" data-end=\"3643\" data-col-size=\"sm\">Art der Klinge<\/td>\n<td data-start=\"3643\" data-end=\"3663\" data-col-size=\"sm\">T\/E (Tanto-Klinge)<\/td>\n<\/tr>\n<tr data-start=\"3664\" data-end=\"3689\">\n<td data-start=\"3664\" data-end=\"3680\" data-col-size=\"sm\">Oberfl\u00e4che der Klinge<\/td>\n<td data-start=\"3680\" data-end=\"3689\" data-col-size=\"sm\">Schwarz<\/td>\n<\/tr>\n<tr data-start=\"3690\" data-end=\"3728\">\n<td data-start=\"3690\" data-end=\"3710\" data-col-size=\"sm\">Material des Griffs<\/td>\n<td data-start=\"3710\" data-end=\"3728\" data-col-size=\"sm\">6061-T6 Aluminium<\/td>\n<\/tr>\n<tr data-start=\"3729\" data-end=\"3763\">\n<td data-start=\"3729\" data-end=\"3746\" data-col-size=\"sm\">Farbe des Griffs<\/td>\n<td data-start=\"3746\" data-end=\"3763\" data-col-size=\"sm\">Nat\u00fcrlich Klar<\/td>\n<\/tr>\n<tr data-start=\"3764\" data-end=\"3802\">\n<td data-start=\"3764\" data-end=\"3778\" data-col-size=\"sm\">Mechanismus<\/td>\n<td data-start=\"3778\" data-end=\"3802\" data-col-size=\"sm\">D\/A OTF &#8211; Schiebeverriegelung<\/td>\n<\/tr>\n<tr data-start=\"3803\" data-end=\"3847\">\n<td data-start=\"3803\" data-end=\"3815\" data-col-size=\"sm\">\u00d6ffnen<\/td>\n<td data-start=\"3815\" data-end=\"3847\" data-col-size=\"sm\">Automatisch &#8211; Seitenschieber<\/td>\n<\/tr>\n<tr data-start=\"3848\" data-end=\"3879\">\n<td data-start=\"3848\" data-end=\"3855\" data-col-size=\"sm\">Clip<\/td>\n<td data-start=\"3855\" data-end=\"3879\" data-col-size=\"sm\">Rechts\/links, mit der Spitze nach unten<\/td>\n<\/tr>\n<tr data-start=\"3880\" data-end=\"3911\">\n<td data-start=\"3880\" data-end=\"3891\" data-col-size=\"sm\">Designer<\/td>\n<td data-start=\"3891\" data-end=\"3911\" data-col-size=\"sm\">Anthony Marfione<\/td>\n<\/tr>\n<tr data-start=\"3912\" data-end=\"3933\">\n<td data-start=\"3912\" data-end=\"3926\" data-col-size=\"sm\">Herkunftsland<\/td>\n<td data-start=\"3926\" data-end=\"3933\" data-col-size=\"sm\">USA<\/td>\n<\/tr>\n<\/tbody>\n<\/table>\n<\/div>\n<\/div>\n<hr data-start=\"3935\" data-end=\"3938\">\n<h2 data-start=\"3940\" data-end=\"3958\">\u2705 Hauptvorteile<\/h2>\n<ul data-start=\"3960\" data-end=\"4214\">\n<li data-start=\"3960\" data-end=\"3999\">\n<p data-start=\"3962\" data-end=\"3999\">\u00c4u\u00dferst schneller D\/A OTF-Mechanismus<\/p>\n<\/li>\n<li data-start=\"4000\" data-end=\"4041\">\n<p data-start=\"4002\" data-end=\"4041\">T\/E Tanto-Klinge mit hoher Durchschlagskraft<\/p>\n<\/li>\n<li data-start=\"4042\" data-end=\"4093\">\n<p data-start=\"4044\" data-end=\"4093\">Hochwertiger rostfreier Stahl mit hervorragender Klingenhaltung<\/p>\n<\/li>\n<li data-start=\"4094\" data-end=\"4141\">\n<p data-start=\"4096\" data-end=\"4141\">Schwarze Oberfl\u00e4che, die Blendung und Abnutzung verdeckt<\/p>\n<\/li>\n<li data-start=\"4142\" data-end=\"4172\">\n<p data-start=\"4144\" data-end=\"4172\">Ergonomischer Seitenschieber<\/p>\n<\/li>\n<li data-start=\"4173\" data-end=\"4214\">\n<p data-start=\"4175\" data-end=\"4214\">Leichte, aber stabile Aluminiumkonstruktion<\/p>\n<\/li>\n<\/ul>\n<hr data-start=\"4216\" data-end=\"4219\">\n<h2 data-start=\"4221\" data-end=\"4240\">\u26a0\ufe0f M\u00f6gliche Einschr\u00e4nkungen<\/h2>\n<ul data-start=\"4242\" data-end=\"4408\">\n<li data-start=\"4242\" data-end=\"4297\">\n<p data-start=\"4244\" data-end=\"4297\">Der automatische Mechanismus erfordert regelm\u00e4\u00dfige Wartung<\/p>\n<\/li>\n<li data-start=\"4298\" data-end=\"4359\">\n<p data-start=\"4300\" data-end=\"4359\">H\u00f6here Preiskategorie, die einer hochwertigen Verarbeitung entspricht<\/p>\n<\/li>\n<li data-start=\"4360\" data-end=\"4408\">\n<p data-start=\"4362\" data-end=\"4408\">Die butterweiche Klinge ist nicht ideal f\u00fcr kleine feine Schnitte<\/p>\n<\/li>\n<\/ul>\n<hr data-start=\"4410\" data-end=\"4413\">\n<h2 data-start=\"4415\" data-end=\"4435\">\ud83d\udee0\ufe0f Wartung und Pflege<\/h2>\n<ul data-start=\"4437\" data-end=\"4754\">\n<li data-start=\"4437\" data-end=\"4507\">\n<p data-start=\"4439\" data-end=\"4507\">Reinigen und trocknen Sie die Klinge nach dem Gebrauch, um ihre Langlebigkeit zu erhalten.<\/p>\n<\/li>\n<li data-start=\"4508\" data-end=\"4574\">\n<p data-start=\"4510\" data-end=\"4574\">Halten Sie den Griff trocken und sauber, insbesondere nach Kontakt mit Feuchtigkeit<\/p>\n<\/li>\n<li data-start=\"4575\" data-end=\"4635\">\n<p data-start=\"4577\" data-end=\"4635\">Schmieren Sie die Klinge f\u00fcr eine l\u00e4ngere Lagerung leicht mit Schutz\u00f6l ein<\/p>\n<\/li>\n<li data-start=\"4636\" data-end=\"4688\">\n<p data-start=\"4638\" data-end=\"4688\">\u00dcberpr\u00fcfen Sie den Mechanismus regelm\u00e4\u00dfig und entfernen Sie jeglichen Schmutz<\/p>\n<\/li>\n<li data-start=\"4689\" data-end=\"4754\">\n<p data-start=\"4691\" data-end=\"4754\">Zum Sch\u00e4rfen der Klinge empfehlen wir ein Qualit\u00e4tssystem f\u00fcr eine glatte Schneide<\/p>\n<\/li>\n<\/ul>\n<p data-start=\"4756\" data-end=\"4823\">Regelm\u00e4\u00dfige Pflege sorgt f\u00fcr langfristige Zuverl\u00e4ssigkeit und maximale Leistung.<\/p>\n<hr data-start=\"4825\" data-end=\"4828\">\n<h2 data-start=\"4830\" data-end=\"4850\">\ud83c\udfaf Empfohlen f\u00fcr<\/h2>\n<ul data-start=\"4852\" data-end=\"5006\">\n<li data-start=\"4852\" data-end=\"4877\">\n<p data-start=\"4854\" data-end=\"4877\">Anspruchsvolle EDC-Benutzer<\/p>\n<\/li>\n<li data-start=\"4878\" data-end=\"4912\">\n<p data-start=\"4880\" data-end=\"4912\">Professioneller taktischer Einsatz<\/p>\n<\/li>\n<li data-start=\"4913\" data-end=\"4954\">\n<p data-start=\"4915\" data-end=\"4954\">Sammler von hochwertigen Microtech-Modellen<\/p>\n<\/li>\n<li data-start=\"4955\" data-end=\"5006\">\n<p data-start=\"4957\" data-end=\"5006\">Benutzer, die eine unverwechselbare taktische \u00c4sthetik bevorzugen<\/p>\n<\/li>\n<\/ul>\n<hr data-start=\"5008\" data-end=\"5011\">\n<h2 data-start=\"5013\" data-end=\"5037\">\u2b50 Endg\u00fcltige Bewertung<\/h2>\n<p data-start=\"5039\" data-end=\"5355\"><strong data-start=\"5039\" data-end=\"5075\">Das Microtech Glykon T\/E OTF 185-1NC<\/strong> kombiniert eine aggressive Klinge, einen schnellen OTF-Mechanismus und amerikanische Pr\u00e4zisionsfertigung mit einem \u00e4sthetisch auff\u00e4lligen Kontrast zwischen der schwarzen Klinge und dem naturfarbenen Griff. Das Ergebnis ist ein technisch fortschrittliches, schnelles und optisch beeindruckendes Automatikmesser f\u00fcr alle, die Leistung und Stil ohne Kompromisse wollen \ud83d\udd2a\ud83d\udd25. <\/p>\n","protected":false},"excerpt":{"rendered":"<p><strong>Das Microtech Glykon T\/E OTF 185-1NC kombiniert eine aggressive Klinge, einen schnellen OTF-Mechanismus und amerikanische Pr\u00e4zisionsfertigung mit einem \u00e4sthetisch auff\u00e4lligen Kontrast zwischen der schwarzen Klinge und dem naturfarbenen Griff. Das Ergebnis ist ein technisch fortschrittliches, schnelles und optisch beeindruckendes Automatikmesser f\u00fcr alle, die Leistung und Stil ohne Kompromisse wollen \ud83d\udd2a\ud83d\udd25. <\/strong><\/p>\n<p><strong>Kostenloser Versand.<\/strong><\/p>\n","protected":false},"featured_media":437107,"comment_status":"open","ping_status":"closed","template":"","meta":[],"pwb-brand":[3278],"product_brand":[],"product_cat":[3343,3285],"product_tag":[],"class_list":{"0":"post-437193","1":"product","2":"type-product","3":"status-publish","4":"has-post-thumbnail","6":"pwb-brand-microtech-de","7":"product_cat-schiesmesser","8":"product_cat-messer","10":"first","11":"instock","12":"taxable","13":"shipping-taxable","14":"purchasable","15":"product-type-simple"},"brands":[{"id":3278,"name":"Microtech","slug":"microtech-de"}],"_links":{"self":[{"href":"https:\/\/www.moskito.cz\/de\/wp-json\/wp\/v2\/product\/437193","targetHints":{"allow":["GET"]}}],"collection":[{"href":"https:\/\/www.moskito.cz\/de\/wp-json\/wp\/v2\/product"}],"about":[{"href":"https:\/\/www.moskito.cz\/de\/wp-json\/wp\/v2\/types\/product"}],"replies":[{"embeddable":true,"href":"https:\/\/www.moskito.cz\/de\/wp-json\/wp\/v2\/comments?post=437193"}],"wp:featuredmedia":[{"embeddable":true,"href":"https:\/\/www.moskito.cz\/de\/wp-json\/wp\/v2\/media\/437107"}],"wp:attachment":[{"href":"https:\/\/www.moskito.cz\/de\/wp-json\/wp\/v2\/media?parent=437193"}],"wp:term":[{"taxonomy":"pwb-brand","embeddable":true,"href":"https:\/\/www.moskito.cz\/de\/wp-json\/wp\/v2\/pwb-brand?post=437193"},{"taxonomy":"product_brand","embeddable":true,"href":"https:\/\/www.moskito.cz\/de\/wp-json\/wp\/v2\/product_brand?post=437193"},{"taxonomy":"product_cat","embeddable":true,"href":"https:\/\/www.moskito.cz\/de\/wp-json\/wp\/v2\/product_cat?post=437193"},{"taxonomy":"product_tag","embeddable":true,"href":"https:\/\/www.moskito.cz\/de\/wp-json\/wp\/v2\/product_tag?post=437193"}],"curies":[{"name":"wp","href":"https:\/\/api.w.org\/{rel}","templated":true}]}}