{"id":437307,"date":"2026-02-09T19:36:39","date_gmt":"2026-02-09T18:36:39","guid":{"rendered":"https:\/\/www.moskito.cz\/produkt\/messer-spyderco-essenza-c272albkp\/"},"modified":"2026-02-15T11:39:12","modified_gmt":"2026-02-15T10:39:12","slug":"messer-spyderco-essenza-c272albkp","status":"publish","type":"product","link":"https:\/\/www.moskito.cz\/de\/produkt\/messer-spyderco-essenza-c272albkp\/","title":{"rendered":"Messer Spyderco Essenza C272ALBKP"},"content":{"rendered":"<div class=\"flex flex-col text-sm pb-25\">\n<article class=\"text-token-text-primary w-full focus:outline-none [--shadow-height:45px] has-data-writing-block:pointer-events-none has-data-writing-block:-mt-(--shadow-height) has-data-writing-block:pt-(--shadow-height) [&amp;:has([data-writing-block])&gt;*]:pointer-events-auto scroll-mt-[calc(var(--header-height)+min(200px,max(70px,20svh)))]\" dir=\"auto\" tabindex=\"-1\" data-turn-id=\"request-WEB:a32a4206-734b-4a83-b1e2-42833545ac64-8\" data-testid=\"conversation-turn-18\" data-scroll-anchor=\"true\" data-turn=\"assistant\">\n<div class=\"text-base my-auto mx-auto pb-10 [--thread-content-margin:--spacing(4)] @w-sm\/main:[--thread-content-margin:--spacing(6)] @w-lg\/main:[--thread-content-margin:--spacing(16)] px-(--thread-content-margin)\">\n<div class=\"[--thread-content-max-width:40rem] @w-lg\/main:[--thread-content-max-width:48rem] mx-auto max-w-(--thread-content-max-width) flex-1 group\/turn-messages focus-visible:outline-hidden relative flex w-full min-w-0 flex-col agent-turn\" tabindex=\"-1\">\n<div class=\"flex max-w-full flex-col grow\">\n<div class=\"min-h-8 text-message relative flex w-full flex-col items-end gap-2 text-start break-words whitespace-normal [.text-message+&amp;]:mt-1\" dir=\"auto\" data-message-author-role=\"assistant\" data-message-id=\"90d053d4-647e-41dd-a078-066020e44e54\" data-message-model-slug=\"gpt-5-2\">\n<div class=\"flex w-full flex-col gap-1 empty:hidden first:pt-[1px]\">\n<div class=\"markdown prose dark:prose-invert w-full wrap-break-word light markdown-new-styling\">\n<p data-start=\"107\" data-end=\"444\">Wenn Sie das <strong data-start=\"123\" data-end=\"153\">Spyderco Essenza C272ALBKP<\/strong> in der Hand halten, werden Sie sofort sp\u00fcren, was Sie von einem Top-EDC-Messer erwarten &#8211; eine <strong data-start=\"222\" data-end=\"279\">Balance aus Leistung, Einfachheit und hervorragender Ergonomie<\/strong> in einem kompakten Paket. Das Essenza ist eine der neuesten Entwicklungen von Spyderco und bietet moderne Materialien und intuitive Bedienelemente, ohne Kompromisse bei der Funktionalit\u00e4t einzugehen. <\/p>\n<p data-start=\"446\" data-end=\"690\">Dieses Messer wurde f\u00fcr Benutzer entwickelt, die ein elegantes, praktisches und \u00e4u\u00dferst zuverl\u00e4ssiges Klappmesser f\u00fcr den t\u00e4glichen Gebrauch suchen. Es passt perfekt in Ihre Tasche und Hand, ist sofort einsatzbereit und bietet eine Leistung, auf die Sie sich verlassen k\u00f6nnen. <\/p>\n<hr data-start=\"692\" data-end=\"695\">\n<h2 data-start=\"697\" data-end=\"721\">Charakter und Philosophie<\/h2>\n<p data-start=\"723\" data-end=\"961\">Das Spyderco Essenza wurde mit einer klaren Vision entworfen &#8211; <strong data-start=\"768\" data-end=\"843\">Ausgewogenheit, Einfachheit und Komfort kombiniert mit hoher Schneidleistung<\/strong>. Es geht nicht um \u00fcbertriebenes Design oder technische &#8222;Spielereien&#8220;, sondern um ein echtes Werkzeug, das die Arbeit mit minimalem Aufwand erledigt. <\/p>\n<p data-start=\"963\" data-end=\"1295\">Die schwarz beschichtete Klinge besteht aus hochwertigem rostfreiem <strong data-start=\"1025\" data-end=\"1038\">CPM S45VN<\/strong> Stahl, einem Hochleistungsstahl mit ausgezeichneter Verschlei\u00dffestigkeit, hervorragender Schnitthaltigkeit und hoher Korrosionsbest\u00e4ndigkeit. Damit ist das Essenza f\u00fcr eine Vielzahl von Schneidaufgaben geeignet &#8211; von normalen Alltagsaufgaben bis hin zu technisch anspruchsvolleren Schnitten. <\/p>\n<p data-start=\"1297\" data-end=\"1546\">Die <strong data-start=\"1318\" data-end=\"1333\">blattf\u00f6rmige<\/strong> Klingenform bietet eine hervorragende Vielseitigkeit und Kontrolle &#8211; ideal sowohl f\u00fcr pr\u00e4zise Spannungsschnitte als auch f\u00fcr Kraftschnitte in Materialien mit h\u00f6herer Dichte. Der optimierte Schnitt sorgt f\u00fcr einen glatten Schnitt ohne unn\u00f6tiges &#8222;H\u00e4ngenbleiben&#8220;. <\/p>\n<p data-start=\"1548\" data-end=\"1775\">Der ergonomische Griff mit blau-schwarzer T\u00f6nung liegt perfekt in der Hand, auch bei l\u00e4ngerem Gebrauch. Die fein strukturierte Oberfl\u00e4che des Griffs verbessert die Griffigkeit und sorgt f\u00fcr einen sicheren Halt auch unter schwierigen Bedingungen. <\/p>\n<p data-start=\"1777\" data-end=\"1977\">Die Bedienelemente des Messers sind intuitiv &#8211; das traditionelle <strong data-start=\"1816\" data-end=\"1839\">Spyderco Round Hole<\/strong> erm\u00f6glicht ein schnelles und reibungsloses \u00d6ffnen mit einer Hand, w\u00e4hrend der <strong data-start=\"1898\" data-end=\"1912\">Frame Lock<\/strong> daf\u00fcr sorgt, dass die Klinge beim Schneiden fest und sicher verriegelt ist.<\/p>\n<hr data-start=\"1979\" data-end=\"1982\">\n<h2 data-start=\"1984\" data-end=\"1999\">\ud83c\udfed \u00dcber den Hersteller<\/h2>\n<p data-start=\"2001\" data-end=\"2385\">Spyderco ist eine Marke mit einer langen Geschichte der Innovation im Bereich der Klappmesser. Von der ersten patentierten Einhand-\u00d6ffnung bis hin zu den heutigen modernen Modellen hat Spyderco viele bahnbrechende Designs entwickelt, die die Art und Weise definiert haben, wie wir heute \u00fcber EDC-Messer denken. Das Essenza ist der n\u00e4chste Schritt in dieser Tradition &#8211; ein einfaches, effektives und zuverl\u00e4ssiges Werkzeug f\u00fcr den t\u00e4glichen Gebrauch.  <\/p>\n<hr data-start=\"2387\" data-end=\"2390\">\n<h2 data-start=\"2392\" data-end=\"2419\">\u2699\ufe0f Technische Spezifikationen<\/h2>\n<div class=\"TyagGW_tableContainer\">\n<div class=\"group TyagGW_tableWrapper flex flex-col-reverse w-fit\" tabindex=\"-1\">\n<table class=\"w-fit min-w-(--thread-content-width)\" data-start=\"2421\" data-end=\"3012\">\n<thead data-start=\"2421\" data-end=\"2443\">\n<tr data-start=\"2421\" data-end=\"2443\">\n<th class=\"\" data-start=\"2421\" data-end=\"2432\" data-col-size=\"sm\">Parameter<\/th>\n<th class=\"\" data-start=\"2432\" data-end=\"2443\" data-col-size=\"md\">Wert<\/th>\n<\/tr>\n<\/thead>\n<tbody data-start=\"2467\" data-end=\"3012\">\n<tr data-start=\"2467\" data-end=\"2541\">\n<td data-start=\"2467\" data-end=\"2475\" data-col-size=\"sm\">Modell<\/td>\n<td data-start=\"2475\" data-end=\"2541\" data-col-size=\"md\">Spyderco Essenza &#8211; schwarze Klinge, blau-schwarzer Griff (C272ALBKP)<\/td>\n<\/tr>\n<tr data-start=\"2542\" data-end=\"2564\">\n<td data-start=\"2542\" data-end=\"2548\" data-col-size=\"sm\">Typ<\/td>\n<td data-start=\"2548\" data-end=\"2564\" data-col-size=\"md\">Schlie\u00dfmesser<\/td>\n<\/tr>\n<tr data-start=\"2565\" data-end=\"2596\">\n<td data-start=\"2565\" data-end=\"2581\" data-col-size=\"sm\">Gesamtl\u00e4nge<\/td>\n<td data-start=\"2581\" data-end=\"2596\" data-col-size=\"md\">ca. 18,4 cm<\/td>\n<\/tr>\n<tr data-start=\"2597\" data-end=\"2626\">\n<td data-start=\"2597\" data-end=\"2612\" data-col-size=\"sm\">L\u00e4nge der Klinge<\/td>\n<td data-start=\"2612\" data-end=\"2626\" data-col-size=\"md\">ca. 8,1 cm<\/td>\n<\/tr>\n<tr data-start=\"2627\" data-end=\"2659\">\n<td data-start=\"2627\" data-end=\"2645\" data-col-size=\"sm\">Dicke der Klinge<\/td>\n<td data-start=\"2645\" data-end=\"2659\" data-col-size=\"md\">ca. 3,4 mm<\/td>\n<\/tr>\n<tr data-start=\"2660\" data-end=\"2691\">\n<td data-start=\"2660\" data-end=\"2678\" data-col-size=\"sm\">Material der Klinge<\/td>\n<td data-start=\"2678\" data-end=\"2691\" data-col-size=\"md\">CPM S45VN<\/td>\n<\/tr>\n<tr data-start=\"2692\" data-end=\"2721\">\n<td data-start=\"2692\" data-end=\"2706\" data-col-size=\"sm\">Form der Klinge<\/td>\n<td data-start=\"2706\" data-end=\"2721\" data-col-size=\"md\">Blattf\u00f6rmig<\/td>\n<\/tr>\n<tr data-start=\"2722\" data-end=\"2750\">\n<td data-start=\"2722\" data-end=\"2731\" data-col-size=\"sm\">Clipping<\/td>\n<td data-start=\"2731\" data-end=\"2750\" data-col-size=\"md\">Voller Flachschliff<\/td>\n<\/tr>\n<tr data-start=\"2751\" data-end=\"2780\">\n<td data-start=\"2751\" data-end=\"2767\" data-col-size=\"sm\">Oberfl\u00e4che der Klinge<\/td>\n<td data-start=\"2767\" data-end=\"2780\" data-col-size=\"md\">Schwarz DLC<\/td>\n<\/tr>\n<tr data-start=\"2781\" data-end=\"2799\">\n<td data-start=\"2781\" data-end=\"2789\" data-col-size=\"sm\">Essen<\/td>\n<td data-start=\"2789\" data-end=\"2799\" data-col-size=\"md\">Glatt<\/td>\n<\/tr>\n<tr data-start=\"2800\" data-end=\"2840\">\n<td data-start=\"2800\" data-end=\"2810\" data-col-size=\"sm\">Handgriff<\/td>\n<td data-start=\"2810\" data-end=\"2840\" data-col-size=\"md\">Aluminium \/ blau-schwarzes Finish<\/td>\n<\/tr>\n<tr data-start=\"2841\" data-end=\"2863\">\n<td data-start=\"2841\" data-end=\"2849\" data-col-size=\"sm\">Schloss<\/td>\n<td data-start=\"2849\" data-end=\"2863\" data-col-size=\"md\">Rahmenschloss<\/td>\n<\/tr>\n<tr data-start=\"2864\" data-end=\"2899\">\n<td data-start=\"2864\" data-end=\"2876\" data-col-size=\"sm\">\u00d6ffnung<\/td>\n<td data-start=\"2876\" data-end=\"2899\" data-col-size=\"md\">Spyderco Rundes Loch<\/td>\n<\/tr>\n<tr data-start=\"2900\" data-end=\"2944\">\n<td data-start=\"2900\" data-end=\"2907\" data-col-size=\"sm\">Clip<\/td>\n<td data-start=\"2907\" data-end=\"2944\" data-col-size=\"md\">4 Positionen (L\/R, nach oben\/unten kippend)<\/td>\n<\/tr>\n<tr data-start=\"2945\" data-end=\"2969\">\n<td data-start=\"2945\" data-end=\"2956\" data-col-size=\"sm\">Gewicht<\/td>\n<td data-start=\"2956\" data-end=\"2969\" data-col-size=\"md\">ca. 105 g<\/td>\n<\/tr>\n<tr data-start=\"2970\" data-end=\"3012\">\n<td data-start=\"2970\" data-end=\"2982\" data-col-size=\"sm\">Kategorie<\/td>\n<td data-start=\"2982\" data-end=\"3012\" data-col-size=\"md\">Elegantes EDC-Schlie\u00dfmesser<\/td>\n<\/tr>\n<\/tbody>\n<\/table>\n<\/div>\n<\/div>\n<hr data-start=\"3014\" data-end=\"3017\">\n<h2 data-start=\"3019\" data-end=\"3037\">\u2705 Hauptvorteile<\/h2>\n<ul data-start=\"3039\" data-end=\"3362\">\n<li data-start=\"3039\" data-end=\"3125\">\n<p data-start=\"3041\" data-end=\"3125\"><strong data-start=\"3041\" data-end=\"3068\">Premium-Stahl CPM S45VN<\/strong> &#8211; hervorragende Balance zwischen Sch\u00e4rfe, Haltbarkeit und Pflege<\/p>\n<\/li>\n<li data-start=\"3126\" data-end=\"3193\">\n<p data-start=\"3128\" data-end=\"3193\"><strong data-start=\"3128\" data-end=\"3159\">Kompaktes und komfortables Design<\/strong> &#8211; ideal f\u00fcr den t\u00e4glichen Gebrauch<\/p>\n<\/li>\n<li data-start=\"3194\" data-end=\"3251\">\n<p data-start=\"3196\" data-end=\"3251\"><strong data-start=\"3196\" data-end=\"3210\">Frame Lock<\/strong> &#8211; robuste und sichere Klingenverriegelung<\/p>\n<\/li>\n<li data-start=\"3252\" data-end=\"3311\">\n<p data-start=\"3254\" data-end=\"3311\"><strong data-start=\"3254\" data-end=\"3277\">Spyderco Round Hole<\/strong> &#8211; schnelles und intuitives \u00d6ffnen<\/p>\n<\/li>\n<li data-start=\"3312\" data-end=\"3362\">\n<p data-start=\"3314\" data-end=\"3362\"><strong data-start=\"3314\" data-end=\"3333\">4-Positionen-Clip<\/strong> &#8211; flexible Trageoptionen<\/p>\n<\/li>\n<\/ul>\n<hr data-start=\"3364\" data-end=\"3367\">\n<h2 data-start=\"3369\" data-end=\"3388\">\u26a0\ufe0f M\u00f6gliche Einschr\u00e4nkungen<\/h2>\n<ul data-start=\"3390\" data-end=\"3631\">\n<li data-start=\"3390\" data-end=\"3481\">\n<p data-start=\"3392\" data-end=\"3481\"><strong data-start=\"3392\" data-end=\"3410\">Geringere Gr\u00f6\u00dfe<\/strong> &#8211; f\u00fcr manche Benutzer m\u00f6glicherweise nicht ideal f\u00fcr anspruchsvolle Aufgaben im Freien<\/p>\n<\/li>\n<li data-start=\"3482\" data-end=\"3549\">\n<p data-start=\"3484\" data-end=\"3549\"><strong data-start=\"3484\" data-end=\"3513\">EDC-orientiertes Design<\/strong> &#8211; kein robustes &#8222;Arbeits&#8220;-Messer<\/p>\n<\/li>\n<li data-start=\"3550\" data-end=\"3631\">\n<p data-start=\"3552\" data-end=\"3631\"><strong data-start=\"3552\" data-end=\"3576\">DLC-Finish<\/strong> &#8211; kann sich bei intensiver Arbeit an den Kanten allm\u00e4hlich abnutzen<\/p>\n<\/li>\n<\/ul>\n<hr data-start=\"3633\" data-end=\"3636\">\n<h2 data-start=\"3638\" data-end=\"3658\">\ud83d\udee0\ufe0f Wartung und Pflege<\/h2>\n<ul data-start=\"3660\" data-end=\"3868\">\n<li data-start=\"3660\" data-end=\"3719\">\n<p data-start=\"3662\" data-end=\"3719\">Trocknen Sie die Klinge nach dem Gebrauch, insbesondere wenn sie mit Feuchtigkeit in Ber\u00fchrung gekommen ist.<\/p>\n<\/li>\n<li data-start=\"3720\" data-end=\"3785\">\n<p data-start=\"3722\" data-end=\"3785\">\u00dcberpr\u00fcfen Sie regelm\u00e4\u00dfig die Funktion des Rahmenschlosses und des \u00d6ffnungsmechanismus<\/p>\n<\/li>\n<li data-start=\"3786\" data-end=\"3868\">\n<p data-start=\"3788\" data-end=\"3868\">Pflegen Sie die Klinge durch regelm\u00e4\u00dfiges Sch\u00e4rfen, damit sie auch nach l\u00e4ngerem Gebrauch scharf bleibt.<\/p>\n<\/li>\n<\/ul>\n<hr data-start=\"3870\" data-end=\"3873\">\n<h2 data-start=\"3875\" data-end=\"3917\">\ud83d\udd2a Empfohlenes Zubeh\u00f6r zum Sch\u00e4rfen<\/h2>\n<p data-start=\"3919\" data-end=\"4093\"><strong data-start=\"3919\" data-end=\"3985\">Spyderco Tri-Angle Sharpmaker Complete Sharpening System 204MF<\/strong> &#8211; ein einfaches und effektives System zur Pflege einer Pr\u00e4zisionsklinge f\u00fcr Ihre Essenza.<br data-start=\"4063\" data-end=\"4066\">\ud83d\uded2 Auf <strong data-start=\"4079\" data-end=\"4093\">Moskito.cz<\/strong> kaufen<\/p>\n<hr data-start=\"4095\" data-end=\"4098\">\n<h2 data-start=\"4100\" data-end=\"4120\">\ud83c\udfaf Empfohlen f\u00fcr<\/h2>\n<ul data-start=\"4122\" data-end=\"4316\">\n<li data-start=\"4122\" data-end=\"4147\">\n<p data-start=\"4124\" data-end=\"4147\">EDC-Kleidung f\u00fcr den Alltag<\/p>\n<\/li>\n<li data-start=\"4148\" data-end=\"4202\">\n<p data-start=\"4150\" data-end=\"4202\">Benutzer, die ein kompaktes, aber leistungsstarkes Messer w\u00fcnschen<\/p>\n<\/li>\n<li data-start=\"4203\" data-end=\"4242\">\n<p data-start=\"4205\" data-end=\"4242\">diejenigen, die komfortable Ergonomie sch\u00e4tzen<\/p>\n<\/li>\n<li data-start=\"4243\" data-end=\"4271\">\n<p data-start=\"4245\" data-end=\"4271\">Spyderco Fans<\/p>\n<\/li>\n<li data-start=\"4272\" data-end=\"4316\">\n<p data-start=\"4274\" data-end=\"4316\">Praktische Schnitte von Materialien in Tagesgr\u00f6\u00dfe<\/p>\n<\/li>\n<\/ul>\n<hr data-start=\"4318\" data-end=\"4321\">\n<h2 data-start=\"4323\" data-end=\"4347\">\u2b50 Endg\u00fcltige Bewertung<\/h2>\n<p data-start=\"4349\" data-end=\"4639\">Das Spyderco Essenza C272ALBKP &#8211; schwarze Klinge mit blau-schwarzem Griff ist ein <strong data-start=\"4416\" data-end=\"4463\">stilvolles, komfortables und zuverl\u00e4ssiges Klappmesser<\/strong>, das ein gro\u00dfartiger Partner f\u00fcr allt\u00e4gliche Aufgaben sein wird. Ausgestattet mit hochwertigem Stahl, intuitiver Mechanik und ergonomischem Design bietet das Essenza eine hohe Schneidleistung in einem kompakten Paket. <\/p>\n<p data-start=\"4641\" data-end=\"4701\">Essenza &#8211; <strong data-start=\"4651\" data-end=\"4696\">Eleganz, Funktion und Vertrauen in jedem Schnitt.<\/strong> \ud83d\udd2a\ud83d\udcbc<\/p>\n<\/div>\n<\/div>\n<\/div>\n<\/div>\n<div class=\"z-0 flex min-h-[46px] justify-start\"><\/div>\n<\/div>\n<\/div>\n<\/article>\n<\/div>\n<div class=\"pointer-events-none h-px w-px absolute bottom-0\" aria-hidden=\"true\" data-edge=\"true\"><\/div>\n","protected":false},"excerpt":{"rendered":"<div class=\"flex max-w-full flex-col grow\">\n<div class=\"min-h-8 text-message relative flex w-full flex-col items-end gap-2 text-start break-words whitespace-normal [.text-message+&amp;]:mt-1\" dir=\"auto\" data-message-author-role=\"assistant\" data-message-id=\"90d053d4-647e-41dd-a078-066020e44e54\" data-message-model-slug=\"gpt-5-2\">\n<div class=\"flex w-full flex-col gap-1 empty:hidden first:pt-[1px]\">\n<div class=\"markdown prose dark:prose-invert w-full wrap-break-word light markdown-new-styling\">\n<p data-start=\"4349\" data-end=\"4639\"><strong>Das Spyderco Essenza C272ALBKP &#8211; schwarze Klinge mit blau-schwarzem Griff ist ein stilvolles, komfortables und zuverl\u00e4ssiges Klappmesser, das ein gro\u00dfartiger Partner f\u00fcr allt\u00e4gliche Aufgaben sein wird. Ausgestattet mit hochwertigem Stahl, intuitiver Mechanik und ergonomischem Design bietet das Essenza eine hohe Schneidleistung in einem kompakten Paket. <\/strong><\/p>\n<p data-start=\"4641\" data-end=\"4701\"><strong>Essenza &#8211; Eleganz, Funktion und Vertrauen in jedem Schnitt. \ud83d\udd2a\ud83d\udcbc <\/strong><\/p>\n<\/div>\n<\/div>\n<\/div>\n<\/div>\n<div class=\"z-0 flex min-h-[46px] justify-start\"><strong>Kostenloser Versand.<\/strong><\/div>\n","protected":false},"featured_media":436724,"comment_status":"open","ping_status":"closed","template":"","meta":[],"pwb-brand":[3427],"product_brand":[],"product_cat":[3303,3285],"product_tag":[],"class_list":{"0":"post-437307","1":"product","2":"type-product","3":"status-publish","4":"has-post-thumbnail","6":"pwb-brand-spyderco-de","7":"product_cat-schliesmesser","8":"product_cat-messer","10":"first","11":"instock","12":"taxable","13":"shipping-taxable","14":"purchasable","15":"product-type-simple"},"brands":[{"id":3427,"name":"Spyderco","slug":"spyderco-de"}],"_links":{"self":[{"href":"https:\/\/www.moskito.cz\/de\/wp-json\/wp\/v2\/product\/437307","targetHints":{"allow":["GET"]}}],"collection":[{"href":"https:\/\/www.moskito.cz\/de\/wp-json\/wp\/v2\/product"}],"about":[{"href":"https:\/\/www.moskito.cz\/de\/wp-json\/wp\/v2\/types\/product"}],"replies":[{"embeddable":true,"href":"https:\/\/www.moskito.cz\/de\/wp-json\/wp\/v2\/comments?post=437307"}],"wp:featuredmedia":[{"embeddable":true,"href":"https:\/\/www.moskito.cz\/de\/wp-json\/wp\/v2\/media\/436724"}],"wp:attachment":[{"href":"https:\/\/www.moskito.cz\/de\/wp-json\/wp\/v2\/media?parent=437307"}],"wp:term":[{"taxonomy":"pwb-brand","embeddable":true,"href":"https:\/\/www.moskito.cz\/de\/wp-json\/wp\/v2\/pwb-brand?post=437307"},{"taxonomy":"product_brand","embeddable":true,"href":"https:\/\/www.moskito.cz\/de\/wp-json\/wp\/v2\/product_brand?post=437307"},{"taxonomy":"product_cat","embeddable":true,"href":"https:\/\/www.moskito.cz\/de\/wp-json\/wp\/v2\/product_cat?post=437307"},{"taxonomy":"product_tag","embeddable":true,"href":"https:\/\/www.moskito.cz\/de\/wp-json\/wp\/v2\/product_tag?post=437307"}],"curies":[{"name":"wp","href":"https:\/\/api.w.org\/{rel}","templated":true}]}}