{"id":437352,"date":"2025-08-12T14:03:53","date_gmt":"2025-08-12T13:03:53","guid":{"rendered":"https:\/\/www.moskito.cz\/produkt\/spyderco-manix-2-salz-schliessung-messer-c101pyl2\/"},"modified":"2026-02-15T12:03:29","modified_gmt":"2026-02-15T11:03:29","slug":"spyderco-manix-2-salz-schliessung-messer-c101pyl2","status":"publish","type":"product","link":"https:\/\/www.moskito.cz\/de\/produkt\/spyderco-manix-2-salz-schliessung-messer-c101pyl2\/","title":{"rendered":"Spyderco Manix 2 Salz Schlie\u00dfung Messer C101PYL2"},"content":{"rendered":"<h2 data-pm-slice=\"1 1 []\">Spyderco Manix 2 Salt Leichtes Messer &#8211; CPM-MagnaCut Satin Plain Klinge, Gelbe FRN Griffe &#8211; C101PYL2<\/h2>\n<h3>Einf\u00fchrung<\/h3>\n<p>Das Spyderco Manix 2 Salt Lightweight ist der Beweis daf\u00fcr, dass auch ein Klappmesser so robust sein kann wie eine professionelle Tauchausr\u00fcstung. Zum ersten Mal \u00fcberhaupt bietet die Salt-Serie die legend\u00e4re Manix 2-Konstruktion in Kombination mit ultra-haltbarem CPM MagnaCut-Edelstahl und dem einzigartigen Ball Bearing Lock-System. Dieses Modell wurde f\u00fcr extreme Haltbarkeit in Umgebungen entwickelt, in denen Salz und Feuchtigkeit h\u00e4ufige Gegner sind &#8211; egal ob Sie auf einem Boot, auf See oder in einer nassen Umgebung arbeiten.  <\/p>\n<div>\n<hr>\n<\/div>\n<h3>Geschichte und Entwicklung<\/h3>\n<p>Die <strong>Salt<\/strong> Serie wurde 2003 eingef\u00fchrt und setzte einen neuen Standard f\u00fcr Messer mit extremer Korrosionsbest\u00e4ndigkeit. Die urspr\u00fcnglichen Modelle basierten auf den bew\u00e4hrten japanischen Back-Lock-Verschl\u00fcssen, aber 2017 wurde das Modell Caribbean Salt mit dem moderneren Compression Lock in die Familie aufgenommen. Das Manix 2 Salt Lightweight ist jedoch das erste, das den <strong>Ball Bearing Lock<\/strong> mit der Salt-Konstruktion kombiniert.<br \/>\nDie Inspiration kam vom urspr\u00fcnglichen Manix 2 Lightweight, einem revolution\u00e4ren Messer mit einem durchsichtigen FRCP-Griff, das auf der Blade Show 2010 den Preis f\u00fcr <strong>das innovativste amerikanische Design<\/strong> gewann. Die Salt-Version geht noch einen Schritt weiter und verwendet hochwertigen CPM MagnaCut-Stahl und sorgf\u00e4ltig ausgew\u00e4hlte korrosionsbest\u00e4ndige Komponenten im gesamten Mechanismus.   <\/p>\n<div>\n<hr>\n<\/div>\n<h3>Technische Daten<\/h3>\n<table>\n<tbody>\n<tr>\n<th>Parameter<\/th>\n<th>Wert<\/th>\n<\/tr>\n<tr>\n<td>L\u00e4nge der Klinge<\/td>\n<td>86 mm (3.37&#8243;)<\/td>\n<\/tr>\n<tr>\n<td>Klinge<\/td>\n<td>73 mm (2.88&#8243;)<\/td>\n<\/tr>\n<tr>\n<td>L\u00e4nge des geschlossenen Messers<\/td>\n<td>118 mm (4.66&#8243;)<\/td>\n<\/tr>\n<tr>\n<td>Gesamtl\u00e4nge<\/td>\n<td>204 mm (8.03&#8243;)<\/td>\n<\/tr>\n<tr>\n<td>Stahlklingen<\/td>\n<td>CPM MagnaCut<\/td>\n<\/tr>\n<tr>\n<td>Dicke der Klinge<\/td>\n<td>3,2 mm<\/td>\n<\/tr>\n<tr>\n<td>Form der Klinge<\/td>\n<td>Blattf\u00f6rmig<\/td>\n<\/tr>\n<tr>\n<td>Schleifen<\/td>\n<td>Vollst\u00e4ndig flach<\/td>\n<\/tr>\n<tr>\n<td>Oberfl\u00e4che der Klinge<\/td>\n<td>Satiniert<\/td>\n<\/tr>\n<tr>\n<td>Material des Griffs<\/td>\n<td>Gelbes FRN<\/td>\n<\/tr>\n<tr>\n<td>Sicherungsmechanismus<\/td>\n<td>Kugellager Schloss<\/td>\n<\/tr>\n<tr>\n<td>Clip<\/td>\n<td>Umkehrbar, nach oben klappbar, rechte\/linke Seite<\/td>\n<\/tr>\n<tr>\n<td>Gewicht<\/td>\n<td>82 g<\/td>\n<\/tr>\n<tr>\n<td>Produktion<\/td>\n<td>Golden, Colorado, USA<\/td>\n<\/tr>\n<\/tbody>\n<\/table>\n<div>\n<hr>\n<\/div>\n<h3>Hauptvorteile<\/h3>\n<ul data-spread=\"false\">\n<li><strong>CPM MagnaCut<\/strong> &#8211; hochwertiger rostfreier Stahl mit einer hervorragenden Kombination aus Z\u00e4higkeit, Klingenhalt und Korrosionsbest\u00e4ndigkeit.<\/li>\n<li><strong>Kugelgelagerter Verschluss<\/strong> &#8211; leichtg\u00e4ngig, hohe Festigkeit, beidseitige Kontrollierbarkeit.<\/li>\n<li><strong>Ultraleichtes Gewicht<\/strong> &#8211; nur 82 g f\u00fcr einen bequemen Sitz.<\/li>\n<li><strong>FRN-Griff<\/strong> &#8211; langlebig, leicht, mit tiefem, rutschfestem Muster.<\/li>\n<li><strong>Volle Korrosionsbest\u00e4ndigkeit<\/strong> &#8211; nicht nur die Klinge, sondern auch alle Metallteile sind sorgf\u00e4ltig gegen galvanische Korrosion ausgew\u00e4hlt.<\/li>\n<\/ul>\n<div>\n<hr>\n<\/div>\n<h3>Nachteile<\/h3>\n<ul data-spread=\"false\">\n<li>Der leuchtend gelbe Griff mag \u00e4sthetisch nicht jedem gefallen.<\/li>\n<li>Das Kugellagerschloss erfordert etwas Geschick, um es f\u00fcr die Wartung zu zerlegen (falls erforderlich).<\/li>\n<\/ul>\n<div>\n<hr>\n<\/div>\n<h3>Wartung und Schleifen<\/h3>\n<p>CPM MagnaCut ist eines der besten Pulver aus rostfreiem Stahl und bedarf der \u00fcblichen Pflege &#8211; wischen Sie die Klinge nach dem Gebrauch einfach von Schmutz frei und behandeln Sie sie gelegentlich mit Rostschutz\u00f6l. Aufgrund seiner Langlebigkeit ist das Messer selbst in Meeresumgebungen nicht rostanf\u00e4llig.<br \/>\nDas Schleifen ist mit herk\u00f6mmlichen Sch\u00e4rfger\u00e4ten m\u00f6glich, und die Klinge beh\u00e4lt ihre hervorragende Sch\u00e4rfe f\u00fcr eine sehr lange Zeit, wenn der richtige Winkel beibehalten wird.<br \/>\n<strong>Zur Pflege der Klinge empfehlen wir das Spyderco Tri-Angle Sharpmaker Complete Sharpening System 204MF &#8211; ideal f\u00fcr glatte Klingen. \ud83d\uded2 Kaufen Sie auf unserer Website Moskito.cz. <\/strong><\/p>\n<div>\n<hr>\n<\/div>\n<h3>F\u00fcr wen es geeignet ist<\/h3>\n<ul data-spread=\"false\">\n<li>Fachleute, die in rauer, nasser oder mariner Umgebung arbeiten.<\/li>\n<li>Outdoor-Fans, Angler, Segler, Taucher.<\/li>\n<li>Sammler, die ein Spitzenmodell der Marke Salt mit einem modernen Schlie\u00dfmechanismus suchen.<\/li>\n<\/ul>\n<div>\n<hr>\n<\/div>\n<h3>Abschlie\u00dfende Bewertung<\/h3>\n<p>Das Spyderco Manix 2 Salt Lightweight ist nicht nur ein robustes Messer &#8211; es ist der Beweis, dass auch ein Repetiermesser f\u00fcr extreme Bedingungen ger\u00fcstet sein kann, ohne an Eleganz und Funktionalit\u00e4t einzub\u00fc\u00dfen. In Kombination mit dem CPM MagnaCut und dem Ball Bearing Lock erhalten Sie ein Werkzeug, das dem Meer, dem Dschungel und dem t\u00e4glichen Tragen standh\u00e4lt. <\/p>\n","protected":false},"excerpt":{"rendered":"<p><strong>Das Spyderco Manix 2 Salt Lightweight ist nicht nur ein strapazierf\u00e4higes Messer &#8211; es ist der Beweis, dass auch ein Schlie\u00dfer f\u00fcr extreme Bedingungen ger\u00fcstet sein kann.<\/strong><\/p>\n<p><strong>Kostenloser Versand.<\/strong><\/p>\n","protected":false},"featured_media":421319,"comment_status":"open","ping_status":"closed","template":"","meta":[],"pwb-brand":[3427],"product_brand":[],"product_cat":[3285,3303],"product_tag":[],"class_list":{"0":"post-437352","1":"product","2":"type-product","3":"status-publish","4":"has-post-thumbnail","6":"pwb-brand-spyderco-de","7":"product_cat-messer","8":"product_cat-schliesmesser","10":"first","11":"instock","12":"taxable","13":"shipping-taxable","14":"purchasable","15":"product-type-simple"},"brands":[{"id":3427,"name":"Spyderco","slug":"spyderco-de"}],"_links":{"self":[{"href":"https:\/\/www.moskito.cz\/de\/wp-json\/wp\/v2\/product\/437352","targetHints":{"allow":["GET"]}}],"collection":[{"href":"https:\/\/www.moskito.cz\/de\/wp-json\/wp\/v2\/product"}],"about":[{"href":"https:\/\/www.moskito.cz\/de\/wp-json\/wp\/v2\/types\/product"}],"replies":[{"embeddable":true,"href":"https:\/\/www.moskito.cz\/de\/wp-json\/wp\/v2\/comments?post=437352"}],"wp:featuredmedia":[{"embeddable":true,"href":"https:\/\/www.moskito.cz\/de\/wp-json\/wp\/v2\/media\/421319"}],"wp:attachment":[{"href":"https:\/\/www.moskito.cz\/de\/wp-json\/wp\/v2\/media?parent=437352"}],"wp:term":[{"taxonomy":"pwb-brand","embeddable":true,"href":"https:\/\/www.moskito.cz\/de\/wp-json\/wp\/v2\/pwb-brand?post=437352"},{"taxonomy":"product_brand","embeddable":true,"href":"https:\/\/www.moskito.cz\/de\/wp-json\/wp\/v2\/product_brand?post=437352"},{"taxonomy":"product_cat","embeddable":true,"href":"https:\/\/www.moskito.cz\/de\/wp-json\/wp\/v2\/product_cat?post=437352"},{"taxonomy":"product_tag","embeddable":true,"href":"https:\/\/www.moskito.cz\/de\/wp-json\/wp\/v2\/product_tag?post=437352"}],"curies":[{"name":"wp","href":"https:\/\/api.w.org\/{rel}","templated":true}]}}