{"id":437357,"date":"2026-02-15T11:52:54","date_gmt":"2026-02-15T10:52:54","guid":{"rendered":"https:\/\/www.moskito.cz\/produkt\/spyderco-para-3-salz-schliessung-messer-c223gbkylmcp\/"},"modified":"2026-02-15T12:03:31","modified_gmt":"2026-02-15T11:03:31","slug":"spyderco-para-3-salz-schliessung-messer-c223gbkylmcp","status":"publish","type":"product","link":"https:\/\/www.moskito.cz\/de\/produkt\/spyderco-para-3-salz-schliessung-messer-c223gbkylmcp\/","title":{"rendered":"Spyderco Para 3 Salz Schlie\u00dfung Messer C223GBKYLMCP"},"content":{"rendered":"<p data-start=\"114\" data-end=\"436\">Sobald Sie das <strong data-start=\"137\" data-end=\"187\">Spyderco Para 3 Salt CPM MagnaCut C223GBKYLMCP<\/strong> in die Hand nehmen, werden Sie sofort die kompakte Gr\u00f6\u00dfe, die pr\u00e4zise Bedienung und das Vertrauen sp\u00fcren, das der Compression Lock mit sich bringt. Dieses Modell kombiniert die legend\u00e4re Para 3 Plattform mit modernem CPM MagnaCut Stahl und einem unverwechselbaren gelb-schwarzen G10-Griff, der sowohl funktionell als auch optisch hervorsticht. <\/p>\n<p data-start=\"438\" data-end=\"551\">Entworfen von Eric Glesser und Sal Glesser und hergestellt in den USA von <strong data-start=\"509\" data-end=\"550\"><span class=\"hover:entity-accent entity-underline inline cursor-pointer align-baseline\"><span class=\"whitespace-normal\">Spyderco<\/span><\/span><\/strong>.<\/p>\n<hr data-start=\"553\" data-end=\"556\">\n<p data-start=\"558\" data-end=\"586\">\ud83d\udd25 <strong data-start=\"561\" data-end=\"586\">Charakter und Philosophie<\/strong><\/p>\n<p data-start=\"588\" data-end=\"754\">Das Para 3 Salt ist ein kompaktes EDC-Messer, das f\u00fcr maximale Leistung im t\u00e4glichen Gebrauch entwickelt wurde. Dank seiner k\u00fcrzeren Klinge bietet es eine hervorragende Kontrolle und ausreichend Schneidkraft. <\/p>\n<p data-start=\"756\" data-end=\"811\">Das Modell verwendet <strong data-start=\"770\" data-end=\"790\">Compression Lock<\/strong>, das \u00fcber folgende Eigenschaften verf\u00fcgt:<\/p>\n<p data-start=\"813\" data-end=\"906\">hohe Festigkeit<br data-start=\"829\" data-end=\"832\">sicheres Entriegeln ohne Einf\u00fchren der Finger in den Klingenweg<br data-start=\"887\" data-end=\"890\">ruhiger Lauf<\/p>\n<p data-start=\"908\" data-end=\"1013\">Mit einer Gesamtl\u00e4nge von 18,5 cm ist es der ideale Kompromiss zwischen Kompaktheit und einem vollwertigen Arbeitsger\u00e4t.<\/p>\n<hr data-start=\"1015\" data-end=\"1018\">\n<p data-start=\"1020\" data-end=\"1036\"><strong data-start=\"1023\" data-end=\"1036\">\ud83c\udfed \u00dcber den Produzenten<\/strong><\/p>\n<p data-start=\"1038\" data-end=\"1102\">Spyderco ist eine amerikanische Marke, die 1976 gegr\u00fcndet wurde. Typische Merkmale: <\/p>\n<p data-start=\"1104\" data-end=\"1235\">Ikonische runde Klingen\u00f6ffnung<br data-start=\"1134\" data-end=\"1137\">Betonung von Ergonomie und Funktionalit\u00e4t<br data-start=\"1167\" data-end=\"1170\">Zusammenarbeit mit f\u00fchrenden Metallurgen<br data-start=\"1201\" data-end=\"1204\">Die wichtigsten Modelle werden in den USA hergestellt<\/p>\n<p data-start=\"1237\" data-end=\"1298\">Das Para 3 ist eine der beliebtesten EDC-Plattformen der Marke.<\/p>\n<hr data-start=\"1300\" data-end=\"1303\">\n<p data-start=\"1305\" data-end=\"1352\">\ud83d\udde1\ufe0f <strong data-start=\"1309\" data-end=\"1352\">Klinge &#8211; Drop Point mit vollem Flachschliff<\/strong><\/p>\n<p data-start=\"1354\" data-end=\"1440\">Die <strong data-start=\"1365\" data-end=\"1379\">Drop Point<\/strong> Klinge bietet Vielseitigkeit und pr\u00e4zise Kontrolle der Spitze.<\/p>\n<p data-start=\"1442\" data-end=\"1469\">Full Flat Cut bietet:<\/p>\n<p data-start=\"1471\" data-end=\"1565\">Hervorragende Schneideigenschaften<br data-start=\"1495\" data-end=\"1498\">Sanftes Eindringen in das Material<br data-start=\"1522\" data-end=\"1525\">Ausgewogenes Festigkeits-\/Leistungsverh\u00e4ltnis<\/p>\n<p data-start=\"1567\" data-end=\"1664\">Die Klingenh\u00f6he von 3,3 cm und die Dicke von 4 mm verleihen dem Messer einen robusten Charakter bei gleichzeitig guter Schneidleistung.<\/p>\n<hr data-start=\"1666\" data-end=\"1669\">\n<p data-start=\"1671\" data-end=\"1697\">\ud83d\udd2c <strong data-start=\"1674\" data-end=\"1697\">Stahl &#8211; CPM MagnaCut<\/strong><\/p>\n<p data-start=\"1699\" data-end=\"1760\">CPM MagnaCut ist ein moderner Pulverstahl, der entwickelt wurde, um zu kombinieren:<\/p>\n<p data-start=\"1762\" data-end=\"1840\">hohe Korrosionsbest\u00e4ndigkeit<br data-start=\"1791\" data-end=\"1794\">lange Haltbarkeit der Klinge<br data-start=\"1814\" data-end=\"1817\">hervorragende Z\u00e4higkeit<\/p>\n<p data-start=\"1842\" data-end=\"1894\">Es ist f\u00fcr den anspruchsvollen EDC-Einsatz und nasse Umgebungen geeignet.<\/p>\n<hr data-start=\"1896\" data-end=\"1899\">\n<p data-start=\"1901\" data-end=\"1933\">\ud83e\udde9 <strong data-start=\"1904\" data-end=\"1933\">Griff &#8211; Gelb-schwarzes G10<\/strong><\/p>\n<p data-start=\"1935\" data-end=\"1970\">Der Griff ist aus robustem G10 gefertigt:<\/p>\n<p data-start=\"1972\" data-end=\"2139\">starkes Kompositmaterial<br data-start=\"1997\" data-end=\"2000\">strukturierte Oberfl\u00e4che f\u00fcr einen sicheren Griff<br data-start=\"2034\" data-end=\"2037\">Widerstandsf\u00e4higkeit gegen Feuchtigkeit und mechanische Beanspruchung<br data-start=\"2083\" data-end=\"2086\">markante gelb-schwarze Kombination f\u00fcr bessere Sichtbarkeit<\/p>\n<p data-start=\"2141\" data-end=\"2188\">Der vierfach verstellbare Clip erm\u00f6glicht das Tragen mit der rechten oder linken Hand.<\/p>\n<hr data-start=\"2190\" data-end=\"2193\">\n<p data-start=\"2195\" data-end=\"2223\">\u2699\ufe0f <strong data-start=\"2198\" data-end=\"2223\">Technische Daten<\/strong><\/p>\n<div class=\"TyagGW_tableContainer\">\n<div class=\"group TyagGW_tableWrapper flex flex-col-reverse w-fit\" tabindex=\"-1\">\n<table class=\"w-fit min-w-(--thread-content-width)\" data-start=\"2225\" data-end=\"2681\">\n<thead data-start=\"2225\" data-end=\"2243\">\n<tr data-start=\"2225\" data-end=\"2243\">\n<th class=\"\" data-start=\"2225\" data-end=\"2234\" data-col-size=\"sm\">Parameter<\/th>\n<th class=\"\" data-start=\"2234\" data-end=\"2243\" data-col-size=\"sm\">Wert<\/th>\n<\/tr>\n<\/thead>\n<tbody data-start=\"2252\" data-end=\"2681\">\n<tr data-start=\"2252\" data-end=\"2269\">\n<td data-start=\"2252\" data-end=\"2259\" data-col-size=\"sm\">Marke<\/td>\n<td data-start=\"2259\" data-end=\"2269\" data-col-size=\"sm\">Spyderco<\/td>\n<\/tr>\n<tr data-start=\"2270\" data-end=\"2291\">\n<td data-start=\"2270\" data-end=\"2276\" data-col-size=\"sm\">Farbe<\/td>\n<td data-start=\"2276\" data-end=\"2291\" data-col-size=\"sm\">gelb , schwarz<\/td>\n<\/tr>\n<tr data-start=\"2292\" data-end=\"2328\">\n<td data-start=\"2292\" data-end=\"2300\" data-col-size=\"sm\">Designer<\/td>\n<td data-start=\"2300\" data-end=\"2328\" data-col-size=\"sm\">Eric Glesser , Sal Glesser<\/td>\n<\/tr>\n<tr data-start=\"2329\" data-end=\"2349\">\n<td data-start=\"2329\" data-end=\"2344\" data-col-size=\"sm\">Kann eingraviert werden<\/td>\n<td data-start=\"2344\" data-end=\"2349\" data-col-size=\"sm\">Ja<\/td>\n<\/tr>\n<tr data-start=\"2350\" data-end=\"2398\">\n<td data-start=\"2350\" data-end=\"2387\" data-col-size=\"sm\">Garantie auf Material- und Herstellungsfehler<\/td>\n<td data-col-size=\"sm\" data-start=\"2387\" data-end=\"2398\">Lebenslange<\/td>\n<\/tr>\n<tr data-start=\"2399\" data-end=\"2423\">\n<td data-start=\"2399\" data-end=\"2405\" data-col-size=\"sm\">Serie<\/td>\n<td data-start=\"2405\" data-end=\"2423\" data-col-size=\"sm\">Absatz 3 , Salz<\/td>\n<\/tr>\n<tr data-start=\"2424\" data-end=\"2451\">\n<td data-start=\"2424\" data-end=\"2436\" data-col-size=\"sm\">Herkunftsland<\/td>\n<td data-start=\"2436\" data-end=\"2451\" data-col-size=\"sm\">Vereinigte Staaten<\/td>\n<\/tr>\n<tr data-start=\"2452\" data-end=\"2482\">\n<td data-start=\"2452\" data-end=\"2466\" data-col-size=\"sm\">Artikel Nummer<\/td>\n<td data-col-size=\"sm\" data-start=\"2466\" data-end=\"2482\">SPC223GBKYLMCP<\/td>\n<\/tr>\n<tr data-start=\"2483\" data-end=\"2504\">\n<td data-start=\"2483\" data-end=\"2496\" data-col-size=\"sm\">H\u00f6he der Klinge<\/td>\n<td data-start=\"2496\" data-end=\"2504\" data-col-size=\"sm\">3,3 cm<\/td>\n<\/tr>\n<tr data-start=\"2505\" data-end=\"2526\">\n<td data-start=\"2505\" data-end=\"2518\" data-col-size=\"sm\">L\u00e4nge der Klinge<\/td>\n<td data-start=\"2518\" data-end=\"2526\" data-col-size=\"sm\">7,6 cm<\/td>\n<\/tr>\n<tr data-start=\"2527\" data-end=\"2547\">\n<td data-start=\"2527\" data-end=\"2539\" data-col-size=\"sm\">L\u00e4nge der Klinge<\/td>\n<td data-start=\"2539\" data-end=\"2547\" data-col-size=\"sm\">6,7 cm<\/td>\n<\/tr>\n<tr data-start=\"2548\" data-end=\"2570\">\n<td data-start=\"2548\" data-end=\"2564\" data-col-size=\"sm\">Dicke der Klinge<\/td>\n<td data-start=\"2564\" data-end=\"2570\" data-col-size=\"sm\">4 mm<\/td>\n<\/tr>\n<tr data-start=\"2571\" data-end=\"2592\">\n<td data-start=\"2571\" data-end=\"2585\" data-col-size=\"sm\">Geschlossene L\u00e4nge<\/td>\n<td data-col-size=\"sm\" data-start=\"2585\" data-end=\"2592\">11 cm<\/td>\n<\/tr>\n<tr data-start=\"2593\" data-end=\"2616\">\n<td data-start=\"2593\" data-end=\"2607\" data-col-size=\"sm\">Gesamtl\u00e4nge<\/td>\n<td data-start=\"2607\" data-end=\"2616\" data-col-size=\"sm\">18,5 cm<\/td>\n<\/tr>\n<tr data-start=\"2617\" data-end=\"2632\">\n<td data-start=\"2617\" data-end=\"2626\" data-col-size=\"sm\">Gewicht<\/td>\n<td data-start=\"2626\" data-end=\"2632\" data-col-size=\"sm\">97 g<\/td>\n<\/tr>\n<tr data-start=\"2633\" data-end=\"2656\">\n<td data-start=\"2633\" data-end=\"2651\" data-col-size=\"sm\">Material des Griffs<\/td>\n<td data-start=\"2651\" data-end=\"2656\" data-col-size=\"sm\">G10<\/td>\n<\/tr>\n<tr data-start=\"2657\" data-end=\"2681\">\n<td data-start=\"2657\" data-end=\"2667\" data-col-size=\"sm\">Stahltyp<\/td>\n<td data-start=\"2667\" data-end=\"2681\" data-col-size=\"sm\">CPM Magnacut<\/td>\n<\/tr>\n<\/tbody>\n<\/table>\n<\/div>\n<\/div>\n<hr data-start=\"2683\" data-end=\"2686\">\n<p data-start=\"2688\" data-end=\"2707\">\u2705 <strong data-start=\"2690\" data-end=\"2707\">Hauptvorteile<\/strong><\/p>\n<p data-start=\"2709\" data-end=\"2845\">Hochwertiger CPM MagnaCut-Stahl<br data-start=\"2735\" data-end=\"2738\">Zuverl\u00e4ssiger Kompressionsverschluss<br data-start=\"2765\" data-end=\"2768\">Kompaktes und ergonomisches Format<br data-start=\"2798\" data-end=\"2801\">Markante Farbgebung<br data-start=\"2826\" data-end=\"2829\">Hergestellt in den USA<\/p>\n<hr data-start=\"2847\" data-end=\"2850\">\n<p data-start=\"2852\" data-end=\"2872\">\u26a0\ufe0f <strong data-start=\"2855\" data-end=\"2872\">M\u00f6gliche Einschr\u00e4nkungen<\/strong><\/p>\n<p data-start=\"2874\" data-end=\"2957\">Manuelles \u00d6ffnen<br data-start=\"2892\" data-end=\"2895\">Robuste Klingenst\u00e4rke 4 mm<br data-start=\"2927\" data-end=\"2930\">Premium-Preiskategorie<\/p>\n<hr data-start=\"2959\" data-end=\"2962\">\n<p data-start=\"2964\" data-end=\"2985\">\ud83d\udee0\ufe0f <strong data-start=\"2968\" data-end=\"2985\">Wartung und Pflege<\/strong><\/p>\n<p data-start=\"2987\" data-end=\"3055\">Reinigen und trocknen Sie die Klinge nach dem Gebrauch, um ihre Langlebigkeit zu erhalten.<\/p>\n<p data-start=\"3057\" data-end=\"3121\">Halten Sie den Griff trocken und sauber, insbesondere nach Kontakt mit Feuchtigkeit<\/p>\n<p data-start=\"3123\" data-end=\"3181\">Schmieren Sie die Klinge f\u00fcr eine l\u00e4ngere Lagerung leicht mit Schutz\u00f6l ein<\/p>\n<p data-start=\"3183\" data-end=\"3349\">Zum Sch\u00e4rfen von Klingen empfehlen wir das Spyderco Tri-Angle Sharpmaker Complete Sharpening System 204MF &#8211; auch ideal f\u00fcr glatte Klingen. \ud83d\uded2 Kaufen Sie auf unserer Website Moskito.cz <\/p>\n<p data-start=\"3351\" data-end=\"3418\">Regelm\u00e4\u00dfige Pflege sorgt f\u00fcr langfristige Zuverl\u00e4ssigkeit und maximale Leistung.<\/p>\n<hr data-start=\"3420\" data-end=\"3423\">\n<p data-start=\"3425\" data-end=\"3446\">\ud83c\udfaf <strong data-start=\"3428\" data-end=\"3446\">Empfohlen f\u00fcr<\/strong><\/p>\n<p data-start=\"3448\" data-end=\"3550\">Anspruchsvolle EDC-Benutzer<br data-start=\"3469\" data-end=\"3472\">Aktivit\u00e4ten im Freien und auf dem Wasser<br data-start=\"3496\" data-end=\"3499\">Professionelle Nutzung<br data-start=\"3520\" data-end=\"3523\">Para 3 platform fans<\/p>\n<hr data-start=\"3552\" data-end=\"3555\">\n<p data-start=\"3557\" data-end=\"3582\">\u2b50 <strong data-start=\"3559\" data-end=\"3582\">Endg\u00fcltige Bewertung<\/strong><\/p>\n<p data-start=\"3584\" data-end=\"3822\" data-is-last-node=\"\" data-is-only-node=\"\">Das Spyderco Para 3 Salt CPM MagnaCut C223GBKYLMCP kombiniert kompakte Abmessungen, modernen pulverbeschichteten Stahl und einen soliden Compression Lock zu einem hochfunktionalen EDC-Messer. Das Ergebnis ist ein technisch fortschrittliches, langlebiges und unverwechselbares Arbeitswerkzeug ohne Kompromisse \ud83d\udd2a\ud83d\udfe1\u26ab. <\/p>\n","protected":false},"excerpt":{"rendered":"<p><strong>Das Spyderco Para 3 Salt CPM MagnaCut C223GBKYLMCP kombiniert kompakte Abmessungen, modernen pulverbeschichteten Stahl und einen soliden Compression Lock zu einem hochfunktionalen EDC-Messer. Das Ergebnis ist ein technisch fortschrittliches, langlebiges und unverwechselbares Arbeitswerkzeug ohne Kompromisse \ud83d\udd2a\ud83d\udfe1\u26ab. <\/strong><\/p>\n<p><strong>Kostenloser Versand.<\/strong><\/p>\n","protected":false},"featured_media":437296,"comment_status":"open","ping_status":"closed","template":"","meta":[],"pwb-brand":[3427],"product_brand":[],"product_cat":[3303,3285],"product_tag":[],"class_list":{"0":"post-437357","1":"product","2":"type-product","3":"status-publish","4":"has-post-thumbnail","6":"pwb-brand-spyderco-de","7":"product_cat-schliesmesser","8":"product_cat-messer","10":"first","11":"instock","12":"taxable","13":"shipping-taxable","14":"purchasable","15":"product-type-simple"},"brands":[{"id":3427,"name":"Spyderco","slug":"spyderco-de"}],"_links":{"self":[{"href":"https:\/\/www.moskito.cz\/de\/wp-json\/wp\/v2\/product\/437357","targetHints":{"allow":["GET"]}}],"collection":[{"href":"https:\/\/www.moskito.cz\/de\/wp-json\/wp\/v2\/product"}],"about":[{"href":"https:\/\/www.moskito.cz\/de\/wp-json\/wp\/v2\/types\/product"}],"replies":[{"embeddable":true,"href":"https:\/\/www.moskito.cz\/de\/wp-json\/wp\/v2\/comments?post=437357"}],"wp:featuredmedia":[{"embeddable":true,"href":"https:\/\/www.moskito.cz\/de\/wp-json\/wp\/v2\/media\/437296"}],"wp:attachment":[{"href":"https:\/\/www.moskito.cz\/de\/wp-json\/wp\/v2\/media?parent=437357"}],"wp:term":[{"taxonomy":"pwb-brand","embeddable":true,"href":"https:\/\/www.moskito.cz\/de\/wp-json\/wp\/v2\/pwb-brand?post=437357"},{"taxonomy":"product_brand","embeddable":true,"href":"https:\/\/www.moskito.cz\/de\/wp-json\/wp\/v2\/product_brand?post=437357"},{"taxonomy":"product_cat","embeddable":true,"href":"https:\/\/www.moskito.cz\/de\/wp-json\/wp\/v2\/product_cat?post=437357"},{"taxonomy":"product_tag","embeddable":true,"href":"https:\/\/www.moskito.cz\/de\/wp-json\/wp\/v2\/product_tag?post=437357"}],"curies":[{"name":"wp","href":"https:\/\/api.w.org\/{rel}","templated":true}]}}