{"id":437424,"date":"2026-02-15T15:43:48","date_gmt":"2026-02-15T14:43:48","guid":{"rendered":"https:\/\/www.moskito.cz\/produkt\/schliessmesser-byrd-cara-cara-2-by03bkps2\/"},"modified":"2026-02-15T16:08:06","modified_gmt":"2026-02-15T15:08:06","slug":"schliessmesser-byrd-cara-cara-2-by03bkps2","status":"publish","type":"product","link":"https:\/\/www.moskito.cz\/de\/produkt\/schliessmesser-byrd-cara-cara-2-by03bkps2\/","title":{"rendered":"Schlie\u00dfmesser Byrd Cara Cara 2 BY03BKPS2"},"content":{"rendered":"<p data-start=\"120\" data-end=\"371\">Sobald Sie das <strong data-start=\"143\" data-end=\"173\">Byrd Cara Cara 2 BY03BKPS2<\/strong> in die Hand nehmen, werden Sie sofort die robuste Konstruktion und Arbeitsweise dieses Modells erkennen. Das Cara Cara 2 ist ein gr\u00f6\u00dferes EDC-Messer mit einem Stahlgriff und einer geschw\u00e4rzten Kombiklinge, die f\u00fcr den zuverl\u00e4ssigen t\u00e4glichen Gebrauch konzipiert wurde. <\/p>\n<p data-start=\"373\" data-end=\"478\">Das Modell wird von Byrd hergestellt, einer Marke des amerikanischen Unternehmens <strong data-start=\"436\" data-end=\"477\"><span class=\"hover:entity-accent entity-underline inline cursor-pointer align-baseline\"><span class=\"whitespace-normal\">Spyderco<\/span><\/span><\/strong>.<\/p>\n<hr data-start=\"480\" data-end=\"483\">\n<p data-start=\"485\" data-end=\"513\">\ud83d\udd25 <strong data-start=\"488\" data-end=\"513\">Charakter und Philosophie<\/strong><\/p>\n<p data-start=\"515\" data-end=\"684\">Das Cara Cara 2 ist als robustes Arbeitswerkzeug konzipiert. Sein gr\u00f6\u00dferes Format und seine solide Konstruktion machen es zu einer idealen Wahl f\u00fcr Benutzer, die ein robusteres Schlie\u00dfmesser w\u00fcnschen. <\/p>\n<p data-start=\"686\" data-end=\"890\">Das Modell verwendet den <strong data-start=\"700\" data-end=\"728\">Back Lock<\/strong>, der f\u00fcr seine St\u00e4rke und Sicherheit im Betrieb bekannt ist. Das \u00d6ffnen erfolgt \u00fcber das typische kometenf\u00f6rmige Byrd-Loch, das eine einh\u00e4ndige Bedienung erm\u00f6glicht. <\/p>\n<hr data-start=\"892\" data-end=\"895\">\n<p data-start=\"897\" data-end=\"913\"><strong data-start=\"900\" data-end=\"913\">\ud83c\udfed \u00dcber den Produzenten<\/strong><\/p>\n<p data-start=\"915\" data-end=\"1101\">Byrd ist die preisg\u00fcnstigere Produktlinie von Spyderco. Sie beh\u00e4lt die ergonomischen Prinzipien und das funktionale Design der Muttermarke bei, bietet aber eine preiswertere Materiall\u00f6sung. <\/p>\n<p data-start=\"1103\" data-end=\"1126\">Hersteller: Spyderco, USA.<\/p>\n<hr data-start=\"1128\" data-end=\"1131\">\n<p data-start=\"1133\" data-end=\"1190\">\ud83d\udde1\ufe0f <strong data-start=\"1137\" data-end=\"1190\">Blade &#8211; Kombiklinge mit v\u00f6llig flachem Schnitt<\/strong><\/p>\n<p data-start=\"1192\" data-end=\"1282\">Die Klinge hat einen <strong data-start=\"1201\" data-end=\"1241\">Kombinationsschliff<\/strong> &#8211; teilweise glatt, teilweise gezahnt.<\/p>\n<p data-start=\"1284\" data-end=\"1291\">Vorteile:<\/p>\n<p data-start=\"1293\" data-end=\"1438\">Glatter Teil f\u00fcr pr\u00e4zise Schnitte<br data-start=\"1320\" data-end=\"1323\">Gezackter Teil f\u00fcr Seile, B\u00e4nder und faserige Materialien<br data-start=\"1377\" data-end=\"1380\">Voller Flachschliff f\u00fcr effizientes Schneiden<\/p>\n<p data-start=\"1440\" data-end=\"1519\">Die schwarze Klingenoberfl\u00e4che sorgt f\u00fcr einen taktischen Look und reduziert die Blendwirkung.<\/p>\n<hr data-start=\"1521\" data-end=\"1524\">\n<p data-start=\"1526\" data-end=\"1548\">\ud83d\udd2c <strong data-start=\"1529\" data-end=\"1548\">Stahl &#8211; 8Cr13MoV<\/strong><\/p>\n<p data-start=\"1550\" data-end=\"1633\">Der verwendete Stahl <strong data-start=\"1563\" data-end=\"1575\">ist 8Cr13MoV<\/strong>, ein bew\u00e4hrter rostfreier Stahl, der f\u00fcr den t\u00e4glichen Gebrauch geeignet ist.<\/p>\n<p data-start=\"1635\" data-end=\"1651\">Merkmale:<\/p>\n<p data-start=\"1653\" data-end=\"1752\">gute Korrosionsbest\u00e4ndigkeit<br data-start=\"1680\" data-end=\"1683\">einfaches Sch\u00e4rfen<br data-start=\"1698\" data-end=\"1701\">ausgewogenes Verh\u00e4ltnis zwischen Z\u00e4higkeit und Schnitthaltigkeit<\/p>\n<p data-start=\"1754\" data-end=\"1826\">Es ist ideal f\u00fcr Benutzer, die ein praktisches, pflegeleichtes Messer suchen.<\/p>\n<hr data-start=\"1828\" data-end=\"1831\">\n<p data-start=\"1833\" data-end=\"1879\">\ud83e\udde9 <strong data-start=\"1836\" data-end=\"1879\">Griff &#8211; Rostfreier Stahl mit schwarzem Oxid<\/strong><\/p>\n<p data-start=\"1881\" data-end=\"1945\">Der Griff ist aus rostfreiem Stahl mit schwarzer Oxidbeschichtung gefertigt.<\/p>\n<p data-start=\"1947\" data-end=\"2035\">Starke und robuste Konstruktion<br data-start=\"1974\" data-end=\"1977\">Verschlei\u00dffestigkeit<br data-start=\"2001\" data-end=\"2004\">Klassisches Stahlgef\u00fchl in der Hand<\/p>\n<p data-start=\"2037\" data-end=\"2120\">Der umkehrbare 4-Positionen-Clip erm\u00f6glicht das Tragen mit der Spitze nach oben und mit der Spitze nach unten, sowohl f\u00fcr Rechts- als auch f\u00fcr Linksh\u00e4nder.<\/p>\n<hr data-start=\"2122\" data-end=\"2125\">\n<p data-start=\"2127\" data-end=\"2155\">\u2699\ufe0f <strong data-start=\"2130\" data-end=\"2155\">Technische Daten<\/strong><\/p>\n<p data-start=\"2157\" data-end=\"2691\">Artikelnummer: BY03BKPS2<br data-start=\"2182\" data-end=\"2185\">Name: Byrd Cara Cara2 Stainless Black Blade, CombinationEdge<br data-start=\"2246\" data-end=\"2249\">Stahlsorte: 8Cr13MoV<br data-start=\"2268\" data-end=\"2271\">Klingenl\u00e4nge: 95.0 mm \/ 3.75&#8243;<br data-start=\"2300\" data-end=\"2303\">Klingendicke: 3.0 mm \/ 0.118&#8243;<br data-start=\"2335\" data-end=\"2338\">Gesamtl\u00e4nge: 217.0 mm \/ 8.53&#8243;<br data-start=\"2369\" data-end=\"2372\">Zusammengeklappte L\u00e4nge: 121.0 mm \/ 4.78&#8243;<br data-start=\"2413\" data-end=\"2416\">Gewicht: 153.0 g \/ 5.4 oz<br data-start=\"2442\" data-end=\"2445\">Klingenart: Kombination (teilweise gezahnt)<br data-start=\"2489\" data-end=\"2492\">Schliffart: V\u00f6llig flacher Schliff<br data-start=\"2526\" data-end=\"2529\">Verschlusstyp: Reverse Lock<br data-start=\"2552\" data-end=\"2555\">Griffart: Edelstahl mit schwarzer Oxidbeschichtung<br data-start=\"2609\" data-end=\"2612\">Clip: 4-Positionen beidh\u00e4ndig (auf-\/abklappbar)<br data-start=\"2664\" data-end=\"2667\">Hersteller: Spyderco, USA<\/p>\n<hr data-start=\"2693\" data-end=\"2696\">\n<p data-start=\"2698\" data-end=\"2717\">\u2705 <strong data-start=\"2700\" data-end=\"2717\">Hauptvorteile<\/strong><\/p>\n<p data-start=\"2719\" data-end=\"2867\">Robuste Stahlkonstruktion<br data-start=\"2746\" data-end=\"2749\">Kombiklinge f\u00fcr den universellen Einsatz<br data-start=\"2790\" data-end=\"2793\">Zuverl\u00e4ssiger Back Lock<br data-start=\"2813\" data-end=\"2816\">Leicht zu sch\u00e4rfender 8Cr13MoV Stahl<br data-start=\"2848\" data-end=\"2851\">4-Positionen-Clip<\/p>\n<hr data-start=\"2869\" data-end=\"2872\">\n<p data-start=\"2874\" data-end=\"2894\">\u26a0\ufe0f <strong data-start=\"2877\" data-end=\"2894\">M\u00f6gliche Einschr\u00e4nkungen<\/strong><\/p>\n<p data-start=\"2896\" data-end=\"3088\">H\u00f6heres Gewicht im Vergleich zu leichten FRN- oder G10-Modellen<br data-start=\"2945\" data-end=\"2948\">Kombinationsklinge eignet sich m\u00f6glicherweise nicht f\u00fcr Liebhaber v\u00f6llig glatter Klingen<br data-start=\"3012\" data-end=\"3015\">Mittlere Stahlqualit\u00e4t erfordert h\u00e4ufigeres Sch\u00e4rfen bei starker Beanspruchung<\/p>\n<hr data-start=\"3090\" data-end=\"3093\">\n<p data-start=\"3095\" data-end=\"3116\">\ud83d\udee0\ufe0f <strong data-start=\"3099\" data-end=\"3116\">Wartung und Pflege<\/strong><\/p>\n<p data-start=\"3118\" data-end=\"3186\">Reinigen und trocknen Sie die Klinge nach dem Gebrauch, um ihre Langlebigkeit zu erhalten.<\/p>\n<p data-start=\"3188\" data-end=\"3252\">Halten Sie den Griff trocken und sauber, insbesondere nach Kontakt mit Feuchtigkeit<\/p>\n<p data-start=\"3254\" data-end=\"3312\">Schmieren Sie die Klinge f\u00fcr eine l\u00e4ngere Lagerung leicht mit Schutz\u00f6l ein<\/p>\n<p data-start=\"3314\" data-end=\"3489\">Zum Sch\u00e4rfen der Klinge empfehlen wir das Spyderco Tri-Angle Sharpmaker Complete Sharpening System 204MF &#8211; ideal sowohl f\u00fcr glatte als auch f\u00fcr gezackte Teile. \ud83d\uded2 Kaufen Sie auf unserer Website Moskito.cz <\/p>\n<p data-start=\"3491\" data-end=\"3558\">Regelm\u00e4\u00dfige Pflege sorgt f\u00fcr langfristige Zuverl\u00e4ssigkeit und maximale Leistung.<\/p>\n<hr data-start=\"3560\" data-end=\"3563\">\n<p data-start=\"3565\" data-end=\"3586\">\ud83c\udfaf <strong data-start=\"3568\" data-end=\"3586\">Empfohlen f\u00fcr<\/strong><\/p>\n<p data-start=\"3588\" data-end=\"3727\">Allt\u00e4glicher Arbeitseinsatz<br data-start=\"3615\" data-end=\"3618\">Anwender, die eine robuste Stahlkonstruktion bevorzugen<br data-start=\"3668\" data-end=\"3671\">Outdoor und Werkstatt<br data-start=\"3686\" data-end=\"3689\">Arbeiten mit Seilen und Fasermaterialien<\/p>\n<hr data-start=\"3729\" data-end=\"3732\">\n<p data-start=\"3734\" data-end=\"3759\">\u2b50 <strong data-start=\"3736\" data-end=\"3759\">Endg\u00fcltige Bewertung<\/strong><\/p>\n<p data-start=\"3761\" data-end=\"3974\" data-is-last-node=\"\" data-is-only-node=\"\">Das Byrd Cara Cara 2 BY03BKPS2 ist ein robustes, praktisches und erschwingliches Arbeitsmesser mit einer Kombiklinge und einer soliden Stahlkonstruktion. Es bietet Zuverl\u00e4ssigkeit, Vielseitigkeit und funktionelles Design f\u00fcr den t\u00e4glichen Gebrauch \ud83d\udd2a\ud83d\udda4. <\/p>\n","protected":false},"excerpt":{"rendered":"<p><strong>Das Byrd Cara Cara 2 BY03BKPS2 ist ein robustes, praktisches und erschwingliches Arbeitsmesser mit einer Kombiklinge und einer soliden Stahlkonstruktion. Es bietet Zuverl\u00e4ssigkeit, Vielseitigkeit und funktionelles Design f\u00fcr den t\u00e4glichen Gebrauch \ud83d\udd2a\ud83d\udda4. <\/strong><\/p>\n","protected":false},"featured_media":437375,"comment_status":"open","ping_status":"closed","template":"","meta":[],"pwb-brand":[4042],"product_brand":[],"product_cat":[3303,3285],"product_tag":[],"class_list":{"0":"post-437424","1":"product","2":"type-product","3":"status-publish","4":"has-post-thumbnail","6":"pwb-brand-byrd-de","7":"product_cat-schliesmesser","8":"product_cat-messer","10":"first","11":"instock","12":"taxable","13":"shipping-taxable","14":"purchasable","15":"product-type-simple"},"brands":[{"id":4042,"name":"Byrd","slug":"byrd-de"}],"_links":{"self":[{"href":"https:\/\/www.moskito.cz\/de\/wp-json\/wp\/v2\/product\/437424","targetHints":{"allow":["GET"]}}],"collection":[{"href":"https:\/\/www.moskito.cz\/de\/wp-json\/wp\/v2\/product"}],"about":[{"href":"https:\/\/www.moskito.cz\/de\/wp-json\/wp\/v2\/types\/product"}],"replies":[{"embeddable":true,"href":"https:\/\/www.moskito.cz\/de\/wp-json\/wp\/v2\/comments?post=437424"}],"wp:featuredmedia":[{"embeddable":true,"href":"https:\/\/www.moskito.cz\/de\/wp-json\/wp\/v2\/media\/437375"}],"wp:attachment":[{"href":"https:\/\/www.moskito.cz\/de\/wp-json\/wp\/v2\/media?parent=437424"}],"wp:term":[{"taxonomy":"pwb-brand","embeddable":true,"href":"https:\/\/www.moskito.cz\/de\/wp-json\/wp\/v2\/pwb-brand?post=437424"},{"taxonomy":"product_brand","embeddable":true,"href":"https:\/\/www.moskito.cz\/de\/wp-json\/wp\/v2\/product_brand?post=437424"},{"taxonomy":"product_cat","embeddable":true,"href":"https:\/\/www.moskito.cz\/de\/wp-json\/wp\/v2\/product_cat?post=437424"},{"taxonomy":"product_tag","embeddable":true,"href":"https:\/\/www.moskito.cz\/de\/wp-json\/wp\/v2\/product_tag?post=437424"}],"curies":[{"name":"wp","href":"https:\/\/api.w.org\/{rel}","templated":true}]}}