{"id":437681,"date":"2026-02-16T15:29:24","date_gmt":"2026-02-16T14:29:24","guid":{"rendered":"https:\/\/www.moskito.cz\/produkt\/auswurfmesser-microtech-combat-troodon-iii-1142-3ta\/"},"modified":"2026-02-16T18:31:11","modified_gmt":"2026-02-16T17:31:11","slug":"auswurfmesser-microtech-combat-troodon-iii-1142-3ta","status":"publish","type":"product","link":"https:\/\/www.moskito.cz\/de\/produkt\/auswurfmesser-microtech-combat-troodon-iii-1142-3ta\/","title":{"rendered":"Auswurfmesser Microtech Combat Troodon III 1142-3TA"},"content":{"rendered":"<p data-start=\"0\" data-end=\"83\"><strong data-start=\"0\" data-end=\"83\">Microtech Combat Troodon D\/E Gen III 1142-3TA &#8211; Schwarz Full Serrate \/ Tan Griff<\/strong><\/p>\n<p data-start=\"85\" data-end=\"435\">Sobald Sie das <strong data-start=\"108\" data-end=\"157\">Microtech Combat Troodon D\/E Gen III 1142-3TA<\/strong> in die Hand nehmen, werden Sie sofort die pr\u00e4zise Mechanik und den aggressiven taktischen Charakter sp\u00fcren, der dieses Modell auszeichnet. Diese Version kombiniert eine schwarze Klinge mit vollem Wellenschliff mit einem hellbraun eloxierten Griff. So entsteht ein starker optischer Kontrast und ein funktionelles Werkzeug, das f\u00fcr eine breite Palette von Aufgaben bereit ist. <\/p>\n<p data-start=\"437\" data-end=\"516\">Entworfen von Anthony (Tony) Marfion und komplett hergestellt und montiert in \ud83c\uddfa\ud83c\uddf8 USA.<\/p>\n<p data-start=\"518\" data-end=\"546\">\ud83d\udd25 <strong data-start=\"521\" data-end=\"546\">Charakter und Philosophie<\/strong><\/p>\n<p data-start=\"548\" data-end=\"931\">Das Combat Troodon ist eines der leistungsst\u00e4rksten OTF-Modelle von Microtech und seine Gen III-Variante bietet verbessertes Design und Leistung. Die D\/E (Double Edge) Klinge mit vollem Wellenschliff bietet eine maximale Durchschlagskraft und eignet sich hervorragend zum Schneiden von Materialien, bei denen ein Wellenschliff von Vorteil ist &#8211; wie z.B. Seile, Gurtb\u00e4nder oder starre Stoffe. Dieses Modell ist f\u00fcr anspruchsvolle taktische Situationen und robuste EDC-Eins\u00e4tze konzipiert.  <\/p>\n<p data-start=\"933\" data-end=\"1082\">Der versenkte Seitenschieber bietet eine nat\u00fcrliche, intuitive Steuerung, die ein schnelles Ausfahren und ein sicheres Einfahren der Klinge in einer einzigen sanften Bewegung erm\u00f6glicht.<\/p>\n<p data-start=\"1084\" data-end=\"1100\"><strong data-start=\"1087\" data-end=\"1100\">\ud83c\udfed \u00dcber den Produzenten<\/strong><\/p>\n<p data-start=\"1102\" data-end=\"1256\"><span class=\"hover:entity-accent entity-underline inline cursor-pointer align-baseline\"><span class=\"whitespace-normal\">Microtech Knives<\/span><\/span> ist eine amerikanische Marke mit mehr als 30 Jahren Tradition in der Herstellung von hochwertigen OTF- und Automatikmessern. Typische Merkmale sind: <\/p>\n<ul data-start=\"1258\" data-end=\"1397\">\n<li data-start=\"1258\" data-end=\"1283\">\n<p data-start=\"1260\" data-end=\"1283\">CNC-Pr\u00e4zisionsbearbeitung<\/p>\n<\/li>\n<li data-start=\"1284\" data-end=\"1318\">\n<p data-start=\"1286\" data-end=\"1318\">Patentierte interne Mechanismen<\/p>\n<\/li>\n<li data-start=\"1319\" data-end=\"1340\">\n<p data-start=\"1321\" data-end=\"1340\">Innovatives Design<\/p>\n<\/li>\n<li data-start=\"1341\" data-end=\"1367\">\n<p data-start=\"1343\" data-end=\"1367\">Starke Qualit\u00e4tskontrolle<\/p>\n<\/li>\n<li data-start=\"1368\" data-end=\"1397\">\n<p data-start=\"1370\" data-end=\"1397\">Unverwechselbare taktische \u00c4sthetik<\/p>\n<\/li>\n<\/ul>\n<p data-start=\"1399\" data-end=\"1490\">Jedes St\u00fcck wird in den USA unter der Leitung von Anthony Marfione hergestellt und montiert. <span class=\"hover:entity-accent entity-underline inline cursor-pointer align-baseline\"><span class=\"whitespace-normal\">Anthony Marfione<\/span><\/span>.<\/p>\n<p data-start=\"1492\" data-end=\"1536\">\ud83d\udde1\ufe0f <strong data-start=\"1496\" data-end=\"1536\">Klinge &#8211; D\/E Full Serrate Black Blade<\/strong><\/p>\n<p data-start=\"1538\" data-end=\"1619\">Die Klinge mit beidseitiger Schneide und voll gezacktem Profil erm\u00f6glicht:<\/p>\n<ul data-start=\"1621\" data-end=\"1738\">\n<li data-start=\"1621\" data-end=\"1644\">\n<p data-start=\"1623\" data-end=\"1644\">extreme Durchsto\u00dffestigkeit<\/p>\n<\/li>\n<li data-start=\"1645\" data-end=\"1692\">\n<p data-start=\"1647\" data-end=\"1692\">Hervorragendes Schneiden von Fasern und starren Materialien<\/p>\n<\/li>\n<li data-start=\"1693\" data-end=\"1738\">\n<p data-start=\"1695\" data-end=\"1738\">konsistente Leistung unabh\u00e4ngig von der Art des Schnitts<\/p>\n<\/li>\n<\/ul>\n<p data-start=\"1740\" data-end=\"1812\">Das schwarze Finish reduziert die Blendwirkung und verleiht dem Messer taktischen Charakter.<\/p>\n<p data-start=\"1814\" data-end=\"1951\">Eine gezahnte Klinge ist dort effektiv, wo eine glatte Klinge an Leistung verliert &#8211; zum Beispiel beim Schneiden von Seilen, Schotter oder anderen abrasiven Materialien.<\/p>\n<p data-start=\"1953\" data-end=\"1989\">\ud83d\udd2c <strong data-start=\"1956\" data-end=\"1989\">Stahl &#8211; Premium-Edelstahl<\/strong><\/p>\n<p data-start=\"1991\" data-end=\"2069\">Der verwendete Stahl geh\u00f6rt zum Premium-Segment der Besteckmaterialien &#8211; er zeichnet sich aus durch:<\/p>\n<ul data-start=\"2071\" data-end=\"2164\">\n<li data-start=\"2071\" data-end=\"2109\">\n<p data-start=\"2073\" data-end=\"2109\">hohe Verschlei\u00dffestigkeit<\/p>\n<\/li>\n<li data-start=\"2110\" data-end=\"2138\">\n<p data-start=\"2112\" data-end=\"2138\">gute Korrosionsbest\u00e4ndigkeit<\/p>\n<\/li>\n<li data-start=\"2139\" data-end=\"2164\">\n<p data-start=\"2141\" data-end=\"2164\">lange Klingenhaltung<\/p>\n<\/li>\n<\/ul>\n<p data-start=\"2166\" data-end=\"2232\">Diese Kombination sorgt f\u00fcr zuverl\u00e4ssige Leistung auch bei anspruchsvollen Aufgaben.<\/p>\n<p data-start=\"2234\" data-end=\"2272\">\ud83e\udde9 <strong data-start=\"2237\" data-end=\"2272\">Griff &#8211; Hellbraunes eloxiertes Aluminium<\/strong><\/p>\n<p data-start=\"2274\" data-end=\"2385\">Der Griff ist aus eloxiertem 6061-T6-Aluminium in hellbrauner Ausf\u00fchrung gefertigt und sieht robust und praktisch zugleich aus.<\/p>\n<ul data-start=\"2387\" data-end=\"2602\">\n<li data-start=\"2387\" data-end=\"2428\">\n<p data-start=\"2389\" data-end=\"2428\">3D CNC-gefr\u00e4ste Anti-Rutsch-Textur<\/p>\n<\/li>\n<li data-start=\"2429\" data-end=\"2459\">\n<p data-start=\"2431\" data-end=\"2459\">Jimping f\u00fcr bessere Kontrolle<\/p>\n<\/li>\n<li data-start=\"2460\" data-end=\"2488\">\n<p data-start=\"2462\" data-end=\"2488\">Versenkter Seitenschieber<\/p>\n<\/li>\n<li data-start=\"2489\" data-end=\"2545\">\n<p data-start=\"2491\" data-end=\"2545\">Beidh\u00e4ndiger Deep-Carry-Clip (rechts\/links, mit der Spitze nach unten)<\/p>\n<\/li>\n<li data-start=\"2546\" data-end=\"2602\">\n<p data-start=\"2548\" data-end=\"2602\">Sekund\u00e4re Details wie Seriennummer und Herstellungsdatum<\/p>\n<\/li>\n<\/ul>\n<p data-start=\"2604\" data-end=\"2699\">Die hellbraune Farbe ist praktisch, l\u00e4sst sich gut mit taktischer Ausr\u00fcstung kombinieren und verdeckt kleinere Kratzer gut.<\/p>\n<p data-start=\"2701\" data-end=\"2742\">\u2699\ufe0f <strong data-start=\"2704\" data-end=\"2742\">Technische Daten (indikativ)<\/strong><\/p>\n<p data-start=\"2744\" data-end=\"2793\"><em data-start=\"2744\" data-end=\"2793\">Die Parameter k\u00f6nnen je nach Serie variieren.<\/em><\/p>\n<div class=\"TyagGW_tableContainer\">\n<div class=\"group TyagGW_tableWrapper flex flex-col-reverse w-fit\" tabindex=\"-1\">\n<table class=\"w-fit min-w-(--thread-content-width)\" data-start=\"2795\" data-end=\"3331\">\n<thead data-start=\"2795\" data-end=\"2813\">\n<tr data-start=\"2795\" data-end=\"2813\">\n<th class=\"\" data-start=\"2795\" data-end=\"2804\" data-col-size=\"sm\">Parameter<\/th>\n<th class=\"\" data-start=\"2804\" data-end=\"2813\" data-col-size=\"sm\">Wert<\/th>\n<\/tr>\n<\/thead>\n<tbody data-start=\"2824\" data-end=\"3331\">\n<tr data-start=\"2824\" data-end=\"2860\">\n<td data-start=\"2824\" data-end=\"2830\" data-col-size=\"sm\">Modell<\/td>\n<td data-start=\"2830\" data-end=\"2860\" data-col-size=\"sm\">Kampf-Troodon D\/E Gen III<\/td>\n<\/tr>\n<tr data-start=\"2861\" data-end=\"2890\">\n<td data-start=\"2861\" data-end=\"2878\" data-col-size=\"sm\">Produktnummer<\/td>\n<td data-start=\"2878\" data-end=\"2890\" data-col-size=\"sm\">1142-3TA<\/td>\n<\/tr>\n<tr data-start=\"2891\" data-end=\"2923\">\n<td data-start=\"2891\" data-end=\"2905\" data-col-size=\"sm\">Gesamtl\u00e4nge<\/td>\n<td data-start=\"2905\" data-end=\"2923\" data-col-size=\"sm\">ca. 230-240 mm<\/td>\n<\/tr>\n<tr data-start=\"2924\" data-end=\"2954\">\n<td data-start=\"2924\" data-end=\"2937\" data-col-size=\"sm\">L\u00e4nge der Klinge<\/td>\n<td data-start=\"2937\" data-end=\"2954\" data-col-size=\"sm\">ca. 95-100 mm<\/td>\n<\/tr>\n<tr data-start=\"2955\" data-end=\"2989\">\n<td data-start=\"2955\" data-end=\"2971\" data-col-size=\"sm\">Dicke der Klinge<\/td>\n<td data-start=\"2971\" data-end=\"2989\" data-col-size=\"sm\">ca. 3,0-3,5 mm<\/td>\n<\/tr>\n<tr data-start=\"2990\" data-end=\"3023\">\n<td data-start=\"2990\" data-end=\"3005\" data-col-size=\"sm\">L\u00e4nge des Griffs<\/td>\n<td data-start=\"3005\" data-end=\"3023\" data-col-size=\"sm\">ca. 135-140 mm<\/td>\n<\/tr>\n<tr data-start=\"3024\" data-end=\"3050\">\n<td data-start=\"3024\" data-end=\"3033\" data-col-size=\"sm\">Gewicht<\/td>\n<td data-start=\"3033\" data-end=\"3050\" data-col-size=\"sm\">ca. 150-160 g<\/td>\n<\/tr>\n<tr data-start=\"3051\" data-end=\"3082\">\n<td data-start=\"3051\" data-end=\"3061\" data-col-size=\"sm\">Typ der Klinge<\/td>\n<td data-start=\"3061\" data-end=\"3082\" data-col-size=\"sm\">D\/E Voller Wellenschliff<\/td>\n<\/tr>\n<tr data-start=\"3083\" data-end=\"3106\">\n<td data-start=\"3083\" data-end=\"3097\" data-col-size=\"sm\">Oberfl\u00e4che der Klinge<\/td>\n<td data-start=\"3097\" data-end=\"3106\" data-col-size=\"sm\">Schwarz<\/td>\n<\/tr>\n<tr data-start=\"3107\" data-end=\"3143\">\n<td data-start=\"3107\" data-end=\"3125\" data-col-size=\"sm\">Material des Griffs<\/td>\n<td data-start=\"3125\" data-end=\"3143\" data-col-size=\"sm\">6061-T6 Aluminium<\/td>\n<\/tr>\n<tr data-start=\"3144\" data-end=\"3166\">\n<td data-start=\"3144\" data-end=\"3159\" data-col-size=\"sm\">Farbe des Griffs<\/td>\n<td data-start=\"3159\" data-end=\"3166\" data-col-size=\"sm\">Tan<\/td>\n<\/tr>\n<tr data-start=\"3167\" data-end=\"3203\">\n<td data-start=\"3167\" data-end=\"3179\" data-col-size=\"sm\">Mechanismus<\/td>\n<td data-start=\"3179\" data-end=\"3203\" data-col-size=\"sm\">D\/A OTF &#8211; Schiebeverriegelung<\/td>\n<\/tr>\n<tr data-start=\"3204\" data-end=\"3246\">\n<td data-start=\"3204\" data-end=\"3214\" data-col-size=\"sm\">\u00d6ffnen<\/td>\n<td data-start=\"3214\" data-end=\"3246\" data-col-size=\"sm\">Automatisch &#8211; Seitenschieber<\/td>\n<\/tr>\n<tr data-start=\"3247\" data-end=\"3281\">\n<td data-start=\"3247\" data-end=\"3252\" data-col-size=\"sm\">Clip<\/td>\n<td data-start=\"3252\" data-end=\"3281\" data-col-size=\"sm\">Beidh\u00e4ndig tragbar, tief tragend<\/td>\n<\/tr>\n<tr data-start=\"3282\" data-end=\"3311\">\n<td data-start=\"3282\" data-end=\"3291\" data-col-size=\"sm\">Designer<\/td>\n<td data-start=\"3291\" data-end=\"3311\" data-col-size=\"sm\">Anthony Marfione<\/td>\n<\/tr>\n<tr data-start=\"3312\" data-end=\"3331\">\n<td data-start=\"3312\" data-end=\"3324\" data-col-size=\"sm\">Herkunftsland<\/td>\n<td data-start=\"3324\" data-end=\"3331\" data-col-size=\"sm\">USA<\/td>\n<\/tr>\n<\/tbody>\n<\/table>\n<\/div>\n<\/div>\n<p data-start=\"3333\" data-end=\"3352\">\u2705 <strong data-start=\"3335\" data-end=\"3352\">Hauptvorteile<\/strong><\/p>\n<ul data-start=\"3354\" data-end=\"3643\">\n<li data-start=\"3354\" data-end=\"3397\">\n<p data-start=\"3356\" data-end=\"3397\">Schneller und zuverl\u00e4ssiger D\/A OTF-Mechanismus<\/p>\n<\/li>\n<li data-start=\"3398\" data-end=\"3447\">\n<p data-start=\"3400\" data-end=\"3447\">Voll gezahnte D\/E Klinge mit hoher Durchschlagskraft<\/p>\n<\/li>\n<li data-start=\"3448\" data-end=\"3482\">\n<p data-start=\"3450\" data-end=\"3482\">Schwarze Oberfl\u00e4che f\u00fcr weniger Blendung<\/p>\n<\/li>\n<li data-start=\"3483\" data-end=\"3532\">\n<p data-start=\"3485\" data-end=\"3532\">Hochwertiger rostfreier Stahl mit guter Klingenhaltung<\/p>\n<\/li>\n<li data-start=\"3533\" data-end=\"3580\">\n<p data-start=\"3535\" data-end=\"3580\">Ergonomischer Griff mit strukturierter Oberfl\u00e4che<\/p>\n<\/li>\n<li data-start=\"3581\" data-end=\"3643\">\n<p data-start=\"3583\" data-end=\"3643\">Robustes und leichtes Design f\u00fcr den t\u00e4glichen Gebrauch<\/p>\n<\/li>\n<\/ul>\n<p data-start=\"3645\" data-end=\"3665\">\u26a0\ufe0f <strong data-start=\"3648\" data-end=\"3665\">M\u00f6gliche Einschr\u00e4nkungen<\/strong><\/p>\n<ul data-start=\"3667\" data-end=\"3828\">\n<li data-start=\"3667\" data-end=\"3718\">\n<p data-start=\"3669\" data-end=\"3718\">Gezackte Klingen sind schwieriger zu pflegen und zu sch\u00e4rfen<\/p>\n<\/li>\n<li data-start=\"3719\" data-end=\"3774\">\n<p data-start=\"3721\" data-end=\"3774\">H\u00f6here Preiskategorie entsprechend der Premium-Produktion<\/p>\n<\/li>\n<li data-start=\"3775\" data-end=\"3828\">\n<p data-start=\"3777\" data-end=\"3828\">Der automatische Mechanismus erfordert regelm\u00e4\u00dfige Pflege<\/p>\n<\/li>\n<\/ul>\n<p data-start=\"3830\" data-end=\"3851\">\ud83d\udee0\ufe0f <strong data-start=\"3834\" data-end=\"3851\">Wartung und Pflege<\/strong><\/p>\n<ul data-start=\"3853\" data-end=\"4044\">\n<li data-start=\"3853\" data-end=\"3888\">\n<p data-start=\"3855\" data-end=\"3888\">Reinigen und trocknen Sie die Klinge nach dem Gebrauch<\/p>\n<\/li>\n<li data-start=\"3889\" data-end=\"3923\">\n<p data-start=\"3891\" data-end=\"3923\">Halten Sie den Griff trocken und sauber<\/p>\n<\/li>\n<li data-start=\"3924\" data-end=\"3976\">\n<p data-start=\"3926\" data-end=\"3976\">\u00dcberpr\u00fcfen Sie den Mechanismus regelm\u00e4\u00dfig und entfernen Sie jeglichen Schmutz<\/p>\n<\/li>\n<li data-start=\"3977\" data-end=\"4044\">\n<p data-start=\"3979\" data-end=\"4044\">F\u00fcr das Schleifen von gezahnten Klingen werden spezielle Werkzeuge empfohlen<\/p>\n<\/li>\n<\/ul>\n<p data-start=\"4046\" data-end=\"4112\">Die richtige Pflege sorgt f\u00fcr langfristige Zuverl\u00e4ssigkeit und hohe Leistung des Messers.<\/p>\n<p data-start=\"4114\" data-end=\"4135\">\ud83c\udfaf <strong data-start=\"4117\" data-end=\"4135\">Empfohlen f\u00fcr<\/strong><\/p>\n<ul data-start=\"4137\" data-end=\"4320\">\n<li data-start=\"4137\" data-end=\"4171\">\n<p data-start=\"4139\" data-end=\"4171\">Taktischer professioneller Einsatz<\/p>\n<\/li>\n<li data-start=\"4172\" data-end=\"4232\">\n<p data-start=\"4174\" data-end=\"4232\">Benutzer, die h\u00e4ufig mit starren oder faserigen Materialien arbeiten<\/p>\n<\/li>\n<li data-start=\"4233\" data-end=\"4268\">\n<p data-start=\"4235\" data-end=\"4268\">Sammler von hochwertigen OTF-Modellen<\/p>\n<\/li>\n<li data-start=\"4269\" data-end=\"4320\">\n<p data-start=\"4271\" data-end=\"4320\">Benutzer, die kr\u00e4ftige Farbkombinationen bevorzugen<\/p>\n<\/li>\n<\/ul>\n<p data-start=\"4322\" data-end=\"4347\">\u2b50 <strong data-start=\"4324\" data-end=\"4347\">Endg\u00fcltige Bewertung<\/strong><\/p>\n<p data-start=\"4349\" data-end=\"4625\">Das <strong data-start=\"4349\" data-end=\"4398\">Microtech Combat Troodon D\/E Gen III 1142-3TA<\/strong> in Black Full Serrate \/ Tan ist ein hochwertiges taktisches OTF-Messer mit einer aggressiven Klinge mit Wellenschliff, einer robusten Konstruktion und amerikanischer Pr\u00e4zisionsfertigung. Es ist die Wahl f\u00fcr alle, die Leistung, Stil und Funktion ohne Kompromisse wollen \ud83d\udd2a\ud83d\udd25. <\/p>\n","protected":false},"excerpt":{"rendered":"<p><strong>Das Microtech Combat Troodon D\/E Gen III 1142-3TA in Black Full Serrate \/ Tan ist ein hochwertiges taktisches OTF-Messer mit einer aggressiven Klinge mit Wellenschliff, einer robusten Konstruktion und amerikanischer Pr\u00e4zisionsfertigung. Es ist die Wahl f\u00fcr alle, die Leistung, Stil und Funktion ohne Kompromisse wollen \ud83d\udd2a\ud83d\udd25. <\/strong><\/p>\n<p><strong>Kostenloser Versand.<\/strong><\/p>\n","protected":false},"featured_media":437529,"comment_status":"open","ping_status":"closed","template":"","meta":[],"pwb-brand":[3278],"product_brand":[],"product_cat":[3343,3285],"product_tag":[],"class_list":{"0":"post-437681","1":"product","2":"type-product","3":"status-publish","4":"has-post-thumbnail","6":"pwb-brand-microtech-de","7":"product_cat-schiesmesser","8":"product_cat-messer","10":"first","11":"instock","12":"taxable","13":"shipping-taxable","14":"purchasable","15":"product-type-simple"},"brands":[{"id":3278,"name":"Microtech","slug":"microtech-de"}],"_links":{"self":[{"href":"https:\/\/www.moskito.cz\/de\/wp-json\/wp\/v2\/product\/437681","targetHints":{"allow":["GET"]}}],"collection":[{"href":"https:\/\/www.moskito.cz\/de\/wp-json\/wp\/v2\/product"}],"about":[{"href":"https:\/\/www.moskito.cz\/de\/wp-json\/wp\/v2\/types\/product"}],"replies":[{"embeddable":true,"href":"https:\/\/www.moskito.cz\/de\/wp-json\/wp\/v2\/comments?post=437681"}],"wp:featuredmedia":[{"embeddable":true,"href":"https:\/\/www.moskito.cz\/de\/wp-json\/wp\/v2\/media\/437529"}],"wp:attachment":[{"href":"https:\/\/www.moskito.cz\/de\/wp-json\/wp\/v2\/media?parent=437681"}],"wp:term":[{"taxonomy":"pwb-brand","embeddable":true,"href":"https:\/\/www.moskito.cz\/de\/wp-json\/wp\/v2\/pwb-brand?post=437681"},{"taxonomy":"product_brand","embeddable":true,"href":"https:\/\/www.moskito.cz\/de\/wp-json\/wp\/v2\/product_brand?post=437681"},{"taxonomy":"product_cat","embeddable":true,"href":"https:\/\/www.moskito.cz\/de\/wp-json\/wp\/v2\/product_cat?post=437681"},{"taxonomy":"product_tag","embeddable":true,"href":"https:\/\/www.moskito.cz\/de\/wp-json\/wp\/v2\/product_tag?post=437681"}],"curies":[{"name":"wp","href":"https:\/\/api.w.org\/{rel}","templated":true}]}}