{"id":437685,"date":"2026-02-16T15:08:12","date_gmt":"2026-02-16T14:08:12","guid":{"rendered":"https:\/\/www.moskito.cz\/produkt\/auswurfmesser-microtech-combat-troodon-gen-iii-stonewashed-1142-10rd\/"},"modified":"2026-02-16T18:31:18","modified_gmt":"2026-02-16T17:31:18","slug":"auswurfmesser-microtech-combat-troodon-gen-iii-stonewashed-1142-10rd","status":"publish","type":"product","link":"https:\/\/www.moskito.cz\/de\/produkt\/auswurfmesser-microtech-combat-troodon-gen-iii-stonewashed-1142-10rd\/","title":{"rendered":"Auswurfmesser Microtech Combat Troodon Gen III Stonewashed 1142-10RD"},"content":{"rendered":"<p data-start=\"85\" data-end=\"414\">Wenn Sie das <strong data-start=\"108\" data-end=\"158\">Microtech Combat Troodon Gen III D\/E 1142-10RD<\/strong> in die Hand nehmen, werden Sie sofort die Kombination aus pr\u00e4ziser Mechanik und dynamischem taktischem Design sp\u00fcren. Dieses Modell ist eine leistungsstarke Version des legend\u00e4ren Troodon OTF-Messers, bei dem der Kontrast zwischen dem markanten roten Griff und der unauff\u00e4lligen stonewashed Klinge sowohl stilvoll als auch funktional ist. <\/p>\n<p data-start=\"416\" data-end=\"495\">Entworfen von Anthony (Tony) Marfion und komplett hergestellt und montiert in \ud83c\uddfa\ud83c\uddf8 USA.<\/p>\n<p data-start=\"497\" data-end=\"525\">\ud83d\udd25 <strong data-start=\"500\" data-end=\"525\">Charakter und Philosophie<\/strong><\/p>\n<p data-start=\"527\" data-end=\"768\">Das Combat Troodon Gen III ist ein Synonym f\u00fcr Kraft, Zuverl\u00e4ssigkeit und taktische Vielseitigkeit bei OTF-Messern. Die D\/E (Double Edge)-Version bietet eine symmetrische Klinge mit einer Schneide auf beiden Seiten, was die Durchschlagskraft und die Schnittvielfalt f\u00fcr taktische Arbeiten erh\u00f6ht. <\/p>\n<p data-start=\"770\" data-end=\"980\">Der versenkte Seitenschieber sorgt f\u00fcr eine reibungslose und intuitive Bedienung &#8211; die Klinge f\u00e4hrt mit einer Bewegung aus und wieder ein. Der gesamte Mechanismus ist so konzipiert, dass er schnell und zuverl\u00e4ssig ist und bei jedem Einsatz Vertrauen schafft. <\/p>\n<p data-start=\"982\" data-end=\"998\"><strong data-start=\"985\" data-end=\"998\">\ud83c\udfed \u00dcber den Produzenten<\/strong><\/p>\n<p data-start=\"1000\" data-end=\"1159\"><span class=\"hover:entity-accent entity-underline inline cursor-pointer align-baseline\"><span class=\"whitespace-normal\">Microtech Knives<\/span><\/span> ist ein amerikanischer Hersteller mit mehr als 30 Jahren Tradition in der Produktion von hochwertigen Automatik- und OTF-Messern. Typische Merkmale sind: <\/p>\n<ul data-start=\"1161\" data-end=\"1339\">\n<li data-start=\"1161\" data-end=\"1186\">\n<p data-start=\"1163\" data-end=\"1186\">CNC-Pr\u00e4zisionsbearbeitung<\/p>\n<\/li>\n<li data-start=\"1187\" data-end=\"1221\">\n<p data-start=\"1189\" data-end=\"1221\">Patentierte interne Mechanismen<\/p>\n<\/li>\n<li data-start=\"1222\" data-end=\"1255\">\n<p data-start=\"1224\" data-end=\"1255\">Innovative Designl\u00f6sungen<\/p>\n<\/li>\n<li data-start=\"1256\" data-end=\"1285\">\n<p data-start=\"1258\" data-end=\"1285\">Konsistente Qualit\u00e4tskontrolle<\/p>\n<\/li>\n<li data-start=\"1286\" data-end=\"1339\">\n<p data-start=\"1288\" data-end=\"1339\">Unverwechselbares Design mit Fokus auf taktische Funktionalit\u00e4t<\/p>\n<\/li>\n<\/ul>\n<p data-start=\"1341\" data-end=\"1438\">Jedes St\u00fcck wird in den USA unter der Leitung von Anthony Marfione handgefertigt und montiert. <span class=\"hover:entity-accent entity-underline inline cursor-pointer align-baseline\"><span class=\"whitespace-normal\">Anthony Marfione<\/span><\/span>.<\/p>\n<p data-start=\"1440\" data-end=\"1486\">\ud83d\udde1\ufe0f <strong data-start=\"1444\" data-end=\"1486\">Klinge &#8211; D\/E (Double Edge), Stonewashed<\/strong><\/p>\n<p data-start=\"1488\" data-end=\"1543\">Die D\/E-Klinge bietet eine beidseitige Schneide und erm\u00f6glicht:<\/p>\n<ul data-start=\"1545\" data-end=\"1640\">\n<li data-start=\"1545\" data-end=\"1567\">\n<p data-start=\"1547\" data-end=\"1567\">hohe Durchdringung<\/p>\n<\/li>\n<li data-start=\"1568\" data-end=\"1595\">\n<p data-start=\"1570\" data-end=\"1595\">schnelle und effiziente Schnitte<\/p>\n<\/li>\n<li data-start=\"1596\" data-end=\"1640\">\n<p data-start=\"1598\" data-end=\"1640\">symmetrische Geometrie f\u00fcr taktische Aufgaben<\/p>\n<\/li>\n<\/ul>\n<p data-start=\"1642\" data-end=\"1671\">Stonewashed Finish:<\/p>\n<ul data-start=\"1673\" data-end=\"1771\">\n<li data-start=\"1673\" data-end=\"1692\">\n<p data-start=\"1675\" data-end=\"1692\">reduziert Blendung<\/p>\n<\/li>\n<li data-start=\"1693\" data-end=\"1733\">\n<p data-start=\"1695\" data-end=\"1733\">maskiert kleinere Kratzer vom Gebrauch<\/p>\n<\/li>\n<li data-start=\"1734\" data-end=\"1771\">\n<p data-start=\"1736\" data-end=\"1771\">gibt ein \u00e4sthetisch unauff\u00e4lliges Erscheinungsbild<\/p>\n<\/li>\n<\/ul>\n<p data-start=\"1773\" data-end=\"1819\">Symmetrische Klinge mit hoher Schnitthaltigkeit:<\/p>\n<ul data-start=\"1821\" data-end=\"1908\">\n<li data-start=\"1821\" data-end=\"1849\">\n<p data-start=\"1823\" data-end=\"1849\">hervorragende Schneideigenschaften<\/p>\n<\/li>\n<li data-start=\"1850\" data-end=\"1888\">\n<p data-start=\"1852\" data-end=\"1888\">gleichm\u00e4\u00dfige Kraftverteilung beim Schneiden<\/p>\n<\/li>\n<li data-start=\"1889\" data-end=\"1908\">\n<p data-start=\"1891\" data-end=\"1908\">Kippstabilit\u00e4t<\/p>\n<\/li>\n<\/ul>\n<p data-start=\"1910\" data-end=\"1946\">\ud83d\udd2c <strong data-start=\"1913\" data-end=\"1946\">Stahl &#8211; Premium-Edelstahl<\/strong><\/p>\n<p data-start=\"1948\" data-end=\"2016\">Dieses Modell verwendet hochwertige Besteckmaterialien, die sich auszeichnen:<\/p>\n<ul data-start=\"2018\" data-end=\"2142\">\n<li data-start=\"2018\" data-end=\"2043\">\n<p data-start=\"2020\" data-end=\"2043\">hohe Klingenfestigkeit<\/p>\n<\/li>\n<li data-start=\"2044\" data-end=\"2084\">\n<p data-start=\"2046\" data-end=\"2084\">hervorragende Verschlei\u00dffestigkeit<\/p>\n<\/li>\n<li data-start=\"2085\" data-end=\"2113\">\n<p data-start=\"2087\" data-end=\"2113\">gute Korrosionsbest\u00e4ndigkeit<\/p>\n<\/li>\n<li data-start=\"2114\" data-end=\"2142\">\n<p data-start=\"2116\" data-end=\"2142\">geringer Wartungsaufwand<\/p>\n<\/li>\n<\/ul>\n<p data-start=\"2144\" data-end=\"2209\">Dieser Stahl bietet selbst bei anspruchsvolleren Anwendungen eine lang anhaltende Leistung.<\/p>\n<p data-start=\"2211\" data-end=\"2249\">\ud83e\udde9 <strong data-start=\"2214\" data-end=\"2249\">Handgriff &#8211; Rot eloxiertes Aluminium<\/strong><\/p>\n<p data-start=\"2251\" data-end=\"2394\">Der Griff ist aus eloxiertem 6061-T6-Aluminium in roter Farbe gefertigt, die stilvoll aussieht und einen guten Kontrast zur unauff\u00e4lligen Klinge bildet.<\/p>\n<ul data-start=\"2396\" data-end=\"2647\">\n<li data-start=\"2396\" data-end=\"2437\">\n<p data-start=\"2398\" data-end=\"2437\">3D CNC-gefr\u00e4ste Anti-Rutsch-Textur<\/p>\n<\/li>\n<li data-start=\"2438\" data-end=\"2481\">\n<p data-start=\"2440\" data-end=\"2481\">Jimping an der Ober- und Unterseite des Griffs<\/p>\n<\/li>\n<li data-start=\"2482\" data-end=\"2533\">\n<p data-start=\"2484\" data-end=\"2533\">Versenkter Seitenschieber f\u00fcr nat\u00fcrliche Kontrolle<\/p>\n<\/li>\n<li data-start=\"2534\" data-end=\"2590\">\n<p data-start=\"2536\" data-end=\"2590\">Beidh\u00e4ndiger tiefer Trageclip (rechts\/links, mit der Spitze nach unten)<\/p>\n<\/li>\n<li data-start=\"2591\" data-end=\"2647\">\n<p data-start=\"2593\" data-end=\"2647\">Sekund\u00e4re Details wie Seriennummer und Herstellungsdatum<\/p>\n<\/li>\n<\/ul>\n<p data-start=\"2649\" data-end=\"2782\">Die rote Farbe ist sowohl optisch auff\u00e4llig als auch praktisch &#8211; sie l\u00e4sst sich gut mit taktischer Ausr\u00fcstung kombinieren und verdeckt die Spuren des t\u00e4glichen Tragens.<\/p>\n<p data-start=\"2784\" data-end=\"2825\">\u2699\ufe0f <strong data-start=\"2787\" data-end=\"2825\">Technische Daten (indikativ)<\/strong><\/p>\n<p data-start=\"2827\" data-end=\"2876\"><em data-start=\"2827\" data-end=\"2876\">Die Parameter k\u00f6nnen je nach Serie variieren.<\/em><\/p>\n<div class=\"TyagGW_tableContainer\">\n<div class=\"group TyagGW_tableWrapper flex flex-col-reverse w-fit\" tabindex=\"-1\">\n<table class=\"w-fit min-w-(--thread-content-width)\" data-start=\"2878\" data-end=\"3421\">\n<thead data-start=\"2878\" data-end=\"2896\">\n<tr data-start=\"2878\" data-end=\"2896\">\n<th class=\"\" data-start=\"2878\" data-end=\"2887\" data-col-size=\"sm\">Parameter<\/th>\n<th class=\"\" data-start=\"2887\" data-end=\"2896\" data-col-size=\"sm\">Wert<\/th>\n<\/tr>\n<\/thead>\n<tbody data-start=\"2907\" data-end=\"3421\">\n<tr data-start=\"2907\" data-end=\"2943\">\n<td data-start=\"2907\" data-end=\"2913\" data-col-size=\"sm\">Modell<\/td>\n<td data-start=\"2913\" data-end=\"2943\" data-col-size=\"sm\">Kampf-Troodon Gen III D\/E<\/td>\n<\/tr>\n<tr data-start=\"2944\" data-end=\"2974\">\n<td data-start=\"2944\" data-end=\"2961\" data-col-size=\"sm\">Produktnummer<\/td>\n<td data-start=\"2961\" data-end=\"2974\" data-col-size=\"sm\">1142-10RD<\/td>\n<\/tr>\n<tr data-start=\"2975\" data-end=\"3007\">\n<td data-start=\"2975\" data-end=\"2989\" data-col-size=\"sm\">Gesamtl\u00e4nge<\/td>\n<td data-start=\"2989\" data-end=\"3007\" data-col-size=\"sm\">ca. 230-240 mm<\/td>\n<\/tr>\n<tr data-start=\"3008\" data-end=\"3038\">\n<td data-start=\"3008\" data-end=\"3021\" data-col-size=\"sm\">L\u00e4nge der Klinge<\/td>\n<td data-start=\"3021\" data-end=\"3038\" data-col-size=\"sm\">ca. 95-100 mm<\/td>\n<\/tr>\n<tr data-start=\"3039\" data-end=\"3073\">\n<td data-start=\"3039\" data-end=\"3055\" data-col-size=\"sm\">Dicke der Klinge<\/td>\n<td data-start=\"3055\" data-end=\"3073\" data-col-size=\"sm\">ca. 3,0-3,5 mm<\/td>\n<\/tr>\n<tr data-start=\"3074\" data-end=\"3107\">\n<td data-start=\"3074\" data-end=\"3089\" data-col-size=\"sm\">L\u00e4nge des Griffs<\/td>\n<td data-start=\"3089\" data-end=\"3107\" data-col-size=\"sm\">ca. 135-140 mm<\/td>\n<\/tr>\n<tr data-start=\"3108\" data-end=\"3134\">\n<td data-start=\"3108\" data-end=\"3117\" data-col-size=\"sm\">Gewicht<\/td>\n<td data-start=\"3117\" data-end=\"3134\" data-col-size=\"sm\">ca. 150-160 g<\/td>\n<\/tr>\n<tr data-start=\"3135\" data-end=\"3166\">\n<td data-start=\"3135\" data-end=\"3145\" data-col-size=\"sm\">Typ der Klinge<\/td>\n<td data-start=\"3145\" data-end=\"3166\" data-col-size=\"sm\">D\/E (Double Edge)<\/td>\n<\/tr>\n<tr data-start=\"3167\" data-end=\"3196\">\n<td data-start=\"3167\" data-end=\"3181\" data-col-size=\"sm\">Oberfl\u00e4che der Klinge<\/td>\n<td data-start=\"3181\" data-end=\"3196\" data-col-size=\"sm\">Stonewashed<\/td>\n<\/tr>\n<tr data-start=\"3197\" data-end=\"3233\">\n<td data-start=\"3197\" data-end=\"3215\" data-col-size=\"sm\">Material des Griffs<\/td>\n<td data-start=\"3215\" data-end=\"3233\" data-col-size=\"sm\">6061-T6 Aluminium<\/td>\n<\/tr>\n<tr data-start=\"3234\" data-end=\"3256\">\n<td data-start=\"3234\" data-end=\"3249\" data-col-size=\"sm\">Farbe des Griffs<\/td>\n<td data-start=\"3249\" data-end=\"3256\" data-col-size=\"sm\">Rot<\/td>\n<\/tr>\n<tr data-start=\"3257\" data-end=\"3293\">\n<td data-start=\"3257\" data-end=\"3269\" data-col-size=\"sm\">Mechanismus<\/td>\n<td data-start=\"3269\" data-end=\"3293\" data-col-size=\"sm\">D\/A OTF &#8211; Schiebeverriegelung<\/td>\n<\/tr>\n<tr data-start=\"3294\" data-end=\"3336\">\n<td data-start=\"3294\" data-end=\"3304\" data-col-size=\"sm\">\u00d6ffnen<\/td>\n<td data-start=\"3304\" data-end=\"3336\" data-col-size=\"sm\">Automatisch &#8211; Seitenschieber<\/td>\n<\/tr>\n<tr data-start=\"3337\" data-end=\"3371\">\n<td data-start=\"3337\" data-end=\"3342\" data-col-size=\"sm\">Clip<\/td>\n<td data-start=\"3342\" data-end=\"3371\" data-col-size=\"sm\">Beidh\u00e4ndig tragbar, tief tragend<\/td>\n<\/tr>\n<tr data-start=\"3372\" data-end=\"3401\">\n<td data-start=\"3372\" data-end=\"3381\" data-col-size=\"sm\">Designer<\/td>\n<td data-start=\"3381\" data-end=\"3401\" data-col-size=\"sm\">Anthony Marfione<\/td>\n<\/tr>\n<tr data-start=\"3402\" data-end=\"3421\">\n<td data-start=\"3402\" data-end=\"3414\" data-col-size=\"sm\">Herkunftsland<\/td>\n<td data-start=\"3414\" data-end=\"3421\" data-col-size=\"sm\">USA<\/td>\n<\/tr>\n<\/tbody>\n<\/table>\n<\/div>\n<\/div>\n<p data-start=\"3423\" data-end=\"3442\">\u2705 <strong data-start=\"3425\" data-end=\"3442\">Hauptvorteile<\/strong><\/p>\n<ul data-start=\"3444\" data-end=\"3746\">\n<li data-start=\"3444\" data-end=\"3484\">\n<p data-start=\"3446\" data-end=\"3484\">Leistungsstarker und schneller D\/A OTF-Mechanismus<\/p>\n<\/li>\n<li data-start=\"3485\" data-end=\"3543\">\n<p data-start=\"3487\" data-end=\"3543\">D\/E-Klinge mit hoher Durchschlagskraft und universeller Leistung<\/p>\n<\/li>\n<li data-start=\"3544\" data-end=\"3616\">\n<p data-start=\"3546\" data-end=\"3616\">Stonewashed-Oberfl\u00e4che zur Reduzierung von Blendeffekten und zum optischen Schutz vor Abnutzung<\/p>\n<\/li>\n<li data-start=\"3617\" data-end=\"3667\">\n<p data-start=\"3619\" data-end=\"3667\">Hochwertiger rostfreier Stahl mit hoher Klingenfestigkeit<\/p>\n<\/li>\n<li data-start=\"3668\" data-end=\"3717\">\n<p data-start=\"3670\" data-end=\"3717\">Ergonomischer Griff mit rutschfester Textur<\/p>\n<\/li>\n<li data-start=\"3718\" data-end=\"3746\">\n<p data-start=\"3720\" data-end=\"3746\">Solide und leichte Konstruktion<\/p>\n<\/li>\n<\/ul>\n<p data-start=\"3748\" data-end=\"3768\">\u26a0\ufe0f <strong data-start=\"3751\" data-end=\"3768\">M\u00f6gliche Einschr\u00e4nkungen<\/strong><\/p>\n<ul data-start=\"3770\" data-end=\"3946\">\n<li data-start=\"3770\" data-end=\"3831\">\n<p data-start=\"3772\" data-end=\"3831\">H\u00f6here Preiskategorie, die einer hochwertigen Verarbeitung entspricht<\/p>\n<\/li>\n<li data-start=\"3832\" data-end=\"3890\">\n<p data-start=\"3834\" data-end=\"3890\">Die doppelte Schneide ist nicht ideal f\u00fcr einige feine Schneideaufgaben<\/p>\n<\/li>\n<li data-start=\"3891\" data-end=\"3946\">\n<p data-start=\"3893\" data-end=\"3946\">Der automatische Mechanismus erfordert regelm\u00e4\u00dfige Wartung<\/p>\n<\/li>\n<\/ul>\n<p data-start=\"3948\" data-end=\"3969\">\ud83d\udee0\ufe0f <strong data-start=\"3952\" data-end=\"3969\">Wartung und Pflege<\/strong><\/p>\n<ul data-start=\"3971\" data-end=\"4223\">\n<li data-start=\"3971\" data-end=\"4006\">\n<p data-start=\"3973\" data-end=\"4006\">Reinigen und trocknen Sie die Klinge nach dem Gebrauch<\/p>\n<\/li>\n<li data-start=\"4007\" data-end=\"4041\">\n<p data-start=\"4009\" data-end=\"4041\">Halten Sie den Griff trocken und sauber<\/p>\n<\/li>\n<li data-start=\"4042\" data-end=\"4094\">\n<p data-start=\"4044\" data-end=\"4094\">\u00dcberpr\u00fcfen Sie den Mechanismus regelm\u00e4\u00dfig und entfernen Sie jeglichen Schmutz<\/p>\n<\/li>\n<li data-start=\"4095\" data-end=\"4155\">\n<p data-start=\"4097\" data-end=\"4155\">Schmieren Sie die Klinge f\u00fcr eine l\u00e4ngere Lagerung leicht mit Schutz\u00f6l ein<\/p>\n<\/li>\n<li data-start=\"4156\" data-end=\"4223\">\n<p data-start=\"4158\" data-end=\"4223\">Zum Sch\u00e4rfen der Klinge empfehlen wir ein Qualit\u00e4tssystem f\u00fcr eine glatte Schneide<\/p>\n<\/li>\n<\/ul>\n<p data-start=\"4225\" data-end=\"4293\">Eine sorgf\u00e4ltige Wartung sorgt f\u00fcr langfristige Zuverl\u00e4ssigkeit und hohe Leistung des Messers.<\/p>\n<p data-start=\"4295\" data-end=\"4316\">\ud83c\udfaf <strong data-start=\"4298\" data-end=\"4316\">Empfohlen f\u00fcr<\/strong><\/p>\n<ul data-start=\"4318\" data-end=\"4462\">\n<li data-start=\"4318\" data-end=\"4343\">\n<p data-start=\"4320\" data-end=\"4343\">Anspruchsvolle EDC-Benutzer<\/p>\n<\/li>\n<li data-start=\"4344\" data-end=\"4378\">\n<p data-start=\"4346\" data-end=\"4378\">Professioneller taktischer Einsatz<\/p>\n<\/li>\n<li data-start=\"4379\" data-end=\"4412\">\n<p data-start=\"4381\" data-end=\"4412\">Sammler von hochwertigen OTF-Messern<\/p>\n<\/li>\n<li data-start=\"4413\" data-end=\"4462\">\n<p data-start=\"4415\" data-end=\"4462\">Benutzer, die eine unverwechselbare Grifffarbe bevorzugen<\/p>\n<\/li>\n<\/ul>\n<p data-start=\"4464\" data-end=\"4489\">\u2b50 <strong data-start=\"4466\" data-end=\"4489\">Endg\u00fcltige Bewertung<\/strong><\/p>\n<p data-start=\"4491\" data-end=\"4780\">Das <strong data-start=\"4491\" data-end=\"4541\">Microtech Combat Troodon Gen III D\/E 1142-10RD<\/strong> kombiniert starke taktische Leistung, amerikanische Pr\u00e4zisionsfertigung und einen optisch ansprechenden Kontrast zwischen dem roten Griff und der unauff\u00e4lligen Stonewashed-Klinge. Jeder, der ein zuverl\u00e4ssiges und robustes OTF-Messer ohne Kompromisse sucht, wird dieses Modell sch\u00e4tzen \ud83d\udd2a\ud83d\udd25. <\/p>\n","protected":false},"excerpt":{"rendered":"<p><strong>Das Microtech Combat Troodon Gen III D\/E 1142-10RD kombiniert starke taktische Leistung, amerikanische Pr\u00e4zisionsfertigung und einen optisch ansprechenden Kontrast zwischen dem roten Griff und der unauff\u00e4lligen Stonewashed-Klinge. Jeder, der ein zuverl\u00e4ssiges und robustes OTF-Messer ohne Kompromisse sucht, wird dieses Modell sch\u00e4tzen \ud83d\udd2a\ud83d\udd25. <\/strong><\/p>\n<p><strong>Kostenloser Versand.<\/strong><\/p>\n","protected":false},"featured_media":437494,"comment_status":"open","ping_status":"closed","template":"","meta":[],"pwb-brand":[3278],"product_brand":[],"product_cat":[3343,3285],"product_tag":[],"class_list":{"0":"post-437685","1":"product","2":"type-product","3":"status-publish","4":"has-post-thumbnail","6":"pwb-brand-microtech-de","7":"product_cat-schiesmesser","8":"product_cat-messer","10":"first","11":"instock","12":"taxable","13":"shipping-taxable","14":"purchasable","15":"product-type-simple"},"brands":[{"id":3278,"name":"Microtech","slug":"microtech-de"}],"_links":{"self":[{"href":"https:\/\/www.moskito.cz\/de\/wp-json\/wp\/v2\/product\/437685","targetHints":{"allow":["GET"]}}],"collection":[{"href":"https:\/\/www.moskito.cz\/de\/wp-json\/wp\/v2\/product"}],"about":[{"href":"https:\/\/www.moskito.cz\/de\/wp-json\/wp\/v2\/types\/product"}],"replies":[{"embeddable":true,"href":"https:\/\/www.moskito.cz\/de\/wp-json\/wp\/v2\/comments?post=437685"}],"wp:featuredmedia":[{"embeddable":true,"href":"https:\/\/www.moskito.cz\/de\/wp-json\/wp\/v2\/media\/437494"}],"wp:attachment":[{"href":"https:\/\/www.moskito.cz\/de\/wp-json\/wp\/v2\/media?parent=437685"}],"wp:term":[{"taxonomy":"pwb-brand","embeddable":true,"href":"https:\/\/www.moskito.cz\/de\/wp-json\/wp\/v2\/pwb-brand?post=437685"},{"taxonomy":"product_brand","embeddable":true,"href":"https:\/\/www.moskito.cz\/de\/wp-json\/wp\/v2\/product_brand?post=437685"},{"taxonomy":"product_cat","embeddable":true,"href":"https:\/\/www.moskito.cz\/de\/wp-json\/wp\/v2\/product_cat?post=437685"},{"taxonomy":"product_tag","embeddable":true,"href":"https:\/\/www.moskito.cz\/de\/wp-json\/wp\/v2\/product_tag?post=437685"}],"curies":[{"name":"wp","href":"https:\/\/api.w.org\/{rel}","templated":true}]}}