{"id":437701,"date":"2026-02-16T14:38:47","date_gmt":"2026-02-16T13:38:47","guid":{"rendered":"https:\/\/www.moskito.cz\/produkt\/auswurfmesser-microtech-glykon-stonewashed-185-10\/"},"modified":"2026-02-16T18:31:36","modified_gmt":"2026-02-16T17:31:36","slug":"auswurfmesser-microtech-glykon-stonewashed-185-10","status":"publish","type":"product","link":"https:\/\/www.moskito.cz\/de\/produkt\/auswurfmesser-microtech-glykon-stonewashed-185-10\/","title":{"rendered":"Auswurfmesser Microtech Glykon Stonewashed 185-10"},"content":{"rendered":"<p data-start=\"72\" data-end=\"376\">Sobald Sie das Microtech Glykon T\/E OTF 185-10 &#8211; Black Handle \/ Stonewashed Blade in die Hand nehmen, sp\u00fcren Sie sofort die Kombination aus pr\u00e4ziser Mechanik und robustem taktischen Design. Diese Konfiguration kombiniert einen mattschwarzen Griff mit einer haltbaren Stonewashed-Klinge, die sich technisch, unaufdringlich und gleichzeitig extrem funktionell anf\u00fchlt. <\/p>\n<p data-start=\"378\" data-end=\"487\">Entworfen von Anthony (Tony) Marfion und 100% hergestellt und montiert in den <span class=\"hover:entity-accent entity-underline inline cursor-pointer align-baseline\"><span class=\"whitespace-normal\">USA<\/span><\/span> \ud83c\uddfa\ud83c\uddf8.<\/p>\n<p data-start=\"489\" data-end=\"517\">\ud83d\udd25 <strong data-start=\"492\" data-end=\"517\">Charakter und Philosophie<\/strong><\/p>\n<p data-start=\"519\" data-end=\"747\">Das Glykon ist eine moderne Interpretation eines taktischen OTF-Messers, das auf Zuverl\u00e4ssigkeit, Kraft und intuitive Kontrolle ausgerichtet ist. Der vertiefte Seitenschlitten bietet dem Daumen nat\u00fcrlichen Halt und eine reibungslose Handhabung beim Ausfahren und Zur\u00fcckziehen der Klinge. <\/p>\n<p data-start=\"749\" data-end=\"941\">Das Modell arbeitet im D\/A-Modus (Double Action) &#8211; die Klinge wird mit einer Bewegung des Daumens aus- und eingefahren. Der Mechanismus ist schnell, dynamisch und gleichzeitig kontrollierbar dank eines pr\u00e4zise eingestellten Federwiderstands. <\/p>\n<p data-start=\"943\" data-end=\"1043\">Das Gesamtdesign bietet ein voll ausgestattetes taktisches Werkzeug, das dennoch bequem als EDC zu tragen ist.<\/p>\n<p data-start=\"1045\" data-end=\"1061\"><strong data-start=\"1048\" data-end=\"1061\">\ud83c\udfed \u00dcber den Produzenten<\/strong><\/p>\n<p data-start=\"1063\" data-end=\"1217\"><span class=\"hover:entity-accent entity-underline inline cursor-pointer align-baseline\"><span class=\"whitespace-normal\">Microtech Knives<\/span><\/span> ist eine amerikanische Marke mit mehr als 30 Jahren Tradition in der Herstellung von hochwertigen Automatik- und OTF-Messern. Typische Merkmale sind: <\/p>\n<ul data-start=\"1219\" data-end=\"1370\">\n<li data-start=\"1219\" data-end=\"1244\">\n<p data-start=\"1221\" data-end=\"1244\">CNC-Pr\u00e4zisionsbearbeitung<\/p>\n<\/li>\n<li data-start=\"1245\" data-end=\"1276\">\n<p data-start=\"1247\" data-end=\"1276\">Patentierte Verschl\u00fcsse<\/p>\n<\/li>\n<li data-start=\"1277\" data-end=\"1310\">\n<p data-start=\"1279\" data-end=\"1310\">Innovative interne Mechanismen<\/p>\n<\/li>\n<li data-start=\"1311\" data-end=\"1340\">\n<p data-start=\"1313\" data-end=\"1340\">Integrierter Glasbrecher<\/p>\n<\/li>\n<li data-start=\"1341\" data-end=\"1370\">\n<p data-start=\"1343\" data-end=\"1370\">Konsistente Qualit\u00e4tskontrolle<\/p>\n<\/li>\n<\/ul>\n<p data-start=\"1372\" data-end=\"1463\">Jedes St\u00fcck wird in den USA unter der Leitung von Anthony Marfione hergestellt und montiert. <span class=\"hover:entity-accent entity-underline inline cursor-pointer align-baseline\"><span class=\"whitespace-normal\">Anthony Marfione<\/span><\/span>.<\/p>\n<p data-start=\"1465\" data-end=\"1509\">\ud83d\udde1\ufe0f <strong data-start=\"1469\" data-end=\"1509\">Klinge &#8211; T\/E (Tanto Edge) Stonewashed<\/strong><\/p>\n<p data-start=\"1511\" data-end=\"1662\">Die T\/E (Tanto Edge) Klinge kombiniert eine scharfe Spitze und einen geraden Schnitt f\u00fcr maximale Durchschlagskraft und Spitzenst\u00e4rke, die f\u00fcr das Tanto-Profil charakteristisch sind.<\/p>\n<p data-start=\"1664\" data-end=\"1693\">Stonewashed Finish:<\/p>\n<ul data-start=\"1695\" data-end=\"1803\">\n<li data-start=\"1695\" data-end=\"1735\">\n<p data-start=\"1697\" data-end=\"1735\">maskiert kleinere Kratzer vom Gebrauch<\/p>\n<\/li>\n<li data-start=\"1736\" data-end=\"1755\">\n<p data-start=\"1738\" data-end=\"1755\">reduziert Blendung<\/p>\n<\/li>\n<li data-start=\"1756\" data-end=\"1803\">\n<p data-start=\"1758\" data-end=\"1803\">erh\u00f6ht die Widerstandsf\u00e4higkeit gegen optische Abnutzung<\/p>\n<\/li>\n<\/ul>\n<p data-start=\"1805\" data-end=\"1836\">Der hohe flache Schnitt garantiert:<\/p>\n<ul data-start=\"1838\" data-end=\"1907\">\n<li data-start=\"1838\" data-end=\"1866\">\n<p data-start=\"1840\" data-end=\"1866\">hervorragende Schneideigenschaften<\/p>\n<\/li>\n<li data-start=\"1867\" data-end=\"1889\">\n<p data-start=\"1869\" data-end=\"1889\">hohe Durchdringung<\/p>\n<\/li>\n<li data-start=\"1890\" data-end=\"1907\">\n<p data-start=\"1892\" data-end=\"1907\">Spitzenst\u00e4rke<\/p>\n<\/li>\n<\/ul>\n<p data-start=\"1909\" data-end=\"1945\">\ud83d\udd2c <strong data-start=\"1912\" data-end=\"1945\">Stahl &#8211; Premium-Edelstahl<\/strong><\/p>\n<p data-start=\"1947\" data-end=\"2028\">Der verwendete Stahl geh\u00f6rt zum Premium-Segment der modernen Schneidstoffe. Er bietet: <\/p>\n<ul data-start=\"2030\" data-end=\"2150\">\n<li data-start=\"2030\" data-end=\"2067\">\n<p data-start=\"2032\" data-end=\"2067\">hohe Verschlei\u00dffestigkeit<\/p>\n<\/li>\n<li data-start=\"2068\" data-end=\"2097\">\n<p data-start=\"2070\" data-end=\"2097\">ausgezeichnete Korrosionsbest\u00e4ndigkeit<\/p>\n<\/li>\n<li data-start=\"2098\" data-end=\"2123\">\n<p data-start=\"2100\" data-end=\"2123\">lange Klingenhaltung<\/p>\n<\/li>\n<li data-start=\"2124\" data-end=\"2150\">\n<p data-start=\"2126\" data-end=\"2150\">geringer Wartungsaufwand<\/p>\n<\/li>\n<\/ul>\n<p data-start=\"2152\" data-end=\"2253\">Diese Eigenschaften sind typisch f\u00fcr die pulvermetallurgischen St\u00e4hle, die in den Premium-Modellen von Microtech verwendet werden.<\/p>\n<p data-start=\"2255\" data-end=\"2286\">\ud83e\udde9 <strong data-start=\"2258\" data-end=\"2286\">Handgriff &#8211; Schwarzes Aluminium<\/strong><\/p>\n<p data-start=\"2288\" data-end=\"2418\">Der Griff ist aus eloxiertem 6061-T6 Aluminium in Schwarz gefertigt, was dem Messer einen sauberen taktischen Look und hohe Haltbarkeit verleiht.<\/p>\n<ul data-start=\"2420\" data-end=\"2729\">\n<li data-start=\"2420\" data-end=\"2461\">\n<p data-start=\"2422\" data-end=\"2461\">3D CNC-gefr\u00e4ste Anti-Rutsch-Textur<\/p>\n<\/li>\n<li data-start=\"2462\" data-end=\"2506\">\n<p data-start=\"2464\" data-end=\"2506\">Jimping an der Ober- und Unterseite des Griffs<\/p>\n<\/li>\n<li data-start=\"2507\" data-end=\"2558\">\n<p data-start=\"2509\" data-end=\"2558\">Versenkter Seitenschieber f\u00fcr nat\u00fcrliche Kontrolle<\/p>\n<\/li>\n<li data-start=\"2559\" data-end=\"2589\">\n<p data-start=\"2561\" data-end=\"2589\">Schlankes Profil, geeignet f\u00fcr EDC<\/p>\n<\/li>\n<li data-start=\"2590\" data-end=\"2632\">\n<p data-start=\"2592\" data-end=\"2632\">Tiefer Trageclip (rechts\/links, mit der Spitze nach unten)<\/p>\n<\/li>\n<li data-start=\"2633\" data-end=\"2681\">\n<p data-start=\"2635\" data-end=\"2681\">Clip mit Logo, Seriennummer und Herstellungsdatum<\/p>\n<\/li>\n<li data-start=\"2682\" data-end=\"2729\">\n<p data-start=\"2684\" data-end=\"2729\">Glasbrecher mit Wolframkarbidkugel<\/p>\n<\/li>\n<\/ul>\n<p data-start=\"2731\" data-end=\"2807\">Die mattschwarze Oberfl\u00e4che ist praktisch, unauff\u00e4llig und verdeckt gut die Gebrauchsspuren.<\/p>\n<p data-start=\"2809\" data-end=\"2837\">\u2699\ufe0f <strong data-start=\"2812\" data-end=\"2837\">Technische Daten<\/strong><\/p>\n<p data-start=\"2839\" data-end=\"2911\"><em data-start=\"2839\" data-end=\"2911\">Hinweis: Die Werte sind ungef\u00e4hre Angaben und k\u00f6nnen je nach Serie variieren.<\/em><\/p>\n<div class=\"TyagGW_tableContainer\">\n<div class=\"group TyagGW_tableWrapper flex flex-col-reverse w-fit\" tabindex=\"-1\">\n<table class=\"w-fit min-w-(--thread-content-width)\" data-start=\"2913\" data-end=\"3404\">\n<thead data-start=\"2913\" data-end=\"2931\">\n<tr data-start=\"2913\" data-end=\"2931\">\n<th class=\"\" data-start=\"2913\" data-end=\"2922\" data-col-size=\"sm\">Parameter<\/th>\n<th class=\"\" data-start=\"2922\" data-end=\"2931\" data-col-size=\"sm\">Wert<\/th>\n<\/tr>\n<\/thead>\n<tbody data-start=\"2942\" data-end=\"3404\">\n<tr data-start=\"2942\" data-end=\"2964\">\n<td data-start=\"2942\" data-end=\"2948\" data-col-size=\"sm\">Modell<\/td>\n<td data-col-size=\"sm\" data-start=\"2948\" data-end=\"2964\">Glykon T\/E OTF<\/td>\n<\/tr>\n<tr data-start=\"2965\" data-end=\"2990\">\n<td data-start=\"2965\" data-end=\"2982\" data-col-size=\"sm\">Produktnummer<\/td>\n<td data-col-size=\"sm\" data-start=\"2982\" data-end=\"2990\">185-10<\/td>\n<\/tr>\n<tr data-start=\"2991\" data-end=\"3021\">\n<td data-start=\"2991\" data-end=\"3005\" data-col-size=\"sm\">Gesamtl\u00e4nge<\/td>\n<td data-col-size=\"sm\" data-start=\"3005\" data-end=\"3021\">ca. 220-230 mm<\/td>\n<\/tr>\n<tr data-start=\"3022\" data-end=\"3049\">\n<td data-start=\"3022\" data-end=\"3035\" data-col-size=\"sm\">L\u00e4nge der Klinge<\/td>\n<td data-col-size=\"sm\" data-start=\"3035\" data-end=\"3049\">ca. 90-95 mm<\/td>\n<\/tr>\n<tr data-start=\"3050\" data-end=\"3082\">\n<td data-start=\"3050\" data-end=\"3066\" data-col-size=\"sm\">Dicke der Klinge<\/td>\n<td data-col-size=\"sm\" data-start=\"3066\" data-end=\"3082\">ca. 3,0-3,5 mm<\/td>\n<\/tr>\n<tr data-start=\"3083\" data-end=\"3114\">\n<td data-start=\"3083\" data-end=\"3098\" data-col-size=\"sm\">L\u00e4nge des Griffs<\/td>\n<td data-col-size=\"sm\" data-start=\"3098\" data-end=\"3114\">ca. 130-135 mm<\/td>\n<\/tr>\n<tr data-start=\"3115\" data-end=\"3139\">\n<td data-start=\"3115\" data-end=\"3124\" data-col-size=\"sm\">Gewicht<\/td>\n<td data-col-size=\"sm\" data-start=\"3124\" data-end=\"3139\">ca. 130-140 g<\/td>\n<\/tr>\n<tr data-start=\"3140\" data-end=\"3168\">\n<td data-start=\"3140\" data-end=\"3150\" data-col-size=\"sm\">Art der Klinge<\/td>\n<td data-start=\"3150\" data-end=\"3168\" data-col-size=\"sm\">T\/E (Tanto-Klinge)<\/td>\n<\/tr>\n<tr data-start=\"3169\" data-end=\"3196\">\n<td data-start=\"3169\" data-end=\"3183\" data-col-size=\"sm\">Oberfl\u00e4che der Klinge<\/td>\n<td data-col-size=\"sm\" data-start=\"3183\" data-end=\"3196\">Stonewashed<\/td>\n<\/tr>\n<tr data-start=\"3197\" data-end=\"3231\">\n<td data-start=\"3197\" data-end=\"3215\" data-col-size=\"sm\">Material des Griffs<\/td>\n<td data-col-size=\"sm\" data-start=\"3215\" data-end=\"3231\">6061-T6 Aluminium<\/td>\n<\/tr>\n<tr data-start=\"3232\" data-end=\"3254\">\n<td data-start=\"3232\" data-end=\"3247\" data-col-size=\"sm\">Farbe des Griffs<\/td>\n<td data-col-size=\"sm\" data-start=\"3247\" data-end=\"3254\">Schwarz<\/td>\n<\/tr>\n<tr data-start=\"3255\" data-end=\"3289\">\n<td data-start=\"3255\" data-end=\"3267\" data-col-size=\"sm\">Mechanismus<\/td>\n<td data-col-size=\"sm\" data-start=\"3267\" data-end=\"3289\">D\/A OTF &#8211; Schiebeverriegelung<\/td>\n<\/tr>\n<tr data-start=\"3290\" data-end=\"3330\">\n<td data-start=\"3290\" data-end=\"3300\" data-col-size=\"sm\">\u00d6ffnen<\/td>\n<td data-col-size=\"sm\" data-start=\"3300\" data-end=\"3330\">Automatisch &#8211; Seitenschieber<\/td>\n<\/tr>\n<tr data-start=\"3331\" data-end=\"3358\">\n<td data-start=\"3331\" data-end=\"3336\" data-col-size=\"sm\">Clip<\/td>\n<td data-start=\"3336\" data-end=\"3358\" data-col-size=\"sm\">Rechts\/links, mit der Spitze nach unten<\/td>\n<\/tr>\n<tr data-start=\"3359\" data-end=\"3386\">\n<td data-start=\"3359\" data-end=\"3368\" data-col-size=\"sm\">Designer<\/td>\n<td data-col-size=\"sm\" data-start=\"3368\" data-end=\"3386\">Anthony Marfione<\/td>\n<\/tr>\n<tr data-start=\"3387\" data-end=\"3404\">\n<td data-start=\"3387\" data-end=\"3399\" data-col-size=\"sm\">Herkunftsland<\/td>\n<td data-col-size=\"sm\" data-start=\"3399\" data-end=\"3404\">USA<\/td>\n<\/tr>\n<\/tbody>\n<\/table>\n<\/div>\n<\/div>\n<p data-start=\"3406\" data-end=\"3425\">\u2705 <strong data-start=\"3408\" data-end=\"3425\">Hauptvorteile<\/strong><\/p>\n<ul data-start=\"3427\" data-end=\"3675\">\n<li data-start=\"3427\" data-end=\"3466\">\n<p data-start=\"3429\" data-end=\"3466\">\u00c4u\u00dferst schneller D\/A OTF-Mechanismus<\/p>\n<\/li>\n<li data-start=\"3467\" data-end=\"3508\">\n<p data-start=\"3469\" data-end=\"3508\">T\/E Tanto-Klinge mit hoher Durchschlagskraft<\/p>\n<\/li>\n<li data-start=\"3509\" data-end=\"3554\">\n<p data-start=\"3511\" data-end=\"3554\">Stonewashed verschlei\u00dffeste Oberfl\u00e4che<\/p>\n<\/li>\n<li data-start=\"3555\" data-end=\"3605\">\n<p data-start=\"3557\" data-end=\"3605\">Premium-Edelstahl mit langer Klingenhaltbarkeit<\/p>\n<\/li>\n<li data-start=\"3606\" data-end=\"3636\">\n<p data-start=\"3608\" data-end=\"3636\">Ergonomischer Seitenschieber<\/p>\n<\/li>\n<li data-start=\"3637\" data-end=\"3675\">\n<p data-start=\"3639\" data-end=\"3675\">Starke und leichte Aluminiumkonstruktion<\/p>\n<\/li>\n<\/ul>\n<p data-start=\"3677\" data-end=\"3697\">\u26a0\ufe0f <strong data-start=\"3680\" data-end=\"3697\">M\u00f6gliche Einschr\u00e4nkungen<\/strong><\/p>\n<ul data-start=\"3699\" data-end=\"3865\">\n<li data-start=\"3699\" data-end=\"3754\">\n<p data-start=\"3701\" data-end=\"3754\">Der automatische Mechanismus erfordert regelm\u00e4\u00dfige Wartung<\/p>\n<\/li>\n<li data-start=\"3755\" data-end=\"3810\">\n<p data-start=\"3757\" data-end=\"3810\">H\u00f6here Preiskategorie entsprechend der Premium-Produktion<\/p>\n<\/li>\n<li data-start=\"3811\" data-end=\"3865\">\n<p data-start=\"3813\" data-end=\"3865\">Die robuste Spitze ist nicht ideal f\u00fcr extrem feine Schnitte<\/p>\n<\/li>\n<\/ul>\n<p data-start=\"3867\" data-end=\"3888\">\ud83d\udee0\ufe0f <strong data-start=\"3871\" data-end=\"3888\">Wartung und Pflege<\/strong><\/p>\n<ul data-start=\"3890\" data-end=\"4132\">\n<li data-start=\"3890\" data-end=\"3925\">\n<p data-start=\"3892\" data-end=\"3925\">Reinigen und trocknen Sie die Klinge nach dem Gebrauch<\/p>\n<\/li>\n<li data-start=\"3926\" data-end=\"3960\">\n<p data-start=\"3928\" data-end=\"3960\">Halten Sie den Griff sauber und trocken<\/p>\n<\/li>\n<li data-start=\"3961\" data-end=\"4021\">\n<p data-start=\"3963\" data-end=\"4021\">Schmieren Sie die Klinge f\u00fcr eine l\u00e4ngere Lagerung leicht mit Schutz\u00f6l ein<\/p>\n<\/li>\n<li data-start=\"4022\" data-end=\"4074\">\n<p data-start=\"4024\" data-end=\"4074\">\u00dcberpr\u00fcfen Sie den Mechanismus regelm\u00e4\u00dfig und entfernen Sie jeglichen Schmutz<\/p>\n<\/li>\n<li data-start=\"4075\" data-end=\"4132\">\n<p data-start=\"4077\" data-end=\"4132\">Verwenden Sie ein hochwertiges System f\u00fcr reibungsloses Schleifen<\/p>\n<\/li>\n<\/ul>\n<p data-start=\"4134\" data-end=\"4201\">Regelm\u00e4\u00dfige Pflege sorgt f\u00fcr langfristige Zuverl\u00e4ssigkeit und maximale Leistung.<\/p>\n<p data-start=\"4203\" data-end=\"4224\">\ud83c\udfaf <strong data-start=\"4206\" data-end=\"4224\">Empfohlen f\u00fcr<\/strong><\/p>\n<ul data-start=\"4226\" data-end=\"4372\">\n<li data-start=\"4226\" data-end=\"4251\">\n<p data-start=\"4228\" data-end=\"4251\">Anspruchsvolle EDC-Benutzer<\/p>\n<\/li>\n<li data-start=\"4252\" data-end=\"4286\">\n<p data-start=\"4254\" data-end=\"4286\">Professioneller taktischer Einsatz<\/p>\n<\/li>\n<li data-start=\"4287\" data-end=\"4320\">\n<p data-start=\"4289\" data-end=\"4320\">Sammler von hochwertigen OTF-Messern<\/p>\n<\/li>\n<li data-start=\"4321\" data-end=\"4372\">\n<p data-start=\"4323\" data-end=\"4372\">Benutzer, die einen unauff\u00e4lligen taktischen Look bevorzugen<\/p>\n<\/li>\n<\/ul>\n<p data-start=\"4374\" data-end=\"4399\">\u2b50 <strong data-start=\"4376\" data-end=\"4399\">Endg\u00fcltige Bewertung<\/strong><\/p>\n<p data-start=\"4401\" data-end=\"4719\">Das Microtech Glykon T\/E OTF 185-10 in der Konfiguration Black Handle \/ Stonewashed Blade ist eine perfekt ausbalancierte Kombination aus aggressiver Leistung, pr\u00e4ziser amerikanischer Fertigung und praktischer Haltbarkeit f\u00fcr den t\u00e4glichen Gebrauch. Es ist ein modernes taktisches Werkzeug, das Geschwindigkeit, Zuverl\u00e4ssigkeit und unverwechselbaren Charakter ohne Kompromisse bietet \ud83d\udd2a\ud83d\udd25. <\/p>\n","protected":false},"excerpt":{"rendered":"<p><strong>Das Microtech Glykon T\/E OTF 185-10 in der Konfiguration Black Handle \/ Stonewashed Blade ist eine perfekt ausbalancierte Kombination aus aggressiver Leistung, pr\u00e4ziser amerikanischer Fertigung und praktischer Haltbarkeit f\u00fcr den t\u00e4glichen Gebrauch. Es ist ein modernes taktisches Werkzeug, das Geschwindigkeit, Zuverl\u00e4ssigkeit und unverwechselbaren Charakter ohne Kompromisse bietet \ud83d\udd2a\ud83d\udd25. <\/strong><\/p>\n<p><strong>Kostenloser Versand.<\/strong><\/p>\n","protected":false},"featured_media":437437,"comment_status":"open","ping_status":"closed","template":"","meta":[],"pwb-brand":[3278],"product_brand":[],"product_cat":[3343,3285],"product_tag":[],"class_list":{"0":"post-437701","1":"product","2":"type-product","3":"status-publish","4":"has-post-thumbnail","6":"pwb-brand-microtech-de","7":"product_cat-schiesmesser","8":"product_cat-messer","10":"first","11":"instock","12":"taxable","13":"shipping-taxable","14":"purchasable","15":"product-type-simple"},"brands":[{"id":3278,"name":"Microtech","slug":"microtech-de"}],"_links":{"self":[{"href":"https:\/\/www.moskito.cz\/de\/wp-json\/wp\/v2\/product\/437701","targetHints":{"allow":["GET"]}}],"collection":[{"href":"https:\/\/www.moskito.cz\/de\/wp-json\/wp\/v2\/product"}],"about":[{"href":"https:\/\/www.moskito.cz\/de\/wp-json\/wp\/v2\/types\/product"}],"replies":[{"embeddable":true,"href":"https:\/\/www.moskito.cz\/de\/wp-json\/wp\/v2\/comments?post=437701"}],"wp:featuredmedia":[{"embeddable":true,"href":"https:\/\/www.moskito.cz\/de\/wp-json\/wp\/v2\/media\/437437"}],"wp:attachment":[{"href":"https:\/\/www.moskito.cz\/de\/wp-json\/wp\/v2\/media?parent=437701"}],"wp:term":[{"taxonomy":"pwb-brand","embeddable":true,"href":"https:\/\/www.moskito.cz\/de\/wp-json\/wp\/v2\/pwb-brand?post=437701"},{"taxonomy":"product_brand","embeddable":true,"href":"https:\/\/www.moskito.cz\/de\/wp-json\/wp\/v2\/product_brand?post=437701"},{"taxonomy":"product_cat","embeddable":true,"href":"https:\/\/www.moskito.cz\/de\/wp-json\/wp\/v2\/product_cat?post=437701"},{"taxonomy":"product_tag","embeddable":true,"href":"https:\/\/www.moskito.cz\/de\/wp-json\/wp\/v2\/product_tag?post=437701"}],"curies":[{"name":"wp","href":"https:\/\/api.w.org\/{rel}","templated":true}]}}