{"id":438503,"date":"2026-02-19T14:53:34","date_gmt":"2026-02-19T13:53:34","guid":{"rendered":"https:\/\/www.moskito.cz\/?post_type=product&#038;p=438503"},"modified":"2026-03-09T12:55:48","modified_gmt":"2026-03-09T11:55:48","slug":"microtech-luminary-dagger-d-e-otf-half-serrated-dlc-stonewash-with-surefire-stilettoe-pro-ii-1270-3dlctset","status":"publish","type":"product","link":"https:\/\/www.moskito.cz\/de\/produkt\/microtech-luminary-dagger-d-e-otf-half-serrated-dlc-stonewash-with-surefire-stilettoe-pro-ii-1270-3dlctset\/","title":{"rendered":"MICROTECH LUMINARY DAGGER D\/E OTF HALF SERRATED DLC STONEWASH WITH SUREFIRE STILETTOE PRO II 1270-3DLCTSET"},"content":{"rendered":"<p data-start=\"0\" data-end=\"112\"><strong data-start=\"0\" data-end=\"112\">Vyst\u0159elovac\u00ed N\u016f\u017e Microtech Luminary Dagger D\/E OTF \u2013 1270\u20113DLCTSET \u2013 Half Serrated \u2013 DLC Stonewash \u2013 Box Set<\/strong><\/p>\n<p data-start=\"114\" data-end=\"511\">Jakmile vezme\u0161 do ruky Microtech Luminary Dagger D\/E OTF\u202f1270\u20113DLCTSET, okam\u017eit\u011b zaujme jeho futuristick\u00e1 konstrukce, extr\u00e9mn\u011b hladk\u00fd chod mechanismu a exkluzivn\u00ed proveden\u00ed vznikl\u00e9 ve spolupr\u00e1ci zna\u010dek <span class=\"hover:entity-accent entity-underline inline cursor-pointer align-baseline\"><span class=\"whitespace-normal\">Microtech Knives<\/span><\/span> a <span class=\"hover:entity-accent entity-underline inline cursor-pointer align-baseline\"><span class=\"whitespace-normal\">SureFire<\/span><\/span>. Tento sb\u011bratelsk\u00fd Box Set spojuje \u0161pi\u010dkov\u00fd OTF n\u016f\u017e a profesion\u00e1ln\u00ed taktickou sv\u00edtilnu do dokonale slad\u011bn\u00e9ho syst\u00e9mu.<\/p>\n<p data-start=\"513\" data-end=\"540\">Vyrobeno a sestaveno v USA.<\/p>\n<p data-start=\"542\" data-end=\"570\">\ud83d\udd25 <strong data-start=\"545\" data-end=\"570\">Charakter a filozofie<\/strong><\/p>\n<p data-start=\"572\" data-end=\"852\">Model Luminary je pokro\u010dil\u00e1 konstrukce s revolu\u010dn\u00edm syst\u00e9mem <strong data-start=\"633\" data-end=\"657\">Zero Blade Tolerance<\/strong>, kter\u00fd minimalizuje v\u016fli \u010depele a zvy\u0161uje stabilitu p\u0159i \u0159ezu. O bezchybn\u00fd chod se star\u00e1 <strong data-start=\"746\" data-end=\"800\">ultra\u2011plynul\u00fd dvojit\u00fd pohon (dual\u2011fuel drivetrain)<\/strong> pro rychl\u00e9 a spolehliv\u00e9 vysunut\u00ed i zasunut\u00ed \u010depele.<\/p>\n<p data-start=\"854\" data-end=\"1141\">Minimalistick\u00e1 rukoje\u0165 bez viditeln\u00fdch \u0161roub\u016f je dopln\u011bna posuvn\u00fdm ovlada\u010dem s <strong data-start=\"933\" data-end=\"954\">tritiovou vlo\u017ekou<\/strong> pro snadnou orientaci za zhor\u0161en\u00fdch sv\u011bteln\u00fdch podm\u00ednek. Integrovan\u00fd syst\u00e9m <strong data-start=\"1031\" data-end=\"1046\">Crud Kutter<\/strong> aktivn\u011b br\u00e1n\u00ed hromad\u011bn\u00ed prachu a vl\u00e1ken v mechanismu a pom\u00e1h\u00e1 udr\u017eet dlouhodobou spolehlivost.<\/p>\n<p data-start=\"1143\" data-end=\"1159\">\ud83c\udfed <strong data-start=\"1146\" data-end=\"1159\">O v\u00fdrobci<\/strong><\/p>\n<p data-start=\"1161\" data-end=\"1491\">Americk\u00fd v\u00fdrobce <span class=\"hover:entity-accent entity-underline inline cursor-pointer align-baseline\"><span class=\"whitespace-normal\">Microtech Knives<\/span><\/span>, zalo\u017een\u00fd design\u00e9rem <span class=\"hover:entity-accent entity-underline inline cursor-pointer align-baseline\"><span class=\"whitespace-normal\">Tony Marfione<\/span><\/span>, je zn\u00e1m\u00fd precizn\u00ed CNC v\u00fdrobou, inovativn\u00ed mechanikou a pou\u017eit\u00edm pr\u00e9miov\u00fdch materi\u00e1l\u016f. Spolupr\u00e1ce se zna\u010dkou <span class=\"hover:entity-accent entity-underline inline cursor-pointer align-baseline\"><span class=\"whitespace-normal\">SureFire<\/span><\/span> spojuje \u0161pi\u010dku v oblasti no\u017e\u016f a profesion\u00e1ln\u00edho taktick\u00e9ho osv\u011btlen\u00ed.<\/p>\n<p data-start=\"1493\" data-end=\"1530\">\ud83d\udde1\ufe0f <strong data-start=\"1497\" data-end=\"1530\">\u010cepel \u2013 D\/E Half Serrated DLC<\/strong><\/p>\n<p data-start=\"1532\" data-end=\"1677\">D\u00fdkov\u00e1 \u010depel s dvojitou hranou (<em data-start=\"1564\" data-end=\"1584\">Double Edge Dagger<\/em>) a \u010d\u00e1ste\u010dn\u00fdm zoubkov\u00e1n\u00edm kombinuje \u010dist\u00fd \u0159ez hladk\u00e9 hrany s agresivn\u00edm z\u00e1b\u011brem zubat\u00e9 \u010d\u00e1sti.<\/p>\n<p data-start=\"1679\" data-end=\"1693\">Profil nab\u00edz\u00ed:<\/p>\n<ul data-start=\"1695\" data-end=\"1869\">\n<li data-start=\"1695\" data-end=\"1741\">\n<p data-start=\"1697\" data-end=\"1741\">vysokou pr\u016fraznost a symetrickou geometrii<\/p>\n<\/li>\n<li data-start=\"1742\" data-end=\"1774\">\n<p data-start=\"1744\" data-end=\"1774\">univerz\u00e1ln\u00ed \u0159ezn\u00e9 vlastnosti<\/p>\n<\/li>\n<li data-start=\"1775\" data-end=\"1817\">\n<p data-start=\"1777\" data-end=\"1817\">ploch\u00fd v\u00fdbrus pro stabiln\u00ed veden\u00ed \u0159ezu<\/p>\n<\/li>\n<li data-start=\"1818\" data-end=\"1869\">\n<p data-start=\"1820\" data-end=\"1869\">DLC povrch s vysokou odolnost\u00ed proti opot\u0159eben\u00ed<\/p>\n<\/li>\n<\/ul>\n<p data-start=\"1871\" data-end=\"1920\">\u010cepel je ru\u010dn\u011b brou\u0161ena design\u00e9rem Tony Marfione.<\/p>\n<p data-start=\"1922\" data-end=\"1949\">\ud83d\udd2c <strong data-start=\"1925\" data-end=\"1949\">Ocel \u2013 B\u00f6hler M390MK<\/strong><\/p>\n<p data-start=\"1951\" data-end=\"2022\">Pro \u010depel je pou\u017eita pr\u00e9miov\u00e1 pr\u00e1\u0161kov\u00e1 nerezov\u00e1 ocel <strong data-start=\"2004\" data-end=\"2021\">B\u00f6hler M390MK<\/strong>.<\/p>\n<p data-start=\"2024\" data-end=\"2040\">Charakteristika:<\/p>\n<ul data-start=\"2042\" data-end=\"2185\">\n<li data-start=\"2042\" data-end=\"2068\">\n<p data-start=\"2044\" data-end=\"2068\">v\u00fdjime\u010dn\u00e9 dr\u017een\u00ed ost\u0159\u00ed<\/p>\n<\/li>\n<li data-start=\"2069\" data-end=\"2101\">\n<p data-start=\"2071\" data-end=\"2101\">vysok\u00e1 odolnost proti korozi<\/p>\n<\/li>\n<li data-start=\"2102\" data-end=\"2140\">\n<p data-start=\"2104\" data-end=\"2140\">extr\u00e9mn\u00ed odolnost proti opot\u0159eben\u00ed<\/p>\n<\/li>\n<li data-start=\"2141\" data-end=\"2185\">\n<p data-start=\"2143\" data-end=\"2185\">stabiln\u00ed v\u00fdkon p\u0159i dlouhodob\u00e9m pou\u017e\u00edv\u00e1n\u00ed<\/p>\n<\/li>\n<\/ul>\n<p data-start=\"2187\" data-end=\"2224\">\ud83e\udde9 <strong data-start=\"2190\" data-end=\"2224\">Rukoje\u0165 \u2013 \u010dern\u00fd leteck\u00fd hlin\u00edk<\/strong><\/p>\n<p data-start=\"2226\" data-end=\"2345\">Rukoje\u0165 z hluboce grav\u00edrovan\u00e9ho leteck\u00e9ho hlin\u00edku nab\u00edz\u00ed vysokou pevnost p\u0159i n\u00edzk\u00e9 hmotnosti a \u010dist\u00fd, technick\u00fd vzhled.<\/p>\n<p data-start=\"2347\" data-end=\"2358\">Vlastnosti:<\/p>\n<ul data-start=\"2360\" data-end=\"2523\">\n<li data-start=\"2360\" data-end=\"2398\">\n<p data-start=\"2362\" data-end=\"2398\">ergonomick\u00fd profil pro jist\u00fd \u00fachop<\/p>\n<\/li>\n<li data-start=\"2399\" data-end=\"2438\">\n<p data-start=\"2401\" data-end=\"2438\">posuvn\u00fd ovlada\u010d s tritiovou vlo\u017ekou<\/p>\n<\/li>\n<li data-start=\"2439\" data-end=\"2485\">\n<p data-start=\"2441\" data-end=\"2485\">titanov\u00fd kapesn\u00ed klip pro prav\u00e1ky i lev\u00e1ky<\/p>\n<\/li>\n<li data-start=\"2486\" data-end=\"2523\">\n<p data-start=\"2488\" data-end=\"2523\">konstrukce bez viditeln\u00fdch \u0161roub\u016f<\/p>\n<\/li>\n<\/ul>\n<p data-start=\"2525\" data-end=\"2556\">\ud83d\udca1 <strong data-start=\"2528\" data-end=\"2556\">Taktick\u00e1 sv\u00edtilna v setu<\/strong><\/p>\n<p data-start=\"2558\" data-end=\"2842\">Sou\u010d\u00e1st\u00ed setu je profesion\u00e1ln\u00ed sv\u00edtilna se t\u0159emi \u00farovn\u011bmi v\u00fdkonu od diskr\u00e9tn\u00edch 25 lumen\u016f a\u017e po 1\u202f500 lumen\u016f. Sv\u011bteln\u00fd v\u00fdkon 35\u202f000 kandela umo\u017e\u0148uje dlouh\u00fd dosvit a p\u0159esn\u011b definovan\u00fd ku\u017eel sv\u011btla. Konstrukce z grav\u00edrovan\u00e9ho leteck\u00e9ho hlin\u00edku a titanov\u00fd klip designov\u011b navazuj\u00ed na n\u016f\u017e.<\/p>\n<p data-start=\"2844\" data-end=\"2875\">\ud83d\udce6 <strong data-start=\"2847\" data-end=\"2875\">Obsah sb\u011bratelsk\u00e9ho setu<\/strong><\/p>\n<ul data-start=\"2877\" data-end=\"3087\">\n<li data-start=\"2877\" data-end=\"2907\">\n<p data-start=\"2879\" data-end=\"2907\">Microtech Luminary OTF n\u016f\u017e<\/p>\n<\/li>\n<li data-start=\"2908\" data-end=\"2929\">\n<p data-start=\"2910\" data-end=\"2929\">taktick\u00e1 sv\u00edtilna<\/p>\n<\/li>\n<li data-start=\"2930\" data-end=\"2959\">\n<p data-start=\"2932\" data-end=\"2959\">kolabora\u010dn\u00ed pam\u011btn\u00ed mince<\/p>\n<\/li>\n<li data-start=\"2960\" data-end=\"2993\">\n<p data-start=\"2962\" data-end=\"2993\">podepsan\u00fd certifik\u00e1t pravosti<\/p>\n<\/li>\n<li data-start=\"2994\" data-end=\"3012\">\n<p data-start=\"2996\" data-end=\"3012\">nab\u00edjec\u00ed kabel<\/p>\n<\/li>\n<li data-start=\"3013\" data-end=\"3033\">\n<p data-start=\"3015\" data-end=\"3033\">servisn\u00ed n\u00e1stroj<\/p>\n<\/li>\n<li data-start=\"3034\" data-end=\"3087\">\n<p data-start=\"3036\" data-end=\"3087\">ochrann\u00fd kufr Nanuk\u202f904 s p\u0159esn\u011b tvarovanou p\u011bnou<\/p>\n<\/li>\n<\/ul>\n<p data-start=\"3089\" data-end=\"3123\">\u2699\ufe0f <strong data-start=\"3092\" data-end=\"3123\">Technick\u00e9 specifikace \u2013 n\u016f\u017e<\/strong><\/p>\n<div class=\"TyagGW_tableContainer\">\n<div class=\"group TyagGW_tableWrapper flex flex-col-reverse w-fit\" tabindex=\"-1\">\n<table class=\"w-fit min-w-(--thread-content-width)\" data-start=\"3125\" data-end=\"3688\">\n<thead data-start=\"3125\" data-end=\"3143\">\n<tr data-start=\"3125\" data-end=\"3143\">\n<th class=\"\" data-start=\"3125\" data-end=\"3134\" data-col-size=\"sm\">Parametr<\/th>\n<th class=\"\" data-start=\"3134\" data-end=\"3143\" data-col-size=\"sm\">Hodnota<\/th>\n<\/tr>\n<\/thead>\n<tbody data-start=\"3154\" data-end=\"3688\">\n<tr data-start=\"3154\" data-end=\"3187\">\n<td data-start=\"3154\" data-end=\"3160\" data-col-size=\"sm\">Model<\/td>\n<td data-col-size=\"sm\" data-start=\"3160\" data-end=\"3187\">Luminary Dagger D\/E OTF<\/td>\n<\/tr>\n<tr data-start=\"3188\" data-end=\"3222\">\n<td data-start=\"3188\" data-end=\"3205\" data-col-size=\"sm\">Produktov\u00e9 \u010d\u00edslo<\/td>\n<td data-col-size=\"sm\" data-start=\"3205\" data-end=\"3222\">1270\u20113DLCTSET<\/td>\n<\/tr>\n<tr data-start=\"3223\" data-end=\"3251\">\n<td data-start=\"3223\" data-end=\"3237\" data-col-size=\"sm\">Celkov\u00e1 d\u00e9lka<\/td>\n<td data-col-size=\"sm\" data-start=\"3237\" data-end=\"3251\">cca 219\u202fmm<\/td>\n<\/tr>\n<tr data-start=\"3252\" data-end=\"3278\">\n<td data-start=\"3252\" data-end=\"3265\" data-col-size=\"sm\">D\u00e9lka \u010depele<\/td>\n<td data-col-size=\"sm\" data-start=\"3265\" data-end=\"3278\">cca 92\u202fmm<\/td>\n<\/tr>\n<tr data-start=\"3279\" data-end=\"3316\">\n<td data-start=\"3279\" data-end=\"3302\" data-col-size=\"sm\">D\u00e9lka v zav\u0159en\u00e9m stavu<\/td>\n<td data-col-size=\"sm\" data-start=\"3302\" data-end=\"3316\">cca 127\u202fmm<\/td>\n<\/tr>\n<tr data-start=\"3317\" data-end=\"3347\">\n<td data-start=\"3317\" data-end=\"3333\" data-col-size=\"sm\">Tlou\u0161\u0165ka \u010depele<\/td>\n<td data-col-size=\"sm\" data-start=\"3333\" data-end=\"3347\">cca 2,8\u202fmm<\/td>\n<\/tr>\n<tr data-start=\"3348\" data-end=\"3381\">\n<td data-start=\"3348\" data-end=\"3359\" data-col-size=\"sm\">Typ \u010depele<\/td>\n<td data-col-size=\"sm\" data-start=\"3359\" data-end=\"3381\">Double Edge Dagger<\/td>\n<\/tr>\n<tr data-start=\"3382\" data-end=\"3405\">\n<td data-start=\"3382\" data-end=\"3398\" data-col-size=\"sm\">\u010c\u00e1ste\u010dn\u011b zubat\u00e1<\/td>\n<td data-col-size=\"sm\" data-start=\"3398\" data-end=\"3405\">Ano<\/td>\n<\/tr>\n<tr data-start=\"3406\" data-end=\"3427\">\n<td data-start=\"3406\" data-end=\"3420\" data-col-size=\"sm\">Povrch \u010depele<\/td>\n<td data-col-size=\"sm\" data-start=\"3420\" data-end=\"3427\">DLC<\/td>\n<\/tr>\n<tr data-start=\"3428\" data-end=\"3461\">\n<td data-start=\"3428\" data-end=\"3444\" data-col-size=\"sm\">Materi\u00e1l \u010depele<\/td>\n<td data-col-size=\"sm\" data-start=\"3444\" data-end=\"3461\">B\u00f6hler M390MK<\/td>\n<\/tr>\n<tr data-start=\"3462\" data-end=\"3510\">\n<td data-start=\"3462\" data-end=\"3480\" data-col-size=\"sm\">Materi\u00e1l rukojeti<\/td>\n<td data-col-size=\"sm\" data-start=\"3480\" data-end=\"3510\">Grav\u00edrovan\u00fd leteck\u00fd hlin\u00edk<\/td>\n<\/tr>\n<tr data-start=\"3511\" data-end=\"3544\">\n<td data-start=\"3511\" data-end=\"3529\" data-col-size=\"sm\">Tlou\u0161\u0165ka rukojeti<\/td>\n<td data-col-size=\"sm\" data-start=\"3529\" data-end=\"3544\">cca 11,8\u202fmm<\/td>\n<\/tr>\n<tr data-start=\"3545\" data-end=\"3578\">\n<td data-start=\"3545\" data-end=\"3557\" data-col-size=\"sm\">Mechanismus<\/td>\n<td data-col-size=\"sm\" data-start=\"3557\" data-end=\"3578\">Double\u2011Action OTF<\/td>\n<\/tr>\n<tr data-start=\"3579\" data-end=\"3614\">\n<td data-start=\"3579\" data-end=\"3585\" data-col-size=\"sm\">Z\u00e1mek<\/td>\n<td data-col-size=\"sm\" data-start=\"3585\" data-end=\"3614\">Posuvn\u00fd ovlada\u010d s tritiem<\/td>\n<\/tr>\n<tr data-start=\"3615\" data-end=\"3645\">\n<td data-start=\"3615\" data-end=\"3620\" data-col-size=\"sm\">Klip<\/td>\n<td data-col-size=\"sm\" data-start=\"3620\" data-end=\"3645\">Titanov\u00fd, oboustrann\u00fd<\/td>\n<\/tr>\n<tr data-start=\"3646\" data-end=\"3668\">\n<td data-start=\"3646\" data-end=\"3655\" data-col-size=\"sm\">Hmotnost<\/td>\n<td data-col-size=\"sm\" data-start=\"3655\" data-end=\"3668\">cca 112\u202fg<\/td>\n<\/tr>\n<tr data-start=\"3669\" data-end=\"3688\">\n<td data-start=\"3669\" data-end=\"3681\" data-col-size=\"sm\">Zem\u011b p\u016fvodu<\/td>\n<td data-col-size=\"sm\" data-start=\"3681\" data-end=\"3688\">USA<\/td>\n<\/tr>\n<\/tbody>\n<\/table>\n<\/div>\n<\/div>\n<p data-start=\"3690\" data-end=\"3729\">\u2699\ufe0f <strong data-start=\"3693\" data-end=\"3729\">Technick\u00e9 specifikace \u2013 sv\u00edtilna<\/strong><\/p>\n<div class=\"TyagGW_tableContainer\">\n<div class=\"group TyagGW_tableWrapper flex flex-col-reverse w-fit\" tabindex=\"-1\">\n<table class=\"w-fit min-w-(--thread-content-width)\" data-start=\"3731\" data-end=\"3995\">\n<thead data-start=\"3731\" data-end=\"3749\">\n<tr data-start=\"3731\" data-end=\"3749\">\n<th class=\"\" data-start=\"3731\" data-end=\"3740\" data-col-size=\"sm\">Parametr<\/th>\n<th class=\"\" data-start=\"3740\" data-end=\"3749\" data-col-size=\"sm\">Hodnota<\/th>\n<\/tr>\n<\/thead>\n<tbody data-start=\"3760\" data-end=\"3995\">\n<tr data-start=\"3760\" data-end=\"3780\">\n<td data-start=\"3760\" data-end=\"3766\" data-col-size=\"sm\">D\u00e9lka<\/td>\n<td data-col-size=\"sm\" data-start=\"3766\" data-end=\"3780\">cca 121\u202fmm<\/td>\n<\/tr>\n<tr data-start=\"3781\" data-end=\"3806\">\n<td data-start=\"3781\" data-end=\"3793\" data-col-size=\"sm\">\u0160\u00ed\u0159ka hlavy<\/td>\n<td data-col-size=\"sm\" data-start=\"3793\" data-end=\"3806\">cca 43\u202fmm<\/td>\n<\/tr>\n<tr data-start=\"3807\" data-end=\"3831\">\n<td data-start=\"3807\" data-end=\"3816\" data-col-size=\"sm\">Tlou\u0161\u0165ka<\/td>\n<td data-col-size=\"sm\" data-start=\"3816\" data-end=\"3831\">cca 21,9\u202fmm<\/td>\n<\/tr>\n<tr data-start=\"3832\" data-end=\"3868\">\n<td data-start=\"3832\" data-end=\"3852\" data-col-size=\"sm\">Max. sv\u011bteln\u00fd v\u00fdkon<\/td>\n<td data-col-size=\"sm\" data-start=\"3852\" data-end=\"3868\">1\u202f500 lumen\u016f<\/td>\n<\/tr>\n<tr data-start=\"3869\" data-end=\"3894\">\n<td data-start=\"3869\" data-end=\"3876\" data-col-size=\"sm\">Dosvit<\/td>\n<td data-col-size=\"sm\" data-start=\"3876\" data-end=\"3894\">35\u202f000 kandela<\/td>\n<\/tr>\n<tr data-start=\"3895\" data-end=\"3934\">\n<td data-start=\"3895\" data-end=\"3904\" data-col-size=\"sm\">Materi\u00e1l<\/td>\n<td data-col-size=\"sm\" data-start=\"3904\" data-end=\"3934\">Grav\u00edrovan\u00fd leteck\u00fd hlin\u00edk<\/td>\n<\/tr>\n<tr data-start=\"3935\" data-end=\"3952\">\n<td data-start=\"3935\" data-end=\"3940\" data-col-size=\"sm\">Klip<\/td>\n<td data-col-size=\"sm\" data-start=\"3940\" data-end=\"3952\">Titanov\u00fd<\/td>\n<\/tr>\n<tr data-start=\"3953\" data-end=\"3975\">\n<td data-start=\"3953\" data-end=\"3962\" data-col-size=\"sm\">Hmotnost<\/td>\n<td data-col-size=\"sm\" data-start=\"3962\" data-end=\"3975\">cca 140\u202fg<\/td>\n<\/tr>\n<tr data-start=\"3976\" data-end=\"3995\">\n<td data-start=\"3976\" data-end=\"3988\" data-col-size=\"sm\">Zem\u011b p\u016fvodu<\/td>\n<td data-col-size=\"sm\" data-start=\"3988\" data-end=\"3995\">USA<\/td>\n<\/tr>\n<\/tbody>\n<\/table>\n<\/div>\n<\/div>\n<p data-start=\"3997\" data-end=\"4016\">\u2705 <strong data-start=\"3999\" data-end=\"4016\">Hlavn\u00ed v\u00fdhody<\/strong><\/p>\n<ul data-start=\"4018\" data-end=\"4223\">\n<li data-start=\"4018\" data-end=\"4062\">\n<p data-start=\"4020\" data-end=\"4062\">exkluzivn\u00ed kolaborativn\u00ed sb\u011bratelsk\u00fd set<\/p>\n<\/li>\n<li data-start=\"4063\" data-end=\"4122\">\n<p data-start=\"4065\" data-end=\"4122\">Zero Blade Tolerance konstrukce s minim\u00e1ln\u00ed v\u016fl\u00ed \u010depele<\/p>\n<\/li>\n<li data-start=\"4123\" data-end=\"4156\">\n<p data-start=\"4125\" data-end=\"4156\">ultra\u2011plynul\u00fd chod mechanismu<\/p>\n<\/li>\n<li data-start=\"4157\" data-end=\"4181\">\n<p data-start=\"4159\" data-end=\"4181\">pr\u00e9miov\u00e1 ocel M390MK<\/p>\n<\/li>\n<li data-start=\"4182\" data-end=\"4223\">\n<p data-start=\"4184\" data-end=\"4223\">profesion\u00e1ln\u00ed kombinace sv\u011btla a \u0159ezu<\/p>\n<\/li>\n<\/ul>\n<p data-start=\"4225\" data-end=\"4245\">\u26a0\ufe0f <strong data-start=\"4228\" data-end=\"4245\">Mo\u017en\u00e1 omezen\u00ed<\/strong><\/p>\n<ul data-start=\"4247\" data-end=\"4338\">\n<li data-start=\"4247\" data-end=\"4282\">\n<p data-start=\"4249\" data-end=\"4282\">limitovan\u00e9 a pr\u00e9miov\u00e9 proveden\u00ed<\/p>\n<\/li>\n<li data-start=\"4283\" data-end=\"4338\">\n<p data-start=\"4285\" data-end=\"4338\">automatick\u00fd mechanismus vy\u017eaduje pravidelnou \u00fadr\u017ebu<\/p>\n<\/li>\n<\/ul>\n<p data-start=\"4340\" data-end=\"4361\">\ud83d\udee0\ufe0f <strong data-start=\"4344\" data-end=\"4361\">\u00dadr\u017eba a p\u00e9\u010de<\/strong><\/p>\n<p data-start=\"4363\" data-end=\"4501\">Po pou\u017eit\u00ed \u010depel o\u010disti a osu\u0161i.<br data-start=\"4395\" data-end=\"4398\" \/>Mechanismus udr\u017euj \u010dist\u00fd a pravideln\u011b lehce ma\u017e vhodn\u00fdm olejem.<br data-start=\"4461\" data-end=\"4464\" \/>Rukoje\u0165 udr\u017euj suchou a bez ne\u010distot.<\/p>\n<p data-start=\"4503\" data-end=\"4524\">\ud83c\udfaf <strong data-start=\"4506\" data-end=\"4524\">Doporu\u010deno pro<\/strong><\/p>\n<ul data-start=\"4526\" data-end=\"4666\">\n<li data-start=\"4526\" data-end=\"4560\">\n<p data-start=\"4528\" data-end=\"4560\">profesion\u00e1ln\u00ed taktick\u00e9 pou\u017eit\u00ed<\/p>\n<\/li>\n<li data-start=\"4561\" data-end=\"4593\">\n<p data-start=\"4563\" data-end=\"4593\">sb\u011bratele limitovan\u00fdch edic\u00ed<\/p>\n<\/li>\n<li data-start=\"4594\" data-end=\"4609\">\n<p data-start=\"4596\" data-end=\"4609\">n\u00e1ro\u010dn\u00e9 EDC<\/p>\n<\/li>\n<li data-start=\"4610\" data-end=\"4666\">\n<p data-start=\"4612\" data-end=\"4666\">u\u017eivatele vy\u017eaduj\u00edc\u00ed maxim\u00e1ln\u00ed technologickou \u00farove\u0148<\/p>\n<\/li>\n<\/ul>\n<p data-start=\"4668\" data-end=\"4693\">\u2b50 <strong data-start=\"4670\" data-end=\"4693\">Z\u00e1v\u011bre\u010dn\u00e9 hodnocen\u00ed<\/strong><\/p>\n<p data-start=\"4695\" data-end=\"4927\" data-is-last-node=\"\" data-is-only-node=\"\">Vyst\u0159elovac\u00ed n\u016f\u017e Microtech Luminary Dagger D\/E OTF\u202f1270\u20113DLCTSET p\u0159edstavuje technologicky vysp\u011bl\u00fd n\u00e1stroj, kter\u00fd spojuje \u0161pi\u010dkovou mechaniku, pr\u00e9miov\u00e9 materi\u00e1ly a profesion\u00e1ln\u00ed osv\u011btlen\u00ed do jednoho v\u00fdjime\u010dn\u00e9ho sb\u011bratelsk\u00e9ho setu \ud83d\udd2a<\/p>\n","protected":false},"excerpt":{"rendered":"<p><strong>Vyst\u0159elovac\u00ed n\u016f\u017e Microtech Luminary Dagger D\/E OTF\u202f1270\u20113DLCTSET p\u0159edstavuje technologicky vysp\u011bl\u00fd n\u00e1stroj, kter\u00fd spojuje \u0161pi\u010dkovou mechaniku, pr\u00e9miov\u00e9 materi\u00e1ly a profesion\u00e1ln\u00ed osv\u011btlen\u00ed do jednoho v\u00fdjime\u010dn\u00e9ho sb\u011bratelsk\u00e9ho setu \ud83d\udd2a<\/strong><\/p>\n<p><strong>Doprava zdarma.<\/strong><\/p>\n","protected":false},"featured_media":438504,"comment_status":"open","ping_status":"closed","template":"","meta":[],"pwb-brand":[431],"product_brand":[],"product_cat":[2019,17],"product_tag":[],"class_list":{"0":"post-438503","1":"product","2":"type-product","3":"status-publish","4":"has-post-thumbnail","6":"pwb-brand-microtech","7":"product_cat-vystrelovaci-noze","8":"product_cat-noze","10":"first","11":"instock","12":"taxable","13":"shipping-taxable","14":"purchasable","15":"product-type-simple"},"brands":[{"id":431,"name":"Microtech","slug":"microtech"}],"_links":{"self":[{"href":"https:\/\/www.moskito.cz\/de\/wp-json\/wp\/v2\/product\/438503","targetHints":{"allow":["GET"]}}],"collection":[{"href":"https:\/\/www.moskito.cz\/de\/wp-json\/wp\/v2\/product"}],"about":[{"href":"https:\/\/www.moskito.cz\/de\/wp-json\/wp\/v2\/types\/product"}],"replies":[{"embeddable":true,"href":"https:\/\/www.moskito.cz\/de\/wp-json\/wp\/v2\/comments?post=438503"}],"wp:featuredmedia":[{"embeddable":true,"href":"https:\/\/www.moskito.cz\/de\/wp-json\/wp\/v2\/media\/438504"}],"wp:attachment":[{"href":"https:\/\/www.moskito.cz\/de\/wp-json\/wp\/v2\/media?parent=438503"}],"wp:term":[{"taxonomy":"pwb-brand","embeddable":true,"href":"https:\/\/www.moskito.cz\/de\/wp-json\/wp\/v2\/pwb-brand?post=438503"},{"taxonomy":"product_brand","embeddable":true,"href":"https:\/\/www.moskito.cz\/de\/wp-json\/wp\/v2\/product_brand?post=438503"},{"taxonomy":"product_cat","embeddable":true,"href":"https:\/\/www.moskito.cz\/de\/wp-json\/wp\/v2\/product_cat?post=438503"},{"taxonomy":"product_tag","embeddable":true,"href":"https:\/\/www.moskito.cz\/de\/wp-json\/wp\/v2\/product_tag?post=438503"}],"curies":[{"name":"wp","href":"https:\/\/api.w.org\/{rel}","templated":true}]}}