{"id":439827,"date":"2022-04-17T12:44:58","date_gmt":"2022-04-17T11:44:58","guid":{"rendered":"https:\/\/www.moskito.cz\/produkt\/samurai-schwert-boeker-magnum-akito\/"},"modified":"2026-03-02T13:59:45","modified_gmt":"2026-03-02T12:59:45","slug":"samurai-schwert-boeker-magnum-akito","status":"publish","type":"product","link":"https:\/\/www.moskito.cz\/de\/produkt\/samurai-schwert-boeker-magnum-akito\/","title":{"rendered":"Samurai-Schwert B\u00f6ker Magnum Akito"},"content":{"rendered":"<p>Samurai-Schwert B\u00f6ker Magnum Akito<\/p>\n<p>Magnum Akito ist ein echtes Funktionsschwert. Es eignet sich nicht nur f\u00fcr Kata (\u00dcbungsformen) oder Iaito (Zeichen\u00fcbungen), sondern auch f\u00fcr Tameshigiri (Schnitttests). Um Schnitttests durchzuf\u00fchren, braucht man eine sehr hochwertige, scharfe Klinge, die die Schneide h\u00e4lt. Die Akito-Klinge ist aus tongeh\u00e4rtetem 1045er Kohlenstoffstahl mit einer echten Hamon (H\u00e4rtelinie) gefertigt. Die gesamte Konstruktion ist sehr robust. Die Klinge ist fast bis zum Ende des Griffs durchgehend und wird mit zwei Mekugi gesichert. Das funktionelle Schwert wird mit einer sch\u00f6n lackierten Holzscheide und den traditionellen \u00d6sen (Kurigata und Shito-Dome) geliefert.      <\/p>\n<p>Gesamtl\u00e4nge: 102 cm<br \/>\nKlingenl\u00e4nge: 72,5 cm<br \/>\nGewicht: 1120 g<br \/>\nKlingenst\u00e4rke: 7,6 mm<br \/>\nKlingenmaterial: Kohlenstoffstahl 1045<\/p>\n<p>Das Magnum Akito ist ein echtes Funktionsschwert. Es eignet sich nicht nur f\u00fcr Kata (\u00dcbungsformen) oder Iaito (Zeichen\u00fcbungen), sondern auch f\u00fcr Tameshigiri (Schneidetests). Um Schneidetests durchf\u00fchren zu k\u00f6nnen, ist eine sehr hochwertige, scharfe und schnitthaltige Klinge erforderlich. Die Akito-Klinge ist aus tongeh\u00e4rtetem 1045er Kohlenstoffstahl mit echtem Hamon (H\u00e4rtelinie) gefertigt. Die Gesamtstruktur ist sehr robust. Die Klinge ist fast bis zum Ende des Griffs durchgehend und wird durch zwei Mekugis gesichert. Das funktionelle Schwert wird mit einer sch\u00f6n lackierten Holzscheide geliefert, zusammen mit traditionellen \u00d6sen (Kurigata und Shito-Dome).      <\/p>\n<p>Typ:<br \/>\nFunktionsschwert<br \/>\nGesamtl\u00e4nge:<br \/>\n102,00 cm<br \/>\nKlingenl\u00e4nge:<br \/>\n72,50 cm<br \/>\nKlingendicke:<br \/>\n7,60 mm<br \/>\nGewicht:<br \/>\n1120,00 g<br \/>\nKlingenmaterial:<br \/>\nKohlenstoffstahl<br \/>\nHergestellt in:<br \/>\nAsien<br \/>\nFarbe:<br \/>\nSchwarz<br \/>\nKlingenfarbe:<br \/>\nUnbeschichtet<br \/>\nMantelmaterial:<br \/>\nHolz<br \/>\nArtikelnummer:<br \/>\n05ZS9126<\/p>\n","protected":false},"excerpt":{"rendered":"<p>Im Laufe der Zeit hat sich die Messerfabrik <strong>B\u00f6ker<\/strong> zum weltweiten Innovationsf\u00fchrer und zum gr\u00f6\u00dften Hersteller von Sportmessern, Einsatzmessern und Sammlermessern in Europa entwickelt.<\/p>\n","protected":false},"featured_media":439828,"comment_status":"open","ping_status":"closed","template":"","meta":[],"pwb-brand":[3422],"product_brand":[],"product_cat":[3403,3407],"product_tag":[3669],"class_list":{"0":"post-439827","1":"product","2":"type-product","3":"status-publish","4":"has-post-thumbnail","6":"pwb-brand-boker-de","7":"product_cat-katanas-und-schwerter","8":"product_cat-schwerter-dolche-repliken","9":"product_tag-b2b-de","11":"first","12":"instock","13":"taxable","14":"shipping-taxable","15":"purchasable","16":"product-type-simple"},"brands":[{"id":3422,"name":"B\u00f6ker","slug":"boker-de"}],"_links":{"self":[{"href":"https:\/\/www.moskito.cz\/de\/wp-json\/wp\/v2\/product\/439827","targetHints":{"allow":["GET"]}}],"collection":[{"href":"https:\/\/www.moskito.cz\/de\/wp-json\/wp\/v2\/product"}],"about":[{"href":"https:\/\/www.moskito.cz\/de\/wp-json\/wp\/v2\/types\/product"}],"replies":[{"embeddable":true,"href":"https:\/\/www.moskito.cz\/de\/wp-json\/wp\/v2\/comments?post=439827"}],"wp:featuredmedia":[{"embeddable":true,"href":"https:\/\/www.moskito.cz\/de\/wp-json\/wp\/v2\/media\/439828"}],"wp:attachment":[{"href":"https:\/\/www.moskito.cz\/de\/wp-json\/wp\/v2\/media?parent=439827"}],"wp:term":[{"taxonomy":"pwb-brand","embeddable":true,"href":"https:\/\/www.moskito.cz\/de\/wp-json\/wp\/v2\/pwb-brand?post=439827"},{"taxonomy":"product_brand","embeddable":true,"href":"https:\/\/www.moskito.cz\/de\/wp-json\/wp\/v2\/product_brand?post=439827"},{"taxonomy":"product_cat","embeddable":true,"href":"https:\/\/www.moskito.cz\/de\/wp-json\/wp\/v2\/product_cat?post=439827"},{"taxonomy":"product_tag","embeddable":true,"href":"https:\/\/www.moskito.cz\/de\/wp-json\/wp\/v2\/product_tag?post=439827"}],"curies":[{"name":"wp","href":"https:\/\/api.w.org\/{rel}","templated":true}]}}