{"id":439858,"date":"2024-09-26T13:01:18","date_gmt":"2024-09-26T12:01:18","guid":{"rendered":"https:\/\/www.moskito.cz\/produkt\/klappmesser-boeker-plus-wasabi-cocobolo-01bo631\/"},"modified":"2026-03-02T14:00:06","modified_gmt":"2026-03-02T13:00:06","slug":"klappmesser-boeker-plus-wasabi-cocobolo-01bo631","status":"publish","type":"product","link":"https:\/\/www.moskito.cz\/de\/produkt\/klappmesser-boeker-plus-wasabi-cocobolo-01bo631\/","title":{"rendered":"Klappmesser B\u00f6ker Plus Wasabi Cocobolo 01BO631"},"content":{"rendered":"<p>Klappmesser <strong>B\u00f6ker Plus<\/strong> Wasabi Cocobolo 01BO631.<\/p>\n<p>Der japanische Messerschmied Kansei Matsuno ist ein Meister seines Fachs und seine Entw\u00fcrfe haben zweifelsohne einen ganz eigenen Stil. Die geschickte Kombination von Elementen des japanischen Stils mit den Merkmalen eines modernen Gentleman-Taschenmessers fiel uns sofort ins Auge. <\/p>\n<p>Das schlanke Design und die leichte Konstruktion des B\u00f6ker Plus Wasabi zusammen mit dem geraden Design und der klassischen japanischen Klinge ergeben ein elegantes Messer f\u00fcr den t\u00e4glichen Gebrauch. Die kugelgelagerte Klinge \u00f6ffnet sich mit dem vorderen Flipper und wird durch eine eigene Sperrkugel als Gleitgelenk offen gehalten. F\u00fcr die Klinge wird bew\u00e4hrtes 440C verwendet. Griff mit Edelstahlplatten und gefr\u00e4ster Schlie\u00dfe. Mit Beschalung aus ausgew\u00e4hltem Cocobolo.    <\/p>\n<p>Artikeltyp: Taschenmesser<br \/>\nMarke: B\u00f6ker Plus<br \/>\nGesamtl\u00e4nge: 17.60 cm<br \/>\nKlingenl\u00e4nge: 7.20 cm<br \/>\nKlingenst\u00e4rke: 2.10 mm<br \/>\nGewicht: 45.00 g<br \/>\nDesigner: Kansei Matsuno<br \/>\nKlingenmaterial: 440C<br \/>\nGriffmaterial: Cocobolo Holz<br \/>\n\u00d6ffnungshilfe: Flipper<br \/>\n\u00d6ffnung: Manuell<br \/>\nVerschluss: Slip joint<br \/>\nArtikelnummer: 01BO631<\/p>\n<p>&nbsp;<\/p>\n","protected":false},"excerpt":{"rendered":"<p><strong>Der japanische Messermacher Kansei Matsuno ist ein Meister seines Fachs und seine Entw\u00fcrfe haben zweifelsohne einen ganz eigenen Stil. Die geschickte Kombination von Elementen des japanischen Stils mit den Merkmalen eines modernen Gentleman-Taschenmessers fiel uns sofort ins Auge. <\/strong><\/p>\n","protected":false},"featured_media":365639,"comment_status":"closed","ping_status":"closed","template":"","meta":[],"pwb-brand":[3422],"product_brand":[],"product_cat":[3285,3303],"product_tag":[],"class_list":{"0":"post-439858","1":"product","2":"type-product","3":"status-publish","4":"has-post-thumbnail","6":"pwb-brand-boker-de","7":"product_cat-messer","8":"product_cat-schliesmesser","10":"first","11":"outofstock","12":"taxable","13":"shipping-taxable","14":"purchasable","15":"product-type-simple"},"brands":[{"id":3422,"name":"B\u00f6ker","slug":"boker-de"}],"_links":{"self":[{"href":"https:\/\/www.moskito.cz\/de\/wp-json\/wp\/v2\/product\/439858","targetHints":{"allow":["GET"]}}],"collection":[{"href":"https:\/\/www.moskito.cz\/de\/wp-json\/wp\/v2\/product"}],"about":[{"href":"https:\/\/www.moskito.cz\/de\/wp-json\/wp\/v2\/types\/product"}],"replies":[{"embeddable":true,"href":"https:\/\/www.moskito.cz\/de\/wp-json\/wp\/v2\/comments?post=439858"}],"wp:featuredmedia":[{"embeddable":true,"href":"https:\/\/www.moskito.cz\/de\/wp-json\/wp\/v2\/media\/365639"}],"wp:attachment":[{"href":"https:\/\/www.moskito.cz\/de\/wp-json\/wp\/v2\/media?parent=439858"}],"wp:term":[{"taxonomy":"pwb-brand","embeddable":true,"href":"https:\/\/www.moskito.cz\/de\/wp-json\/wp\/v2\/pwb-brand?post=439858"},{"taxonomy":"product_brand","embeddable":true,"href":"https:\/\/www.moskito.cz\/de\/wp-json\/wp\/v2\/product_brand?post=439858"},{"taxonomy":"product_cat","embeddable":true,"href":"https:\/\/www.moskito.cz\/de\/wp-json\/wp\/v2\/product_cat?post=439858"},{"taxonomy":"product_tag","embeddable":true,"href":"https:\/\/www.moskito.cz\/de\/wp-json\/wp\/v2\/product_tag?post=439858"}],"curies":[{"name":"wp","href":"https:\/\/api.w.org\/{rel}","templated":true}]}}