{"id":439898,"date":"2022-07-07T21:10:38","date_gmt":"2022-07-07T20:10:38","guid":{"rendered":"https:\/\/www.moskito.cz\/produkt\/festes-messer-extrema-ratio-nk3-schwarz\/"},"modified":"2026-03-04T12:08:09","modified_gmt":"2026-03-04T11:08:09","slug":"festes-messer-extrema-ratio-nk3-schwarz","status":"publish","type":"product","link":"https:\/\/www.moskito.cz\/de\/produkt\/festes-messer-extrema-ratio-nk3-schwarz\/","title":{"rendered":"Festes Messer Extrema Ratio NK3 SCHWARZ"},"content":{"rendered":"<p>Festes Messer <strong>Extrema Ratio<\/strong> NK3 SCHWARZ<\/p>\n<p><strong>Das N.K.3<\/strong> ist ein kleineres Messer, das die Extrema Ratio Familie von Halsmessern erweitert. Das N.K.3 ist gr\u00f6\u00dfer als das N.K.1 und N.K.2, hat eine 70 mm lange Tantoklinge und ein Blutabflussloch.  Das Design des Griffs verhindert versehentliche Verletzungen beim Zeichnen. Die Rille auf der R\u00fcckseite der Klinge ist je nach Arbeitsweise f\u00fcr den Zeigefinger oder Daumen des Benutzers geeignet. Dank ihrer Gesamtkonstruktion ist die N.K.3 sowohl offensiv durch sehr effektive Hieb- und Stichwaffen einsetzbar als auch n\u00fctzlich, um mit wenig Pr\u00e4zision zu arbeiten. Das mitgelieferte Kydex-Holster mit Schnellverschluss wird mit einem Paracord-Riemen zum Tragen am Hals geliefert. Es kann auch \u00fcber das MOLLE-System an taktischen Westen oder einer der kompatiblen Cordura-H\u00fcllen von Extrema Ratio befestigt werden. Verf\u00fcgbar, aber nicht im Lieferumfang enthalten: BELT-CLIP (zur Befestigung des Holsters am G\u00fcrtel), Polymer UNDER SHIRT SYSTEM (f\u00fcr verdecktes Tragen). Verf\u00fcgbare Versionen: N.K.3 SCHWARZ, N.K.3 DESERT WARFARE, N.K.3   STEINGEWASCHEN.<\/p>\n<p>GEWICHT G.: 82<br \/>\nGEWICHT OZ.: 2.8<br \/>\nKLINGENL\u00c4NGE (MM): 70<br \/>\nKLINGENL\u00c4NGE (IN): 2.75<br \/>\nGESAMTL\u00c4NGE (MM): 153<br \/>\nGESAMTL\u00c4NGE (IN): 6<br \/>\nKLINGENST\u00c4RKE (MM): 6.3<br \/>\nKLINGENST\u00c4RKE (IN): 0,25<br \/>\nKLINGENMATERIAL: B\u00d6HLER N690 STAHL (58HRC)<br \/>\nKLINGENFINISH: SCHWARZ<br \/>\nHAUPTGITTER: FLACH<br \/>\nGRIFFMATERIAL: B\u00d6HLER N690 STAHL (58HRC)<\/p>\n","protected":false},"excerpt":{"rendered":"<p><strong>Extrema Ratio<\/strong> mit Sitz in Prato, Italien, entwirft und fertigt seit 1997 hochleistungsf\u00e4hige Kampf-, Milit\u00e4r-, K\u00fcchen-, Jagd- und taktische Messer und hat einen Ruf f\u00fcr hervorragende Qualit\u00e4t, der in der milit\u00e4rischen und taktischen Messerindustrie un\u00fcbertroffen ist.<\/p>\n","protected":false},"featured_media":439899,"comment_status":"open","ping_status":"closed","template":"","meta":[],"pwb-brand":[3539],"product_brand":[],"product_cat":[3287,3285],"product_tag":[3669],"class_list":{"0":"post-439898","1":"product","2":"type-product","3":"status-publish","4":"has-post-thumbnail","6":"pwb-brand-extrema-verhaltnis","7":"product_cat-solide-messer","8":"product_cat-messer","9":"product_tag-b2b-de","11":"first","12":"outofstock","13":"taxable","14":"shipping-taxable","15":"purchasable","16":"product-type-simple"},"brands":[{"id":3539,"name":"Extrema-Verh\u00e4ltnis","slug":"extrema-verhaltnis"}],"_links":{"self":[{"href":"https:\/\/www.moskito.cz\/de\/wp-json\/wp\/v2\/product\/439898","targetHints":{"allow":["GET"]}}],"collection":[{"href":"https:\/\/www.moskito.cz\/de\/wp-json\/wp\/v2\/product"}],"about":[{"href":"https:\/\/www.moskito.cz\/de\/wp-json\/wp\/v2\/types\/product"}],"replies":[{"embeddable":true,"href":"https:\/\/www.moskito.cz\/de\/wp-json\/wp\/v2\/comments?post=439898"}],"wp:featuredmedia":[{"embeddable":true,"href":"https:\/\/www.moskito.cz\/de\/wp-json\/wp\/v2\/media\/439899"}],"wp:attachment":[{"href":"https:\/\/www.moskito.cz\/de\/wp-json\/wp\/v2\/media?parent=439898"}],"wp:term":[{"taxonomy":"pwb-brand","embeddable":true,"href":"https:\/\/www.moskito.cz\/de\/wp-json\/wp\/v2\/pwb-brand?post=439898"},{"taxonomy":"product_brand","embeddable":true,"href":"https:\/\/www.moskito.cz\/de\/wp-json\/wp\/v2\/product_brand?post=439898"},{"taxonomy":"product_cat","embeddable":true,"href":"https:\/\/www.moskito.cz\/de\/wp-json\/wp\/v2\/product_cat?post=439898"},{"taxonomy":"product_tag","embeddable":true,"href":"https:\/\/www.moskito.cz\/de\/wp-json\/wp\/v2\/product_tag?post=439898"}],"curies":[{"name":"wp","href":"https:\/\/api.w.org\/{rel}","templated":true}]}}