{"id":156780,"date":"2018-09-22T11:14:20","date_gmt":"2018-09-22T10:14:20","guid":{"rendered":"https:\/\/www.moskito.cz\/?page_id=156780"},"modified":"2020-11-08T14:46:23","modified_gmt":"2020-11-08T13:46:23","slug":"zasady-ochrany-osobnich-udaju","status":"publish","type":"page","link":"https:\/\/www.moskito.cz\/en\/zasady-ochrany-osobnich-udaju\/","title":{"rendered":"Z\u00e1sady ochrany osobn\u00edch \u00fadaj\u016f"},"content":{"rendered":"\t\t<div data-elementor-type=\"wp-page\" data-elementor-id=\"156780\" class=\"elementor elementor-156780\" data-elementor-post-type=\"page\">\n\t\t\t\t\t\t<section data-particle_enable=\"false\" data-particle-mobile-disabled=\"false\" class=\"elementor-section elementor-top-section elementor-element elementor-element-63b551e elementor-section-boxed elementor-section-height-default elementor-section-height-default\" data-id=\"63b551e\" data-element_type=\"section\" data-e-type=\"section\">\n\t\t\t\t\t\t<div class=\"elementor-container elementor-column-gap-default\">\n\t\t\t\t\t<div class=\"elementor-column elementor-col-33 elementor-top-column elementor-element elementor-element-3182713\" data-id=\"3182713\" data-element_type=\"column\" data-e-type=\"column\">\n\t\t\t<div class=\"elementor-widget-wrap elementor-element-populated\">\n\t\t\t\t\t\t<div class=\"elementor-element elementor-element-59843c1 elementor-widget-divider--separator-type-pattern elementor-widget-divider--view-line elementor-invisible elementor-widget elementor-widget-divider\" data-id=\"59843c1\" data-element_type=\"widget\" data-e-type=\"widget\" data-settings=\"{&quot;_animation&quot;:&quot;fadeInLeft&quot;}\" data-widget_type=\"divider.default\">\n\t\t\t\t\t\t\t<div class=\"elementor-divider\" style=\"--divider-pattern-url: url(&quot;data:image\/svg+xml,%3Csvg xmlns=&#039;http:\/\/www.w3.org\/2000\/svg&#039; preserveAspectRatio=&#039;none&#039; overflow=&#039;visible&#039; height=&#039;100%&#039; viewBox=&#039;0 0 20 16&#039; fill=&#039;none&#039; stroke=&#039;black&#039; stroke-width=&#039;6.7&#039; stroke-linecap=&#039;square&#039; stroke-miterlimit=&#039;10&#039;%3E%3Cg transform=&#039;translate(-12.000000, 0)&#039;%3E%3Cpath d=&#039;M28,0L10,18&#039;\/%3E%3Cpath d=&#039;M18,0L0,18&#039;\/%3E%3Cpath d=&#039;M48,0L30,18&#039;\/%3E%3Cpath d=&#039;M38,0L20,18&#039;\/%3E%3C\/g%3E%3C\/svg%3E&quot;);\">\n\t\t\t<span class=\"elementor-divider-separator\">\n\t\t\t\t\t\t<\/span>\n\t\t<\/div>\n\t\t\t\t\t\t<\/div>\n\t\t\t\t\t<\/div>\n\t\t<\/div>\n\t\t\t\t<div class=\"elementor-column elementor-col-33 elementor-top-column elementor-element elementor-element-d43cd17\" data-id=\"d43cd17\" data-element_type=\"column\" data-e-type=\"column\">\n\t\t\t<div class=\"elementor-widget-wrap elementor-element-populated\">\n\t\t\t\t\t\t<div class=\"elementor-element elementor-element-58558da elementor-widget elementor-widget-heading\" data-id=\"58558da\" data-element_type=\"widget\" data-e-type=\"widget\" data-widget_type=\"heading.default\">\n\t\t\t\t\t<h1 class=\"elementor-heading-title elementor-size-default\">Z\u00e1sady ochrany OS. \u00fadaj\u016f<\/h1>\t\t\t\t<\/div>\n\t\t\t\t\t<\/div>\n\t\t<\/div>\n\t\t\t\t<div class=\"elementor-column elementor-col-33 elementor-top-column elementor-element elementor-element-38f5196\" data-id=\"38f5196\" data-element_type=\"column\" data-e-type=\"column\">\n\t\t\t<div class=\"elementor-widget-wrap elementor-element-populated\">\n\t\t\t\t\t\t<div class=\"elementor-element elementor-element-f313852 elementor-widget-divider--separator-type-pattern elementor-widget-divider--view-line elementor-invisible elementor-widget elementor-widget-divider\" data-id=\"f313852\" data-element_type=\"widget\" data-e-type=\"widget\" data-settings=\"{&quot;_animation&quot;:&quot;fadeInRight&quot;}\" data-widget_type=\"divider.default\">\n\t\t\t\t\t\t\t<div class=\"elementor-divider\" style=\"--divider-pattern-url: url(&quot;data:image\/svg+xml,%3Csvg xmlns=&#039;http:\/\/www.w3.org\/2000\/svg&#039; preserveAspectRatio=&#039;none&#039; overflow=&#039;visible&#039; height=&#039;100%&#039; viewBox=&#039;0 0 20 16&#039; fill=&#039;none&#039; stroke=&#039;black&#039; stroke-width=&#039;6.7&#039; stroke-linecap=&#039;square&#039; stroke-miterlimit=&#039;10&#039;%3E%3Cg transform=&#039;translate(-12.000000, 0)&#039;%3E%3Cpath d=&#039;M28,0L10,18&#039;\/%3E%3Cpath d=&#039;M18,0L0,18&#039;\/%3E%3Cpath d=&#039;M48,0L30,18&#039;\/%3E%3Cpath d=&#039;M38,0L20,18&#039;\/%3E%3C\/g%3E%3C\/svg%3E&quot;);\">\n\t\t\t<span class=\"elementor-divider-separator\">\n\t\t\t\t\t\t<\/span>\n\t\t<\/div>\n\t\t\t\t\t\t<\/div>\n\t\t\t\t\t<\/div>\n\t\t<\/div>\n\t\t\t\t\t<\/div>\n\t\t<\/section>\n\t\t\t\t<section data-particle_enable=\"false\" data-particle-mobile-disabled=\"false\" class=\"elementor-section elementor-top-section elementor-element elementor-element-17b0ff67 elementor-section-boxed elementor-section-height-default elementor-section-height-default\" data-id=\"17b0ff67\" data-element_type=\"section\" data-e-type=\"section\">\n\t\t\t\t\t\t<div class=\"elementor-container elementor-column-gap-default\">\n\t\t\t\t\t<div class=\"elementor-column elementor-col-100 elementor-top-column elementor-element elementor-element-7b196c51\" data-id=\"7b196c51\" data-element_type=\"column\" data-e-type=\"column\">\n\t\t\t<div class=\"elementor-widget-wrap elementor-element-populated\">\n\t\t\t\t\t\t<div class=\"elementor-element elementor-element-38709e2e elementor-widget elementor-widget-text-editor\" data-id=\"38709e2e\" data-element_type=\"widget\" data-e-type=\"widget\" data-widget_type=\"text-editor.default\">\n\t\t\t\t\t\t\t\t\t<p>V\u00e1\u017een\u00ed p\u0159\u00e1tel\u00e9 a obchodn\u00ed partne\u0159i,<\/p><p>Podle z\u00e1kona \u010d. 127\/2005 Sb. o elektronick\u00fdch komunikac\u00edch, z\u00e1kona \u010d. 480\/2004 Sb. a Z\u00e1kona o ochran\u011b osobn\u00edch \u00fadaj\u016f 101\/2000 Sb., jsme povinni V\u00e1s informovat o tom, \u017ee v na\u0161\u00ed elektronick\u00e9 datab\u00e1zi je uvedena Va\u0161e elektronick\u00e1 adresa. Chceme V\u00e1s ubezpe\u010dit, \u017ee ve\u0161ker\u00e9 nakl\u00e1d\u00e1n\u00ed s Va\u0161imi osobn\u00edmi \u00fadaji prov\u00e1d\u00edme v souladu s platnou legislativou, zejm\u00e9na na\u0159\u00edzen\u00edm Evropsk\u00e9ho parlamentu a Rady (EU) 2016\/679 o ochran\u011b fyzick\u00fdch osob v souvislosti se zpracov\u00e1n\u00edm osobn\u00edch \u00fadaj\u016f a o voln\u00e9m pohybu t\u011bchto \u00fadaj\u016f (\u201eGDPR\u201c), z\u00e1konem \u010d. 127\/2005 Sb., o elektronick\u00fdch komunikac\u00edch, ve zn\u011bn\u00ed pozd\u011bj\u0161\u00edch p\u0159edpis\u016f a z\u00e1konem \u010d. 480\/2004 Sb. o n\u011bkter\u00fdch slu\u017eb\u00e1ch informa\u010dn\u00ed spole\u010dnosti, ve zn\u011bn\u00ed pozd\u011bj\u0161\u00edch p\u0159edpis\u016f. Adresy jsou ulo\u017eeny v elektronick\u00e9 datab\u00e1zi, kter\u00e1 je zaji\u0161t\u011bna proti zneu\u017eit\u00ed.<\/p><p>Va\u0161i elektronickou adresu vyu\u017e\u00edv\u00e1me v\u00fdhradn\u011b v r\u00e1mci vz\u00e1jemn\u00e9ho obchodn\u00edho styku, k zas\u00edl\u00e1n\u00ed dokument\u016f, sd\u011blen\u00ed a obchodn\u00edch nab\u00eddek.<\/p><p>Pokud nebudete souhlasit s t\u00edmto vyu\u017e\u00edv\u00e1n\u00edm Va\u0161\u00ed elektronick\u00e9 adresy, za\u0161lete tento nesouhlas v\u00a0odpov\u011bdi na email <a href=\"mailto:in**@*****to.cz\" data-original-string=\"BOkVpvPXUh70s3hRP7cMqQ==54eiuuRWSfxQFAC1dswm4Fkyw==\" title=\"This contact has been encoded by Anti-Spam by CleanTalk. Click to decode. To finish the decoding make sure that JavaScript is enabled in your browser.\"><span \n                data-original-string='zMhrffM08CmYtDc9x7XCZw==54eMuR4e7IoTbUjiII9vXtDCg=='\n                class='apbct-email-encoder'\n                title='This contact has been encoded by Anti-Spam by CleanTalk. Click to decode. To finish the decoding make sure that JavaScript is enabled in your browser.'>in<span class=\"apbct-blur\">**<\/span>@<span class=\"apbct-blur\">*****<\/span>to.cz<\/span><\/a>. Va\u0161i elektronickou adresu z datab\u00e1ze neprodlen\u011b vyma\u017eeme. Nesouhlas se zas\u00edl\u00e1n\u00edm obchodn\u00edch dokument\u016f a \u017e\u00e1dost o smaz\u00e1n\u00ed Va\u0161\u00ed elektronick\u00e9 adresy m\u016f\u017eete uplatnit kdykoli.<\/p>\t\t\t\t\t\t\t\t<\/div>\n\t\t\t\t\t<\/div>\n\t\t<\/div>\n\t\t\t\t\t<\/div>\n\t\t<\/section>\n\t\t\t\t<\/div>\n\t\t","protected":false},"excerpt":{"rendered":"<p>Z\u00e1sady ochrany OS. \u00fadaj\u016f V\u00e1\u017een\u00ed p\u0159\u00e1tel\u00e9 a obchodn\u00ed partne\u0159i, Podle z\u00e1kona \u010d. 127\/2005 Sb. o elektronick\u00fdch komunikac\u00edch, z\u00e1kona \u010d. 480\/2004 Sb. a Z\u00e1kona o ochran\u011b osobn\u00edch \u00fadaj\u016f 101\/2000 Sb., jsme povinni V\u00e1s informovat o tom, \u017ee v na\u0161\u00ed elektronick\u00e9 datab\u00e1zi je uvedena Va\u0161e elektronick\u00e1 adresa. Chceme V\u00e1s ubezpe\u010dit, \u017ee ve\u0161ker\u00e9 nakl\u00e1d\u00e1n\u00ed s Va\u0161imi osobn\u00edmi \u00fadaji [&hellip;]<\/p>\n","protected":false},"author":2,"featured_media":0,"parent":0,"menu_order":0,"comment_status":"closed","ping_status":"closed","template":"elementor_header_footer","meta":{"footnotes":""},"class_list":["post-156780","page","type-page","status-publish","hentry"],"_links":{"self":[{"href":"https:\/\/www.moskito.cz\/en\/wp-json\/wp\/v2\/pages\/156780","targetHints":{"allow":["GET"]}}],"collection":[{"href":"https:\/\/www.moskito.cz\/en\/wp-json\/wp\/v2\/pages"}],"about":[{"href":"https:\/\/www.moskito.cz\/en\/wp-json\/wp\/v2\/types\/page"}],"author":[{"embeddable":true,"href":"https:\/\/www.moskito.cz\/en\/wp-json\/wp\/v2\/users\/2"}],"replies":[{"embeddable":true,"href":"https:\/\/www.moskito.cz\/en\/wp-json\/wp\/v2\/comments?post=156780"}],"version-history":[{"count":0,"href":"https:\/\/www.moskito.cz\/en\/wp-json\/wp\/v2\/pages\/156780\/revisions"}],"wp:attachment":[{"href":"https:\/\/www.moskito.cz\/en\/wp-json\/wp\/v2\/media?parent=156780"}],"curies":[{"name":"wp","href":"https:\/\/api.w.org\/{rel}","templated":true}]}}