{"id":146573,"date":"2019-08-18T10:32:20","date_gmt":"2019-08-18T09:32:20","guid":{"rendered":"https:\/\/www.moskito.cz\/?post_type=product&#038;p=146573"},"modified":"2025-07-11T07:49:37","modified_gmt":"2025-07-11T06:49:37","slug":"zaviraci-nuz-joker-jkr506","status":"publish","type":"product","link":"https:\/\/www.moskito.cz\/en\/product\/zaviraci-nuz-joker-jkr506\/","title":{"rendered":"Zav\u00edrac\u00ed n\u016f\u017e Joker JKR0506"},"content":{"rendered":"<p>Zav\u00edrac\u00ed n\u016f\u017e Joker JKR0506.<\/p>\n<p>Zav\u00edrac\u00ed n\u016f\u017e Joker s asistovan\u00fdm otev\u00edr\u00e1n\u00edm. D\u00e9lka no\u017ee v uzav\u0159en\u00e9m stavu je 11 cm, \u010depel je nerezov\u00e1 s \u010dernou povrchovou \u00fapravu a jej\u00ed d\u00e9lka je 8 cm. N\u016f\u017e disponuje eloxovanou hlin\u00edkovou rukoje\u0165\u00ed a kapesn\u00edm klipem. Sou\u010d\u00e1st\u00ed je \u010dern\u00e9 nylonov\u00e9 pouzdro.<\/p>\n","protected":false},"excerpt":{"rendered":"<p>Zav\u00edrac\u00ed n\u016f\u017e.<\/p>\n","protected":false},"featured_media":146574,"comment_status":"open","ping_status":"closed","template":"","meta":[],"pwb-brand":[359],"product_brand":[],"product_cat":[22,17],"product_tag":[],"class_list":{"0":"post-146573","1":"product","2":"type-product","3":"status-publish","4":"has-post-thumbnail","6":"pwb-brand-joker","7":"product_cat-zaviraci-noze","8":"product_cat-noze","10":"first","11":"instock","12":"taxable","13":"shipping-taxable","14":"purchasable","15":"product-type-simple"},"brands":[{"id":359,"name":"Joker","slug":"joker"}],"_links":{"self":[{"href":"https:\/\/www.moskito.cz\/en\/wp-json\/wp\/v2\/product\/146573","targetHints":{"allow":["GET"]}}],"collection":[{"href":"https:\/\/www.moskito.cz\/en\/wp-json\/wp\/v2\/product"}],"about":[{"href":"https:\/\/www.moskito.cz\/en\/wp-json\/wp\/v2\/types\/product"}],"replies":[{"embeddable":true,"href":"https:\/\/www.moskito.cz\/en\/wp-json\/wp\/v2\/comments?post=146573"}],"wp:featuredmedia":[{"embeddable":true,"href":"https:\/\/www.moskito.cz\/en\/wp-json\/wp\/v2\/media\/146574"}],"wp:attachment":[{"href":"https:\/\/www.moskito.cz\/en\/wp-json\/wp\/v2\/media?parent=146573"}],"wp:term":[{"taxonomy":"pwb-brand","embeddable":true,"href":"https:\/\/www.moskito.cz\/en\/wp-json\/wp\/v2\/pwb-brand?post=146573"},{"taxonomy":"product_brand","embeddable":true,"href":"https:\/\/www.moskito.cz\/en\/wp-json\/wp\/v2\/product_brand?post=146573"},{"taxonomy":"product_cat","embeddable":true,"href":"https:\/\/www.moskito.cz\/en\/wp-json\/wp\/v2\/product_cat?post=146573"},{"taxonomy":"product_tag","embeddable":true,"href":"https:\/\/www.moskito.cz\/en\/wp-json\/wp\/v2\/product_tag?post=146573"}],"curies":[{"name":"wp","href":"https:\/\/api.w.org\/{rel}","templated":true}]}}