{"id":162609,"date":"2019-02-02T11:25:32","date_gmt":"2019-02-02T10:25:32","guid":{"rendered":"https:\/\/www.moskito.cz\/?post_type=product&#038;p=162609"},"modified":"2025-07-11T07:48:04","modified_gmt":"2025-07-11T06:48:04","slug":"microtech-combat-troodon-se-otf-automatic-knife-3-8-black-143-1","status":"publish","type":"product","link":"https:\/\/www.moskito.cz\/en\/product\/microtech-combat-troodon-se-otf-automatic-knife-3-8-black-143-1\/","title":{"rendered":"Vyst\u0159elovac\u00ed N\u016f\u017e Microtech Combat Troodon 143-1"},"content":{"rendered":"<p><span class=\"tlid-translation translation\"><span class=\"\" title=\"\">Vyst\u0159elovac\u00ed N\u016f\u017e <strong>Microtech Combat Troodon<\/strong> 143-1<\/span><\/span><\/p>\n<p>&nbsp;<\/p>\n<p><span class=\"tlid-translation translation\"><span class=\"\" title=\"\">Z p\u0159edu vyst\u0159elovac\u00ed n\u016f\u017e.<\/span><\/span><\/p>\n<p><span class=\"tlid-translation translation\"><span class=\"\" title=\"\">Vyst\u0159elovac\u00ed N\u016f\u017e Microtech Combat Troodon 143-1 m\u00e1 \u010dernou\u00a0 \u010depel z nerezov\u00e9 oceli s hladkou hranou.<\/span> <span class=\"\" title=\"\">Hlin\u00edkov\u00e1 rukoje\u0165 s kuli\u010dkov\u00fdm odru\u0161ova\u010dem z u\u0161lechtil\u00e9 oceli.<\/span><br \/>\n<span class=\"\" title=\"\">Nejv\u011bt\u0161\u00ed v\u00fdrobn\u00ed n\u016f\u017e OTF firmy <strong>Microtech <\/strong>je pojmenov\u00e1n po dinosauru Troodon.<\/span> <span title=\"\">Combat Troodon je opravdu velk\u00e1 verze popul\u00e1rn\u00edho Troodonu.<\/span> <span title=\"\">Navzdory velikosti je rukoje\u0165 \u0161t\u00edhl\u00e1 a pohodln\u00e1.<\/span>\u00a0<\/span><\/p>\n<p><span class=\"tlid-translation translation\"><span class=\"\" title=\"\">D\u00e9lka \u010depele: 9.5 cm<\/span><br \/>\n<span class=\"\" title=\"\">Tlou\u0161\u0165ka \u010depele: 0,33 cm<\/span><br \/>\n<span class=\"\" title=\"\">Materi\u00e1l \u010depele: Elmax<\/span><br \/>\n<span class=\"\" title=\"\">Styl \u010depel\u00ed: Drop Point<\/span><br \/>\n<span class=\"\" title=\"\">B\u0159itov\u00e9 desti\u010dky: Ploch\u00e9<\/span><br \/>\n<span title=\"\">Dokon\u010den\u00ed: \u010cern\u00e1<\/span><br \/>\n<span class=\"\" title=\"\">Typ okraje: oby\u010dejn\u00fd<\/span><br \/>\n<span class=\"\" title=\"\">D\u00e9lka rukojeti: 13.3 cm<\/span><br \/>\n<span title=\"\">Tlou\u0161\u0165ka rukojeti: 1.4 cm<\/span><br \/>\n<span title=\"\">Materi\u00e1l rukojeti: hlin\u00edk<\/span><br \/>\n<span title=\"\">\u010cern\u00e1 barva<\/span><br \/>\n<span title=\"\">Hmotnost: 5,45 oz.<\/span><br \/>\n<span title=\"\">U\u017eivatel: Prav\u00e1 ruka<\/span><br \/>\n<span title=\"\">Pocket Clip: Tip-Down<\/span><br \/>\n<span title=\"\">Typ no\u017ee: Automatick\u00fd<\/span><br \/>\n<span title=\"\">Otv\u00edra\u010d: Thumb Slide<\/span><br \/>\n<span title=\"\">Zna\u010dka: Microtech<\/span><br \/>\n<span title=\"\">Model: Combat Troodon<\/span><br \/>\n<span title=\"\">\u010c\u00edslo modelu: 143-1<\/span><br \/>\n<span title=\"\">Zem\u011b p\u016fvodu: USA<\/span><br \/>\n<span title=\"\">Nejlep\u0161\u00ed vyu\u017eit\u00ed: Taktick\u00e9<\/span><\/span><\/p>\n<p>This Combat Troodon has a black finished stainless steel drop point blade with a plain edge. Aluminum handle with bead blast finished steel glass breaker, pocket clip and hardware.<\/p>\n<p><strong>Microtech&#8217;s <\/strong>largest OTF production knife is named after the Troodon dinosaur. The Combat Troodon is the really large version of the popular Troodon. Despite the size, the handle feels slim and comfortable. The action is excellent.<br \/>\nOverall Length:9.50&#8243;<br \/>\nBlade Length:3.80&#8243;<br \/>\nBlade Thickness:0.13&#8243;<br \/>\nBlade Material:Elmax<br \/>\nBlade Style:Drop Point<br \/>\nBlade Grind:Flat<br \/>\nFinish:Black<br \/>\nEdge Type:Plain<br \/>\nHandle Length:5.30&#8243;<\/p>\n","protected":false},"excerpt":{"rendered":"<p>V pr\u016fb\u011bhu let <strong>Microtech\u00ae Knives<\/strong> naplnil v\u00e1\u0161n\u00ed a dovednost\u00ed v\u00fdrobu no\u017e\u016f, a\u017e z nich vytvo\u0159il t\u00e9m\u011b\u0159 um\u011bleck\u00e1 d\u00edla,kter\u00e9 jsou vrcholem funk\u010dnosti. V\u0161echny d\u00edly jsou vyrodeny v USA.<br \/>\n<strong>Na v\u0161echny no\u017ee Microtech je do\u017eivotn\u00ed z\u00e1ruka.<\/strong><\/p>\n","protected":false},"featured_media":178355,"comment_status":"open","ping_status":"closed","template":"","meta":[],"pwb-brand":[431],"product_brand":[],"product_cat":[2019,17],"product_tag":[],"class_list":{"0":"post-162609","1":"product","2":"type-product","3":"status-publish","4":"has-post-thumbnail","6":"pwb-brand-microtech","7":"product_cat-vystrelovaci-noze","8":"product_cat-noze","10":"first","11":"outofstock","12":"taxable","13":"shipping-taxable","14":"purchasable","15":"product-type-simple"},"brands":[{"id":431,"name":"Microtech","slug":"microtech"}],"_links":{"self":[{"href":"https:\/\/www.moskito.cz\/en\/wp-json\/wp\/v2\/product\/162609","targetHints":{"allow":["GET"]}}],"collection":[{"href":"https:\/\/www.moskito.cz\/en\/wp-json\/wp\/v2\/product"}],"about":[{"href":"https:\/\/www.moskito.cz\/en\/wp-json\/wp\/v2\/types\/product"}],"replies":[{"embeddable":true,"href":"https:\/\/www.moskito.cz\/en\/wp-json\/wp\/v2\/comments?post=162609"}],"wp:featuredmedia":[{"embeddable":true,"href":"https:\/\/www.moskito.cz\/en\/wp-json\/wp\/v2\/media\/178355"}],"wp:attachment":[{"href":"https:\/\/www.moskito.cz\/en\/wp-json\/wp\/v2\/media?parent=162609"}],"wp:term":[{"taxonomy":"pwb-brand","embeddable":true,"href":"https:\/\/www.moskito.cz\/en\/wp-json\/wp\/v2\/pwb-brand?post=162609"},{"taxonomy":"product_brand","embeddable":true,"href":"https:\/\/www.moskito.cz\/en\/wp-json\/wp\/v2\/product_brand?post=162609"},{"taxonomy":"product_cat","embeddable":true,"href":"https:\/\/www.moskito.cz\/en\/wp-json\/wp\/v2\/product_cat?post=162609"},{"taxonomy":"product_tag","embeddable":true,"href":"https:\/\/www.moskito.cz\/en\/wp-json\/wp\/v2\/product_tag?post=162609"}],"curies":[{"name":"wp","href":"https:\/\/api.w.org\/{rel}","templated":true}]}}