{"id":162615,"date":"2019-02-02T15:06:48","date_gmt":"2019-02-02T14:06:48","guid":{"rendered":"https:\/\/www.moskito.cz\/?post_type=product&#038;p=162615"},"modified":"2025-07-11T07:48:05","modified_gmt":"2025-07-11T06:48:05","slug":"microtech-tactical-troodon-otf-se-automatic-knife-3-black-139-1t","status":"publish","type":"product","link":"https:\/\/www.moskito.cz\/en\/product\/microtech-tactical-troodon-otf-se-automatic-knife-3-black-139-1t\/","title":{"rendered":"Vyst\u0159elovac\u00ed N\u016f\u017e Microtech Tactical Troodon 139-1T"},"content":{"rendered":"<p><span class=\"tlid-translation translation\"><span class=\"\" title=\"\">Vyst\u0159elovac\u00ed N\u016f\u017e <strong>Microtech Tactical Troodon<\/strong> 139-1T<\/span><\/span><\/p>\n<p><span class=\"tlid-translation translation\"><span class=\"\" title=\"\">Z p\u0159edu vyst\u0159elovac\u00ed n\u016f\u017e.<\/span><\/span><\/p>\n<p><span class=\"tlid-translation translation\"><span class=\"\" title=\"\">Vyst\u0159elovac\u00ed N\u016f\u017e <strong>Microtech <\/strong>Tactical Troodon 139-1T\u00a0 m\u00e1 ocelovou \u010depel ELMAX s \u010dernou povrchovou \u00fapravou a hladkou b\u0159itovou stopu.<\/span> <span title=\"\">Rukoje\u0165 je \u010dern\u011b eloxovan\u00fd hlin\u00edk T-6 s dr\u00e1\u017ekami pro v\u011bt\u0161\u00ed p\u0159idr\u017eovac\u00ed schopnost.<\/span> <span class=\"\" title=\"\">Hardware, kapesn\u00ed svorka a rob\u00edje\u010d skla jsou takticky \u010dern\u00e9.<\/span><\/span><\/p>\n<p><span class=\"\" title=\"\">Jednoduch\u00fd troodonov\u00fd n\u016f\u017e od firmy Microtech je pojmenov\u00e1n po dinosauru Troodon, tento n\u016f\u017e byl vlajkov\u00fdm no\u017eem spole\u010dnosti <strong>Microtech <\/strong>v roce 2006.<\/span><\/p>\n<p>&nbsp;<\/p>\n<ul>\n<li><span class=\"tlid-translation translation\"><span class=\"\" title=\"\">Celkov\u00e1 d\u00e9lka: 19.2 cm<\/span><br \/>\n<span class=\"\" title=\"\">D\u00e9lka \u010depele: 7.5 cm<\/span><br \/>\n<span class=\"\" title=\"\">Materi\u00e1l \u010depele: Elmax<\/span><br \/>\n<span class=\"\" title=\"\">Styl \u010depel\u00ed: Drop Point<\/span><br \/>\n<span title=\"\">B\u0159itov\u00e9 desti\u010dky: Ploch\u00e9<\/span><br \/>\n<span class=\"\" title=\"\">Dokon\u010den\u00ed: \u010cern\u00e1<\/span><br \/>\n<span title=\"\">Typ okraje: oby\u010dejn\u00fd<\/span><br \/>\n<span class=\"\" title=\"\">D\u00e9lka rukojeti: 11 m<\/span><\/span><span class=\"tlid-translation translation\"><br \/>\n<span title=\"\">Tlou\u0161\u0165ka rukojeti: 1.13 cm<\/span><br \/>\n<span class=\"\" title=\"\">Materi\u00e1l rukojeti: hlin\u00edk<\/span><br \/>\n<span title=\"\">\u010cern\u00e1 barva<\/span><br \/>\n<span title=\"\">Hmotnost: 3,00 oz.<\/span><br \/>\n<span title=\"\">U\u017eivatel: Prav\u00e1 ruka<\/span><br \/>\n<span title=\"\">Pocket Clip: Tip-Down<\/span><br \/>\n<span title=\"\">Typ no\u017ee: Automatick\u00fd<\/span><br \/>\n<span title=\"\">Otv\u00edra\u010d: Thumb Slide<\/span><br \/>\n<span title=\"\">Zna\u010dka: Microtech<\/span><br \/>\n<span title=\"\">Model: Troodon<\/span><br \/>\n<span title=\"\">\u010c\u00edslo modelu: 139-1T<\/span><br \/>\n<span title=\"\">Zem\u011b p\u016fvodu: USA<\/span><br \/>\n<span title=\"\">Nejlep\u0161\u00ed vyu\u017eit\u00ed: Taktick\u00e9<\/span><\/span><\/li>\n<li>\n<div><\/div>\n<\/li>\n<\/ul>\n<p>Microtech Troodon S\/E Black Tactical Standard 139-1T<\/p>\n<p><strong>Microtech&#8217;s <\/strong>regular sized <strong>Troodon <\/strong>knife is back in production! Named after the Troodon dinosaur, this knife was <strong>Microtech&#8217;s <\/strong>2006 flagship out-the-front knife. The Troodon handles feature grooves for added grip-ability. The Troodon is similar in size to a UTX-85 but with a wider and slimmer handle that feels more robust. It is a favorite EDC among many OTF lovers and with good reason!<\/p>\n<p>This model features black anodized 6061-T6 aluminum handle scales with the <strong>Microtech <\/strong>Claw logo on the front. Black finished ELMAX stainless steel single edge drop point blade with a standard cutting edge. All black tactical finished hardware. Reversible pocket clip and glass breaker. The blade has the model information. The clip features the <strong>Microtech <\/strong>logo, serial number and production date. Brand new in box.<\/p>\n","protected":false},"excerpt":{"rendered":"<p>V pr\u016fb\u011bhu let <strong>Microtech\u00ae Knives <\/strong>naplnil v\u00e1\u0161n\u00ed a dovednost\u00ed v\u00fdrobu no\u017e\u016f, a\u017e z nich vytvo\u0159il t\u00e9m\u011b\u0159 um\u011bleck\u00e1 d\u00edla,kter\u00e9 jsou vrcholem funk\u010dnosti.V\u0161echny d\u00edly jsou vyrodeny v USA.<br \/>\n<strong>Na v\u0161echny no\u017ee Microtech je do\u017eivotn\u00ed z\u00e1ruka.<\/strong><\/p>\n","protected":false},"featured_media":178872,"comment_status":"open","ping_status":"closed","template":"","meta":[],"pwb-brand":[431],"product_brand":[],"product_cat":[2019,17],"product_tag":[],"class_list":{"0":"post-162615","1":"product","2":"type-product","3":"status-publish","4":"has-post-thumbnail","6":"pwb-brand-microtech","7":"product_cat-vystrelovaci-noze","8":"product_cat-noze","10":"first","11":"outofstock","12":"taxable","13":"shipping-taxable","14":"purchasable","15":"product-type-simple"},"brands":[{"id":431,"name":"Microtech","slug":"microtech"}],"_links":{"self":[{"href":"https:\/\/www.moskito.cz\/en\/wp-json\/wp\/v2\/product\/162615","targetHints":{"allow":["GET"]}}],"collection":[{"href":"https:\/\/www.moskito.cz\/en\/wp-json\/wp\/v2\/product"}],"about":[{"href":"https:\/\/www.moskito.cz\/en\/wp-json\/wp\/v2\/types\/product"}],"replies":[{"embeddable":true,"href":"https:\/\/www.moskito.cz\/en\/wp-json\/wp\/v2\/comments?post=162615"}],"wp:featuredmedia":[{"embeddable":true,"href":"https:\/\/www.moskito.cz\/en\/wp-json\/wp\/v2\/media\/178872"}],"wp:attachment":[{"href":"https:\/\/www.moskito.cz\/en\/wp-json\/wp\/v2\/media?parent=162615"}],"wp:term":[{"taxonomy":"pwb-brand","embeddable":true,"href":"https:\/\/www.moskito.cz\/en\/wp-json\/wp\/v2\/pwb-brand?post=162615"},{"taxonomy":"product_brand","embeddable":true,"href":"https:\/\/www.moskito.cz\/en\/wp-json\/wp\/v2\/product_brand?post=162615"},{"taxonomy":"product_cat","embeddable":true,"href":"https:\/\/www.moskito.cz\/en\/wp-json\/wp\/v2\/product_cat?post=162615"},{"taxonomy":"product_tag","embeddable":true,"href":"https:\/\/www.moskito.cz\/en\/wp-json\/wp\/v2\/product_tag?post=162615"}],"curies":[{"name":"wp","href":"https:\/\/api.w.org\/{rel}","templated":true}]}}