{"id":162639,"date":"2019-02-02T18:44:13","date_gmt":"2019-02-02T17:44:13","guid":{"rendered":"https:\/\/www.moskito.cz\/?post_type=product&#038;p=162639"},"modified":"2025-07-11T07:48:08","modified_gmt":"2025-07-11T06:48:08","slug":"microtech-troodon-se-otf-automatic-knife-3-stonewash-139-10","status":"publish","type":"product","link":"https:\/\/www.moskito.cz\/en\/product\/microtech-troodon-se-otf-automatic-knife-3-stonewash-139-10\/","title":{"rendered":"Vyst\u0159elovac\u00ed N\u016f\u017e Microtech Troodon 139-10"},"content":{"rendered":"<p><span class=\"tlid-translation translation\"><span class=\"\" title=\"\">Vyst\u0159elovac\u00ed N\u016f\u017e <strong>Microtech Troodon <\/strong>139-10<\/span><\/span><\/p>\n<p><span class=\"tlid-translation translation\"><span class=\"\" title=\"\">Troodon je kompaktn\u00ed automatick\u00fd n\u016f\u017e s podpisem spole\u010dnosti <strong>Microtech <\/strong>s dvojit\u00fdm ak\u010dn\u00edm efektem. <span title=\"\">To bylo pojmenovan\u00e9 po Troodon dinosaurus, mal\u00fd, chytr\u00fd a rychl\u00fd lovec.<\/span> <span title=\"\">Rukoje\u0165 je tvarov\u00e1na s ku\u017eelov\u00fdmi koncovkami a dr\u00e1\u017ekami pro v\u011bt\u0161\u00ed uchopen\u00ed.<\/span> Pokud hled\u00e1te v\u011bt\u0161\u00ed no\u017ee se stejn\u00fdm stylem, Microtech Combat Troodon (25% v\u011bt\u0161\u00ed) je vynikaj\u00edc\u00ed volbou.<\/span><\/span><\/p>\n<p>Tento Troodon Vyst\u0159elovac\u00ed N\u016f\u017e <strong>Microtech Troodon<\/strong> 139-10 je vybaven \u0161pi\u010dkou z nerezov\u00e9 oceli s hladk\u00fdm ost\u0159\u00edm. <span title=\"\">Rukoje\u0165 je z \u010dern\u00e9ho eloxovan\u00e9ho hlin\u00edku s dokon\u010den\u00fdm hardwarem, kapsou a sklen\u011bn\u00fdm hrotem.<\/span><\/p>\n<p><span class=\"tlid-translation translation\"><span class=\"\" title=\"\">Celkov\u00e1 d\u00e9lka: 19.12 cm<\/span><br \/>\n<span class=\"\" title=\"\">D\u00e9lka \u010depele: 7.5 cm<\/span><br \/>\n<span class=\"\" title=\"\">Tlou\u0161\u0165ka \u010depele: 0,22 cm<\/span><br \/>\n<span class=\"\" title=\"\">Materi\u00e1l \u010depele: Bohler M390<\/span><br \/>\n<span title=\"\">Styl \u010depel\u00ed: Drop Point<\/span><br \/>\n<span title=\"\">B\u0159itov\u00e9 desti\u010dky: Ploch\u00e9<\/span><br \/>\n<span title=\"\">Finish: Stonewash<\/span><br \/>\n<span title=\"\">Typ okraje: oby\u010dejn\u00fd<\/span><br \/>\n<span title=\"\">D\u00e9lka rukojeti: 10.62 cm<\/span><br \/>\n<span title=\"\">Tlou\u0161\u0165ka rukojeti: 1.12cm<\/span><br \/>\n<span title=\"\">Materi\u00e1l rukojeti: hlin\u00edk<\/span><br \/>\n<span title=\"\">\u010cern\u00e1 barva<\/span><br \/>\n<span title=\"\">Hmotnost: 2,80 oz.<\/span><br \/>\n<span title=\"\">U\u017eivatel: Prav\u00e1 ruka<\/span><br \/>\n<span title=\"\">Pocket Clip: Tip-Down<\/span><br \/>\n<span title=\"\">Typ no\u017ee: Automatick\u00fd<\/span><br \/>\n<span title=\"\">Otv\u00edra\u010d: Thumb Slide<\/span><br \/>\n<span title=\"\">Zna\u010dka: Microtech<\/span><br \/>\n<span title=\"\">Model: Troodon<\/span><br \/>\n<span title=\"\">\u010c\u00edslo modelu: 139-10<\/span><br \/>\n<span title=\"\">Zem\u011b p\u016fvodu: USA<\/span><br \/>\n<span title=\"\">Nejlep\u0161\u00ed vyu\u017eit\u00ed: Taktick\u00e9<\/span><\/span><\/p>\n<p>Named after the <strong>Troodon <\/strong>(troh-o-don) Dinosaur, this knife defines the new era for Microtech Knives. Troodon is Greek for &#8220;wounding tooth&#8221;. New enhancements include a new slender handle, contoured shape and radical design elements, as well as a sophisticated internal mechanism, which improves operational functionality and reliability. The Troodon brings together a new out-the-front technology with the feel of a <strong>Microtech <\/strong>classic. This project was spear headed personally by Anthony Marfione and consisted of an internal collaboration of the <strong>Microtech <\/strong>team. The Troodon was the flagship for M<strong>icrotech&#8217;s <\/strong>entire 2006 out-the-front line.<\/p>\n<p>Specifications<br \/>\nBlade Length: 3.06&#8243;<br \/>\nBlade Thickness: 0.095&#8243;<br \/>\nGlass Break: Removable Tungsten Tip Glass Breaker<br \/>\nHandle: 6061-T6 Aluminum Mil Spec Hard Coat Anodized<br \/>\nHandle Thickness: Sculptured Tapered Min 0.304&#8243; Max 435&#8243;<br \/>\nLength Open: 7.64&#8243;<br \/>\nLength Closed: 4.58&#8243;<br \/>\nPocket Clip: 301 Spring Tempered, Ambidextrous<br \/>\nAction: Dual Action Auto Fire and Retract<br \/>\nWeight: 2.8 oz.<br \/>\nPlease note, blade steel cannot be specified as it can change depending on availability (information from Microtech)<br \/>\nMade in the USA<\/p>\n","protected":false},"excerpt":{"rendered":"<p>V pr\u016fb\u011bhu let <strong>Microtech\u00ae Knives<\/strong> naplnil v\u00e1\u0161n\u00ed a dovednost\u00ed v\u00fdrobu no\u017e\u016f, a\u017e z nich vytvo\u0159il t\u00e9m\u011b\u0159 um\u011bleck\u00e1 d\u00edla,kter\u00e9 jsou vrcholem funk\u010dnosti.V\u0161echny d\u00edly jsou vyrodeny v USA.<br \/>\n<strong>Na v\u0161echny no\u017ee Microtech je do\u017eivotn\u00ed z\u00e1ruka.<\/strong><\/p>\n","protected":false},"featured_media":178449,"comment_status":"open","ping_status":"closed","template":"","meta":[],"pwb-brand":[431],"product_brand":[],"product_cat":[2019,17],"product_tag":[],"class_list":{"0":"post-162639","1":"product","2":"type-product","3":"status-publish","4":"has-post-thumbnail","6":"pwb-brand-microtech","7":"product_cat-vystrelovaci-noze","8":"product_cat-noze","10":"first","11":"outofstock","12":"taxable","13":"shipping-taxable","14":"purchasable","15":"product-type-simple"},"brands":[{"id":431,"name":"Microtech","slug":"microtech"}],"_links":{"self":[{"href":"https:\/\/www.moskito.cz\/en\/wp-json\/wp\/v2\/product\/162639","targetHints":{"allow":["GET"]}}],"collection":[{"href":"https:\/\/www.moskito.cz\/en\/wp-json\/wp\/v2\/product"}],"about":[{"href":"https:\/\/www.moskito.cz\/en\/wp-json\/wp\/v2\/types\/product"}],"replies":[{"embeddable":true,"href":"https:\/\/www.moskito.cz\/en\/wp-json\/wp\/v2\/comments?post=162639"}],"wp:featuredmedia":[{"embeddable":true,"href":"https:\/\/www.moskito.cz\/en\/wp-json\/wp\/v2\/media\/178449"}],"wp:attachment":[{"href":"https:\/\/www.moskito.cz\/en\/wp-json\/wp\/v2\/media?parent=162639"}],"wp:term":[{"taxonomy":"pwb-brand","embeddable":true,"href":"https:\/\/www.moskito.cz\/en\/wp-json\/wp\/v2\/pwb-brand?post=162639"},{"taxonomy":"product_brand","embeddable":true,"href":"https:\/\/www.moskito.cz\/en\/wp-json\/wp\/v2\/product_brand?post=162639"},{"taxonomy":"product_cat","embeddable":true,"href":"https:\/\/www.moskito.cz\/en\/wp-json\/wp\/v2\/product_cat?post=162639"},{"taxonomy":"product_tag","embeddable":true,"href":"https:\/\/www.moskito.cz\/en\/wp-json\/wp\/v2\/product_tag?post=162639"}],"curies":[{"name":"wp","href":"https:\/\/api.w.org\/{rel}","templated":true}]}}