{"id":162649,"date":"2019-02-02T19:33:29","date_gmt":"2019-02-02T18:33:29","guid":{"rendered":"https:\/\/www.moskito.cz\/?post_type=product&#038;p=162649"},"modified":"2026-04-24T13:36:06","modified_gmt":"2026-04-24T12:36:06","slug":"microtech-cypher-mk7-se-otf-automatic-knife-black-4-red-241m-1rdbk","status":"publish","type":"product","link":"https:\/\/www.moskito.cz\/en\/product\/microtech-cypher-mk7-se-otf-automatic-knife-black-4-red-241m-1rdbk\/","title":{"rendered":"Vyst\u0159elovac\u00ed N\u016f\u017e Microtech Cypher MK7 241M-1RDBK"},"content":{"rendered":"<p><span class=\"tlid-translation translation\"><span class=\"\" title=\"\">Vyst\u0159elovac\u00ed N\u016f\u017e <strong>Microtech<\/strong> Cypher MK7 241M-1RDBK<\/span><\/span><\/p>\n<p><span class=\"tlid-translation translation\"><span class=\"\" title=\"\">Vyst\u0159elovac\u00ed N\u016f\u017e <strong>Microtech<\/strong> Cypher MK7 241M-1RDBK je vybaven jednoramenn\u00fdm ost\u0159\u00edm v \u010derven\u00e9 barv\u011b a \u010dern\u00fdm hlin\u00edkov\u00fdm dr\u017eadlem s \u010derven\u00fdm titanov\u00fdm koncem.<\/span><\/span><\/p>\n<p><span title=\"\">Microtech Cypher OTF je produk\u010dn\u00ed verze popul\u00e1rn\u00ed spolupr\u00e1ce A. Marfione \/ D.C. Munroe.<\/span> <span title=\"\">Jeho \u0161tylizovan\u00e1 rukoje\u0165 je vyrobena z lehk\u00e9ho hlin\u00edku s \u010dern\u00fdm eloxovan\u00fdm povrchem a fr\u00e9zov\u00e1nou koncovkou z titanu.<\/span><\/p>\n<p><span class=\"tlid-translation translation\"><span title=\"\">Celkov\u00e1 d\u00e9lka: 24.37 cm<\/span><br \/>\n<span title=\"\">D\u00e9lka \u010depele: 10 cm<\/span><br \/>\n<span class=\"\" title=\"\">\u0158ezn\u00e1 hrana: 9.37 cm<\/span><br \/>\n<span class=\"\" title=\"\">\u0160\u00ed\u0159ka \u010depele: 1.87 cm<\/span><br \/>\n<span class=\"\" title=\"\">Tlou\u0161\u0165ka \u010depele: 0,32 cm<\/span><br \/>\n<span title=\"\">Materi\u00e1l \u010depele: Bohler M390<\/span><br \/>\n<span class=\"\" title=\"\">Styl \u010depele: Wharncliffe<\/span><br \/>\n<span class=\"\" title=\"\">B\u0159itov\u00e9 desti\u010dky: Ploch\u00e9<\/span><br \/>\n<span title=\"\">Finish: \u010cerven\u00e1<\/span><br \/>\n<span title=\"\">Typ okraje: oby\u010dejn\u00fd<\/span><br \/>\n<span class=\"\" title=\"\">D\u00e9lka rukojeti: 14.37 cm<\/span><br \/>\n<span title=\"\">\u0160\u00ed\u0159ka rukojeti: 2.8 cm<\/span><br \/>\n<span title=\"\">Tlou\u0161\u0165ka rukojeti: 1.17 cm<\/span><br \/>\n<span title=\"\">Materi\u00e1l rukojeti: hlin\u00edk<\/span><br \/>\n<span title=\"\">\u010cern\u00e1 barva<\/span><br \/>\n<span title=\"\">Hmotnost: 4,33 oz.<\/span><br \/>\n<span title=\"\">U\u017eivatel: Prav\u00e1 ruka<\/span><br \/>\n<span title=\"\">Pocket Clip: Tip-Down<\/span><br \/>\n<span title=\"\">Typ no\u017ee: Double-Action OTF Automatic<\/span><br \/>\n<span title=\"\">Otv\u00edra\u010d: Thumb Slide<\/span><br \/>\n<span title=\"\">Zna\u010dka: Microtech<\/span><br \/>\n<span title=\"\">Model: Cypher MK7<\/span><br \/>\n<span title=\"\">\u010c\u00edslo modelu: 241M-1 RDBK<\/span><br \/>\n<span title=\"\">Zem\u011b p\u016fvodu: USA<\/span><br \/>\n<span class=\"\" title=\"\">Nejlep\u0161\u00ed vyu\u017eit\u00ed: Taktick\u00e9<\/span><\/span><\/p>\n<p>Microtech Cypher MK 7 is a production version of the A. Marfione\/D.C. Munroe collaboration. This out the front automatic knife is a substantial tool, yet insanely lightweight for its size. It&#8217;s slender enough to keep on your person daily while the blade length will lend itself to an extended serious use. The Cypher MK 7 is one collaboration you won&#8217;t want to miss out on. The Cypher MK 7 has lots of Monroe style including the milled cutout on the Wharncliffe style blade, handle milling and 3D machined titanium pocket clip. This LIMITED version comes with a two-tone Red and Satin blade, Black hardware and Black handle.<\/p>\n<p>Brand new item directly from Microtech Knives, USA.<\/p>\n<p>Blade: The long Wharncliffe blade combines powerful cutting performance with an elegant slender look. Premium stainless steel blade was chosen for its edge retention and corrosion resistant properties. The grinds have a durable Red coating while the flats are satin finished. It deploys via a dual action automatic mechanism for fast, smooth operation. Simply press the thumb slide up to open and then back down to close.<\/p>\n<p>Handle: Milled, Black anodized aluminum offers over 5 inches of handle, long enough for extra large or gloved hands. It has contoured milling with smooth edges for excellent hand and finger placement. It is built with Microtech&#8217;s proprietary Black hardware with a Red, integral titanium striker pommel with lanyard hole and titanium pocket clip. The side of the handle includes the production date, individual serial number and logos.<\/p>\n<p>Carries via a right hand, tip-up 3D machined titanium pocket clip.<\/p>\n<p>&nbsp;<\/p>\n","protected":false},"excerpt":{"rendered":"<p>Microtech Cypher OTF je produk\u010dn\u00ed verze popul\u00e1rn\u00ed spolupr\u00e1ce A. Marfione \/ D.C. Munroe.<br \/>\nJeho \u0161tylizovan\u00e1 rukoje\u0165 je vyrobena z lehk\u00e9ho hlin\u00edku s \u010dern\u00fdm eloxovan\u00fdm povrchem a<br \/>\nfr\u00e9zov\u00e1nou koncovkou z titanu.<br \/>\nV\u0161echny d\u00edly jsou vyrodeny v USA.<br \/>\n<strong>Na v\u0161echny no\u017ee Microtech je do\u017eivotn\u00ed z\u00e1ruka.<\/strong><\/p>\n","protected":false},"featured_media":164293,"comment_status":"open","ping_status":"closed","template":"","meta":[],"pwb-brand":[431],"product_brand":[],"product_cat":[2019,17],"product_tag":[],"class_list":{"0":"post-162649","1":"product","2":"type-product","3":"status-publish","4":"has-post-thumbnail","6":"pwb-brand-microtech","7":"product_cat-vystrelovaci-noze","8":"product_cat-noze","10":"first","11":"outofstock","12":"taxable","13":"shipping-taxable","14":"purchasable","15":"product-type-simple"},"brands":[{"id":431,"name":"Microtech","slug":"microtech"}],"_links":{"self":[{"href":"https:\/\/www.moskito.cz\/en\/wp-json\/wp\/v2\/product\/162649","targetHints":{"allow":["GET"]}}],"collection":[{"href":"https:\/\/www.moskito.cz\/en\/wp-json\/wp\/v2\/product"}],"about":[{"href":"https:\/\/www.moskito.cz\/en\/wp-json\/wp\/v2\/types\/product"}],"replies":[{"embeddable":true,"href":"https:\/\/www.moskito.cz\/en\/wp-json\/wp\/v2\/comments?post=162649"}],"wp:featuredmedia":[{"embeddable":true,"href":"https:\/\/www.moskito.cz\/en\/wp-json\/wp\/v2\/media\/164293"}],"wp:attachment":[{"href":"https:\/\/www.moskito.cz\/en\/wp-json\/wp\/v2\/media?parent=162649"}],"wp:term":[{"taxonomy":"pwb-brand","embeddable":true,"href":"https:\/\/www.moskito.cz\/en\/wp-json\/wp\/v2\/pwb-brand?post=162649"},{"taxonomy":"product_brand","embeddable":true,"href":"https:\/\/www.moskito.cz\/en\/wp-json\/wp\/v2\/product_brand?post=162649"},{"taxonomy":"product_cat","embeddable":true,"href":"https:\/\/www.moskito.cz\/en\/wp-json\/wp\/v2\/product_cat?post=162649"},{"taxonomy":"product_tag","embeddable":true,"href":"https:\/\/www.moskito.cz\/en\/wp-json\/wp\/v2\/product_tag?post=162649"}],"curies":[{"name":"wp","href":"https:\/\/api.w.org\/{rel}","templated":true}]}}