{"id":164805,"date":"2019-06-30T12:32:15","date_gmt":"2019-06-30T11:32:15","guid":{"rendered":"https:\/\/www.moskito.cz\/?post_type=product&#038;p=164805"},"modified":"2025-07-11T07:49:34","modified_gmt":"2025-07-11T06:49:34","slug":"microtech-dirac-delta-blue-titanium-s-n-005","status":"publish","type":"product","link":"https:\/\/www.moskito.cz\/en\/product\/microtech-dirac-delta-blue-titanium-s-n-005\/","title":{"rendered":"Vyst\u0159elovac\u00ed N\u016f\u017e Microtech Dirac Delta Blue Titanium S\/N 005"},"content":{"rendered":"<p>Vyst\u0159elovac\u00ed N\u016f\u017e <strong>Microtech Dirac Delta<\/strong> Blue Titanium S\/N 005<\/p>\n<p>Velmi limitovan\u00e1 edice, jedin\u00fd model v Evrop\u011b. Nov\u00fd model zvan\u00fd Dirac (DER-ACK) z Microtech Custom shopu. Toto je prototyp \u010d\u00edslo 5.<br \/>\nDod\u00e1v\u00e1 se s kovov\u00fdm certifik\u00e1tem a n\u00e1dhern\u00fdm pouzdrem.<\/p>\n<p>\u010cepel: Zrcadlov\u00e1 9.4 cm, D \/ E Elmax Zrcadlov\u00e1<br \/>\nRukoje\u0165: 13 cm \u010dern\u00e1 se \u0161roubky,pojistkou a hrotem z titanu<br \/>\nPojistka: OTF Auto Thumb Slide (Front)<\/p>\n<p><strong>Marfione<\/strong> zak\u00e1zkov\u00e9 balen\u00ed<br \/>\nNa obr\u00e1zku je jin\u00e1 barva rukojeti bez \u0161roubk\u016f z titanu.<\/p>\n","protected":false},"excerpt":{"rendered":"<p>V pr\u016fb\u011bhu let M<strong>icrotech\u00ae Knives<\/strong> naplnil v\u00e1\u0161n\u00ed a dovednost\u00ed v\u00fdrobu no\u017e\u016f, a\u017e z nich vytvo\u0159il t\u00e9m\u011b\u0159 um\u011bleck\u00e1 d\u00edla,kter\u00e9 jsou vrcholem funk\u010dnosti.V\u0161echny d\u00edly jsou vyrodeny v USA.<br \/>\n<strong>Na v\u0161echny no\u017ee Microtech je do\u017eivotn\u00ed z\u00e1ruka.<\/strong><\/p>\n","protected":false},"featured_media":178444,"comment_status":"open","ping_status":"closed","template":"","meta":[],"pwb-brand":[431],"product_brand":[],"product_cat":[2019,17],"product_tag":[],"class_list":{"0":"post-164805","1":"product","2":"type-product","3":"status-publish","4":"has-post-thumbnail","6":"pwb-brand-microtech","7":"product_cat-vystrelovaci-noze","8":"product_cat-noze","10":"first","11":"outofstock","12":"taxable","13":"shipping-taxable","14":"purchasable","15":"product-type-simple"},"brands":[{"id":431,"name":"Microtech","slug":"microtech"}],"_links":{"self":[{"href":"https:\/\/www.moskito.cz\/en\/wp-json\/wp\/v2\/product\/164805","targetHints":{"allow":["GET"]}}],"collection":[{"href":"https:\/\/www.moskito.cz\/en\/wp-json\/wp\/v2\/product"}],"about":[{"href":"https:\/\/www.moskito.cz\/en\/wp-json\/wp\/v2\/types\/product"}],"replies":[{"embeddable":true,"href":"https:\/\/www.moskito.cz\/en\/wp-json\/wp\/v2\/comments?post=164805"}],"wp:featuredmedia":[{"embeddable":true,"href":"https:\/\/www.moskito.cz\/en\/wp-json\/wp\/v2\/media\/178444"}],"wp:attachment":[{"href":"https:\/\/www.moskito.cz\/en\/wp-json\/wp\/v2\/media?parent=164805"}],"wp:term":[{"taxonomy":"pwb-brand","embeddable":true,"href":"https:\/\/www.moskito.cz\/en\/wp-json\/wp\/v2\/pwb-brand?post=164805"},{"taxonomy":"product_brand","embeddable":true,"href":"https:\/\/www.moskito.cz\/en\/wp-json\/wp\/v2\/product_brand?post=164805"},{"taxonomy":"product_cat","embeddable":true,"href":"https:\/\/www.moskito.cz\/en\/wp-json\/wp\/v2\/product_cat?post=164805"},{"taxonomy":"product_tag","embeddable":true,"href":"https:\/\/www.moskito.cz\/en\/wp-json\/wp\/v2\/product_tag?post=164805"}],"curies":[{"name":"wp","href":"https:\/\/api.w.org\/{rel}","templated":true}]}}