{"id":165323,"date":"2019-09-01T15:37:12","date_gmt":"2019-09-01T14:37:12","guid":{"rendered":"https:\/\/www.moskito.cz\/?post_type=product&#038;p=165323"},"modified":"2025-07-11T07:49:48","modified_gmt":"2025-07-11T06:49:48","slug":"microtech-ultratech-standard-122-1","status":"publish","type":"product","link":"https:\/\/www.moskito.cz\/en\/product\/microtech-ultratech-standard-122-1\/","title":{"rendered":"Vyst\u0159elovac\u00ed N\u016f\u017e Microtech Ultratech 122-1"},"content":{"rendered":"<p>Vyst\u0159elovac\u00ed N\u016f\u017e Microtech Ultratech 122-1<\/p>\n<p>Z p\u0159edu vyst\u0159elovac\u00ed n\u016f\u017e.<\/p>\n<p>Vyst\u0159elovac\u00ed N\u016f\u017e Microtech Ultratech 122-1 &#8211; Ultratech je vybaven dvojitou \u010depel\u00ed s \u010dernou povrchovou \u00fapravou a jednoduch\u00fdmi \u0159ezn\u00fdmi hranami. M\u00e1 tvarovanou hlin\u00edkovou rukoje\u0165 z eloxovan\u00e9ho hlin\u00edku 6061-T6 s kuli\u010dkov\u00fdm hrotem, kter\u00fd je z u\u0161lechtil\u00e9 oceli.<\/p>\n<p>Microtech vybavil tuto verzi st\u00e1le popul\u00e1rn\u00edho Ultratech D \/ A OTF n\u016f\u017e s hladk\u00fdm konturovan\u00fdm designem rukojeti, kter\u00fd zvy\u0161uje komfort p\u0159i pou\u017e\u00edv\u00e1n\u00ed. Tento aktualizovan\u00fd model poskytuje stejn\u00e9 rozm\u011bry, hardware a trvanlivost nab\u00edzen\u00e9 variantou \u201eTri-Grip\u201c, jednodu\u0161eji jde do ruky a i do kapsy.<\/p>\n<p>Pro ty, kte\u0159\u00ed nejsou obezn\u00e1meni s technologi\u00ed Ultratech, je to pln\u011b automatick\u00fd n\u016f\u017e s dvojit\u00fdm mechanismem mimo p\u0159edn\u00ed stranu, co\u017e znamen\u00e1, \u017ee \u010depel se pomoc\u00ed palce se sklop\u00ed a zasune. N\u016f\u017e Ultratech spole\u010dnosti Microtech nastavil la\u0165ku pro v\u0161echny no\u017ee OTF.<\/p>\n<p>Celkov\u00e1 d\u00e9lka: 22 cm<br \/>\nD\u00e9lka \u010depele: 8.6 cm<br \/>\nMateri\u00e1l \u010depele: Bohler M390<br \/>\nStyl \u010depele: D\u00fdka<br \/>\nB\u0159itov\u00e9 desti\u010dky: Ploch\u00e9<br \/>\nBarva: \u010cern\u00e1<br \/>\nTyp okraje: oby\u010dejn\u00fd<br \/>\nMateri\u00e1l rukojeti: hlin\u00edk<br \/>\n\u010cern\u00e1 barva<br \/>\nHmotnost: 3,60 oz.<br \/>\nU\u017eivatel: Prav\u00e1 ruka<br \/>\nPocket Clip: Tip-Down<br \/>\nTyp no\u017ee: Double-Action OTF Automatic<br \/>\nOtv\u00edra\u010d: Thumb Slide<br \/>\nZna\u010dka: Microtech<br \/>\nModel: Ultratech<br \/>\n\u010c\u00edslo modelu: 122-1<br \/>\nZem\u011b p\u016fvodu: USA<br \/>\nNejlep\u0161\u00ed pou\u017eit\u00ed: Ka\u017edodenn\u00ed<\/p>\n<div>The Ultratech is the premiere dual action out the front (OTF) knife from this industry leader in automatics. The new clean contour body design is perfect for the pocket and the hand, this knife has undergone decades of refinement to become the juggernaut go to OTF for professionals, service members and everyone else who needs a proper pocket knife.<\/div>\n<p><span id=\"product_description\"><br \/>\nMicrotech has fully equipped the modern Ultratech with a classic &#8220;done right the first time&#8221; pocket clip that will never let you down, this is also where you will find the knifes unique serial number and build date. A tungsten carbide ball has been pressed into the new style triangle glass breaker, a great feature of this knife that leads to the functionality as an emergency exit tool. The fire slide on the spine of the Ultratech is re-designed with great detail to provide better grip when you need it.<\/span><\/p>\n<p><b>Features<\/b><br \/>\nOverall Length: 8.35&#8243;<br \/>\nBlade Length: 3.45&#8243;<br \/>\nBlade Material: M390<br \/>\nBlade Thickness: .13&#8243;<br \/>\nHandle Material: 6061 Aluminum<br \/>\nWeight: 3.6oz<br \/>\nClosed Length: 5.1&#8243;<br \/>\nKnife Category: Automatic<br \/>\nAction: Dual Action Automatic (D\/A)<br \/>\nBlade Style: Double Edge (D\/E)<br \/>\nCountry of Origin: USA<\/p>\n","protected":false},"excerpt":{"rendered":"<p>Vyst\u0159elovac\u00ed N\u016f\u017e Microtech Ultratech 122-1 &#8211; Ultratech je vybaven dvojitou \u010depel\u00ed<br \/>\ns \u010dernou povrchovou \u00fapravou a jednoduch\u00fdmi \u0159ezn\u00fdmi hranami.<br \/>\nV\u0161echny d\u00edly jsou vyrodeny v USA.<br \/>\n<strong>Na v\u0161echny no\u017ee Microtech je do\u017eivotn\u00ed z\u00e1ruka.<\/strong><\/p>\n","protected":false},"featured_media":165346,"comment_status":"open","ping_status":"closed","template":"","meta":[],"pwb-brand":[431],"product_brand":[],"product_cat":[2019,17],"product_tag":[],"class_list":{"0":"post-165323","1":"product","2":"type-product","3":"status-publish","4":"has-post-thumbnail","6":"pwb-brand-microtech","7":"product_cat-vystrelovaci-noze","8":"product_cat-noze","10":"first","11":"outofstock","12":"taxable","13":"shipping-taxable","14":"purchasable","15":"product-type-simple"},"brands":[{"id":431,"name":"Microtech","slug":"microtech"}],"_links":{"self":[{"href":"https:\/\/www.moskito.cz\/en\/wp-json\/wp\/v2\/product\/165323","targetHints":{"allow":["GET"]}}],"collection":[{"href":"https:\/\/www.moskito.cz\/en\/wp-json\/wp\/v2\/product"}],"about":[{"href":"https:\/\/www.moskito.cz\/en\/wp-json\/wp\/v2\/types\/product"}],"replies":[{"embeddable":true,"href":"https:\/\/www.moskito.cz\/en\/wp-json\/wp\/v2\/comments?post=165323"}],"wp:featuredmedia":[{"embeddable":true,"href":"https:\/\/www.moskito.cz\/en\/wp-json\/wp\/v2\/media\/165346"}],"wp:attachment":[{"href":"https:\/\/www.moskito.cz\/en\/wp-json\/wp\/v2\/media?parent=165323"}],"wp:term":[{"taxonomy":"pwb-brand","embeddable":true,"href":"https:\/\/www.moskito.cz\/en\/wp-json\/wp\/v2\/pwb-brand?post=165323"},{"taxonomy":"product_brand","embeddable":true,"href":"https:\/\/www.moskito.cz\/en\/wp-json\/wp\/v2\/product_brand?post=165323"},{"taxonomy":"product_cat","embeddable":true,"href":"https:\/\/www.moskito.cz\/en\/wp-json\/wp\/v2\/product_cat?post=165323"},{"taxonomy":"product_tag","embeddable":true,"href":"https:\/\/www.moskito.cz\/en\/wp-json\/wp\/v2\/product_tag?post=165323"}],"curies":[{"name":"wp","href":"https:\/\/api.w.org\/{rel}","templated":true}]}}