{"id":170694,"date":"2020-10-26T11:50:19","date_gmt":"2020-10-26T10:50:19","guid":{"rendered":"https:\/\/www.moskito.cz\/?post_type=product&#038;p=170694"},"modified":"2025-12-18T14:31:29","modified_gmt":"2025-12-18T13:31:29","slug":"zaviraci-zachranarsky-nuz-joker-jkr0562","status":"publish","type":"product","link":"https:\/\/www.moskito.cz\/en\/product\/zaviraci-zachranarsky-nuz-joker-jkr0562\/","title":{"rendered":"Zav\u00edrac\u00ed z\u00e1chran\u00e1\u0159sk\u00fd n\u016f\u017e Joker"},"content":{"rendered":"<p>Zav\u00edrac\u00ed z\u00e1chran\u00e1\u0159sk\u00fd n\u016f\u017e Joker.<br \/>\nNo\u017ee <strong>Joker<\/strong> poch\u00e1zej\u00ed ze \u0160pan\u011blsk\u00e9ho m\u011bsta Albacete, kter\u00e9 je zn\u00e1m\u00e9 v\u00fdrobou no\u017e\u016f.<br \/>\nZav\u00edrac\u00ed z\u00e1chran\u00e1\u0159sk\u00fd n\u016f\u017e s asistovan\u00fdm otev\u00edr\u00e1n\u00edm. D\u00e9lka no\u017ee v uzav\u0159en\u00e9m stavu je 12cm, dvoubarevn\u00e1 \u010d\u00e1ste\u010dn\u011b zoubkovan\u00e1 nerezov\u00e1 \u010depel m\u00e1 d\u00e9lku 8.5 cm. N\u016f\u017e disponuje \u010dernou a \u010dervenou tvarovanou hlin\u00edkovou rukoje\u0165\u00ed, \u0159eza\u010dkou p\u00e1s\u016f, \u0161\u0148\u016frou na krk, hrotem na rozbit\u00ed skla a kapesn\u00edm klipem. Sou\u010d\u00e1st\u00ed je \u010dern\u00e9 nylonov\u00e9 pouzdro.<\/p>\n","protected":false},"excerpt":{"rendered":"<p>No\u017ee <strong>Joker <\/strong>poch\u00e1zej\u00ed ze \u0160pan\u011blsk\u00e9ho m\u011bsta Albacete, kter\u00e9 je zn\u00e1m\u00e9 tradi\u010dn\u00ed v\u00fdrobou no\u017e\u016f a d\u00fdk.<br \/>\n<strong>Navr\u017eeno a vyrobeno ve \u0160pan\u011blsku (Albacete)<\/strong><\/p>\n","protected":false},"featured_media":192856,"comment_status":"open","ping_status":"closed","template":"","meta":[],"pwb-brand":[359],"product_brand":[],"product_cat":[17],"product_tag":[],"class_list":{"0":"post-170694","1":"product","2":"type-product","3":"status-publish","4":"has-post-thumbnail","6":"pwb-brand-joker","7":"product_cat-noze","9":"first","10":"outofstock","11":"taxable","12":"shipping-taxable","13":"purchasable","14":"product-type-simple"},"brands":[{"id":359,"name":"Joker","slug":"joker"}],"_links":{"self":[{"href":"https:\/\/www.moskito.cz\/en\/wp-json\/wp\/v2\/product\/170694","targetHints":{"allow":["GET"]}}],"collection":[{"href":"https:\/\/www.moskito.cz\/en\/wp-json\/wp\/v2\/product"}],"about":[{"href":"https:\/\/www.moskito.cz\/en\/wp-json\/wp\/v2\/types\/product"}],"replies":[{"embeddable":true,"href":"https:\/\/www.moskito.cz\/en\/wp-json\/wp\/v2\/comments?post=170694"}],"wp:featuredmedia":[{"embeddable":true,"href":"https:\/\/www.moskito.cz\/en\/wp-json\/wp\/v2\/media\/192856"}],"wp:attachment":[{"href":"https:\/\/www.moskito.cz\/en\/wp-json\/wp\/v2\/media?parent=170694"}],"wp:term":[{"taxonomy":"pwb-brand","embeddable":true,"href":"https:\/\/www.moskito.cz\/en\/wp-json\/wp\/v2\/pwb-brand?post=170694"},{"taxonomy":"product_brand","embeddable":true,"href":"https:\/\/www.moskito.cz\/en\/wp-json\/wp\/v2\/product_brand?post=170694"},{"taxonomy":"product_cat","embeddable":true,"href":"https:\/\/www.moskito.cz\/en\/wp-json\/wp\/v2\/product_cat?post=170694"},{"taxonomy":"product_tag","embeddable":true,"href":"https:\/\/www.moskito.cz\/en\/wp-json\/wp\/v2\/product_tag?post=170694"}],"curies":[{"name":"wp","href":"https:\/\/api.w.org\/{rel}","templated":true}]}}