{"id":174864,"date":"2020-11-29T21:16:23","date_gmt":"2020-11-29T20:16:23","guid":{"rendered":"https:\/\/www.moskito.cz\/?post_type=product&#038;p=174864"},"modified":"2025-07-11T07:53:01","modified_gmt":"2025-07-11T06:53:01","slug":"zaviraci-nuz-miguel-nieto-coyote-046","status":"publish","type":"product","link":"https:\/\/www.moskito.cz\/en\/product\/zaviraci-nuz-miguel-nieto-coyote-046\/","title":{"rendered":"Zav\u00edrac\u00ed N\u016f\u017e Miguel Nieto COYOTE 046"},"content":{"rendered":"<p>Zav\u00edrac\u00ed N\u016f\u017e Miguel Nieto COYOTE 046.<br \/>\nZ\u00e1kladem Spole\u010dnosti Miguel Nieto je dosa\u017een\u00ed spolehliv\u00e9 kvality, kter\u00e1 spojuje technologick\u00fd pokrok s tradicemi.<br \/>\nV sou\u010dasn\u00e9 dob\u011b spole\u010dnost Miguel Nieto st\u00e1le pracuje na z\u00edsk\u00e1n\u00ed produktu 100% vyroben\u00e9ho ve \u0160pan\u011blsku, cenov\u011b dostupn\u00e9ho a t\u00e9 nejvy\u0161\u0161\u00ed kvality.<br \/>\nP\u0159i v\u00fdrob\u011b \u010depel\u00ed no\u017e\u016f se pou\u017e\u00edv\u00e1 v\u00fdhradn\u011b kvalitn\u00ed \u0161pan\u011blsk\u00e1 ocel AN-58, kalen\u00e1 na 58-60 HRC.<br \/>\nOcel AN-58<br \/>\nRukoje\u0165 je z p\u0159\u00edrodn\u00edho kudrnat\u00e9ho b\u0159ezov\u00e9ho d\u0159eva<br \/>\nVelikost \u010depele 8 cm<br \/>\nVelikost 18,5 cm<br \/>\nHmotnost 87 gr<br \/>\nN\u00fdt z nerezov\u00e9 oceli 303<\/p>\n","protected":false},"excerpt":{"rendered":"<p>Z\u00e1kladem Spole\u010dnosti Miguel Nieto je dosa\u017een\u00ed spolehliv\u00e9 kvality, kter\u00e1 spojuje technologick\u00fd pokrok s tradicemi.<br \/>\n<strong>Vyrobeno ve \u0160pan\u011blsku.<\/strong><\/p>\n","protected":false},"featured_media":174865,"comment_status":"open","ping_status":"closed","template":"","meta":[],"pwb-brand":[469],"product_brand":[],"product_cat":[22,17],"product_tag":[],"class_list":{"0":"post-174864","1":"product","2":"type-product","3":"status-publish","4":"has-post-thumbnail","6":"pwb-brand-nieto","7":"product_cat-zaviraci-noze","8":"product_cat-noze","10":"first","11":"outofstock","12":"taxable","13":"shipping-taxable","14":"purchasable","15":"product-type-simple"},"brands":[{"id":469,"name":"Nieto","slug":"nieto"}],"_links":{"self":[{"href":"https:\/\/www.moskito.cz\/en\/wp-json\/wp\/v2\/product\/174864","targetHints":{"allow":["GET"]}}],"collection":[{"href":"https:\/\/www.moskito.cz\/en\/wp-json\/wp\/v2\/product"}],"about":[{"href":"https:\/\/www.moskito.cz\/en\/wp-json\/wp\/v2\/types\/product"}],"replies":[{"embeddable":true,"href":"https:\/\/www.moskito.cz\/en\/wp-json\/wp\/v2\/comments?post=174864"}],"wp:featuredmedia":[{"embeddable":true,"href":"https:\/\/www.moskito.cz\/en\/wp-json\/wp\/v2\/media\/174865"}],"wp:attachment":[{"href":"https:\/\/www.moskito.cz\/en\/wp-json\/wp\/v2\/media?parent=174864"}],"wp:term":[{"taxonomy":"pwb-brand","embeddable":true,"href":"https:\/\/www.moskito.cz\/en\/wp-json\/wp\/v2\/pwb-brand?post=174864"},{"taxonomy":"product_brand","embeddable":true,"href":"https:\/\/www.moskito.cz\/en\/wp-json\/wp\/v2\/product_brand?post=174864"},{"taxonomy":"product_cat","embeddable":true,"href":"https:\/\/www.moskito.cz\/en\/wp-json\/wp\/v2\/product_cat?post=174864"},{"taxonomy":"product_tag","embeddable":true,"href":"https:\/\/www.moskito.cz\/en\/wp-json\/wp\/v2\/product_tag?post=174864"}],"curies":[{"name":"wp","href":"https:\/\/api.w.org\/{rel}","templated":true}]}}