{"id":175457,"date":"2020-11-30T22:57:12","date_gmt":"2020-11-30T21:57:12","guid":{"rendered":"https:\/\/www.moskito.cz\/?post_type=product&#038;p=175457"},"modified":"2025-11-14T17:50:10","modified_gmt":"2025-11-14T16:50:10","slug":"skladaci-pribor-joker-jkr123","status":"publish","type":"product","link":"https:\/\/www.moskito.cz\/en\/product\/skladaci-pribor-joker-jkr123\/","title":{"rendered":"Skl\u00e1dac\u00ed P\u0159\u00edbor Joker JKR123"},"content":{"rendered":"<p>Skl\u00e1dac\u00ed P\u0159\u00edbor Joker JKR123.<br \/>\nNo\u017ee Joker poch\u00e1zej\u00ed ze \u0160pan\u011blsk\u00e9ho m\u011bsta Albacete, kter\u00e9 je zn\u00e1m\u00e9 tradi\u010dn\u00ed v\u00fdrobou no\u017e\u016f a d\u00fdk.<br \/>\nSada skl\u00e1dac\u00edch p\u0159\u00edbor\u016f je ur\u010dena na kempov\u00e1n\u00ed a pobyt v p\u0159\u00edrod\u011b.<br \/>\nSada obsahuje:<br \/>\nN\u016f\u017e<br \/>\nL\u017ei\u010dka<br \/>\nVidli\u010dka<br \/>\nOtv\u00edr\u00e1k na korek<br \/>\nOtv\u00edr\u00e1k na l\u00e1hev mal\u00fd<br \/>\nOtv\u00edr\u00e1k na l\u00e1hev velk\u00fd<br \/>\nOtv\u00edr\u00e1k na konzervy<\/p>\n","protected":false},"excerpt":{"rendered":"<p>No\u017ee Joker poch\u00e1zej\u00ed ze \u0160pan\u011blsk\u00e9ho m\u011bsta Albacete, kter\u00e9 je zn\u00e1m\u00e9 tradi\u010dn\u00ed v\u00fdrobou no\u017e\u016f a d\u00fdk.<br \/>\n<strong>Navr\u017eeno a vyrobeno ve \u0160pan\u011blsku (Albacete)<\/strong><\/p>\n","protected":false},"featured_media":192421,"comment_status":"open","ping_status":"closed","template":"","meta":[],"pwb-brand":[359],"product_brand":[],"product_cat":[22,17],"product_tag":[],"class_list":{"0":"post-175457","1":"product","2":"type-product","3":"status-publish","4":"has-post-thumbnail","6":"pwb-brand-joker","7":"product_cat-zaviraci-noze","8":"product_cat-noze","10":"first","11":"instock","12":"taxable","13":"shipping-taxable","14":"purchasable","15":"product-type-simple"},"brands":[{"id":359,"name":"Joker","slug":"joker"}],"_links":{"self":[{"href":"https:\/\/www.moskito.cz\/en\/wp-json\/wp\/v2\/product\/175457","targetHints":{"allow":["GET"]}}],"collection":[{"href":"https:\/\/www.moskito.cz\/en\/wp-json\/wp\/v2\/product"}],"about":[{"href":"https:\/\/www.moskito.cz\/en\/wp-json\/wp\/v2\/types\/product"}],"replies":[{"embeddable":true,"href":"https:\/\/www.moskito.cz\/en\/wp-json\/wp\/v2\/comments?post=175457"}],"wp:featuredmedia":[{"embeddable":true,"href":"https:\/\/www.moskito.cz\/en\/wp-json\/wp\/v2\/media\/192421"}],"wp:attachment":[{"href":"https:\/\/www.moskito.cz\/en\/wp-json\/wp\/v2\/media?parent=175457"}],"wp:term":[{"taxonomy":"pwb-brand","embeddable":true,"href":"https:\/\/www.moskito.cz\/en\/wp-json\/wp\/v2\/pwb-brand?post=175457"},{"taxonomy":"product_brand","embeddable":true,"href":"https:\/\/www.moskito.cz\/en\/wp-json\/wp\/v2\/product_brand?post=175457"},{"taxonomy":"product_cat","embeddable":true,"href":"https:\/\/www.moskito.cz\/en\/wp-json\/wp\/v2\/product_cat?post=175457"},{"taxonomy":"product_tag","embeddable":true,"href":"https:\/\/www.moskito.cz\/en\/wp-json\/wp\/v2\/product_tag?post=175457"}],"curies":[{"name":"wp","href":"https:\/\/api.w.org\/{rel}","templated":true}]}}