{"id":182462,"date":"2021-01-31T14:21:49","date_gmt":"2021-01-31T13:21:49","guid":{"rendered":"https:\/\/www.moskito.cz\/produkt\/nuzky-na-nehty-102-mm-2\/"},"modified":"2025-11-20T11:13:34","modified_gmt":"2025-11-20T10:13:34","slug":"nuzky-na-nehty-102-mm-2","status":"publish","type":"product","link":"https:\/\/www.moskito.cz\/en\/product\/nuzky-na-nehty-102-mm-2\/","title":{"rendered":"N\u016e\u017dKY NA NEHTY 102 mm"},"content":{"rendered":"<p>N\u016f\u017eky na nehty se zaoblenou \u0161pi\u010doku \u0159ady Style jsou z kovan\u00e9 oceli a maji poniklovan\u00fd povrch.\u00a0 \u00a0 U n\u016f\u017eek na manik\u00faru se jejich \u0161pi\u010dka li\u0161\u00ed v z\u00e1vislosti na pou\u017eit\u00ed, kter\u00e9 jim chceme d\u00e1t, a m\u016f\u017ee b\u00fdt rovn\u00e1 nebo zaoblen\u00e1. Tvar rukojeti je navr\u017een pro jeho dokonal\u00e9 p\u0159izp\u016fsoben\u00ed prst\u016fm b\u011bhem pou\u017e\u00edv\u00e1n\u00ed.<\/p>\n","protected":false},"excerpt":{"rendered":"<p>\u0158ada: \u00a0Style\u00a0 Materi\u00e1l \u010depele: \u00a0kovan\u00e1 ocel \u00a0 Materi\u00e1l rukojeti: kovan\u00e1 ocel \u00a0 Celkov\u00e1 d\u00e9lka: \u00a0102 mm V\u00e1ha: \u00a043 g<\/p>\n","protected":false},"featured_media":182463,"comment_status":"closed","ping_status":"closed","template":"","meta":[],"pwb-brand":[1950],"product_brand":[],"product_cat":[1167],"product_tag":[],"class_list":{"0":"post-182462","1":"product","2":"type-product","3":"status-publish","4":"has-post-thumbnail","6":"pwb-brand-arcos","7":"product_cat-nuzky","9":"first","10":"outofstock","11":"purchasable","12":"product-type-simple"},"brands":[{"id":1950,"name":"Arcos","slug":"arcos"}],"_links":{"self":[{"href":"https:\/\/www.moskito.cz\/en\/wp-json\/wp\/v2\/product\/182462","targetHints":{"allow":["GET"]}}],"collection":[{"href":"https:\/\/www.moskito.cz\/en\/wp-json\/wp\/v2\/product"}],"about":[{"href":"https:\/\/www.moskito.cz\/en\/wp-json\/wp\/v2\/types\/product"}],"replies":[{"embeddable":true,"href":"https:\/\/www.moskito.cz\/en\/wp-json\/wp\/v2\/comments?post=182462"}],"wp:featuredmedia":[{"embeddable":true,"href":"https:\/\/www.moskito.cz\/en\/wp-json\/wp\/v2\/media\/182463"}],"wp:attachment":[{"href":"https:\/\/www.moskito.cz\/en\/wp-json\/wp\/v2\/media?parent=182462"}],"wp:term":[{"taxonomy":"pwb-brand","embeddable":true,"href":"https:\/\/www.moskito.cz\/en\/wp-json\/wp\/v2\/pwb-brand?post=182462"},{"taxonomy":"product_brand","embeddable":true,"href":"https:\/\/www.moskito.cz\/en\/wp-json\/wp\/v2\/product_brand?post=182462"},{"taxonomy":"product_cat","embeddable":true,"href":"https:\/\/www.moskito.cz\/en\/wp-json\/wp\/v2\/product_cat?post=182462"},{"taxonomy":"product_tag","embeddable":true,"href":"https:\/\/www.moskito.cz\/en\/wp-json\/wp\/v2\/product_tag?post=182462"}],"curies":[{"name":"wp","href":"https:\/\/api.w.org\/{rel}","templated":true}]}}