{"id":190236,"date":"2021-02-16T19:25:54","date_gmt":"2021-02-16T18:25:54","guid":{"rendered":"https:\/\/www.moskito.cz\/?post_type=product&#038;p=190236"},"modified":"2025-07-11T07:53:36","modified_gmt":"2025-07-11T06:53:36","slug":"zaviraci-damaskovy-nuz-trapper-stag","status":"publish","type":"product","link":"https:\/\/www.moskito.cz\/en\/product\/zaviraci-damaskovy-nuz-trapper-stag\/","title":{"rendered":"Zav\u00edrac\u00ed Dama\u0161kov\u00fd N\u016f\u017e Trapper Stag"},"content":{"rendered":"<p>Zav\u00edrac\u00ed D<strong>ama\u0161kov\u00fd<\/strong> N\u016f\u017e Trapper Stag.<br \/>\nD\u00e9lka no\u017ee v zav\u0159en\u00e9m stavu je 10 cm. \u010cepele jsou z dama\u0161ku, rukoje\u0165 z parohu.<br \/>\nZem\u011b p\u016fvodu: P\u00e1kist\u00e1n<\/p>\n<p>4&#8243; closed. <strong>Damascus<\/strong> steel clip and skinner blades. Stag handle. Brass bolster(s). Boxed.<br \/>\nWeight:0.34lbs<br \/>\nCountry of Origin:Pakistan<\/p>\n","protected":false},"excerpt":{"rendered":"<p>Zav\u00edrac\u00ed <strong>dama\u0161kov\u00fd<\/strong> n\u016f\u017e s pouzdrem.<br \/>\n<strong>Doprava zdarma<\/strong>.<\/p>\n","protected":false},"featured_media":190237,"comment_status":"open","ping_status":"closed","template":"","meta":[],"pwb-brand":[133],"product_brand":[],"product_cat":[25,17],"product_tag":[],"class_list":{"0":"post-190236","1":"product","2":"type-product","3":"status-publish","4":"has-post-thumbnail","6":"pwb-brand-damascus","7":"product_cat-damascenske-noze","8":"product_cat-noze","10":"first","11":"instock","12":"taxable","13":"shipping-taxable","14":"purchasable","15":"product-type-simple"},"brands":[{"id":133,"name":"Damascus","slug":"damascus"}],"_links":{"self":[{"href":"https:\/\/www.moskito.cz\/en\/wp-json\/wp\/v2\/product\/190236","targetHints":{"allow":["GET"]}}],"collection":[{"href":"https:\/\/www.moskito.cz\/en\/wp-json\/wp\/v2\/product"}],"about":[{"href":"https:\/\/www.moskito.cz\/en\/wp-json\/wp\/v2\/types\/product"}],"replies":[{"embeddable":true,"href":"https:\/\/www.moskito.cz\/en\/wp-json\/wp\/v2\/comments?post=190236"}],"wp:featuredmedia":[{"embeddable":true,"href":"https:\/\/www.moskito.cz\/en\/wp-json\/wp\/v2\/media\/190237"}],"wp:attachment":[{"href":"https:\/\/www.moskito.cz\/en\/wp-json\/wp\/v2\/media?parent=190236"}],"wp:term":[{"taxonomy":"pwb-brand","embeddable":true,"href":"https:\/\/www.moskito.cz\/en\/wp-json\/wp\/v2\/pwb-brand?post=190236"},{"taxonomy":"product_brand","embeddable":true,"href":"https:\/\/www.moskito.cz\/en\/wp-json\/wp\/v2\/product_brand?post=190236"},{"taxonomy":"product_cat","embeddable":true,"href":"https:\/\/www.moskito.cz\/en\/wp-json\/wp\/v2\/product_cat?post=190236"},{"taxonomy":"product_tag","embeddable":true,"href":"https:\/\/www.moskito.cz\/en\/wp-json\/wp\/v2\/product_tag?post=190236"}],"curies":[{"name":"wp","href":"https:\/\/api.w.org\/{rel}","templated":true}]}}