{"id":190417,"date":"2021-02-17T22:21:09","date_gmt":"2021-02-17T21:21:09","guid":{"rendered":"https:\/\/www.moskito.cz\/?post_type=product&#038;p=190417"},"modified":"2025-07-11T07:53:37","modified_gmt":"2025-07-11T06:53:37","slug":"pevny-nuz-bowie-damascus-walnut","status":"publish","type":"product","link":"https:\/\/www.moskito.cz\/en\/product\/pevny-nuz-bowie-damascus-walnut\/","title":{"rendered":"Pevn\u00fd N\u016f\u017e Bowie Damascus Walnut"},"content":{"rendered":"<p>Pevn\u00fd N\u016f\u017e <strong>Bowie Damascus<\/strong> Walnut.<br \/>\nCelkov\u00e1 d\u00e9lka no\u017ee je 38,1 cm. 21,59 cm m\u011b\u0159\u00ed \u010depel z dama\u0161kov\u00e9 oceli. N\u016f\u017e m\u00e1 o\u0159echovou rukoje\u0165, mosazn\u00fd kryt. Pouzdro na opasek z hn\u011bd\u00e9 k\u016f\u017ee je sou\u010d\u00e1st\u00ed no\u017ee.<br \/>\nZem\u011b p\u016fvodu: P\u00e1kist\u00e1n<\/p>\n<p>Valley Forge. 15&#8243; (38.1cm) overall. 8.5&#8243; (21.59cm) <strong>Damascus<\/strong> steel bowie blade. Walnut handle. Brass guard and pommel. Brass star handle inlay. Brown leather belt sheath. Boxed.<br \/>\nWeight:1.42lbs<br \/>\nCountry of Origin:Pakistan<\/p>\n","protected":false},"excerpt":{"rendered":"<p>Velk\u00e9 <strong>dama\u0161kov\u00e9 bowie<\/strong> s pouzdrem.<\/p>\n","protected":false},"featured_media":190418,"comment_status":"open","ping_status":"closed","template":"","meta":[],"pwb-brand":[171],"product_brand":[],"product_cat":[25,17],"product_tag":[],"class_list":{"0":"post-190417","1":"product","2":"type-product","3":"status-publish","4":"has-post-thumbnail","6":"pwb-brand-frost-cutlery","7":"product_cat-damascenske-noze","8":"product_cat-noze","10":"first","11":"instock","12":"taxable","13":"shipping-taxable","14":"purchasable","15":"product-type-simple"},"brands":[{"id":171,"name":"Frost Cutlery","slug":"frost-cutlery"}],"_links":{"self":[{"href":"https:\/\/www.moskito.cz\/en\/wp-json\/wp\/v2\/product\/190417","targetHints":{"allow":["GET"]}}],"collection":[{"href":"https:\/\/www.moskito.cz\/en\/wp-json\/wp\/v2\/product"}],"about":[{"href":"https:\/\/www.moskito.cz\/en\/wp-json\/wp\/v2\/types\/product"}],"replies":[{"embeddable":true,"href":"https:\/\/www.moskito.cz\/en\/wp-json\/wp\/v2\/comments?post=190417"}],"wp:featuredmedia":[{"embeddable":true,"href":"https:\/\/www.moskito.cz\/en\/wp-json\/wp\/v2\/media\/190418"}],"wp:attachment":[{"href":"https:\/\/www.moskito.cz\/en\/wp-json\/wp\/v2\/media?parent=190417"}],"wp:term":[{"taxonomy":"pwb-brand","embeddable":true,"href":"https:\/\/www.moskito.cz\/en\/wp-json\/wp\/v2\/pwb-brand?post=190417"},{"taxonomy":"product_brand","embeddable":true,"href":"https:\/\/www.moskito.cz\/en\/wp-json\/wp\/v2\/product_brand?post=190417"},{"taxonomy":"product_cat","embeddable":true,"href":"https:\/\/www.moskito.cz\/en\/wp-json\/wp\/v2\/product_cat?post=190417"},{"taxonomy":"product_tag","embeddable":true,"href":"https:\/\/www.moskito.cz\/en\/wp-json\/wp\/v2\/product_tag?post=190417"}],"curies":[{"name":"wp","href":"https:\/\/api.w.org\/{rel}","templated":true}]}}