{"id":196377,"date":"2020-02-04T13:45:41","date_gmt":"2020-02-04T12:45:41","guid":{"rendered":"https:\/\/www.moskito.cz\/produkt\/microtech-continental-coin-gold-embellished-502-mck\/"},"modified":"2026-02-04T17:02:05","modified_gmt":"2026-02-04T16:02:05","slug":"microtech-continental-coin-gold-embellished-502-mck","status":"publish","type":"product","link":"https:\/\/www.moskito.cz\/en\/product\/microtech-continental-coin-gold-embellished-502-mck\/","title":{"rendered":"Microtech Continental Coin &#8211; Gold Embellished 502-MCK"},"content":{"rendered":"<p><strong>Microtech<\/strong> Continental Coin &#8211; Gold Embellished 502-MCK.<\/p>\n<pre id=\"tw-target-text\" class=\"tw-data-text tw-text-large tw-ta\" dir=\"ltr\" data-placeholder=\"P\u0159eklad\"><span lang=\"cs\">\nAmerick\u00e9 v\u00fdzvov\u00e9 mince tradi\u010dn\u011b za\u010d\u00ednaly v arm\u00e1d\u011b jako \u017eeton eskadry nebo organizace, ke kter\u00e9 jste pat\u0159ili, a byly tak\u00e9 rozd\u00e1v\u00e1ny jako uzn\u00e1n\u00ed za state\u010dnost a slu\u017ebu. U\u010denci si nejsou jisti, zda tato praxe za\u010dala b\u011bhem prvn\u00ed nebo druh\u00e9 sv\u011btov\u00e9 v\u00e1lky, ale tato praxe sah\u00e1 a\u017e do starov\u011bk\u00e9ho \u0158\u00edma, kdy voj\u00e1ci dostali nav\u00edc minci ve v\u00fdplat\u011b, pokud si v bitv\u011b vedl v\u00fdjime\u010dn\u011b dob\u0159e. Tyto mince maj\u00ed stejn\u00fd design jako mince pou\u017eit\u00e9 ve filmech <strong>Johna Wicka<\/strong>. Skv\u011bl\u00fd d\u00e1rek pro odv\u00e1\u017enou du\u0161i nebo pro n\u011bkoho, kdo pot\u0159ebuje dal\u0161\u00ed d\u00e1vku odvahy a podpory. Tato mince je vyrobena spole\u010dnost\u00ed <strong>Microtech <\/strong>Knives v USA.\nKa\u017ed\u00e1 mince je zape\u010det\u011bna v pr\u016fhledn\u00e9m ochrann\u00e9m pouzd\u0159e.\n\n<iframe title=\"Microtech Combat Troodon Torture Test\" width=\"800\" height=\"450\" src=\"https:\/\/www.youtube.com\/embed\/xE9TeOFYEjg?feature=oembed\" frameborder=\"0\" allow=\"accelerometer; autoplay; clipboard-write; encrypted-media; gyroscope; picture-in-picture; web-share\" allowfullscreen><\/iframe>\n\n<\/span><\/pre>\n","protected":false},"excerpt":{"rendered":"<p><strong>Over the years, Microtech\u00ae Knives has filled knives with passion and skill to create almost works of art that are the pinnacle of functionality. All parts are made in the USA.<\/strong><br \/>\n<strong>All Microtech knives come with a lifetime warranty.<\/strong><\/p>\n","protected":false},"featured_media":259795,"comment_status":"open","ping_status":"closed","template":"","meta":[],"pwb-brand":[3180],"product_brand":[],"product_cat":[3162,3157],"product_tag":[3670],"class_list":{"0":"post-196377","1":"product","2":"type-product","3":"status-publish","4":"has-post-thumbnail","6":"pwb-brand-microtech-en","7":"product_cat-automatic-knives","8":"product_cat-knives","9":"product_tag-b2b-en","11":"first","12":"outofstock","13":"taxable","14":"shipping-taxable","15":"purchasable","16":"product-type-simple"},"brands":[{"id":3180,"name":"Microtech","slug":"microtech-en"}],"_links":{"self":[{"href":"https:\/\/www.moskito.cz\/en\/wp-json\/wp\/v2\/product\/196377","targetHints":{"allow":["GET"]}}],"collection":[{"href":"https:\/\/www.moskito.cz\/en\/wp-json\/wp\/v2\/product"}],"about":[{"href":"https:\/\/www.moskito.cz\/en\/wp-json\/wp\/v2\/types\/product"}],"replies":[{"embeddable":true,"href":"https:\/\/www.moskito.cz\/en\/wp-json\/wp\/v2\/comments?post=196377"}],"wp:featuredmedia":[{"embeddable":true,"href":"https:\/\/www.moskito.cz\/en\/wp-json\/wp\/v2\/media\/259795"}],"wp:attachment":[{"href":"https:\/\/www.moskito.cz\/en\/wp-json\/wp\/v2\/media?parent=196377"}],"wp:term":[{"taxonomy":"pwb-brand","embeddable":true,"href":"https:\/\/www.moskito.cz\/en\/wp-json\/wp\/v2\/pwb-brand?post=196377"},{"taxonomy":"product_brand","embeddable":true,"href":"https:\/\/www.moskito.cz\/en\/wp-json\/wp\/v2\/product_brand?post=196377"},{"taxonomy":"product_cat","embeddable":true,"href":"https:\/\/www.moskito.cz\/en\/wp-json\/wp\/v2\/product_cat?post=196377"},{"taxonomy":"product_tag","embeddable":true,"href":"https:\/\/www.moskito.cz\/en\/wp-json\/wp\/v2\/product_tag?post=196377"}],"curies":[{"name":"wp","href":"https:\/\/api.w.org\/{rel}","templated":true}]}}