{"id":197916,"date":"2021-05-07T20:25:12","date_gmt":"2021-05-07T19:25:12","guid":{"rendered":"https:\/\/www.moskito.cz\/produkt\/extrema-ratio-misericordia\/"},"modified":"2025-05-07T10:34:23","modified_gmt":"2025-05-07T09:34:23","slug":"extrema-ratio-misericordia","status":"publish","type":"product","link":"https:\/\/www.moskito.cz\/en\/product\/extrema-ratio-misericordia\/","title":{"rendered":"Extrema Ratio MISERICORDIA"},"content":{"rendered":"<p><strong>Extrema Rati<\/strong>o MISERICORDIA.<\/p>\n<p>The Extrema Ratio Misericordia, adopted by the 4th Alpine Ranger that helped develop and test the product. It is a tactical fixed blade knife, extremely light and compact, it can be used both as a main knife or as a backup blade.<\/p>\n<p>The blade of the new Extrema Ratio Misericordia is milled out of B\u00f6hler N690 steel, hardened at 58 HRC, it is 118 mm\/4.64\u201d long and 4mm\/0,16\u201d thick and plain edged.<\/p>\n<p>The blade has a spear point profile with full length fuller that makes the knife even lighter, with a \u00be length false edge. The blade is available with the classic Extrema Ratio MIL-C-13924 black finish.<\/p>\n<p>On the rear end the handle flows connecting with a large ring, which allows the use of martial arts techniques and permit a very solid grip to the hand, equipped with a &#8220;skull crusher&#8221; appendix in hard metal. The knife overall weight is just 87g\/3.1oz.<\/p>\n<p>Being a knife designed and intended for professional use, high relevance has been assigned to ease of carry, access and extraction in case of need. The knife is secured to the sheath by a fast release safety that can be easily reversed for left hand use.<\/p>\n<p>The high impact nylon sheath is versatile: an adjustable double clamp system enables the user to fit it to various types of belts.<\/p>\n<p>A cone shaped inlet eases the knife\u2019s sheathing, while pressing on the trigger-like safety lever allows for a fast, instinctive knife extraction.<\/p>\n<p>An optional kydex sheath (sold separately) is also available, equipped with two textile (male velcro strip on one side and female velcro on the other) to wear the knife hiddenly between a bulletproof vest and a magazine holder. This sheath also offers the possibility of attachment to an adjustable belt by using a belt clip (sold separately).<\/p>\n<p>&nbsp;<\/p>\n<p>TECHNICAL SHEET<br \/>\nWeight g.:87<br \/>\nWeight oz.:3,1<br \/>\nBlade Length (mm):118<br \/>\nBlade Length (in):4,64<br \/>\nTotal Length (mm):233<br \/>\nTotal Length (in):9,17<br \/>\nBlade Thickness (mm):4<br \/>\nBlade Thickness (in):0,16<br \/>\nBlade Material:B\u00f6HLER N690 STEEL (58HRC)<br \/>\nBlade Finishing:MIL-C-13924 BURNISHING<br \/>\nMain Grid:FLAT<br \/>\nHandle Material:NYLON \/ FIBER GLASS (FRN)<\/p>\n<p>&nbsp;<\/p>\n","protected":false},"excerpt":{"rendered":"<div class=\"woocommerce-product-details__short-description\">\n<p>Spole\u010dnost\u00a0<strong>Extrema Ratio<\/strong>\u00a0se s\u00eddlem v italsk\u00e9m Pratu navrhuje a vyr\u00e1b\u00ed vysoce v\u00fdkonn\u00e9 bojov\u00e9, vojensk\u00e9, kuchy\u0148sk\u00e9, loveck\u00e9 a taktick\u00e9 no\u017ee od roku 1997 a m\u00e1 pov\u011bst vynikaj\u00edc\u00ed kvality, kter\u00e1 je v oboru vojensk\u00fdch a taktick\u00fdch no\u017e\u016f nep\u0159ekonateln\u00e1.\u00a0<strong>Doprava zdarma.<\/strong><\/p>\n<\/div>\n","protected":false},"featured_media":197905,"comment_status":"open","ping_status":"closed","template":"","meta":[],"pwb-brand":[3199],"product_brand":[],"product_cat":[3160,3157],"product_tag":[3670],"class_list":{"0":"post-197916","1":"product","2":"type-product","3":"status-publish","4":"has-post-thumbnail","6":"pwb-brand-extrema-ratio-en","7":"product_cat-fixed-knives","8":"product_cat-knives","9":"product_tag-b2b-en","11":"first","12":"instock","13":"taxable","14":"shipping-taxable","15":"purchasable","16":"product-type-simple"},"brands":[{"id":3199,"name":"Extrema Ratio","slug":"extrema-ratio-en"}],"_links":{"self":[{"href":"https:\/\/www.moskito.cz\/en\/wp-json\/wp\/v2\/product\/197916","targetHints":{"allow":["GET"]}}],"collection":[{"href":"https:\/\/www.moskito.cz\/en\/wp-json\/wp\/v2\/product"}],"about":[{"href":"https:\/\/www.moskito.cz\/en\/wp-json\/wp\/v2\/types\/product"}],"replies":[{"embeddable":true,"href":"https:\/\/www.moskito.cz\/en\/wp-json\/wp\/v2\/comments?post=197916"}],"wp:featuredmedia":[{"embeddable":true,"href":"https:\/\/www.moskito.cz\/en\/wp-json\/wp\/v2\/media\/197905"}],"wp:attachment":[{"href":"https:\/\/www.moskito.cz\/en\/wp-json\/wp\/v2\/media?parent=197916"}],"wp:term":[{"taxonomy":"pwb-brand","embeddable":true,"href":"https:\/\/www.moskito.cz\/en\/wp-json\/wp\/v2\/pwb-brand?post=197916"},{"taxonomy":"product_brand","embeddable":true,"href":"https:\/\/www.moskito.cz\/en\/wp-json\/wp\/v2\/product_brand?post=197916"},{"taxonomy":"product_cat","embeddable":true,"href":"https:\/\/www.moskito.cz\/en\/wp-json\/wp\/v2\/product_cat?post=197916"},{"taxonomy":"product_tag","embeddable":true,"href":"https:\/\/www.moskito.cz\/en\/wp-json\/wp\/v2\/product_tag?post=197916"}],"curies":[{"name":"wp","href":"https:\/\/api.w.org\/{rel}","templated":true}]}}