{"id":198084,"date":"2021-05-10T20:34:26","date_gmt":"2021-05-10T19:34:26","guid":{"rendered":"https:\/\/www.moskito.cz\/?post_type=product&#038;p=198084"},"modified":"2025-05-07T10:34:27","modified_gmt":"2025-05-07T09:34:27","slug":"vrhaci-nuz-black-fox-3","status":"publish","type":"product","link":"https:\/\/www.moskito.cz\/en\/product\/vrhaci-nuz-black-fox-3\/","title":{"rendered":"Vrhac\u00ed N\u016f\u017e Black Fox"},"content":{"rendered":"<p>Vrhac\u00ed N\u016f\u017e <strong>Black Fox<\/strong>.<\/p>\n<pre id=\"tw-target-text\" class=\"tw-data-text tw-text-large XcVN5d tw-ta\" dir=\"ltr\" data-placeholder=\"P\u0159eklad\"><span class=\"Y2IQFc\" lang=\"cs\">Celkov\u00e1 d\u00e9lka no\u017ee je 22,86 cm. D\u00e9lka \u010depele je 10,8 cm. \u010cern\u00e1 titanem pota\u017een\u00e1 nerezov\u00e1 \u010depel je vyrobena z ocele 440. Zelen\u00fdm paracordem je zabalen\u00e1 rukoje\u0165. Jednod\u00edln\u00e1 konstrukce. Pouzdro na opasek je vyrobeno z \u010dern\u00e9ho nylonu. <\/span><\/pre>\n","protected":false},"excerpt":{"rendered":"<p>Vrhac\u00ed n\u016f\u017e\u00a0<strong>Black Fox.<\/strong><\/p>\n","protected":false},"featured_media":198085,"comment_status":"open","ping_status":"closed","template":"","meta":[],"pwb-brand":[802],"product_brand":[],"product_cat":[29,17],"product_tag":[],"class_list":{"0":"post-198084","1":"product","2":"type-product","3":"status-publish","4":"has-post-thumbnail","6":"pwb-brand-blackfox","7":"product_cat-vrhaci-noze","8":"product_cat-noze","10":"first","11":"outofstock","12":"taxable","13":"shipping-taxable","14":"purchasable","15":"product-type-simple"},"brands":[{"id":802,"name":"BlackFox","slug":"blackfox"}],"_links":{"self":[{"href":"https:\/\/www.moskito.cz\/en\/wp-json\/wp\/v2\/product\/198084","targetHints":{"allow":["GET"]}}],"collection":[{"href":"https:\/\/www.moskito.cz\/en\/wp-json\/wp\/v2\/product"}],"about":[{"href":"https:\/\/www.moskito.cz\/en\/wp-json\/wp\/v2\/types\/product"}],"replies":[{"embeddable":true,"href":"https:\/\/www.moskito.cz\/en\/wp-json\/wp\/v2\/comments?post=198084"}],"wp:featuredmedia":[{"embeddable":true,"href":"https:\/\/www.moskito.cz\/en\/wp-json\/wp\/v2\/media\/198085"}],"wp:attachment":[{"href":"https:\/\/www.moskito.cz\/en\/wp-json\/wp\/v2\/media?parent=198084"}],"wp:term":[{"taxonomy":"pwb-brand","embeddable":true,"href":"https:\/\/www.moskito.cz\/en\/wp-json\/wp\/v2\/pwb-brand?post=198084"},{"taxonomy":"product_brand","embeddable":true,"href":"https:\/\/www.moskito.cz\/en\/wp-json\/wp\/v2\/product_brand?post=198084"},{"taxonomy":"product_cat","embeddable":true,"href":"https:\/\/www.moskito.cz\/en\/wp-json\/wp\/v2\/product_cat?post=198084"},{"taxonomy":"product_tag","embeddable":true,"href":"https:\/\/www.moskito.cz\/en\/wp-json\/wp\/v2\/product_tag?post=198084"}],"curies":[{"name":"wp","href":"https:\/\/api.w.org\/{rel}","templated":true}]}}