{"id":198850,"date":"2021-05-19T22:14:24","date_gmt":"2021-05-19T21:14:24","guid":{"rendered":"https:\/\/www.moskito.cz\/?post_type=product&#038;p=198850"},"modified":"2025-05-07T10:34:34","modified_gmt":"2025-05-07T09:34:34","slug":"zaviraci-damaskovy-nuz-magnum-damascus-lord","status":"publish","type":"product","link":"https:\/\/www.moskito.cz\/en\/product\/zaviraci-damaskovy-nuz-magnum-damascus-lord\/","title":{"rendered":"Zav\u00edrac\u00ed Dama\u0161kov\u00fd N\u016f\u017e Magnum Damascus Lord"},"content":{"rendered":"<p>Zav\u00edrac\u00ed Dama\u0161kov\u00fd N\u016f\u017e <strong>Magnum<\/strong> Damascus Lord.<\/p>\n<p>Klasick\u00fd n\u016f\u017e s dvojit\u00fdm bolsterem a le\u0161t\u011bn\u00fdm nerezov\u00fdm kov\u00e1n\u00edm. Jako materi\u00e1l rukojeti je pou\u017eito vybran\u00e9 ko\u0159enov\u00e9 d\u0159evo, kter\u00e9 dod\u00e1v\u00e1 no\u017ei tepl\u00fd a velmi kvalitn\u00ed vzhled. Pojistka proti zav\u0159en\u00ed no\u017ee Lockback. Bez klipu na uchycen\u00ed.<\/p>\n<p>Celkov\u00e1 d\u00e9lka: 21.5 cm<br \/>\nD\u00e9lka \u010depele: 9.2 cm<br \/>\nHmotnost: 130 g<br \/>\nMateri\u00e1l \u010depele: Dama\u0161kov\u00e1 ocel<br \/>\nMateri\u00e1l rukojeti: WurzelD\u0159evo<br \/>\nTyp pojistky: Zadn\u00ed<\/p>\n<p>With this exclusive high class knife series, we bring you an extraordinary collection of Damascus and exotic woods. This series features knives with genuine forged Damascus blades with 37 layers. No etching or fake patterns ? this is the real deal! Charm, character and quality at a very reasonable price. Classic double bolster knife with dress plates made of polished stainless steel. Carefully selected burl wood is used for the handle, which gives the knife its high class look. Back lock mechanism. Does not have pocket clip.<\/p>\n<p>Type:<br \/>\nPocket Knife<br \/>\nOverall Length:<br \/>\n21,50 cm<br \/>\nBlade Length:<br \/>\n9,20 cm<br \/>\nWeight:<br \/>\n130,00 g<br \/>\nBlade Material:<br \/>\nDamascus<br \/>\nHandle Material:<br \/>\nBurl Wood<br \/>\nOpener:<br \/>\nNail Nick<br \/>\nOpening:<br \/>\nManual<br \/>\nLock Type:<br \/>\nBacklock<br \/>\nMade in:<br \/>\nAsia<br \/>\nColor:<br \/>\nBrown<br \/>\nItem Number:<br \/>\n01MB790DAM<\/p>\n","protected":false},"excerpt":{"rendered":"<p>Magnum <strong>Damascus<\/strong> Lord.<\/p>\n","protected":false},"featured_media":198851,"comment_status":"open","ping_status":"closed","template":"","meta":[],"pwb-brand":[140],"product_brand":[],"product_cat":[25,17],"product_tag":[3667],"class_list":{"0":"post-198850","1":"product","2":"type-product","3":"status-publish","4":"has-post-thumbnail","6":"pwb-brand-boker","7":"product_cat-damascenske-noze","8":"product_cat-noze","9":"product_tag-b2b","11":"first","12":"outofstock","13":"taxable","14":"shipping-taxable","15":"purchasable","16":"product-type-simple"},"brands":[{"id":140,"name":"Boker","slug":"boker"}],"_links":{"self":[{"href":"https:\/\/www.moskito.cz\/en\/wp-json\/wp\/v2\/product\/198850","targetHints":{"allow":["GET"]}}],"collection":[{"href":"https:\/\/www.moskito.cz\/en\/wp-json\/wp\/v2\/product"}],"about":[{"href":"https:\/\/www.moskito.cz\/en\/wp-json\/wp\/v2\/types\/product"}],"replies":[{"embeddable":true,"href":"https:\/\/www.moskito.cz\/en\/wp-json\/wp\/v2\/comments?post=198850"}],"wp:featuredmedia":[{"embeddable":true,"href":"https:\/\/www.moskito.cz\/en\/wp-json\/wp\/v2\/media\/198851"}],"wp:attachment":[{"href":"https:\/\/www.moskito.cz\/en\/wp-json\/wp\/v2\/media?parent=198850"}],"wp:term":[{"taxonomy":"pwb-brand","embeddable":true,"href":"https:\/\/www.moskito.cz\/en\/wp-json\/wp\/v2\/pwb-brand?post=198850"},{"taxonomy":"product_brand","embeddable":true,"href":"https:\/\/www.moskito.cz\/en\/wp-json\/wp\/v2\/product_brand?post=198850"},{"taxonomy":"product_cat","embeddable":true,"href":"https:\/\/www.moskito.cz\/en\/wp-json\/wp\/v2\/product_cat?post=198850"},{"taxonomy":"product_tag","embeddable":true,"href":"https:\/\/www.moskito.cz\/en\/wp-json\/wp\/v2\/product_tag?post=198850"}],"curies":[{"name":"wp","href":"https:\/\/api.w.org\/{rel}","templated":true}]}}