{"id":199007,"date":"2021-05-23T20:48:56","date_gmt":"2021-05-23T19:48:56","guid":{"rendered":"https:\/\/www.moskito.cz\/?post_type=product&#038;p=199007"},"modified":"2025-05-07T10:34:40","modified_gmt":"2025-05-07T09:34:40","slug":"zaviraci-nuz-magnum-advance-pro-edc","status":"publish","type":"product","link":"https:\/\/www.moskito.cz\/en\/product\/zaviraci-nuz-magnum-advance-pro-edc\/","title":{"rendered":"Zav\u00edrac\u00ed N\u016f\u017e Magnum Advance Pro EDC"},"content":{"rendered":"<p>Zav\u00edrac\u00ed N\u016f\u017e <strong>Magnum<\/strong> Advance Pro EDC.<\/p>\n<p>N\u011bkdy je m\u00e9n\u011b v\u00edce a u\u017eivatel\u00e9, kte\u0159\u00ed mus\u00ed nosit hodn\u011b vybaven\u00ed, jsou obzvl\u00e1\u0161t\u011b \u0161\u0165astn\u00ed, kdy\u017e jednotliv\u00e9 polo\u017eky nejsou p\u0159\u00edli\u0161 objemn\u00e9 a t\u011b\u017ek\u00e9. Hlin\u00edkov\u00e9 stupnice \u00fachopu Magnum Advance Pro EDC jsou vybaveny protiskluzov\u00fdm knofl\u00edkem a strukturou kan\u00e1lu. Univerz\u00e1ln\u011b pou\u017eiteln\u00fd n\u016f\u017e s \u010depel\u00ed z nerezov\u00e9 oceli 440C lze otev\u0159\u00edt \u0159ezem h\u0159eb\u00edkem a spolehliv\u011b uzamknout vlo\u017ekov\u00fdm z\u00e1mkem. Velmi vysoko um\u00edst\u011bn\u00e1 sklopn\u00e1 spona umo\u017e\u0148uje no\u017ee nosit hluboko v kapse. P\u0159ilo\u017een\u00e9 pouzdro na opasek se zap\u00edn\u00e1n\u00edm na patentky ze siln\u00e9ho nylonu roz\u0161i\u0159uje mo\u017enosti no\u0161en\u00ed.<\/p>\n<p>Celkov\u00e1 d\u00e9lka: 17,5 cm<br \/>\nD\u00e9lka \u010depele: 7,5 cm<br \/>\nTlou\u0161\u0165ka \u010depele: 2,8 mm<br \/>\nHmotnost: 92 g<br \/>\nMateri\u00e1l \u010depele: 440 \u00b0 C<br \/>\nMateri\u00e1l rukojeti: hlin\u00edk<\/p>\n","protected":false},"excerpt":{"rendered":"<p>Zav\u00edrac\u00ed n\u016f\u017e s pojistkou.<\/p>\n","protected":false},"featured_media":199008,"comment_status":"open","ping_status":"closed","template":"","meta":[],"pwb-brand":[140],"product_brand":[],"product_cat":[22,17],"product_tag":[3667],"class_list":{"0":"post-199007","1":"product","2":"type-product","3":"status-publish","4":"has-post-thumbnail","6":"pwb-brand-boker","7":"product_cat-zaviraci-noze","8":"product_cat-noze","9":"product_tag-b2b","11":"first","12":"instock","13":"taxable","14":"shipping-taxable","15":"purchasable","16":"product-type-simple"},"brands":[{"id":140,"name":"Boker","slug":"boker"}],"_links":{"self":[{"href":"https:\/\/www.moskito.cz\/en\/wp-json\/wp\/v2\/product\/199007","targetHints":{"allow":["GET"]}}],"collection":[{"href":"https:\/\/www.moskito.cz\/en\/wp-json\/wp\/v2\/product"}],"about":[{"href":"https:\/\/www.moskito.cz\/en\/wp-json\/wp\/v2\/types\/product"}],"replies":[{"embeddable":true,"href":"https:\/\/www.moskito.cz\/en\/wp-json\/wp\/v2\/comments?post=199007"}],"wp:featuredmedia":[{"embeddable":true,"href":"https:\/\/www.moskito.cz\/en\/wp-json\/wp\/v2\/media\/199008"}],"wp:attachment":[{"href":"https:\/\/www.moskito.cz\/en\/wp-json\/wp\/v2\/media?parent=199007"}],"wp:term":[{"taxonomy":"pwb-brand","embeddable":true,"href":"https:\/\/www.moskito.cz\/en\/wp-json\/wp\/v2\/pwb-brand?post=199007"},{"taxonomy":"product_brand","embeddable":true,"href":"https:\/\/www.moskito.cz\/en\/wp-json\/wp\/v2\/product_brand?post=199007"},{"taxonomy":"product_cat","embeddable":true,"href":"https:\/\/www.moskito.cz\/en\/wp-json\/wp\/v2\/product_cat?post=199007"},{"taxonomy":"product_tag","embeddable":true,"href":"https:\/\/www.moskito.cz\/en\/wp-json\/wp\/v2\/product_tag?post=199007"}],"curies":[{"name":"wp","href":"https:\/\/api.w.org\/{rel}","templated":true}]}}