{"id":199226,"date":"2021-05-27T15:22:00","date_gmt":"2021-05-27T14:22:00","guid":{"rendered":"https:\/\/www.moskito.cz\/?post_type=product&#038;p=199226"},"modified":"2026-01-15T19:30:35","modified_gmt":"2026-01-15T18:30:35","slug":"boker-arbolito-manikura-set-basic-boker-arbolito","status":"publish","type":"product","link":"https:\/\/www.moskito.cz\/en\/product\/boker-arbolito-manikura-set-basic-boker-arbolito\/","title":{"rendered":"B\u00f6ker Arbolito Manik\u016fra Set Basic B\u00f6ker Arbolito"},"content":{"rendered":"<p><span id=\"navigation-3\"><span data-title=\"B\u00f6ker Arbolito Manik\u016fra Set Basic B\u00f6ker Arbolito\"><strong>B\u00f6ker<\/strong> Arbolito Manik\u016fra Set Basic B\u00f6ker Arbolito<\/span><\/span>.<\/p>\n<p>4 d\u00edln\u00fd set obsahuje n\u016f\u017eky na nehty, kle\u0161ti\u010dky na nehty, rovnou pinzetu a piln\u00edk na nehty. Sada se dod\u00e1v\u00e1 v ko\u017een\u00e9m pouzd\u0159e.<\/p>\n<p>Hmotnost 113 g.<\/p>\n","protected":false},"excerpt":{"rendered":"<p><span id=\"navigation-3\"><span data-title=\"B\u00f6ker Arbolito Manik\u016fra Set Basic B\u00f6ker Arbolito\">B\u00f6ker Arbolito Manik\u016fra Set Basic B\u00f6ker Arbolito<\/span><\/span><\/p>\n","protected":false},"featured_media":199227,"comment_status":"open","ping_status":"closed","template":"","meta":[],"pwb-brand":[140],"product_brand":[],"product_cat":[33],"product_tag":[3667],"class_list":{"0":"post-199226","1":"product","2":"type-product","3":"status-publish","4":"has-post-thumbnail","6":"pwb-brand-boker","7":"product_cat-manikury","8":"product_tag-b2b","10":"first","11":"instock","12":"taxable","13":"shipping-taxable","14":"purchasable","15":"product-type-simple"},"brands":[{"id":140,"name":"Boker","slug":"boker"}],"_links":{"self":[{"href":"https:\/\/www.moskito.cz\/en\/wp-json\/wp\/v2\/product\/199226","targetHints":{"allow":["GET"]}}],"collection":[{"href":"https:\/\/www.moskito.cz\/en\/wp-json\/wp\/v2\/product"}],"about":[{"href":"https:\/\/www.moskito.cz\/en\/wp-json\/wp\/v2\/types\/product"}],"replies":[{"embeddable":true,"href":"https:\/\/www.moskito.cz\/en\/wp-json\/wp\/v2\/comments?post=199226"}],"wp:featuredmedia":[{"embeddable":true,"href":"https:\/\/www.moskito.cz\/en\/wp-json\/wp\/v2\/media\/199227"}],"wp:attachment":[{"href":"https:\/\/www.moskito.cz\/en\/wp-json\/wp\/v2\/media?parent=199226"}],"wp:term":[{"taxonomy":"pwb-brand","embeddable":true,"href":"https:\/\/www.moskito.cz\/en\/wp-json\/wp\/v2\/pwb-brand?post=199226"},{"taxonomy":"product_brand","embeddable":true,"href":"https:\/\/www.moskito.cz\/en\/wp-json\/wp\/v2\/product_brand?post=199226"},{"taxonomy":"product_cat","embeddable":true,"href":"https:\/\/www.moskito.cz\/en\/wp-json\/wp\/v2\/product_cat?post=199226"},{"taxonomy":"product_tag","embeddable":true,"href":"https:\/\/www.moskito.cz\/en\/wp-json\/wp\/v2\/product_tag?post=199226"}],"curies":[{"name":"wp","href":"https:\/\/api.w.org\/{rel}","templated":true}]}}