{"id":201502,"date":"2021-07-31T19:57:36","date_gmt":"2021-07-31T18:57:36","guid":{"rendered":"https:\/\/www.moskito.cz\/?post_type=product&#038;p=201502"},"modified":"2025-05-07T10:35:11","modified_gmt":"2025-05-07T09:35:11","slug":"zaviraci-nuz-crkt-pilar-copper","status":"publish","type":"product","link":"https:\/\/www.moskito.cz\/en\/product\/zaviraci-nuz-crkt-pilar-copper\/","title":{"rendered":"Zav\u00edrac\u00ed N\u016f\u017e CRKT Pilar Copper 5311CU"},"content":{"rendered":"<h3><strong>Zav\u00edrac\u00ed N\u016f\u017e CRKT Pilar Copper 5311CU<\/strong><\/h3>\n<p><strong>Navrhl:<\/strong> Jesper Voxnaes (D\u00e1nsko)<\/p>\n<p><strong>CRKT Pilar Copper<\/strong> je <strong>kompaktn\u00ed n\u016f\u017e pro ka\u017edodenn\u00ed no\u0161en\u00ed<\/strong> (EDC) s minimalistick\u00fdm designem, kter\u00fd se py\u0161n\u00ed v\u00fdraznou m\u011bd\u011bnou rukojet\u00ed, kter\u00e1 mu dod\u00e1v\u00e1 jedine\u010dn\u00fd vzhled a \u0161arm. Tento n\u016f\u017e je ide\u00e1ln\u00ed pro ty, kte\u0159\u00ed hledaj\u00ed stylov\u00fd, ale p\u0159itom praktick\u00fd n\u00e1stroj pro ka\u017edodenn\u00ed \u00fakoly. Pilar Copper p\u0159in\u00e1\u0161\u00ed <strong>funk\u010dnost<\/strong>, ale z\u00e1rove\u0148 vynik\u00e1 i svou <strong>estetikou<\/strong>.<\/p>\n<h3><strong>Hlavn\u00ed vlastnosti a v\u00fdhody:<\/strong><\/h3>\n<h4>1. <strong>Minimalistick\u00fd design s m\u011bd\u011bnou rukojet\u00ed:<\/strong><\/h4>\n<ul>\n<li><strong>M\u011bd\u011bn\u00e1 rukoje\u0165<\/strong> d\u00e1v\u00e1 no\u017ei kr\u00e1sn\u00fd a vysoce odli\u0161n\u00fd vzhled, kter\u00fd zaru\u010den\u011b zaujme. M\u011b\u010f m\u00e1 <strong>unik\u00e1tn\u00ed vzhled<\/strong> a patinu, kter\u00e1 se vyv\u00edj\u00ed s \u010dasem a pou\u017e\u00edv\u00e1n\u00edm, co\u017e no\u017ei dod\u00e1v\u00e1 charakter.<\/li>\n<li><strong>Zadn\u00ed strana rukojeti je z nerezov\u00e9 oceli<\/strong>, co\u017e zaji\u0161\u0165uje pevnost a odolnost proti opot\u0159eben\u00ed, zat\u00edmco <strong>p\u0159edn\u00ed m\u011bd\u011bn\u00e1 strana<\/strong> p\u0159in\u00e1\u0161\u00ed pocit luxusu.<\/li>\n<\/ul>\n<h4>2. <strong>\u010cepel z ocele 8Cr13MoV:<\/strong><\/h4>\n<ul>\n<li><strong>Ocel 8Cr13MoV<\/strong> je zn\u00e1m\u00e1 pro svou <strong>odolnost proti korozi<\/strong>, <strong>dobrou schopnost dr\u017eet ost\u0159\u00ed<\/strong> a z\u00e1rove\u0148 je snadn\u00e1 na \u00fadr\u017ebu.<\/li>\n<li><strong>Sat\u00e9nov\u00e1 povrchov\u00e1 \u00faprava<\/strong> \u010depel\u00ed nejen p\u0159isp\u00edv\u00e1 k estetice no\u017ee, ale tak\u00e9 zlep\u0161uje jeho <strong>odolnost proti po\u0161kr\u00e1b\u00e1n\u00ed<\/strong> a zachov\u00e1v\u00e1 si sv\u016fj vzhled i po dlouhodob\u00e9m pou\u017e\u00edv\u00e1n\u00ed.<\/li>\n<\/ul>\n<h4>3. <strong>Snadn\u00e9 otev\u00edr\u00e1n\u00ed jednou rukou:<\/strong><\/h4>\n<ul>\n<li><strong>Palec pro otev\u00edr\u00e1n\u00ed<\/strong> umo\u017e\u0148uje pohodln\u00e9 <strong>otev\u0159en\u00ed no\u017ee jednou rukou<\/strong>, co\u017e je ide\u00e1ln\u00ed pro rychl\u00e9 pou\u017eit\u00ed, ani\u017e byste museli pou\u017e\u00edt ob\u011b ruce nebo ztr\u00e1cet \u010das s komplikovan\u00fdm mechanismem otev\u00edr\u00e1n\u00ed.<\/li>\n<\/ul>\n<h4>4. <strong>Kompaktn\u00ed rozm\u011bry pro ka\u017edodenn\u00ed no\u0161en\u00ed:<\/strong><\/h4>\n<ul>\n<li><strong>Celkov\u00e1 d\u00e9lka<\/strong> no\u017ee je <strong>6,10&#8243; (154,94 mm)<\/strong> a <strong>zav\u0159en\u00e1 d\u00e9lka<\/strong> 3,60&#8243; (91,44 mm) znamenaj\u00ed, \u017ee Pilar Copper je <strong>kompaktn\u00ed a snadno p\u0159enosn\u00fd<\/strong> n\u016f\u017e, kter\u00fd se pohodln\u011b vejde do kapsy, batohu nebo na opasek.<\/li>\n<li><strong>Hmotnost 2,70 oz (76,54 g)<\/strong> je velmi n\u00edzk\u00e1, co\u017e znamen\u00e1, \u017ee n\u016f\u017e je <strong>lehk\u00fd a nezat\u011b\u017euje<\/strong> va\u0161i kapsu \u010di v\u00fdbavu p\u0159i no\u0161en\u00ed.<\/li>\n<\/ul>\n<h4>5. <strong>Vysok\u00e1 kvalita a trvanlivost:<\/strong><\/h4>\n<ul>\n<li><strong>Kvalitn\u00ed materi\u00e1ly<\/strong> jako m\u011b\u010f a nerezov\u00e1 ocel jsou odoln\u00e9 a z\u00e1rove\u0148 zaji\u0161\u0165uj\u00ed <strong>dlouhou \u017eivotnost<\/strong> no\u017ee, co\u017e je d\u016fle\u017eit\u00e9 pro n\u00e1stroje, kter\u00e9 maj\u00ed slou\u017eit po dlouh\u00e1 l\u00e9ta.<\/li>\n<\/ul>\n<h3><strong>Specifikace:<\/strong><\/h3>\n<ul>\n<li><strong>D\u00e9lka \u010depele:<\/strong> 2,40&#8243; (60,96 mm)<\/li>\n<li><strong>Ost\u0159\u00ed \u010depele:<\/strong> Prost\u00fd<\/li>\n<li><strong>\u010cepel ocel:<\/strong> 8Cr13MoV<\/li>\n<li><strong>Povrchov\u00e1 \u00faprava \u010depele:<\/strong> Sat\u00e9n<\/li>\n<li><strong>Tlou\u0161\u0165ka \u010depele:<\/strong> 0,13&#8243; (3,30 mm)<\/li>\n<li><strong>Celkov\u00e1 d\u00e9lka:<\/strong> 6,10&#8243; (154,94 mm)<\/li>\n<li><strong>Zav\u0159en\u00e1 d\u00e9lka:<\/strong> 3,60&#8243; (91,44 mm)<\/li>\n<li><strong>Hmotnost:<\/strong> 2,70 oz (76,54 g)<\/li>\n<li><strong>Rukoje\u0165:<\/strong> P\u0159edn\u00ed \u2013 M\u011b\u010f, Zadn\u00ed \u2013 Nerezov\u00e1 ocel<\/li>\n<li><strong>Styl:<\/strong> Skl\u00e1dac\u00ed n\u016f\u017e s r\u00e1mov\u00fdm z\u00e1mkem<\/li>\n<\/ul>\n<h3><strong>Vyu\u017eit\u00ed:<\/strong><\/h3>\n<ul>\n<li><strong>Ka\u017edodenn\u00ed no\u0161en\u00ed (EDC):<\/strong> Pilar Copper je ide\u00e1ln\u00ed pro ka\u017edodenn\u00ed \u00fakoly jako <strong>otev\u00edr\u00e1n\u00ed bal\u00ed\u010dk\u016f<\/strong>, \u0159ez\u00e1n\u00ed pap\u00edru, drobn\u00e9 opravy, nebo jak\u00e9koliv jin\u00e9 b\u011b\u017en\u00e9 \u010dinnosti.<\/li>\n<li><strong>M\u011bstsk\u00e9 pou\u017eit\u00ed:<\/strong> Je kompaktn\u00ed a <strong>nen\u00e1padn\u00fd<\/strong>, co\u017e znamen\u00e1, \u017ee je ide\u00e1ln\u00ed pro m\u011bstsk\u00e9 prost\u0159ed\u00ed, kde je pot\u0159eba m\u00edt u sebe efektivn\u00ed n\u00e1stroj bez zbyte\u010dn\u00e9 pozornosti.<\/li>\n<li><strong>Stylov\u00e1 volba:<\/strong> M\u011bd\u011bn\u00e1 rukoje\u0165 p\u0159id\u00e1v\u00e1 elegantn\u00ed vzhled, kter\u00fd m\u016f\u017ee b\u00fdt i stylov\u00fdm dopl\u0148kem pro ka\u017edodenn\u00ed pou\u017e\u00edv\u00e1n\u00ed.<\/li>\n<\/ul>\n<h3><strong>Z\u00e1v\u011br:<\/strong><\/h3>\n<p><strong>CRKT Pilar Copper<\/strong> je ide\u00e1ln\u00ed volbou pro ty, kte\u0159\u00ed hledaj\u00ed <strong>minimalistick\u00fd, ale stylov\u00fd<\/strong> n\u016f\u017e s <strong>vysokou funk\u010dnost\u00ed<\/strong> pro ka\u017edodenn\u00ed \u00fakoly. S jeho <strong>m\u011bd\u011bnou rukojet\u00ed<\/strong>, <strong>odborn\u011b navr\u017eenou \u010depel\u00ed<\/strong> a <strong>snadn\u00fdm otev\u00edr\u00e1n\u00edm<\/strong> se jedn\u00e1 o n\u016f\u017e, kter\u00fd je nejen praktick\u00fd, ale i velmi atraktivn\u00ed. A\u0165 u\u017e hled\u00e1te spolehliv\u00fd n\u00e1stroj pro ka\u017edodenn\u00ed pou\u017eit\u00ed, nebo chcete m\u00edt stylov\u00fd kousek, kter\u00fd se bude vyj\u00edmat, Pilar Copper je skv\u011blou volbou.<\/p>\n<p><iframe title=\"CRKT Pilar Knife | A Jesper Voxnaes Design\" width=\"800\" height=\"450\" src=\"https:\/\/www.youtube.com\/embed\/YdIpqnHzz3Q?feature=oembed\" frameborder=\"0\" allow=\"accelerometer; autoplay; clipboard-write; encrypted-media; gyroscope; picture-in-picture; web-share\" referrerpolicy=\"strict-origin-when-cross-origin\" allowfullscreen><\/iframe><\/p>\n<p>&nbsp;<\/p>\n","protected":false},"excerpt":{"rendered":"<p><strong>CRKT Pilar Copper je ide\u00e1ln\u00ed volbou pro ty, kte\u0159\u00ed hledaj\u00ed minimalistick\u00fd, ale stylov\u00fd n\u016f\u017e s vysokou funk\u010dnost\u00ed pro ka\u017edodenn\u00ed \u00fakoly. S jeho m\u011bd\u011bnou rukojet\u00ed, odborn\u011b navr\u017eenou \u010depel\u00ed a snadn\u00fdm otev\u00edr\u00e1n\u00edm se jedn\u00e1 o n\u016f\u017e, kter\u00fd je nejen praktick\u00fd, ale i velmi atraktivn\u00ed. A\u0165 u\u017e hled\u00e1te spolehliv\u00fd n\u00e1stroj pro ka\u017edodenn\u00ed pou\u017eit\u00ed, nebo chcete m\u00edt stylov\u00fd kousek, kter\u00fd se bude vyj\u00edmat, Pilar Copper je skv\u011blou volbou.<\/strong><\/p>\n","protected":false},"featured_media":201503,"comment_status":"open","ping_status":"closed","template":"","meta":[],"pwb-brand":[209],"product_brand":[],"product_cat":[22,17],"product_tag":[3667],"class_list":{"0":"post-201502","1":"product","2":"type-product","3":"status-publish","4":"has-post-thumbnail","6":"pwb-brand-crkt","7":"product_cat-zaviraci-noze","8":"product_cat-noze","9":"product_tag-b2b","11":"first","12":"instock","13":"taxable","14":"shipping-taxable","15":"purchasable","16":"product-type-simple"},"brands":[{"id":209,"name":"CRKT","slug":"crkt"}],"_links":{"self":[{"href":"https:\/\/www.moskito.cz\/en\/wp-json\/wp\/v2\/product\/201502","targetHints":{"allow":["GET"]}}],"collection":[{"href":"https:\/\/www.moskito.cz\/en\/wp-json\/wp\/v2\/product"}],"about":[{"href":"https:\/\/www.moskito.cz\/en\/wp-json\/wp\/v2\/types\/product"}],"replies":[{"embeddable":true,"href":"https:\/\/www.moskito.cz\/en\/wp-json\/wp\/v2\/comments?post=201502"}],"wp:featuredmedia":[{"embeddable":true,"href":"https:\/\/www.moskito.cz\/en\/wp-json\/wp\/v2\/media\/201503"}],"wp:attachment":[{"href":"https:\/\/www.moskito.cz\/en\/wp-json\/wp\/v2\/media?parent=201502"}],"wp:term":[{"taxonomy":"pwb-brand","embeddable":true,"href":"https:\/\/www.moskito.cz\/en\/wp-json\/wp\/v2\/pwb-brand?post=201502"},{"taxonomy":"product_brand","embeddable":true,"href":"https:\/\/www.moskito.cz\/en\/wp-json\/wp\/v2\/product_brand?post=201502"},{"taxonomy":"product_cat","embeddable":true,"href":"https:\/\/www.moskito.cz\/en\/wp-json\/wp\/v2\/product_cat?post=201502"},{"taxonomy":"product_tag","embeddable":true,"href":"https:\/\/www.moskito.cz\/en\/wp-json\/wp\/v2\/product_tag?post=201502"}],"curies":[{"name":"wp","href":"https:\/\/api.w.org\/{rel}","templated":true}]}}