{"id":201727,"date":"2021-08-02T19:32:50","date_gmt":"2021-08-02T18:32:50","guid":{"rendered":"https:\/\/www.moskito.cz\/?post_type=product&#038;p=201727"},"modified":"2025-08-29T17:09:51","modified_gmt":"2025-08-29T16:09:51","slug":"zaviraci-nuz-crkt-hammond-cruiser-2","status":"publish","type":"product","link":"https:\/\/www.moskito.cz\/en\/product\/zaviraci-nuz-crkt-hammond-cruiser-2\/","title":{"rendered":"Zav\u00edrac\u00ed N\u016f\u017e CRKT Hammond Cruiser"},"content":{"rendered":"<div class=\"flex-1 overflow-hidden @container\/thread\">\n<div class=\"h-full\">\n<div class=\"react-scroll-to-bottom--css-vxybp-79elbk h-full\">\n<div class=\"react-scroll-to-bottom--css-vxybp-1n7m0yu\">\n<div class=\"flex flex-col text-sm md:pb-9\">\n<article class=\"w-full scroll-mb-[var(--thread-trailing-height,150px)] text-token-text-primary focus-visible:outline-2 focus-visible:outline-offset-[-4px]\" dir=\"auto\" data-testid=\"conversation-turn-397\" data-scroll-anchor=\"true\">\n<div class=\"m-auto text-base py-[18px] px-3 md:px-4 w-full md:px-5 lg:px-4 xl:px-5\">\n<div class=\"mx-auto flex flex-1 gap-4 text-base md:gap-5 lg:gap-6 md:max-w-3xl\">\n<div class=\"group\/conversation-turn relative flex w-full min-w-0 flex-col agent-turn\">\n<div class=\"flex-col gap-1 md:gap-3\">\n<div class=\"flex max-w-full flex-col flex-grow\">\n<div class=\"min-h-8 text-message flex w-full flex-col items-end gap-2 whitespace-normal break-words text-start [.text-message+&amp;]:mt-5\" dir=\"auto\" data-message-author-role=\"assistant\" data-message-id=\"6705965f-29f3-4a61-8e1f-76590d716706\" data-message-model-slug=\"gpt-4o-mini\">\n<div class=\"flex w-full flex-col gap-1 empty:hidden first:pt-[3px]\">\n<div class=\"markdown prose w-full break-words dark:prose-invert light\">\n<p><strong>Zav\u00edrac\u00ed N\u016f\u017e CRKT Hammond Cruiser<\/strong> je v\u00fdborn\u00fd p\u0159\u00edklad kvalitn\u00edho, robustn\u00edho no\u017ee, kter\u00fd je navr\u017een pro ka\u017edodenn\u00ed pou\u017eit\u00ed. Tento n\u016f\u017e je skv\u00e9l\u00e9 spojen\u00ed <strong>designu<\/strong>, <strong>v\u00fdkonnosti<\/strong> a <strong>odolnosti<\/strong>, ide\u00e1ln\u00ed pro v\u0161echny, kdo hledaj\u00ed spolehliv\u00fd n\u00e1stroj pro b\u011b\u017en\u00e9 \u00fakoly.<\/p>\n<h3>Hlavn\u00ed vlastnosti <strong>CRKT Hammond Cruiser<\/strong>:<\/h3>\n<ol>\n<li><strong>Kvalitn\u00ed ocelov\u00e1 \u010depel<\/strong>:\n<ul>\n<li><strong>Ocel 8Cr14MoV<\/strong> je cenov\u011b dostupn\u00e1, ale p\u0159esto velmi kvalitn\u00ed volba pro n\u016f\u017e. Tato ocel nab\u00edz\u00ed <strong>dobrou pevnost<\/strong> a <strong>odolnost proti korozi<\/strong>, co\u017e je ide\u00e1ln\u00ed pro ka\u017edodenn\u00ed pou\u017eit\u00ed. D\u00edky tvrdosti <strong>58-59 HRC<\/strong> je \u010depel dostate\u010dn\u011b odoln\u00e1 a snadno ji m\u016f\u017eete naost\u0159it.<\/li>\n<li><strong>D\u00e9lka \u010depele:<\/strong> 95,3 mm poskytuje vyv\u00e1\u017een\u00fd pom\u011br mezi <strong>v\u00fdkonem<\/strong> a <strong>p\u0159enosnost\u00ed<\/strong>. D\u00edky tomu je n\u016f\u017e vhodn\u00fd pro \u0161irokou \u0161k\u00e1lu \u00fakol\u016f, od \u0159ez\u00e1n\u00ed a\u017e po jemn\u00e9 pr\u00e1ce.<\/li>\n<\/ul>\n<\/li>\n<li><strong>Ergonomick\u00e1 rukoje\u0165<\/strong>:\n<ul>\n<li><strong>Zytel<\/strong> je odoln\u00fd syntetick\u00fd materi\u00e1l, kter\u00fd je vysoce <strong>odoln\u00fd proti n\u00e1raz\u016fm<\/strong> a <strong>pohodln\u00fd<\/strong> v ruce. Tento materi\u00e1l se pou\u017e\u00edv\u00e1 na st\u0159enky no\u017e\u016f pro jeho pevnost a schopnost poskytovat bezpe\u010dn\u00fd \u00fachop, i kdy\u017e m\u00e1te mokr\u00e9 nebo \u0161pinav\u00e9 ruce.<\/li>\n<\/ul>\n<\/li>\n<li><strong>Kompaktn\u00ed velikost<\/strong>:\n<ul>\n<li><strong>D\u00e9lka v zav\u0159en\u00e9m stavu:<\/strong> 133,4 mm \u2013 kompaktn\u00ed velikost umo\u017e\u0148uje snadn\u00e9 no\u0161en\u00ed v kapse nebo batohu. Tento n\u016f\u017e je ide\u00e1ln\u00ed pro <strong>ka\u017edodenn\u00ed no\u0161en\u00ed (EDC)<\/strong>.<\/li>\n<li><strong>Hmotnost:<\/strong> 178,60 g \u2013 n\u016f\u017e je dostate\u010dn\u011b robustn\u00ed, ale st\u00e1le dob\u0159e p\u0159enosn\u00fd. Nen\u00ed t\u011b\u017ek\u00fd, ale poskytuje solidn\u00ed pocit v ruce, co\u017e p\u0159isp\u00edv\u00e1 k lep\u0161\u00ed kontrole p\u0159i pr\u00e1ci.<\/li>\n<\/ul>\n<\/li>\n<li><strong>D\u016fv\u011bra a inovace CRKT<\/strong>:\n<ul>\n<li><strong>CRKT (Columbia River Knife and Tool)<\/strong> je renomovan\u00fd v\u00fdrobce no\u017e\u016f, zn\u00e1m\u00fd svou schopnost\u00ed navrhovat inovativn\u00ed produkty, kter\u00e9 spojuj\u00ed <strong>vysokou kvalitu<\/strong>, <strong>funk\u010dnost<\/strong> a <strong>spolehlivost<\/strong>. CRKT se zam\u011b\u0159uje na spolupr\u00e1ci s p\u0159edn\u00edmi design\u00e9ry a nab\u00edz\u00ed no\u017ee, kter\u00e9 jsou nejen praktick\u00e9, ale i <strong>esteticky p\u0159ita\u017eliv\u00e9<\/strong>.<\/li>\n<\/ul>\n<\/li>\n<\/ol>\n<h3>Specifikace:<\/h3>\n<ul>\n<li><strong>Hmotnost:<\/strong> 178,60 g<\/li>\n<li><strong>D\u00e9lka v zav\u0159en\u00e9m stavu:<\/strong> 133,4 mm<\/li>\n<li><strong>D\u00e9lka \u010depele:<\/strong> 95,3 mm<\/li>\n<li><strong>Ocel:<\/strong> 8Cr14MoV<\/li>\n<li><strong>Tvrdost:<\/strong> 58-59 HRC<\/li>\n<li><strong>Materi\u00e1l st\u0159enky:<\/strong> Zytel<\/li>\n<\/ul>\n<h3>Z\u00e1v\u011br:<\/h3>\n<p><strong>CRKT Hammond Cruiser<\/strong> je skv\u011bl\u00fd <strong>EDC n\u016f\u017e<\/strong>, kter\u00fd spojuje <strong>kvalitn\u00ed materi\u00e1ly<\/strong>, <strong>skv\u011bl\u00fd design<\/strong> a <strong>kompaktn\u00ed velikost<\/strong>. Tento n\u016f\u017e je ide\u00e1ln\u00ed pro ka\u017edodenn\u00ed pou\u017eit\u00ed, a\u0165 u\u017e jde o pr\u00e1ci doma, v kancel\u00e1\u0159i nebo venku. S v\u00fdb\u011brem kvalitn\u00ed oceli a ergonomick\u00fdm designem nab\u00edz\u00ed skv\u00e9l\u00e9 <strong>v\u00fdkon a spolehlivost<\/strong>. Nav\u00edc, s cenovkou, kter\u00e1 je p\u0159ijateln\u00e1 pro \u0161irokou ve\u0159ejnost, je tento n\u016f\u017e v\u00fdbornou volbou pro ka\u017ed\u00e9ho, kdo hled\u00e1 kvalitn\u00ed n\u00e1stroj za rozumnou cenu.<\/p>\n<\/div>\n<\/div>\n<\/div>\n<\/div>\n<div class=\"mb-2 flex gap-3 empty:hidden -ml-2\">\n<div class=\"items-center justify-start rounded-xl p-1 flex\">\n<div class=\"flex items-center\"><\/div>\n<\/div>\n<\/div>\n<div class=\"pr-2 lg:pr-0\"><\/div>\n<\/div>\n<\/div>\n<\/div>\n<\/div>\n<\/article>\n<\/div>\n<\/div>\n<\/div>\n<\/div>\n<\/div>\n","protected":false},"excerpt":{"rendered":"<div class=\"flex max-w-full flex-col flex-grow\">\n<div class=\"min-h-8 text-message flex w-full flex-col items-end gap-2 whitespace-normal break-words text-start [.text-message+&amp;]:mt-5\" dir=\"auto\" data-message-author-role=\"assistant\" data-message-id=\"6705965f-29f3-4a61-8e1f-76590d716706\" data-message-model-slug=\"gpt-4o-mini\">\n<div class=\"flex w-full flex-col gap-1 empty:hidden first:pt-[3px]\">\n<div class=\"markdown prose w-full break-words dark:prose-invert light\">\n<p><strong>CRKT Hammond Cruiser je skv\u011bl\u00fd EDC n\u016f\u017e, kter\u00fd spojuje kvalitn\u00ed materi\u00e1ly, skv\u011bl\u00fd design a kompaktn\u00ed velikost. Tento n\u016f\u017e je ide\u00e1ln\u00ed pro ka\u017edodenn\u00ed pou\u017eit\u00ed, a\u0165 u\u017e jde o pr\u00e1ci doma, v kancel\u00e1\u0159i nebo venku. S v\u00fdb\u011brem kvalitn\u00ed oceli a ergonomick\u00fdm designem nab\u00edz\u00ed skv\u00e9l\u00e9 v\u00fdkon a spolehlivost. Nav\u00edc, s cenovkou, kter\u00e1 je p\u0159ijateln\u00e1 pro \u0161irokou ve\u0159ejnost, je tento n\u016f\u017e v\u00fdbornou volbou pro ka\u017ed\u00e9ho, kdo hled\u00e1 kvalitn\u00ed n\u00e1stroj za rozumnou cenu.<\/strong><\/p>\n<\/div>\n<\/div>\n<\/div>\n<\/div>\n<div class=\"mb-2 flex gap-3 empty:hidden -ml-2\">\n<div class=\"items-center justify-start rounded-xl p-1 flex\">\n<div class=\"flex items-center\"><\/div>\n<\/div>\n<\/div>\n","protected":false},"featured_media":201728,"comment_status":"open","ping_status":"closed","template":"","meta":[],"pwb-brand":[209],"product_brand":[],"product_cat":[22,17],"product_tag":[3667],"class_list":{"0":"post-201727","1":"product","2":"type-product","3":"status-publish","4":"has-post-thumbnail","6":"pwb-brand-crkt","7":"product_cat-zaviraci-noze","8":"product_cat-noze","9":"product_tag-b2b","11":"first","12":"outofstock","13":"taxable","14":"shipping-taxable","15":"purchasable","16":"product-type-simple"},"brands":[{"id":209,"name":"CRKT","slug":"crkt"}],"_links":{"self":[{"href":"https:\/\/www.moskito.cz\/en\/wp-json\/wp\/v2\/product\/201727","targetHints":{"allow":["GET"]}}],"collection":[{"href":"https:\/\/www.moskito.cz\/en\/wp-json\/wp\/v2\/product"}],"about":[{"href":"https:\/\/www.moskito.cz\/en\/wp-json\/wp\/v2\/types\/product"}],"replies":[{"embeddable":true,"href":"https:\/\/www.moskito.cz\/en\/wp-json\/wp\/v2\/comments?post=201727"}],"wp:featuredmedia":[{"embeddable":true,"href":"https:\/\/www.moskito.cz\/en\/wp-json\/wp\/v2\/media\/201728"}],"wp:attachment":[{"href":"https:\/\/www.moskito.cz\/en\/wp-json\/wp\/v2\/media?parent=201727"}],"wp:term":[{"taxonomy":"pwb-brand","embeddable":true,"href":"https:\/\/www.moskito.cz\/en\/wp-json\/wp\/v2\/pwb-brand?post=201727"},{"taxonomy":"product_brand","embeddable":true,"href":"https:\/\/www.moskito.cz\/en\/wp-json\/wp\/v2\/product_brand?post=201727"},{"taxonomy":"product_cat","embeddable":true,"href":"https:\/\/www.moskito.cz\/en\/wp-json\/wp\/v2\/product_cat?post=201727"},{"taxonomy":"product_tag","embeddable":true,"href":"https:\/\/www.moskito.cz\/en\/wp-json\/wp\/v2\/product_tag?post=201727"}],"curies":[{"name":"wp","href":"https:\/\/api.w.org\/{rel}","templated":true}]}}