{"id":201740,"date":"2021-08-02T20:40:39","date_gmt":"2021-08-02T19:40:39","guid":{"rendered":"https:\/\/www.moskito.cz\/?post_type=product&#038;p=201740"},"modified":"2025-05-07T10:35:16","modified_gmt":"2025-05-07T09:35:16","slug":"brousek-brusna-sada-lansky-standard-diamond-system","status":"publish","type":"product","link":"https:\/\/www.moskito.cz\/en\/product\/brousek-brusna-sada-lansky-standard-diamond-system\/","title":{"rendered":"Brousek Brusn\u00e1 sada Lansky Standard Diamond System"},"content":{"rendered":"<p>Brousek Brusn\u00e1 sada <strong>Lansky<\/strong> Standard Diamond System.<\/p>\n<p>Zrnitost: hrub\u00e1 l st\u0159edn\u00ed l jemn\u00e1. Obsahuje: No\u017eov\u00e1 svorka s voli\u010dem \u00fahlu; (3) vodic\u00ed ty\u010de.<br \/>\nHmotnost: 1,5 libry Zem\u011b p\u016fvodu: USA<\/p>\n","protected":false},"excerpt":{"rendered":"<p>Brusn\u00e1 sada.<\/p>\n","protected":false},"featured_media":201741,"comment_status":"open","ping_status":"closed","template":"","meta":[],"pwb-brand":[409],"product_brand":[],"product_cat":[26],"product_tag":[],"class_list":{"0":"post-201740","1":"product","2":"type-product","3":"status-publish","4":"has-post-thumbnail","6":"pwb-brand-lansky","7":"product_cat-brousky-a-ocilky","9":"first","10":"instock","11":"taxable","12":"shipping-taxable","13":"purchasable","14":"product-type-simple"},"brands":[{"id":409,"name":"Lansky","slug":"lansky"}],"_links":{"self":[{"href":"https:\/\/www.moskito.cz\/en\/wp-json\/wp\/v2\/product\/201740","targetHints":{"allow":["GET"]}}],"collection":[{"href":"https:\/\/www.moskito.cz\/en\/wp-json\/wp\/v2\/product"}],"about":[{"href":"https:\/\/www.moskito.cz\/en\/wp-json\/wp\/v2\/types\/product"}],"replies":[{"embeddable":true,"href":"https:\/\/www.moskito.cz\/en\/wp-json\/wp\/v2\/comments?post=201740"}],"wp:featuredmedia":[{"embeddable":true,"href":"https:\/\/www.moskito.cz\/en\/wp-json\/wp\/v2\/media\/201741"}],"wp:attachment":[{"href":"https:\/\/www.moskito.cz\/en\/wp-json\/wp\/v2\/media?parent=201740"}],"wp:term":[{"taxonomy":"pwb-brand","embeddable":true,"href":"https:\/\/www.moskito.cz\/en\/wp-json\/wp\/v2\/pwb-brand?post=201740"},{"taxonomy":"product_brand","embeddable":true,"href":"https:\/\/www.moskito.cz\/en\/wp-json\/wp\/v2\/product_brand?post=201740"},{"taxonomy":"product_cat","embeddable":true,"href":"https:\/\/www.moskito.cz\/en\/wp-json\/wp\/v2\/product_cat?post=201740"},{"taxonomy":"product_tag","embeddable":true,"href":"https:\/\/www.moskito.cz\/en\/wp-json\/wp\/v2\/product_tag?post=201740"}],"curies":[{"name":"wp","href":"https:\/\/api.w.org\/{rel}","templated":true}]}}