{"id":201906,"date":"2021-08-03T20:54:55","date_gmt":"2021-08-03T19:54:55","guid":{"rendered":"https:\/\/www.moskito.cz\/?post_type=product&#038;p=201906"},"modified":"2025-05-07T10:35:18","modified_gmt":"2025-05-07T09:35:18","slug":"tlacna-dyka-united-cutlery-honshu-large-push-dagger","status":"publish","type":"product","link":"https:\/\/www.moskito.cz\/en\/product\/tlacna-dyka-united-cutlery-honshu-large-push-dagger\/","title":{"rendered":"Tla\u010dn\u00e1 D\u00fdka United Cutlery Honshu Large Push Dagger"},"content":{"rendered":"<p>Tla\u010dn\u00e1 D\u00fdka <strong>United Cutlery<\/strong> Honshu Large Push Dagger.<\/p>\n<p>Detail produktu:<\/p>\n<p>\u00b7 D\u00e9lka no\u017ee: 120 mm<\/p>\n<p>\u00b7 D\u00e9lka \u010depele: 67 mm<\/p>\n<p>\u00b7 Ocel: 7Cr17MoV<\/p>\n<p>\u00b7 Tvrdost: 58-59 HRC<\/p>\n<p>\u00b7 Pouzdro: Black Leather<\/p>\n","protected":false},"excerpt":{"rendered":"<p>Pevn\u00fd n\u016f\u017e s pouzdrem.<\/p>\n","protected":false},"featured_media":201907,"comment_status":"open","ping_status":"closed","template":"","meta":[],"pwb-brand":[657],"product_brand":[],"product_cat":[22,17],"product_tag":[],"class_list":{"0":"post-201906","1":"product","2":"type-product","3":"status-publish","4":"has-post-thumbnail","6":"pwb-brand-united-cutlery","7":"product_cat-zaviraci-noze","8":"product_cat-noze","10":"first","11":"outofstock","12":"taxable","13":"shipping-taxable","14":"purchasable","15":"product-type-simple"},"brands":[{"id":657,"name":"United Cutlery","slug":"united-cutlery"}],"_links":{"self":[{"href":"https:\/\/www.moskito.cz\/en\/wp-json\/wp\/v2\/product\/201906","targetHints":{"allow":["GET"]}}],"collection":[{"href":"https:\/\/www.moskito.cz\/en\/wp-json\/wp\/v2\/product"}],"about":[{"href":"https:\/\/www.moskito.cz\/en\/wp-json\/wp\/v2\/types\/product"}],"replies":[{"embeddable":true,"href":"https:\/\/www.moskito.cz\/en\/wp-json\/wp\/v2\/comments?post=201906"}],"wp:featuredmedia":[{"embeddable":true,"href":"https:\/\/www.moskito.cz\/en\/wp-json\/wp\/v2\/media\/201907"}],"wp:attachment":[{"href":"https:\/\/www.moskito.cz\/en\/wp-json\/wp\/v2\/media?parent=201906"}],"wp:term":[{"taxonomy":"pwb-brand","embeddable":true,"href":"https:\/\/www.moskito.cz\/en\/wp-json\/wp\/v2\/pwb-brand?post=201906"},{"taxonomy":"product_brand","embeddable":true,"href":"https:\/\/www.moskito.cz\/en\/wp-json\/wp\/v2\/product_brand?post=201906"},{"taxonomy":"product_cat","embeddable":true,"href":"https:\/\/www.moskito.cz\/en\/wp-json\/wp\/v2\/product_cat?post=201906"},{"taxonomy":"product_tag","embeddable":true,"href":"https:\/\/www.moskito.cz\/en\/wp-json\/wp\/v2\/product_tag?post=201906"}],"curies":[{"name":"wp","href":"https:\/\/api.w.org\/{rel}","templated":true}]}}