{"id":207262,"date":"2021-10-28T13:42:44","date_gmt":"2021-10-28T12:42:44","guid":{"rendered":"https:\/\/www.moskito.cz\/?post_type=product&#038;p=207262"},"modified":"2025-05-07T10:36:09","modified_gmt":"2025-05-07T09:36:09","slug":"samurajsky-mec-boker-magnum-captain-nathans-05zs610","status":"publish","type":"product","link":"https:\/\/www.moskito.cz\/en\/product\/samurajsky-mec-boker-magnum-captain-nathans-05zs610\/","title":{"rendered":"Samurajsk\u00fd Me\u010d B\u00f6ker Magnum Captain Nathans 05ZS610"},"content":{"rendered":"<p>Samurajsk\u00fd Me\u010d <strong>B\u00f6ker Magnum<\/strong> Captain Nathans.<\/p>\n<p>Tento d\u016fmysln\u011b navr\u017een\u00fd me\u010d jist\u011b upout\u00e1 pozornost a bude vrcholem va\u0161\u00ed sb\u00edrky. Kovan\u00e1 \u010depel z uhl\u00edkov\u00e9 oceli 1045 nese kanji (p\u00edsmena) znamenaj\u00edc\u00ed: &#8220;Jsem me\u010d bojovn\u00edka, sjednocuj\u00edc\u00ed star\u00e9 a modern\u00ed hodnoty.&#8221; Autentick\u00e1 rukoje\u0165 s podlo\u017ekou z prav\u00e9 k\u016f\u017ee manty a tradi\u010dn\u00edm obalem, dva Mekugi a Menuki, to v\u0161e jsou vlastnosti t\u00e9to prvot\u0159\u00eddn\u00ed repliky. Leskl\u00e1 \u010dern\u00e1 d\u0159ev\u011bn\u00e1 pochva je vybavena nosn\u00fdm syst\u00e9mem. Me\u010d je dod\u00e1v\u00e1n s autentick\u00fdm pouzdrem.<br \/>\nDekorativn\u00ed nebo sb\u011bratelsk\u00fd me\u010d, nevhodn\u00fd k pou\u017eit\u00ed!<\/p>\n<p>Typ: me\u010d<br \/>\nCelkov\u00e1 d\u00e9lka: 103,00 cm<br \/>\nD\u00e9lka \u010depele: 71,00 cm<br \/>\nTlou\u0161\u0165ka \u010depele: 7,50 mm<br \/>\nHmotnost: 1350,00 g<br \/>\nMateri\u00e1l \u010depele: 1045<br \/>\nMateri\u00e1l rukojeti: Rayskin<br \/>\nTyp z\u00e1mku: Pevn\u00fd<br \/>\nVyrobeno v: Asie<br \/>\nBarva: \u010cern\u00e1<br \/>\nBarva \u010depele: Nepota\u017een\u00e9<br \/>\nMateri\u00e1l pl\u00e1\u0161t\u011b: D\u0159evo<br \/>\n\u010c\u00edslo polo\u017eky: 05ZS610<\/p>\n<p>This elaborately designed sword is surely an eye catcher and will be the highlight of your collection. The forged 1045 carbon steel blade carries kanjis (letters) meaning: &#8220;I am the sword of the warrior, unifying old and modern values.&#8221; The authentic handle featuring an underlay of real manta ray skin and a traditional wrapping, the two Mekugis as well as the Menukis are all characteristics of this first-class replica. The shining black wooden sheath has been equipped with a carrying system. The sword is delivered with an authentic pouch.<br \/>\nDecorative or collector&#8217;s sword, not suited for use!<\/p>\n<p>Type:<br \/>\nSword<br \/>\nOverall Length:<br \/>\n103,00 cm<br \/>\nBlade Length:<br \/>\n71,00 cm<br \/>\nBlade Thickness:<br \/>\n7,50 mm<br \/>\nWeight:<br \/>\n1350,00 g<br \/>\nBlade Material:<br \/>\n1045<br \/>\nHandle Material:<br \/>\nRayskin<br \/>\nLock Type:<br \/>\nFixed<br \/>\nMade in:<br \/>\nAsia<br \/>\nColor:<br \/>\nBlack<br \/>\nBlade Color:<br \/>\nUncoated<br \/>\nSheath Material:<br \/>\nWood<br \/>\nItem Number:<br \/>\n05ZS610<\/p>\n<p>&nbsp;<\/p>\n","protected":false},"excerpt":{"rendered":"<p><span title=\"\">Ozdobn\u00fd sb\u011bratelsk\u00fd vysoce kvalitn\u00ed me\u010d.<\/span><\/p>\n","protected":false},"featured_media":207263,"comment_status":"open","ping_status":"closed","template":"","meta":[],"pwb-brand":[140],"product_brand":[],"product_cat":[24,1942],"product_tag":[3667],"class_list":{"0":"post-207262","1":"product","2":"type-product","3":"status-publish","4":"has-post-thumbnail","6":"pwb-brand-boker","7":"product_cat-katany-a-mece","8":"product_cat-mece-dyky-repliky","9":"product_tag-b2b","11":"first","12":"instock","13":"taxable","14":"shipping-taxable","15":"purchasable","16":"product-type-simple"},"brands":[{"id":140,"name":"Boker","slug":"boker"}],"_links":{"self":[{"href":"https:\/\/www.moskito.cz\/en\/wp-json\/wp\/v2\/product\/207262","targetHints":{"allow":["GET"]}}],"collection":[{"href":"https:\/\/www.moskito.cz\/en\/wp-json\/wp\/v2\/product"}],"about":[{"href":"https:\/\/www.moskito.cz\/en\/wp-json\/wp\/v2\/types\/product"}],"replies":[{"embeddable":true,"href":"https:\/\/www.moskito.cz\/en\/wp-json\/wp\/v2\/comments?post=207262"}],"wp:featuredmedia":[{"embeddable":true,"href":"https:\/\/www.moskito.cz\/en\/wp-json\/wp\/v2\/media\/207263"}],"wp:attachment":[{"href":"https:\/\/www.moskito.cz\/en\/wp-json\/wp\/v2\/media?parent=207262"}],"wp:term":[{"taxonomy":"pwb-brand","embeddable":true,"href":"https:\/\/www.moskito.cz\/en\/wp-json\/wp\/v2\/pwb-brand?post=207262"},{"taxonomy":"product_brand","embeddable":true,"href":"https:\/\/www.moskito.cz\/en\/wp-json\/wp\/v2\/product_brand?post=207262"},{"taxonomy":"product_cat","embeddable":true,"href":"https:\/\/www.moskito.cz\/en\/wp-json\/wp\/v2\/product_cat?post=207262"},{"taxonomy":"product_tag","embeddable":true,"href":"https:\/\/www.moskito.cz\/en\/wp-json\/wp\/v2\/product_tag?post=207262"}],"curies":[{"name":"wp","href":"https:\/\/api.w.org\/{rel}","templated":true}]}}