{"id":207892,"date":"2021-11-01T18:48:53","date_gmt":"2021-11-01T17:48:53","guid":{"rendered":"https:\/\/www.moskito.cz\/?post_type=product&#038;p=207892"},"modified":"2025-05-07T10:36:10","modified_gmt":"2025-05-07T09:36:10","slug":"vystrelovaci-nuz-templar-knife-large-carbon-fiber-dip-black","status":"publish","type":"product","link":"https:\/\/www.moskito.cz\/en\/product\/vystrelovaci-nuz-templar-knife-large-carbon-fiber-dip-black\/","title":{"rendered":"Vyst\u0159elovac\u00ed N\u016f\u017e Templar Knife Large Carbon Fiber Dip Black"},"content":{"rendered":"<p>Odpov\u011b\u010f je ano, to jsou no\u017ee, kter\u00e9 hled\u00e1te. Kapesn\u00ed n\u016f\u017e je u\u017eite\u010dn\u00fd n\u00e1stroj, kter\u00fd by mohl b\u00fdt \u017eivotaschopn\u00fd v situac\u00edch sebeobrany, situace p\u0159e\u017eit\u00ed, situace prvn\u00ed pomoci nebo n\u011b\u010deho tak jednoduch\u00e9ho, jako je otev\u0159en\u00ed bal\u00ed\u010dku UPS na prahu dve\u0159\u00ed. Pravdou je, \u017ee v\u0161ichni bychom m\u011bli nosit n\u016f\u017e a nic nen\u00ed prakti\u010dt\u011bj\u0161\u00ed ne\u017e Templ\u00e1\u0159sk\u00fd n\u016f\u017e. Kdy\u017e stisknu tla\u010d\u00edtko pro uvoln\u011bn\u00ed \u010depele a sleduji, jak dob\u0159e vyroben\u00e1 \u010depel okam\u017eit\u011b zas\u00e1hne, p\u0159ipad\u00e1m si jako Jedi. Nejen, \u017ee je to praktick\u00e9 a cool, ale je to i bezpe\u010dn\u00e9. No\u017ee maj\u00ed bezpe\u010dnostn\u00ed prvky, kter\u00e9 zabr\u00e1n\u00ed tomu, aby \u010depel po\u0159ezala v\u00e1s nebo jin\u00e9 p\u0159edm\u011bty, pokud je p\u0159i uvoln\u011bn\u00ed p\u0159ek\u00e1\u017ekou. Jsou to skv\u011bl\u00e9 no\u017ee, v\u0159ele doporu\u010duji si jeden po\u0159\u00eddit.<br \/>\nDaniel Burnett, b\u00fdval\u00fd velitel t\u00fdmu, 75th Ranger Regiment, americk\u00e1 arm\u00e1da.<\/p>\n<p>Vyst\u0159elovac\u00ed N\u016f\u017e <strong>Templar Knife<\/strong> Large Carbon Fiber Dip Black.<\/p>\n<p>N\u016f\u017e se vyst\u0159eluje a zav\u00edr\u00e1 pomoc\u00ed posuvn\u00e9ho jezdce, kter\u00fd na h\u0159betu rukojeti. N\u016f\u017e m\u00e1 klip pro snadn\u00e9 no\u0161en\u00ed a hrot na konci st\u0159enky, kter\u00fd slou\u017e\u00ed na rozbit\u00ed skla. Sou\u010d\u00e1st\u00ed no\u017ee je \u010dern\u00e9 nylonov\u00e9 pouzdro.<\/p>\n<p>Ocel: 440C<\/p>\n<p>Velikost rukojeti od rozb\u00edje\u010de skla po p\u0159edn\u00ed \u010d\u00e1st rukojeti \u2013 13.8 cm<\/p>\n<p>D\u00e9lka \u010depele \u2013 9 cm<br \/>\nHmotnost \u2013 8,2 oz<br \/>\n58 HR<br \/>\nKapesn\u00ed klip<br \/>\nRozb\u00edje\u010d skla<br \/>\nDo\u017eivotn\u00ed z\u00e1ruka<\/p>\n<p>Templar Knife Large Size Carbon Fiber<\/p>\n<p>Handle size from glass breaker to front of handle \u2013 5 1\/2\u2033<br \/>\nBlade Length \u2013 3 1\/2\u2033<br \/>\nWeight \u2013 8.2oz<br \/>\n58 HR<br \/>\nPocket Clip<br \/>\nGlass Breaker<br \/>\nLifetime warranty<\/p>\n<p>&nbsp;<\/p>\n<p>&nbsp;<\/p>\n","protected":false},"excerpt":{"rendered":"<p><strong>Templar Knife<\/strong>\u00a0s hrdost\u00ed p\u0159edstavuje novou pr\u00e9miovou \u0159adu\u00a0<strong>Large<\/strong>\u00a0GEN II OTF.<\/p>\n<p><strong>Do\u017eivotn\u00ed z\u00e1ruka.<\/strong><\/p>\n","protected":false},"featured_media":207895,"comment_status":"open","ping_status":"closed","template":"","meta":[],"pwb-brand":[3220],"product_brand":[],"product_cat":[2019,17],"product_tag":[],"class_list":{"0":"post-207892","1":"product","2":"type-product","3":"status-publish","4":"has-post-thumbnail","6":"pwb-brand-templar-knife","7":"product_cat-vystrelovaci-noze","8":"product_cat-noze","10":"first","11":"outofstock","12":"taxable","13":"shipping-taxable","14":"purchasable","15":"product-type-simple"},"brands":[{"id":3220,"name":"Templar Knife","slug":"templar-knife"}],"_links":{"self":[{"href":"https:\/\/www.moskito.cz\/en\/wp-json\/wp\/v2\/product\/207892","targetHints":{"allow":["GET"]}}],"collection":[{"href":"https:\/\/www.moskito.cz\/en\/wp-json\/wp\/v2\/product"}],"about":[{"href":"https:\/\/www.moskito.cz\/en\/wp-json\/wp\/v2\/types\/product"}],"replies":[{"embeddable":true,"href":"https:\/\/www.moskito.cz\/en\/wp-json\/wp\/v2\/comments?post=207892"}],"wp:featuredmedia":[{"embeddable":true,"href":"https:\/\/www.moskito.cz\/en\/wp-json\/wp\/v2\/media\/207895"}],"wp:attachment":[{"href":"https:\/\/www.moskito.cz\/en\/wp-json\/wp\/v2\/media?parent=207892"}],"wp:term":[{"taxonomy":"pwb-brand","embeddable":true,"href":"https:\/\/www.moskito.cz\/en\/wp-json\/wp\/v2\/pwb-brand?post=207892"},{"taxonomy":"product_brand","embeddable":true,"href":"https:\/\/www.moskito.cz\/en\/wp-json\/wp\/v2\/product_brand?post=207892"},{"taxonomy":"product_cat","embeddable":true,"href":"https:\/\/www.moskito.cz\/en\/wp-json\/wp\/v2\/product_cat?post=207892"},{"taxonomy":"product_tag","embeddable":true,"href":"https:\/\/www.moskito.cz\/en\/wp-json\/wp\/v2\/product_tag?post=207892"}],"curies":[{"name":"wp","href":"https:\/\/api.w.org\/{rel}","templated":true}]}}