{"id":209393,"date":"2021-12-08T21:40:57","date_gmt":"2021-12-08T20:40:57","guid":{"rendered":"https:\/\/www.moskito.cz\/?post_type=product&#038;p=209393"},"modified":"2026-02-23T09:41:41","modified_gmt":"2026-02-23T08:41:41","slug":"vystrelovaci-nuz-templar-knife-large-aluminum-eagle-dagger-serrated-black-d2","status":"publish","type":"product","link":"https:\/\/www.moskito.cz\/en\/product\/vystrelovaci-nuz-templar-knife-large-aluminum-eagle-dagger-serrated-black-d2\/","title":{"rendered":"Vyst\u0159elovac\u00ed N\u016f\u017e Templar Knife Large Aluminum Eagle Dagger Serrated Black D2"},"content":{"rendered":"<p>Odpov\u011b\u010f je ano, to jsou no\u017ee, kter\u00e9 hled\u00e1te. Kapesn\u00ed n\u016f\u017e je u\u017eite\u010dn\u00fd n\u00e1stroj, kter\u00fd by mohl b\u00fdt \u017eivotaschopn\u00fd v situac\u00edch sebeobrany, situace p\u0159e\u017eit\u00ed, situace prvn\u00ed pomoci nebo n\u011b\u010deho tak jednoduch\u00e9ho, jako je otev\u0159en\u00ed bal\u00ed\u010dku UPS na prahu dve\u0159\u00ed. Pravdou je, \u017ee v\u0161ichni bychom m\u011bli nosit n\u016f\u017e a nic nen\u00ed prakti\u010dt\u011bj\u0161\u00ed ne\u017e Templ\u00e1\u0159sk\u00fd n\u016f\u017e. Kdy\u017e stisknu tla\u010d\u00edtko pro uvoln\u011bn\u00ed \u010depele a sleduji, jak dob\u0159e vyroben\u00e1 \u010depel okam\u017eit\u011b zas\u00e1hne, p\u0159ipad\u00e1m si jako Jedi. Nejen, \u017ee je to praktick\u00e9 a cool, ale je to i bezpe\u010dn\u00e9. No\u017ee maj\u00ed bezpe\u010dnostn\u00ed prvky, kter\u00e9 zabr\u00e1n\u00ed tomu, aby \u010depel po\u0159ezala v\u00e1s nebo jin\u00e9 p\u0159edm\u011bty, pokud je p\u0159i uvoln\u011bn\u00ed p\u0159ek\u00e1\u017ekou. Jsou to skv\u011bl\u00e9 no\u017ee, v\u0159ele doporu\u010duji si jeden po\u0159\u00eddit.<br \/>\nDaniel Burnett, b\u00fdval\u00fd velitel t\u00fdmu, 75th Ranger Regiment, americk\u00e1 arm\u00e1da.<\/p>\n<p>Vyst\u0159elovac\u00ed N\u016f\u017e <strong>Templar Knife<\/strong> Large Aluminum Eagle Dagger Serrated Black D2.<\/p>\n<p>N\u00edzk\u00e1 hmotnost \u2013 T 6061 st\u00e1rnut\u00fd hlin\u00edk, CNC uvnit\u0159 i vn\u011b masivn\u00edho bloku.<br \/>\nMateri\u00e1l \u010depele &#8211; Black Oxide Stonewashed Powder D2<\/p>\n<p>hmotnost: 4,7 oz<br \/>\nD\u00e9lka \u010depele: 8,2 cm<br \/>\nCelkov\u00e1 d\u00e9lka: 22 cm<\/p>\n<p>&nbsp;<\/p>\n<p>Templar\u00a0<strong>Knife Premium<\/strong>\u00a0Lightweight We Back You Collection<\/p>\n<p>Handle Material: T 6061 Aged Aluminum<br \/>\nCNC&#8217;d inside and out of a Solid Billet<br \/>\nBlade Material: Black Oxide Stonewashed Powder D2<br \/>\nComes in a Large or Small Handle Size Option<br \/>\nLarge:<\/p>\n<p>Large Weight: 4.8 oz<br \/>\nBlade Length: 3.55&#8243;<br \/>\nHandle Length: 5.25<br \/>\nOverall Length: 8.75<\/p>\n","protected":false},"excerpt":{"rendered":"<p><strong>Templar Knife<\/strong>\u00a0s hrdost\u00ed p\u0159edstavuje novou pr\u00e9miovou \u0159adu\u00a0<strong>SLIM<\/strong>\u00a0OTF.<\/p>\n<p><strong>Do\u017eivotn\u00ed z\u00e1ruka.<\/strong><\/p>\n<p><strong>Doprava zdarma.<\/strong><\/p>\n","protected":false},"featured_media":209394,"comment_status":"open","ping_status":"closed","template":"","meta":[],"pwb-brand":[3220],"product_brand":[],"product_cat":[2019,17],"product_tag":[],"class_list":{"0":"post-209393","1":"product","2":"type-product","3":"status-publish","4":"has-post-thumbnail","6":"pwb-brand-templar-knife","7":"product_cat-vystrelovaci-noze","8":"product_cat-noze","10":"first","11":"outofstock","12":"taxable","13":"shipping-taxable","14":"purchasable","15":"product-type-simple"},"brands":[{"id":3220,"name":"Templar Knife","slug":"templar-knife"}],"_links":{"self":[{"href":"https:\/\/www.moskito.cz\/en\/wp-json\/wp\/v2\/product\/209393","targetHints":{"allow":["GET"]}}],"collection":[{"href":"https:\/\/www.moskito.cz\/en\/wp-json\/wp\/v2\/product"}],"about":[{"href":"https:\/\/www.moskito.cz\/en\/wp-json\/wp\/v2\/types\/product"}],"replies":[{"embeddable":true,"href":"https:\/\/www.moskito.cz\/en\/wp-json\/wp\/v2\/comments?post=209393"}],"wp:featuredmedia":[{"embeddable":true,"href":"https:\/\/www.moskito.cz\/en\/wp-json\/wp\/v2\/media\/209394"}],"wp:attachment":[{"href":"https:\/\/www.moskito.cz\/en\/wp-json\/wp\/v2\/media?parent=209393"}],"wp:term":[{"taxonomy":"pwb-brand","embeddable":true,"href":"https:\/\/www.moskito.cz\/en\/wp-json\/wp\/v2\/pwb-brand?post=209393"},{"taxonomy":"product_brand","embeddable":true,"href":"https:\/\/www.moskito.cz\/en\/wp-json\/wp\/v2\/product_brand?post=209393"},{"taxonomy":"product_cat","embeddable":true,"href":"https:\/\/www.moskito.cz\/en\/wp-json\/wp\/v2\/product_cat?post=209393"},{"taxonomy":"product_tag","embeddable":true,"href":"https:\/\/www.moskito.cz\/en\/wp-json\/wp\/v2\/product_tag?post=209393"}],"curies":[{"name":"wp","href":"https:\/\/api.w.org\/{rel}","templated":true}]}}