{"id":211671,"date":"2021-09-14T21:44:02","date_gmt":"2021-09-14T20:44:02","guid":{"rendered":"https:\/\/www.moskito.cz\/produkt\/sog-terminus-black\/"},"modified":"2025-05-07T10:37:31","modified_gmt":"2025-05-07T09:37:31","slug":"sog-terminus-black","status":"publish","type":"product","link":"https:\/\/www.moskito.cz\/en\/product\/sog-terminus-black\/","title":{"rendered":"SOG TERMINUS BLACK"},"content":{"rendered":"<p>The Terminus is an all-purpose slip joint folding knife that is legal in many places. It features a quality 3.0-inch CTS BD1 stainless steel blade and G10 handles. Slip joint knives are easier to clean, maintain, and have fewer mechanical bits to get dirty and cause problems. The versatile clip point BD1 blade features a straight edge and a nail nick for opening. Textured G10 handles and jimping on the blade offer improved control during use. The small guard on the blade prevents accidental closure of the blade on fingers. Its slim profile makes it easy to carry with or without the reversible low-carry pocket clip.<\/p>\n<p>CLOSED LENGTH<br \/>\n4&#8243;<br \/>\nPRODUCT WEIGHT<br \/>\n2.90 oz<br \/>\nBLADE LENGTH<br \/>\n3&#8243;<br \/>\nBLADE THICKNESS<br \/>\n0.11&#8243;<br \/>\nUPC<br \/>\n729857006569<br \/>\nPREORDER DATE<br \/>\nN\/A<br \/>\nIS PREORDER<br \/>\nN\/A<br \/>\nPRODUCT FAMILY<br \/>\nTerminus<br \/>\nPRODUCT TYPE<br \/>\nFolding Knife<br \/>\nCOUNTRY OF ORIGIN<br \/>\nChina<br \/>\nLOCKING MECHANISM<br \/>\nSlip Joint<br \/>\nBELT CLIP TYPE<br \/>\nReversible Low-Carry<br \/>\nPACKAGING<br \/>\nPresentation Box<br \/>\nENGRAVABLE<br \/>\nYes<br \/>\nFINISH<br \/>\nHardcased Black<br \/>\nEDGE TYPE<br \/>\nStraight<br \/>\nBLADE STEEL TYPE<br \/>\nBD1<br \/>\nBLADE SHAPE<br \/>\nClip Point<br \/>\nHARDNESS<br \/>\nRc. 58-60<br \/>\nHANDLE MATERIAL<br \/>\nG10<\/p>\n<p>&nbsp;<\/p>\n","protected":false},"excerpt":{"rendered":"<p>\u010ci u\u017e chr\u00e1nite ostatn\u00fdch alebo vediete epick\u00fa loveck\u00fa exped\u00edciu, rie\u0161ite jednu z ka\u017edodenn\u00fdch \u017eivotn\u00fdch v\u00fdziev alebo sa stret\u00e1vate so svojimi doteraz najextr\u00e9mnej\u0161\u00edmi podmienkami, urobte si cestu so SOG.<\/p>\n<p>Na v\u0161etky no\u017ee SOG d\u00e1vame do\u017eivotn\u00fa z\u00e1ruku!<\/p>\n","protected":false},"featured_media":205208,"comment_status":"open","ping_status":"closed","template":"","meta":[],"pwb-brand":[3232],"product_brand":[],"product_cat":[3155,3157],"product_tag":[3670],"class_list":{"0":"post-211671","1":"product","2":"type-product","3":"status-publish","4":"has-post-thumbnail","6":"pwb-brand-sog-snarl","7":"product_cat-folding-knives","8":"product_cat-knives","9":"product_tag-b2b-en","11":"first","12":"outofstock","13":"taxable","14":"shipping-taxable","15":"purchasable","16":"product-type-simple"},"brands":[{"id":3232,"name":"SOG SNARL","slug":"sog-snarl"}],"_links":{"self":[{"href":"https:\/\/www.moskito.cz\/en\/wp-json\/wp\/v2\/product\/211671","targetHints":{"allow":["GET"]}}],"collection":[{"href":"https:\/\/www.moskito.cz\/en\/wp-json\/wp\/v2\/product"}],"about":[{"href":"https:\/\/www.moskito.cz\/en\/wp-json\/wp\/v2\/types\/product"}],"replies":[{"embeddable":true,"href":"https:\/\/www.moskito.cz\/en\/wp-json\/wp\/v2\/comments?post=211671"}],"wp:featuredmedia":[{"embeddable":true,"href":"https:\/\/www.moskito.cz\/en\/wp-json\/wp\/v2\/media\/205208"}],"wp:attachment":[{"href":"https:\/\/www.moskito.cz\/en\/wp-json\/wp\/v2\/media?parent=211671"}],"wp:term":[{"taxonomy":"pwb-brand","embeddable":true,"href":"https:\/\/www.moskito.cz\/en\/wp-json\/wp\/v2\/pwb-brand?post=211671"},{"taxonomy":"product_brand","embeddable":true,"href":"https:\/\/www.moskito.cz\/en\/wp-json\/wp\/v2\/product_brand?post=211671"},{"taxonomy":"product_cat","embeddable":true,"href":"https:\/\/www.moskito.cz\/en\/wp-json\/wp\/v2\/product_cat?post=211671"},{"taxonomy":"product_tag","embeddable":true,"href":"https:\/\/www.moskito.cz\/en\/wp-json\/wp\/v2\/product_tag?post=211671"}],"curies":[{"name":"wp","href":"https:\/\/api.w.org\/{rel}","templated":true}]}}