{"id":213209,"date":"2022-03-24T21:57:47","date_gmt":"2022-03-24T20:57:47","guid":{"rendered":"https:\/\/www.moskito.cz\/?post_type=product&#038;p=213209"},"modified":"2026-01-08T22:35:33","modified_gmt":"2026-01-08T21:35:33","slug":"zaviraci-nuz-andre-de-villiers-alpha-s-black-orange-g10","status":"publish","type":"product","link":"https:\/\/www.moskito.cz\/en\/product\/zaviraci-nuz-andre-de-villiers-alpha-s-black-orange-g10\/","title":{"rendered":"Zav\u00edrac\u00ed N\u016f\u017e Andre De Villiers ALPHA-S BLACK\/ORANGE G10"},"content":{"rendered":"<p>Zav\u00edrac\u00ed N\u016f\u017e Andre De Villiers ALPHA-S BLACK\/ORANGE G10<\/p>\n<p>Zav\u00edrac\u00ed n\u016f\u017e Andre De Villiers ALPHA-S BLACK\/ORANGE G10 je vysoce kvalitn\u00ed n\u016f\u017e, kter\u00fd spojuje vynikaj\u00edc\u00ed design s precizn\u00ed konstrukc\u00ed a ergonomi\u00ed. Tento model je ide\u00e1ln\u00edm spole\u010dn\u00edkem pro ka\u017edodenn\u00ed no\u0161en\u00ed i n\u00e1ro\u010dn\u00e9 \u00fakoly, a to d\u00edky sv\u00e9 robustn\u00ed konstrukci, modern\u00edmu mechanismu z\u00e1mku a vysok\u00e9 funk\u010dnosti.<\/p>\n<p>Hlavn\u00ed vlastnosti:<br \/>\n\u010cepel:<\/p>\n<p>Vyrobena z kvalitn\u00ed nerezov\u00e9 oceli S35VN, kter\u00e1 je zn\u00e1m\u00e1 svou odolnost\u00ed proti opot\u0159eben\u00ed, vynikaj\u00edc\u00ed retenc\u00ed ostrosti a odolnost\u00ed proti korozi.<br \/>\nD\u00e9lka \u010depele: 112 mm \u2013 ide\u00e1ln\u00ed pro b\u011b\u017en\u00e9 \u0159ezac\u00ed \u00fakoly.<br \/>\nTlou\u0161\u0165ka \u010depele: 4,5 mm pro skv\u00e9l\u00e9 \u0159ezn\u00e9 schopnosti.<br \/>\nPovrchov\u00e1 \u00faprava \u010dern\u00fd Cerakote, kter\u00fd \u010depeli zaji\u0161\u0165uje elegantn\u00ed vzhled a chr\u00e1n\u00ed ji proti korozi.<br \/>\nRukoje\u0165:<\/p>\n<p>Kombinace titanu a oran\u017eov\u00fdch G10 vlo\u017eek zaji\u0161\u0165uje jak robustnost, tak n\u00edzkou hmotnost.<br \/>\nErgonomick\u00fd design je vhodn\u00fd pro st\u0159edn\u011b velk\u00e9 a\u017e velk\u00e9 ruce a zaji\u0161\u0165uje bezpe\u010dn\u00e9 a pohodln\u00e9 uchopen\u00ed.<br \/>\nPloutev na rukojeti pro lep\u0161\u00ed manipulaci a stabilitu p\u0159i pr\u00e1ci.<br \/>\nZamykac\u00ed mechanismus:<\/p>\n<p>Tla\u010d\u00edtkov\u00fd z\u00e1mek \u2013 velk\u00e9 obd\u00e9ln\u00edkov\u00e9 tla\u010d\u00edtko umo\u017e\u0148uje snadn\u00e9 a rychl\u00e9 uvoln\u011bn\u00ed \u010depele. Tento mechanismus je spolehliv\u00fd a rychl\u00fd, s integrovan\u00fdm sekund\u00e1rn\u00edm zaji\u0161t\u011bn\u00edm, kter\u00e9 zaji\u0161\u0165uje \u010depel v otev\u0159en\u00e9 i zav\u0159en\u00e9 poloze pro maxim\u00e1ln\u00ed bezpe\u010dnost.<br \/>\nDal\u0161\u00ed prvky:<\/p>\n<p>Titanov\u00fd backspacer s otvorem pro \u0161\u0148\u016frku.<br \/>\nTitanov\u00e1 spona na kapsu pro prav\u00e9 no\u0161en\u00ed, kter\u00e1 zaji\u0161\u0165uje pohodln\u00e9 no\u0161en\u00ed v kapse.<br \/>\nSpecifikace:<br \/>\nCelkov\u00e1 d\u00e9lka: 250 mm<br \/>\nD\u00e9lka v zav\u0159en\u00e9m stavu: 142 mm<br \/>\nTlou\u0161\u0165ka \u010depele: 4,5 mm<br \/>\nHmotnost: 215 g<br \/>\nMateri\u00e1l \u010depele: S35VN nerezov\u00e1 ocel<br \/>\nRukoje\u0165: Titan s oran\u017eov\u00fdmi G10 vlo\u017ekami<br \/>\nUzamykac\u00ed mechanismus: Tla\u010d\u00edtkov\u00fd z\u00e1mek s sekund\u00e1rn\u00edm zaji\u0161t\u011bn\u00edm<br \/>\nKapesn\u00ed klip: Titanov\u00fd pro prav\u00e9 no\u0161en\u00ed<br \/>\nVhodn\u00e9 pro:<br \/>\nU\u017eivatel\u00e9, kte\u0159\u00ed hledaj\u00ed kvalitn\u00ed a spolehliv\u00fd n\u016f\u017e pro ka\u017edodenn\u00ed no\u0161en\u00ed.<br \/>\nTento model je ide\u00e1ln\u00ed pro ty, kte\u0159\u00ed preferuj\u00ed kombinaci vysok\u00e9 kvality, bezpe\u010dnosti a komfortu p\u0159i pou\u017e\u00edv\u00e1n\u00ed zav\u00edrac\u00edho no\u017ee. Je vhodn\u00fd pro v\u0161echny, kte\u0159\u00ed oce\u0148uj\u00ed precizn\u00ed konstrukci a modern\u00ed mechanismy.<br \/>\nTento n\u016f\u017e je skv\u011bl\u00fdm p\u0159\u00edkladem designu od Andre De Villierse, kter\u00fd klade d\u016fraz na funk\u010dnost, bezpe\u010dnost a estetiku.<\/p>\n<p>&nbsp;<\/p>\n<p>&nbsp;<\/p>\n","protected":false},"excerpt":{"rendered":"<p><strong>Tento model je ide\u00e1ln\u00ed pro ty, kte\u0159\u00ed preferuj\u00ed kombinaci vysok\u00e9 kvality, bezpe\u010dnosti a komfortu p\u0159i pou\u017e\u00edv\u00e1n\u00ed zav\u00edrac\u00edho no\u017ee. Je vhodn\u00fd pro v\u0161echny, kte\u0159\u00ed oce\u0148uj\u00ed precizn\u00ed konstrukci a modern\u00ed mechanismy.<\/strong><br \/>\n<strong>Tento n\u016f\u017e je skv\u011bl\u00fdm p\u0159\u00edkladem designu od Andre De Villierse, kter\u00fd klade d\u016fraz na funk\u010dnost, bezpe\u010dnost a estetiku.<\/strong><\/p>\n<p><strong>Doprava zdarma.<\/strong><\/p>\n","protected":false},"featured_media":213210,"comment_status":"open","ping_status":"closed","template":"","meta":[],"pwb-brand":[3211],"product_brand":[],"product_cat":[22,17],"product_tag":[],"class_list":{"0":"post-213209","1":"product","2":"type-product","3":"status-publish","4":"has-post-thumbnail","6":"pwb-brand-andre-de-villiers","7":"product_cat-zaviraci-noze","8":"product_cat-noze","10":"first","11":"outofstock","12":"taxable","13":"shipping-taxable","14":"purchasable","15":"product-type-simple"},"brands":[{"id":3211,"name":"Andre De Villiers","slug":"andre-de-villiers"}],"_links":{"self":[{"href":"https:\/\/www.moskito.cz\/en\/wp-json\/wp\/v2\/product\/213209","targetHints":{"allow":["GET"]}}],"collection":[{"href":"https:\/\/www.moskito.cz\/en\/wp-json\/wp\/v2\/product"}],"about":[{"href":"https:\/\/www.moskito.cz\/en\/wp-json\/wp\/v2\/types\/product"}],"replies":[{"embeddable":true,"href":"https:\/\/www.moskito.cz\/en\/wp-json\/wp\/v2\/comments?post=213209"}],"wp:featuredmedia":[{"embeddable":true,"href":"https:\/\/www.moskito.cz\/en\/wp-json\/wp\/v2\/media\/213210"}],"wp:attachment":[{"href":"https:\/\/www.moskito.cz\/en\/wp-json\/wp\/v2\/media?parent=213209"}],"wp:term":[{"taxonomy":"pwb-brand","embeddable":true,"href":"https:\/\/www.moskito.cz\/en\/wp-json\/wp\/v2\/pwb-brand?post=213209"},{"taxonomy":"product_brand","embeddable":true,"href":"https:\/\/www.moskito.cz\/en\/wp-json\/wp\/v2\/product_brand?post=213209"},{"taxonomy":"product_cat","embeddable":true,"href":"https:\/\/www.moskito.cz\/en\/wp-json\/wp\/v2\/product_cat?post=213209"},{"taxonomy":"product_tag","embeddable":true,"href":"https:\/\/www.moskito.cz\/en\/wp-json\/wp\/v2\/product_tag?post=213209"}],"curies":[{"name":"wp","href":"https:\/\/api.w.org\/{rel}","templated":true}]}}