{"id":213925,"date":"2022-04-06T20:29:15","date_gmt":"2022-04-06T19:29:15","guid":{"rendered":"https:\/\/www.moskito.cz\/?post_type=product&#038;p=213925"},"modified":"2026-02-14T20:50:50","modified_gmt":"2026-02-14T19:50:50","slug":"zaviraci-nuz-rike-knife-rk1707s-b","status":"publish","type":"product","link":"https:\/\/www.moskito.cz\/en\/product\/zaviraci-nuz-rike-knife-rk1707s-b\/","title":{"rendered":"Zav\u00edrac\u00ed N\u016f\u017e Rike Knife RK1707s-B"},"content":{"rendered":"<p>Zav\u00edrac\u00ed N\u016f\u017e<strong> Rike Knife<\/strong> RK1707s-B<\/p>\n<p>Rikeknife je origin\u00e1ln\u00ed zna\u010dka navr\u017een\u00e1 na\u0161\u00edm zakladatelem Richardem Wu. Je dlouholet\u00fdm nad\u0161encem do no\u017e\u016f, m\u00e1 zku\u0161enosti s mechanick\u00fdm designem a v\u00fdrobou, neust\u00e1le usiluje o dokonalost a detailn\u00ed dokonalost ve v\u0161ech designech no\u017e\u016f vyr\u00e1b\u011bn\u00fdch Rikeknife.<\/p>\n<p>N\u00e1zev zna\u010dky byl odvozen od prvn\u00edch dvou p\u00edsmen jeho jm\u00e9na, pot\u00e9 se zm\u011bnil a pojmenoval Rike. Rikeknife je nov\u011b vznikaj\u00edc\u00ed origin\u00e1ln\u00ed zna\u010dka no\u017e\u016f, kter\u00e1 je p\u0159edstavitelem vysoce kvalitn\u00ed \u010d\u00ednsk\u00e9 v\u00fdroby.<\/p>\n<p>Na\u0161e zna\u010dka je zalo\u017eena v origin\u00e1ln\u00edm designu, pro kter\u00fd m\u00e1me profesion\u00e1ln\u00ed design\u00e9rsk\u00fd t\u00fdm a vlastn\u00ed nez\u00e1vislou tov\u00e1rnu. Trouf\u00e1me si st\u00e1t se inov\u00e1tory a zpochybnit tradi\u010dn\u00ed postupy tradi\u010dn\u00edch i modern\u00edch zna\u010dek no\u017e\u016f. V\u017edy se budeme sna\u017eit pou\u017e\u00edvat ty nejlep\u0161\u00ed materi\u00e1ly k v\u00fdrob\u011b no\u017e\u016f vynikaj\u00edc\u00ed kvality pro z\u00e1kazn\u00edky po cel\u00e9m sv\u011bt\u011b.<\/p>\n<p>Model: RK1707s<br \/>\nCelkov\u00e1 d\u00e9lka: 8,62&#8243;\/(22 cm)<br \/>\nD\u00e9lka \u010depele: 3,75&#8243;\/(9,5 cm)<br \/>\nTlou\u0161\u0165ka \u010depele: 0,16&#8243;\/(4 mm)<br \/>\nMateri\u00e1l \u010depele: Bohler M390<br \/>\nStyl \u010depele: Drop Point<br \/>\nTvrdost \u010depele: HRC60 Brou\u0161en\u00ed<br \/>\n\u010depele: Bead Blast ,<br \/>\nSat\u00e9nov\u00e1 D\u00e9lka rukojeti:4,87&#8243;\/(12,3cm)<br \/>\nTlou\u0161\u0165ka rukojeti:0,57&#8243;\/(1,4cm)<br \/>\nMateri\u00e1l rukojeti:6AL4V Titanov\u00fd<br \/>\n\u0161roub Materi\u00e1l:6AL4V Titan<br \/>\nBarva: Oby\u010dejn\u00e1<br \/>\nHmotnost:3,84 oz.\/(109g)<br \/>\nOtv\u00edr\u00e1k:Flipper<br \/>\nTyp z\u00e1mku: Typ rukojeti z\u00e1mku r\u00e1mu : V\u00fdrobn\u00ed obr\u00e1zek<br \/>\nz jednoho kusu<\/p>\n<p>Please enter a keyword<br \/>\nSearch<br \/>\nRikeknife<br \/>\nHOME<br \/>\nABOUT US<br \/>\nPRODUCT<br \/>\nDEALERS<br \/>\nWARRANTY<br \/>\nNEWS<br \/>\nCONTACT US<br \/>\nRIKEKNIFE OEM\/ODM KNIVES\u200b<br \/>\nHOME &gt;&gt; RK1707s-B<br \/>\nRK1707s-B<br \/>\nRK1707s-B<\/p>\n<p>Model:RK1707s<br \/>\nOverall Length:8.62&#8243;\/(22cm)<br \/>\nBlade Length:3.75&#8243;\/(9.5cm)<br \/>\nBlade Thickness: 0.16&#8243;\/(4mm)<br \/>\nBlade Material:Bohler M390<br \/>\nBlade Style:Drop Point<br \/>\nBlade Hardness: HRC60<br \/>\nBlade Grind:Bead Blast, Satin<br \/>\nHandle Length:4.87&#8243;\/(12.3cm)<br \/>\nHandle Thickness:0.57&#8243;\/(1.4cm)<br \/>\nHandle Material:6AL4V Titanium<br \/>\nScrew Material:6AL4V Titanium<br \/>\nColor: Plain<br \/>\nWeight:3.84 oz.\/(109g)<br \/>\nOpener:Flipper<br \/>\nLock Type:Frame Lock<br \/>\nHandle Type:Sigle piece<\/p>\n<p>&nbsp;<\/p>\n","protected":false},"excerpt":{"rendered":"<p><strong>Rikeknife<\/strong>\u00a0je origin\u00e1ln\u00ed zna\u010dka navr\u017een\u00e1 na\u0161\u00edm zakladatelem Richardem Wu. Je dlouholet\u00fdm nad\u0161encem do no\u017e\u016f, m\u00e1 zku\u0161enosti s mechanick\u00fdm designem a v\u00fdrobou, neust\u00e1le usiluje o dokonalost a detailn\u00ed dokonalost ve v\u0161ech designech no\u017e\u016f vyr\u00e1b\u011bn\u00fdch\u00a0<strong>Rikeknife<\/strong>.<\/p>\n<p><strong>Doprava zdarma.<\/strong><\/p>\n","protected":false},"featured_media":213989,"comment_status":"open","ping_status":"closed","template":"","meta":[],"pwb-brand":[1318],"product_brand":[],"product_cat":[22,17],"product_tag":[],"class_list":{"0":"post-213925","1":"product","2":"type-product","3":"status-publish","4":"has-post-thumbnail","6":"pwb-brand-rike-knife","7":"product_cat-zaviraci-noze","8":"product_cat-noze","10":"first","11":"instock","12":"taxable","13":"shipping-taxable","14":"purchasable","15":"product-type-simple"},"brands":[{"id":1318,"name":"Rike Knife","slug":"rike-knife"}],"_links":{"self":[{"href":"https:\/\/www.moskito.cz\/en\/wp-json\/wp\/v2\/product\/213925","targetHints":{"allow":["GET"]}}],"collection":[{"href":"https:\/\/www.moskito.cz\/en\/wp-json\/wp\/v2\/product"}],"about":[{"href":"https:\/\/www.moskito.cz\/en\/wp-json\/wp\/v2\/types\/product"}],"replies":[{"embeddable":true,"href":"https:\/\/www.moskito.cz\/en\/wp-json\/wp\/v2\/comments?post=213925"}],"wp:featuredmedia":[{"embeddable":true,"href":"https:\/\/www.moskito.cz\/en\/wp-json\/wp\/v2\/media\/213989"}],"wp:attachment":[{"href":"https:\/\/www.moskito.cz\/en\/wp-json\/wp\/v2\/media?parent=213925"}],"wp:term":[{"taxonomy":"pwb-brand","embeddable":true,"href":"https:\/\/www.moskito.cz\/en\/wp-json\/wp\/v2\/pwb-brand?post=213925"},{"taxonomy":"product_brand","embeddable":true,"href":"https:\/\/www.moskito.cz\/en\/wp-json\/wp\/v2\/product_brand?post=213925"},{"taxonomy":"product_cat","embeddable":true,"href":"https:\/\/www.moskito.cz\/en\/wp-json\/wp\/v2\/product_cat?post=213925"},{"taxonomy":"product_tag","embeddable":true,"href":"https:\/\/www.moskito.cz\/en\/wp-json\/wp\/v2\/product_tag?post=213925"}],"curies":[{"name":"wp","href":"https:\/\/api.w.org\/{rel}","templated":true}]}}