{"id":214162,"date":"2022-04-10T21:16:28","date_gmt":"2022-04-10T20:16:28","guid":{"rendered":"https:\/\/www.moskito.cz\/?post_type=product&#038;p=214162"},"modified":"2025-06-14T12:54:09","modified_gmt":"2025-06-14T11:54:09","slug":"zaviraci-nuz-boker-magnum-starfighter-2-0-all-black-01ry269","status":"publish","type":"product","link":"https:\/\/www.moskito.cz\/en\/product\/zaviraci-nuz-boker-magnum-starfighter-2-0-all-black-01ry269\/","title":{"rendered":"Zav\u00edrac\u00ed N\u016f\u017e B\u00f6ker Magnum Starfighter 2.0 All Black 01RY269"},"content":{"rendered":"<p>Zav\u00edrac\u00ed N\u016f\u017e B\u00f6ker Magnum Starfighter 2.0 All Black 01RY269.<\/p>\n<p>Celo\u010dern\u00e1 verze futuristicky vyhl\u00ed\u017eej\u00edc\u00edho, \u0161t\u00edhl\u00e9ho Magnum Starfighter je vybavena texturovan\u00fdmi \u0161upinami rukojeti vyroben\u00fdmi z \u010dern\u00e9ho G10 . \u010cepel d\u00fdky 440A, kter\u00e1 je na jedn\u00e9 stran\u011b brou\u0161en\u00e1 , je rovn\u011b\u017e pota\u017eena \u010dernou barvou. Otev\u00edr\u00e1 se odpru\u017eenou flipperem a spolehliv\u011b aretuje na m\u00edst\u011b stabiln\u00edm linerlockem . V\u0159etenovit\u00e1 rukoje\u0165 v\u017edy bezpe\u010dn\u011b padne do ruky a sv\u00fdm tvarem p\u0159ipom\u00edn\u00e1 historick\u00e9 zbran\u011b s ost\u0159\u00edm. S otvorem pro \u0161\u0148\u016frku a klipem (sklopen\u00edm\/p).<\/p>\n<p>Typ polo\u017eky: kapesn\u00ed n\u016f\u017e<br \/>\nCelkov\u00e1 d\u00e9lka: 19,70 cm<br \/>\nD\u00e9lka \u010depele: 8,30 cm<br \/>\nS\u00edla \u010depele: 3,00 mm<br \/>\nHmotnost: 113,00 g<br \/>\nMateri\u00e1l \u010depele: 440A<br \/>\nMateri\u00e1l rukojeti: Hlin\u00edk , G10<br \/>\nOtev\u00edrac\u00ed:\u00a0asistovan\u00e9<\/p>\n<p>The futuristic-looking, slim Magnum Starfighter is equipped with textured black G10 handle scales in the all-black version. The dagger blade made of 440A is sharpened on one side and also coated in black. It is spring-assisted by a flipper and reliably locked by a stable linerlock. The spindle-shaped handle always lies securely in the hand and its shape is reminiscent of historical blank weapons. With lanyard hole and clip (tip-down\/r).<\/p>\n<p>Type:<br \/>\nPocket Knife<br \/>\nOverall Length:<br \/>\n19,70 cm<br \/>\nBlade Length:<br \/>\n8,30 cm<br \/>\nBlade Thickness:<br \/>\n3,00 mm<br \/>\nWeight:<br \/>\n113,00 g<br \/>\nBlade Material:<br \/>\n440A<br \/>\nHandle Material:<br \/>\nAluminum, G10<br \/>\nOpener:<br \/>\nFlipper<br \/>\nOpening:<br \/>\nSpring Assisted<br \/>\nLock Type:<br \/>\nLinerlock<br \/>\nMade in:<br \/>\nAsia<br \/>\nColor:<br \/>\nBlack<br \/>\nBlade Color:<br \/>\nBlack<br \/>\nItem Number:<br \/>\n01RY269<\/p>\n","protected":false},"excerpt":{"rendered":"<p>No\u017e\u00ed\u0159sk\u00e1 manufaktura\u00a0<strong>B\u00f6ker<\/strong>\u00a0se postupem \u010dasu vypracovala na glob\u00e1ln\u00edho inova\u010dn\u00edho l\u00eddra a nejv\u011bt\u0161\u00edho v\u00fdrobce sportovn\u00edch no\u017e\u016f, taktick\u00fdch no\u017e\u016f a sb\u011bratelsk\u00fdch no\u017e\u016f v Evrop\u011b.<\/p>\n","protected":false},"featured_media":214163,"comment_status":"open","ping_status":"closed","template":"","meta":[],"pwb-brand":[140],"product_brand":[],"product_cat":[22,17],"product_tag":[3667],"class_list":{"0":"post-214162","1":"product","2":"type-product","3":"status-publish","4":"has-post-thumbnail","6":"pwb-brand-boker","7":"product_cat-zaviraci-noze","8":"product_cat-noze","9":"product_tag-b2b","11":"first","12":"outofstock","13":"taxable","14":"shipping-taxable","15":"purchasable","16":"product-type-simple"},"brands":[{"id":140,"name":"Boker","slug":"boker"}],"_links":{"self":[{"href":"https:\/\/www.moskito.cz\/en\/wp-json\/wp\/v2\/product\/214162","targetHints":{"allow":["GET"]}}],"collection":[{"href":"https:\/\/www.moskito.cz\/en\/wp-json\/wp\/v2\/product"}],"about":[{"href":"https:\/\/www.moskito.cz\/en\/wp-json\/wp\/v2\/types\/product"}],"replies":[{"embeddable":true,"href":"https:\/\/www.moskito.cz\/en\/wp-json\/wp\/v2\/comments?post=214162"}],"wp:featuredmedia":[{"embeddable":true,"href":"https:\/\/www.moskito.cz\/en\/wp-json\/wp\/v2\/media\/214163"}],"wp:attachment":[{"href":"https:\/\/www.moskito.cz\/en\/wp-json\/wp\/v2\/media?parent=214162"}],"wp:term":[{"taxonomy":"pwb-brand","embeddable":true,"href":"https:\/\/www.moskito.cz\/en\/wp-json\/wp\/v2\/pwb-brand?post=214162"},{"taxonomy":"product_brand","embeddable":true,"href":"https:\/\/www.moskito.cz\/en\/wp-json\/wp\/v2\/product_brand?post=214162"},{"taxonomy":"product_cat","embeddable":true,"href":"https:\/\/www.moskito.cz\/en\/wp-json\/wp\/v2\/product_cat?post=214162"},{"taxonomy":"product_tag","embeddable":true,"href":"https:\/\/www.moskito.cz\/en\/wp-json\/wp\/v2\/product_tag?post=214162"}],"curies":[{"name":"wp","href":"https:\/\/api.w.org\/{rel}","templated":true}]}}