{"id":214282,"date":"2022-04-12T21:44:30","date_gmt":"2022-04-12T20:44:30","guid":{"rendered":"https:\/\/www.moskito.cz\/?post_type=product&#038;p=214282"},"modified":"2025-05-07T10:38:06","modified_gmt":"2025-05-07T09:38:06","slug":"pevny-nuz-boker-magnum-oblong-02ry689","status":"publish","type":"product","link":"https:\/\/www.moskito.cz\/en\/product\/pevny-nuz-boker-magnum-oblong-02ry689\/","title":{"rendered":"Pevn\u00fd N\u016f\u017e B\u00f6ker Magnum Oblong 02RY689"},"content":{"rendered":"<p>Pevn\u00fd N\u016f\u017e <strong>B\u00f6ker<\/strong> Magnum Oblong 02RY689<\/p>\n<p>Magnum Oblong je mal\u00fd spole\u010dn\u00edk pro ka\u017edodenn\u00ed \u017eivot a p\u0159\u00edrodu, kter\u00fd je vhodn\u00fd pro \u0159ez\u00e1n\u00ed, se zak\u0159ivenou \u010depel\u00ed vyrobenou z oceli 440A . Rukoje\u0165 s m\u011bkk\u00fdm povrchem padne bezpe\u010dn\u011b a pohodln\u011b do ruky, zat\u00edmco \u0161t\u011brbinov\u00e9 otvory sni\u017euj\u00ed hmotnost. S robustn\u00edm pl\u00e1\u0161t\u011bm z Cordury s ochranou proti prop\u00edchnut\u00ed.<\/p>\n<p>Typ polo\u017eky: Pevn\u00fd n\u016f\u017e<br \/>\nCelkov\u00e1 d\u00e9lka: 17,70 cm<br \/>\nD\u00e9lka \u010depele: 8,70 cm<br \/>\nS\u00edla \u010depele: 4,60 mm<br \/>\nHmotnost: 95,00 g<br \/>\nMateri\u00e1l \u010depele: 440A<br \/>\nBarva: \u010cern\u00e1<br \/>\nBarva \u010depele: \u0160ed\u00e1<br \/>\nMateri\u00e1l pl\u00e1\u0161t\u011b: nylon<br \/>\n\u010c\u00edslo polo\u017eky: 02RY689<\/p>\n<p>&nbsp;<\/p>\n","protected":false},"excerpt":{"rendered":"<p><strong>No\u017e\u00ed\u0159sk\u00e1 manufaktura\u00a0B\u00f6ker\u00a0se postupem \u010dasu vypracovala na glob\u00e1ln\u00edho inova\u010dn\u00edho l\u00eddra a nejv\u011bt\u0161\u00edho v\u00fdrobce sportovn\u00edch no\u017e\u016f, taktick\u00fdch no\u017e\u016f a sb\u011bratelsk\u00fdch no\u017e\u016f v Evrop\u011b.<\/strong><\/p>\n","protected":false},"featured_media":214283,"comment_status":"open","ping_status":"closed","template":"","meta":[],"pwb-brand":[140],"product_brand":[],"product_cat":[23,17],"product_tag":[3667],"class_list":{"0":"post-214282","1":"product","2":"type-product","3":"status-publish","4":"has-post-thumbnail","6":"pwb-brand-boker","7":"product_cat-pevne-noze","8":"product_cat-noze","9":"product_tag-b2b","11":"first","12":"outofstock","13":"taxable","14":"shipping-taxable","15":"purchasable","16":"product-type-simple"},"brands":[{"id":140,"name":"Boker","slug":"boker"}],"_links":{"self":[{"href":"https:\/\/www.moskito.cz\/en\/wp-json\/wp\/v2\/product\/214282","targetHints":{"allow":["GET"]}}],"collection":[{"href":"https:\/\/www.moskito.cz\/en\/wp-json\/wp\/v2\/product"}],"about":[{"href":"https:\/\/www.moskito.cz\/en\/wp-json\/wp\/v2\/types\/product"}],"replies":[{"embeddable":true,"href":"https:\/\/www.moskito.cz\/en\/wp-json\/wp\/v2\/comments?post=214282"}],"wp:featuredmedia":[{"embeddable":true,"href":"https:\/\/www.moskito.cz\/en\/wp-json\/wp\/v2\/media\/214283"}],"wp:attachment":[{"href":"https:\/\/www.moskito.cz\/en\/wp-json\/wp\/v2\/media?parent=214282"}],"wp:term":[{"taxonomy":"pwb-brand","embeddable":true,"href":"https:\/\/www.moskito.cz\/en\/wp-json\/wp\/v2\/pwb-brand?post=214282"},{"taxonomy":"product_brand","embeddable":true,"href":"https:\/\/www.moskito.cz\/en\/wp-json\/wp\/v2\/product_brand?post=214282"},{"taxonomy":"product_cat","embeddable":true,"href":"https:\/\/www.moskito.cz\/en\/wp-json\/wp\/v2\/product_cat?post=214282"},{"taxonomy":"product_tag","embeddable":true,"href":"https:\/\/www.moskito.cz\/en\/wp-json\/wp\/v2\/product_tag?post=214282"}],"curies":[{"name":"wp","href":"https:\/\/api.w.org\/{rel}","templated":true}]}}